{"id":631,"date":"2022-05-23T07:58:39","date_gmt":"2022-05-23T07:58:39","guid":{"rendered":"https:\/\/luview.com\/?page_id=631"},"modified":"2026-03-10T02:44:22","modified_gmt":"2026-03-10T02:44:22","slug":"camaras-de-matricula","status":"publish","type":"page","link":"https:\/\/luview.com\/pt\/products\/cameras\/license-plate-cameras\/","title":{"rendered":"C\u00e2maras para matr\u00edculas"},"content":{"rendered":"<style type=\"text\/css\" data-created_by=\"avia_inline_auto\" id=\"style-css-av-l2y9d09l-37c459b1fe29d7efeee039a33e01dd4f\">\n.avia-section.av-l2y9d09l-37c459b1fe29d7efeee039a33e01dd4f{\nbackground-repeat:no-repeat;\nbackground-image:url(https:\/\/luview.com\/wp-content\/uploads\/2024\/11\/1111.jpg);\nbackground-position:50% 50%;\nbackground-attachment:scroll;\n}\n.avia-section.av-l2y9d09l-37c459b1fe29d7efeee039a33e01dd4f .av-section-color-overlay{\nopacity:0.8;\nbackground-color:#222222;\n}\n<\/style>\n<div id='av_section_1'  class='avia-section av-l2y9d09l-37c459b1fe29d7efeee039a33e01dd4f main_color avia-section-default avia-no-border-styling  avia-builder-el-0  el_before_av_one_full  avia-builder-el-first  titlebarbox avia-full-stretch avia-bg-style-scroll av-section-color-overlay-active container_wrap sidebar_left'  data-section-bg-repeat='stretch'><div class=\"av-section-color-overlay-wrap\"><div class=\"av-section-color-overlay\"><\/div><div class='container av-section-cont-open' ><main  role=\"main\" itemprop=\"mainContentOfPage\"  class='template-page content  av-content-small units'><div class='post-entry post-entry-type-page post-entry-631'><div class='entry-content-wrapper clearfix'>\n\n<style type=\"text\/css\" data-created_by=\"avia_inline_auto\" id=\"style-css-av-ro2v-a87e36abb91cc5e18f3d0098b40720d3\">\n.flex_column.av-ro2v-a87e36abb91cc5e18f3d0098b40720d3{\npadding:10% 0 10% 0;\n}\n<\/style>\n<div class='flex_column av-ro2v-a87e36abb91cc5e18f3d0098b40720d3 av_one_full  avia-builder-el-1  avia-builder-el-no-sibling  first flex_column_div'   ><style type=\"text\/css\" data-created_by=\"avia_inline_auto\" id=\"style-css-av-l2y9au29-bf07c75c092d3a9f62676db415f615f7\">\n#top .av_textblock_section.av-l2y9au29-bf07c75c092d3a9f62676db415f615f7 .avia_textblock{\ncolor:#ffffff;\ntext-align:center;\n}\n<\/style>\n<section  class='av_textblock_section av-l2y9au29-bf07c75c092d3a9f62676db415f615f7'  itemscope=\"itemscope\" itemtype=\"https:\/\/schema.org\/CreativeWork\" ><div class='avia_textblock av_inherit_color'  itemprop=\"text\" ><h1>C\u00e2maras para matr\u00edculas<\/h1>\n<\/div><\/section><br \/>\n<\/p><\/div>\n<\/div><\/div><\/main><!-- close content main element --><\/div><\/div><\/div><div id='after_section_1'  class='main_color av_default_container_wrap container_wrap sidebar_left'  ><div class='container av-section-cont-open' ><div class='template-page content  av-content-small units'><div class='post-entry post-entry-type-page post-entry-631'><div class='entry-content-wrapper clearfix'>\n<div class='flex_column av-6hmib-0f7b6fcf00f9273a80dfc45f533798fb av_one_full  avia-builder-el-4  el_after_av_section  el_before_av_one_full  avia-builder-el-first  first flex_column_div'   ><section  class='av_textblock_section av-l2y9squj-e76031f6dac70c55a963b220d7b8ed83'  itemscope=\"itemscope\" itemtype=\"https:\/\/schema.org\/CreativeWork\" ><div class='avia_textblock'  itemprop=\"text\" ><h3 style=\"font-weight: bold;\">Todas as c\u00e2maras de matr\u00edcula<\/h3>\n<\/div><\/section><br \/>\n<section  class='av_textblock_section av-l2y9tm1e-80c30be322df05d44e75397a617f5c97'  itemscope=\"itemscope\" itemtype=\"https:\/\/schema.org\/CreativeWork\" ><div class='avia_textblock'  itemprop=\"text\" ><p>Installing one of our\u00a0license plate camera\u00a0in your vehicle improves the driver&#8217;s visibility\u00a0exponentially! With\u00a0options including\u00a0multiple views around the vehicle, night vision, waterproof durability, and 150-170\u00b0\u00a0field of vision, Luview manufacture high quality license plate cameras and rear view system to meet you &amp;\u00a0your fleet\u2019s needs. Consult us\u00a0by <a href=\"http:\/\/mailto:sales@luview.com\/\">sales@luview.com<\/a>\u00a0!<\/p>\n<\/div><\/section><br \/>\n<div  class='avia-button-wrap avia-button-left  avia-builder-el-7  el_after_av_textblock  avia-builder-el-last' ><a href='https:\/\/luview.com\/pt\/contact\/'  class='avia-button av-l2y9umzk-d16bac7bf4e11df2896cb79984c1e31c avia-icon_select-no avia-size-large avia-position-left avia-color-theme-color' ><span class='avia_iconbox_title' >Consulte agora<\/span><\/a><\/div><\/p><\/div>\n<div class='flex_column av-5hzen-23301fe4c356e81a47b358eb060165d1 av_one_full  avia-builder-el-8  el_after_av_one_full  el_before_av_one_full  first flex_column_div column-top-margin'   ><div  class='avia-product-slider-container av-l2y9wj0i-95e2f03cbb65345e10b02865878b62d3 template-shop avia-content-slider avia-content-grid-active shop_columns_3  avia-builder-el-9  avia-builder-el-no-sibling  myproducts avia-content-slider-odd  avia-builder-el-9  avia-builder-el-no-sibling  myproducts avia-product-slider1'  data-autoplay=''  data-interval='5'  data-animation='fade'  data-hoverpause='1' ><div class='avia-content-slider-inner'><ul class=\"products\"><li class=\"product type-product post-935 status-publish first instock product_cat-license-plate-camera has-post-thumbnail shipping-taxable product-type-simple\">\n\t<div class='inner_product main_color wrapped_style noLightbox  av-product-class-no_button'><a href=\"https:\/\/luview.com\/pt\/product\/jy-022a-license-plate-camera-with-ip69k-and-wide-view-angle\/\" class=\"woocommerce-LoopProduct-link woocommerce-loop-product__link\"><div class='thumbnail_container'><img decoding=\"async\" width=\"600\" height=\"600\" data-src=\"https:\/\/luview.com\/wp-content\/uploads\/2022\/06\/022A\u5e26\u57ab\u5708\u6b3e\u9996\u9875\u65b9\u5411-1-600x600.jpg\" class=\"wp-image-44063 avia-img-lazy-loading-44063 attachment-woocommerce_thumbnail size-woocommerce_thumbnail wp-post-image lazyload\"  data-srcset=\"https:\/\/luview.com\/wp-content\/uploads\/2022\/06\/022A\u5e26\u57ab\u5708\u6b3e\u9996\u9875\u65b9\u5411-1-600x600.jpg 600w, https:\/\/luview.com\/wp-content\/uploads\/2022\/06\/022A\u5e26\u57ab\u5708\u6b3e\u9996\u9875\u65b9\u5411-1-300x300.jpg 300w, https:\/\/luview.com\/wp-content\/uploads\/2022\/06\/022A\u5e26\u57ab\u5708\u6b3e\u9996\u9875\u65b9\u5411-1-80x80.jpg 80w, https:\/\/luview.com\/wp-content\/uploads\/2022\/06\/022A\u5e26\u57ab\u5708\u6b3e\u9996\u9875\u65b9\u5411-1-768x768.jpg 768w, https:\/\/luview.com\/wp-content\/uploads\/2022\/06\/022A\u5e26\u57ab\u5708\u6b3e\u9996\u9875\u65b9\u5411-1-12x12.jpg 12w, https:\/\/luview.com\/wp-content\/uploads\/2022\/06\/022A\u5e26\u57ab\u5708\u6b3e\u9996\u9875\u65b9\u5411-1-36x36.jpg 36w, https:\/\/luview.com\/wp-content\/uploads\/2022\/06\/022A\u5e26\u57ab\u5708\u6b3e\u9996\u9875\u65b9\u5411-1-180x180.jpg 180w, https:\/\/luview.com\/wp-content\/uploads\/2022\/06\/022A\u5e26\u57ab\u5708\u6b3e\u9996\u9875\u65b9\u5411-1-430x430.jpg 430w, https:\/\/luview.com\/wp-content\/uploads\/2022\/06\/022A\u5e26\u57ab\u5708\u6b3e\u9996\u9875\u65b9\u5411-1-630x630.jpg 630w, https:\/\/luview.com\/wp-content\/uploads\/2022\/06\/022A\u5e26\u57ab\u5708\u6b3e\u9996\u9875\u65b9\u5411-1-705x705.jpg 705w, https:\/\/luview.com\/wp-content\/uploads\/2022\/06\/022A\u5e26\u57ab\u5708\u6b3e\u9996\u9875\u65b9\u5411-1-321x321.jpg 321w, https:\/\/luview.com\/wp-content\/uploads\/2022\/06\/022A\u5e26\u57ab\u5708\u6b3e\u9996\u9875\u65b9\u5411-1-120x120.jpg 120w, https:\/\/luview.com\/wp-content\/uploads\/2022\/06\/022A\u5e26\u57ab\u5708\u6b3e\u9996\u9875\u65b9\u5411-1-450x450.jpg 450w, https:\/\/luview.com\/wp-content\/uploads\/2022\/06\/022A\u5e26\u57ab\u5708\u6b3e\u9996\u9875\u65b9\u5411-1-100x100.jpg 100w, https:\/\/luview.com\/wp-content\/uploads\/2022\/06\/022A\u5e26\u57ab\u5708\u6b3e\u9996\u9875\u65b9\u5411-1.jpg 800w\" data-sizes=\"(max-width: 600px) 100vw, 600px\" title=\"JY-022A C\u00e2mara para matr\u00edculas com IP69K e \u00e2ngulo de vis\u00e3o amplo\u7f29\u7565\u56fe\" alt=\"JY-022A C\u00e2mara para matr\u00edculas com IP69K e \u00e2ngulo de vis\u00e3o amplo\u7f29\u7565\u56fe\" src=\"data:image\/svg+xml;base64,PHN2ZyB3aWR0aD0iMSIgaGVpZ2h0PSIxIiB4bWxucz0iaHR0cDovL3d3dy53My5vcmcvMjAwMC9zdmciPjwvc3ZnPg==\" style=\"--smush-placeholder-width: 600px; --smush-placeholder-aspect-ratio: 600\/600;\" \/><span class='cart-loading'><\/span><\/div><div class='inner_product_header'><div class='avia-arrow'><\/div><div class='inner_product_header_table'><div class='inner_product_header_cell'><h2 class=\"woocommerce-loop-product__title\">JY-022A C\u00e2mara para matr\u00edculas com IP69K e \u00e2ngulo de vis\u00e3o amplo<\/h2>\n<\/div><\/div><\/div><\/a><\/div><\/li>\n<\/ul><\/div><\/div><div class=\"clear\"><\/div><\/div><div class='flex_column av-4ubxv-213bc428d71aa730c5a18fbc0d9954c9 av_one_full  avia-builder-el-0  el_before_av_three_fourth  avia-builder-el-first  first flex_column_div'   ><section  class='av_textblock_section av-4bhe3-b5d2024edd0490f6b2ae124c64cf457e'  itemscope=\"itemscope\" itemtype=\"https:\/\/schema.org\/CreativeWork\" ><div class='avia_textblock'  itemprop=\"text\" ><h3>O que \u00e9 uma c\u00e2mara de matr\u00edcula<\/h3>\n<p>A c\u00e2mara de matr\u00edcula \u00e9 um tipo de c\u00e2mara de vis\u00e3o traseira especial para carros especiais. Esta c\u00e2mara de marcha-atr\u00e1s mede a posi\u00e7\u00e3o de instala\u00e7\u00e3o mais adequada para cada modelo (principalmente a luz da matr\u00edcula ou a pega da bagageira) e \u00e9 continuamente modificada no molde, de modo a que a c\u00e2mara e todo o carro estejam integrados, e o produto cobriu a maioria das marcas de autom\u00f3veis no mercado (Honda, Toyota, Nissan, Hyundai, Kia, etc.), tanto quanto mais de 400 modelos.<\/p>\n<h3>Como funciona a c\u00e2mara de matr\u00edcula<\/h3>\n<p>A c\u00e2mara de vis\u00e3o traseira para matr\u00edculas proporciona ao condutor uma vis\u00e3o ampla e n\u00edtida de 150-170 graus do que se encontra atr\u00e1s do ve\u00edculo, permitindo-lhe fazer marcha-atr\u00e1s em seguran\u00e7a em todas as condi\u00e7\u00f5es meteorol\u00f3gicas. Estes campos de vis\u00e3o amplos resultam geralmente numa sa\u00edda distorcida \u201colho de peixe\u201d no monitor, mas as boas c\u00e2maras de matr\u00edculas possuem tecnologia de corre\u00e7\u00e3o digital para corrigir a imagem e retrat\u00e1-la corretamente. O design simples e pr\u00e1tico fixa-se sobre a matr\u00edcula traseira existente, permitindo que a c\u00e2mara seja instalada nos orif\u00edcios da matr\u00edcula existentes no ve\u00edculo. Perfeita para mini-vans, SUVs, sedans, pick-ups e muito mais.<\/p>\n<h3>Vantagens da c\u00e2mara de matr\u00edcula<\/h3>\n<p><strong><b>Qualidade HD<\/b><\/strong><\/p>\n<p>Utilizando lentes de vidro de alta precis\u00e3o, mesmo a altas ou baixas temperaturas n\u00e3o se deformam e t\u00eam uma boa transmiss\u00e3o e sensibilidade \u00e0 luz, apresentando uma qualidade de imagem mais est\u00e1vel.<\/p>\n<p><strong><b>\u00c0 prova de \u00e1gua e \u00e0 prova de choque<\/b><\/strong><\/p>\n<p>Utilizando um processo de enchimento com cola fina, ap\u00f3s um rigoroso teste de bolhas de \u00e1gua e de vibra\u00e7\u00e3o, para que a c\u00e2mara possa continuar a funcionar normalmente atrav\u00e9s da m\u00e1quina autom\u00e1tica de lavar autom\u00f3veis, da chuva, da turbul\u00eancia e de outras condi\u00e7\u00f5es da estrada.<\/p>\n<p><strong><b>\u00c2ngulo de visualiza\u00e7\u00e3o de 170\u00b0 de largura<\/b><\/strong><\/p>\n<p>Lente grande angular opcional de 170\u00b0, campo de vis\u00e3o mais amplo, estacionamento e invers\u00e3o de marcha mais seguros e c\u00f3modos.<\/p>\n<p><strong><b>N<\/b><\/strong><strong><b>vis\u00e3o de perto <\/b><\/strong><strong><b>dispon\u00edvel<\/b><\/strong><\/p>\n<p>Uma configura\u00e7\u00e3o opcional de LED de alta luminosidade proporciona uma imagem n\u00edtida mesmo em plena escurid\u00e3o.<\/p>\n<h3>Como instalar uma c\u00e2mara de matr\u00edcula<\/h3>\n<p>Dependendo da c\u00e2mara que escolher, pode mont\u00e1-la na matr\u00edcula do seu autom\u00f3vel ou na bagageira. Quando a c\u00e2mara estiver instalada, ter\u00e1 de ligar os fios de alimenta\u00e7\u00e3o e RCA ao seu autom\u00f3vel. Certifique-se de que testa a c\u00e2mara antes de a voltar a montar.<\/p>\n<p>Em geral, a instala\u00e7\u00e3o de uma c\u00e2mara de matr\u00edcula pode ser resumida nos seguintes passos:<\/p>\n<ol>\n<li>Monte a c\u00e2mara na zona da matr\u00edcula do seu autom\u00f3vel, no vidro traseiro ou em qualquer outro local adequado.<\/li>\n<li>Ajuste a lente da c\u00e2mara para a sua melhor posi\u00e7\u00e3o.<\/li>\n<li>Ligue o fio de alimenta\u00e7\u00e3o (vermelho e preto) ao sistema de alimenta\u00e7\u00e3o DC 12V do seu ve\u00edculo.<\/li>\n<li>Ligue a sa\u00edda de v\u00eddeo (fio amarelo) da c\u00e2mara ao visor do seu ve\u00edculo.<\/li>\n<\/ol>\n<h3>Quanto custa uma c\u00e2mara de matr\u00edcula?<\/h3>\n<p>A c\u00e2mara da matr\u00edcula pode ser facilmente montada por cima de todos os tipos de matr\u00edculas e produz v\u00eddeo colorido atrav\u00e9s da tomada RCA. O sistema \u00e9 compat\u00edvel com uma vasta gama de ecr\u00e3s e monitores que lhe permitem ver tudo o que est\u00e1 atr\u00e1s de si. Geralmente, o pre\u00e7o de uma \u00fanica c\u00e2mara de matr\u00edcula \u00e9 de cerca de 15-150 d\u00f3lares americanos. Se quiser ter uma melhor experi\u00eancia visual e melhorar a seguran\u00e7a da condu\u00e7\u00e3o em todas as direc\u00e7\u00f5es, \u00e9 melhor utilizar um monitor para formar um sistema completo de vis\u00e3o traseira. O pre\u00e7o \u00e9 de cerca de 200-300 d\u00f3lares americanos.<\/p>\n<p>Se pretender comprar c\u00e2maras de matr\u00edcula em grandes quantidades ou se pretender personalizar as suas c\u00e2maras de matr\u00edcula, envie um e-mail para <a href=\"mailto:sales@luview.com\"><u>sales@luview.com<\/u><\/a>\u00a0para saber o custo exato.<\/p>\n<h3>Encontrar um fabricante fi\u00e1vel de c\u00e2maras de matr\u00edcula<\/h3>\n<p>Eis alguns aspectos a ter em conta numa c\u00e2mara de matr\u00edcula. Um fabricante fi\u00e1vel deve oferecer estas carater\u00edsticas:<\/p>\n<p>Procure c\u00e2maras de alta defini\u00e7\u00e3o. Estas c\u00e2maras captam as matr\u00edculas de forma clara e est\u00e3o dispon\u00edveis em v\u00e1rios tamanhos. Uma c\u00e2mara de 2MP (1080p) \u00e9 capaz de reconhecer matr\u00edculas at\u00e9 13 p\u00e9s, embora isso possa ser menos do que o ideal em algumas situa\u00e7\u00f5es. \u00c9 importante compreender que algumas destas c\u00e2maras podem n\u00e3o reconhecer uma matr\u00edcula porque esta se est\u00e1 a mover demasiado depressa ou a uma grande dist\u00e2ncia. Quer opte por uma c\u00e2mara de 1080p ou de resolu\u00e7\u00e3o superior, certifique-se de que escolhe uma empresa com apoio ao cliente de elevada qualidade.<\/p>\n<p>If you need a high-resolution license plate camera, you can choose the long night vision security camera. Its night vision range is 13 meters, making it a superior choice among vehicle security products. Luview has 18 years of R &amp; D and production experience in the automotive electronics industry, providing various types of high-quality automotive camera products for global users, please feel free to consult us: <a href=\"http:\/\/mailto:sales@luview.com\/\">sales@luview.com<\/a>\u00a0.<\/p>\n<\/div><\/section><\/div><\/p>","protected":false},"excerpt":{"rendered":"","protected":false},"author":1,"featured_media":0,"parent":620,"menu_order":0,"comment_status":"closed","ping_status":"closed","template":"","meta":{"_monsterinsights_skip_tracking":false,"_monsterinsights_sitenote_active":false,"_monsterinsights_sitenote_note":"","_monsterinsights_sitenote_category":0,"footnotes":""},"class_list":["post-631","page","type-page","status-publish","hentry"],"_links":{"self":[{"href":"https:\/\/luview.com\/pt\/wp-json\/wp\/v2\/pages\/631","targetHints":{"allow":["GET"]}}],"collection":[{"href":"https:\/\/luview.com\/pt\/wp-json\/wp\/v2\/pages"}],"about":[{"href":"https:\/\/luview.com\/pt\/wp-json\/wp\/v2\/types\/page"}],"author":[{"embeddable":true,"href":"https:\/\/luview.com\/pt\/wp-json\/wp\/v2\/users\/1"}],"replies":[{"embeddable":true,"href":"https:\/\/luview.com\/pt\/wp-json\/wp\/v2\/comments?post=631"}],"version-history":[{"count":3,"href":"https:\/\/luview.com\/pt\/wp-json\/wp\/v2\/pages\/631\/revisions"}],"predecessor-version":[{"id":44504,"href":"https:\/\/luview.com\/pt\/wp-json\/wp\/v2\/pages\/631\/revisions\/44504"}],"up":[{"embeddable":true,"href":"https:\/\/luview.com\/pt\/wp-json\/wp\/v2\/pages\/620"}],"wp:attachment":[{"href":"https:\/\/luview.com\/pt\/wp-json\/wp\/v2\/media?parent=631"}],"curies":[{"name":"wp","href":"https:\/\/api.w.org\/{rel}","templated":true}]}}