{"id":661,"date":"2022-05-23T11:23:46","date_gmt":"2022-05-23T11:23:46","guid":{"rendered":"https:\/\/luview.com\/?page_id=661"},"modified":"2026-03-10T02:51:04","modified_gmt":"2026-03-10T02:51:04","slug":"monitores-de-espelhos-retrovisores","status":"publish","type":"page","link":"https:\/\/luview.com\/pt\/products\/monitors\/rearview-mirror-monitors\/","title":{"rendered":"Monitores retrovisores"},"content":{"rendered":"<style type=\"text\/css\" data-created_by=\"avia_inline_auto\" id=\"style-css-av-l2y9d09l-9a59c050fd7cc562363a6e26bd127e73\">\n.avia-section.av-l2y9d09l-9a59c050fd7cc562363a6e26bd127e73{\nbackground-repeat:no-repeat;\nbackground-image:url(https:\/\/luview.com\/wp-content\/uploads\/2024\/08\/0.jpg);\nbackground-position:50% 50%;\nbackground-attachment:scroll;\n}\n.avia-section.av-l2y9d09l-9a59c050fd7cc562363a6e26bd127e73 .av-section-color-overlay{\nopacity:0.8;\nbackground-color:#222222;\n}\n<\/style>\n<div id='av_section_1'  class='avia-section av-l2y9d09l-9a59c050fd7cc562363a6e26bd127e73 main_color avia-section-default avia-no-border-styling  avia-builder-el-0  el_before_av_one_full  avia-builder-el-first  titlebarbox avia-full-stretch avia-bg-style-scroll av-section-color-overlay-active container_wrap sidebar_left'  data-section-bg-repeat='stretch'><div class=\"av-section-color-overlay-wrap\"><div class=\"av-section-color-overlay\"><\/div><div class='container av-section-cont-open' ><main  role=\"main\" itemprop=\"mainContentOfPage\"  class='template-page content  av-content-small units'><div class='post-entry post-entry-type-page post-entry-661'><div class='entry-content-wrapper clearfix'>\n\n<style type=\"text\/css\" data-created_by=\"avia_inline_auto\" id=\"style-css-av-ro2v-a87e36abb91cc5e18f3d0098b40720d3\">\n.flex_column.av-ro2v-a87e36abb91cc5e18f3d0098b40720d3{\npadding:10% 0 10% 0;\n}\n<\/style>\n<div class='flex_column av-ro2v-a87e36abb91cc5e18f3d0098b40720d3 av_one_full  avia-builder-el-1  avia-builder-el-no-sibling  first flex_column_div'   ><style type=\"text\/css\" data-created_by=\"avia_inline_auto\" id=\"style-css-av-l2y9au29-bf07c75c092d3a9f62676db415f615f7\">\n#top .av_textblock_section.av-l2y9au29-bf07c75c092d3a9f62676db415f615f7 .avia_textblock{\ncolor:#ffffff;\ntext-align:center;\n}\n<\/style>\n<section  class='av_textblock_section av-l2y9au29-bf07c75c092d3a9f62676db415f615f7'  itemscope=\"itemscope\" itemtype=\"https:\/\/schema.org\/CreativeWork\" ><div class='avia_textblock av_inherit_color'  itemprop=\"text\" ><h1>Monitores retrovisores<\/h1>\n<\/div><\/section><br \/>\n<\/p><\/div>\n<\/div><\/div><\/main><!-- close content main element --><\/div><\/div><\/div><div id='after_section_1'  class='main_color av_default_container_wrap container_wrap sidebar_left'  ><div class='container av-section-cont-open' ><div class='template-page content  av-content-small units'><div class='post-entry post-entry-type-page post-entry-661'><div class='entry-content-wrapper clearfix'>\n<div class='flex_column av-6hmib-0f7b6fcf00f9273a80dfc45f533798fb av_one_full  avia-builder-el-4  el_after_av_section  el_before_av_one_full  avia-builder-el-first  first flex_column_div'   ><section  class='av_textblock_section av-l2y9squj-e76031f6dac70c55a963b220d7b8ed83'  itemscope=\"itemscope\" itemtype=\"https:\/\/schema.org\/CreativeWork\" ><div class='avia_textblock'  itemprop=\"text\" ><h3 style=\"font-weight: bold;\">Todos os monitores de espelhos retrovisores<\/h3>\n<\/div><\/section><br \/>\n<section  class='av_textblock_section av-l2y9tm1e-80c30be322df05d44e75397a617f5c97'  itemscope=\"itemscope\" itemtype=\"https:\/\/schema.org\/CreativeWork\" ><div class='avia_textblock'  itemprop=\"text\" ><p>O monitor de espelho retrovisor Luview n\u00e3o s\u00f3 fornece aos motoristas uma imagem mais clara e ampla da vis\u00e3o traseira, mas tamb\u00e9m integra uma riqueza de fun\u00e7\u00f5es ADAS para tornar a condu\u00e7\u00e3o mais segura; o design refinado \u00e9 cheio de tecnologia, que pode reduzir o coeficiente de arrasto e o consumo de energia. A Luview desenvolve, fabrica e fornece solu\u00e7\u00f5es de monitoriza\u00e7\u00e3o de espelhos retrovisores para grossistas e retalhistas em todo o mundo, v\u00e1rios tipos de monitores podem ser personalizados, bem-vindo a perguntar por\u00a0<a href=\"http:\/\/mailto:sales@luview.com\/\">sales@luview.com<\/a>\u00a0.<\/p>\n<\/div><\/section><br \/>\n<div  class='avia-button-wrap avia-button-left  avia-builder-el-7  el_after_av_textblock  avia-builder-el-last' ><a href='https:\/\/luview.com\/pt\/contact\/'  class='avia-button av-l2y9umzk-d16bac7bf4e11df2896cb79984c1e31c avia-icon_select-no avia-size-large avia-position-left avia-color-theme-color' ><span class='avia_iconbox_title' >Consulte agora<\/span><\/a><\/div><\/p><\/div>\n<div class='flex_column av-5hzen-23301fe4c356e81a47b358eb060165d1 av_one_full  avia-builder-el-8  el_after_av_one_full  el_before_av_one_full  first flex_column_div column-top-margin'   ><div  class='avia-product-slider-container av-l2y9wj0i-b8ed698bca1bc6b07e3ebd4481a6c00c template-shop avia-content-slider avia-content-grid-active shop_columns_3  avia-builder-el-9  avia-builder-el-no-sibling  myproducts avia-content-slider-odd  avia-builder-el-9  avia-builder-el-no-sibling  myproducts avia-product-slider1'  data-autoplay=''  data-interval='5'  data-animation='fade'  data-hoverpause='1' ><div class='avia-content-slider-inner'><ul class=\"products\"><li class=\"product type-product post-1192 status-publish first instock product_cat-7-inch-monitors product_cat-rearview-mirror-monitors has-post-thumbnail shipping-taxable product-type-simple\">\n\t<div class='inner_product main_color wrapped_style noLightbox  av-product-class-no_button'><a href=\"https:\/\/luview.com\/pt\/product\/jy-mr07-7-inch-hd-lcd-rearview-mirror-monitor-with-speaker\/\" class=\"woocommerce-LoopProduct-link woocommerce-loop-product__link\"><div class='thumbnail_container'><img decoding=\"async\" width=\"600\" height=\"600\" data-src=\"https:\/\/luview.com\/wp-content\/uploads\/2022\/06\/MR07\u9996\u9875\u65b9\u5411-1-600x600.jpg\" class=\"wp-image-36567 avia-img-lazy-loading-36567 attachment-woocommerce_thumbnail size-woocommerce_thumbnail wp-post-image lazyload\"  data-srcset=\"https:\/\/luview.com\/wp-content\/uploads\/2022\/06\/MR07\u9996\u9875\u65b9\u5411-1-600x600.jpg 600w, https:\/\/luview.com\/wp-content\/uploads\/2022\/06\/MR07\u9996\u9875\u65b9\u5411-1-100x100.jpg 100w, https:\/\/luview.com\/wp-content\/uploads\/2022\/06\/MR07\u9996\u9875\u65b9\u5411-1-300x300.jpg 300w, https:\/\/luview.com\/wp-content\/uploads\/2022\/06\/MR07\u9996\u9875\u65b9\u5411-1-80x80.jpg 80w, https:\/\/luview.com\/wp-content\/uploads\/2022\/06\/MR07\u9996\u9875\u65b9\u5411-1-768x768.jpg 768w, https:\/\/luview.com\/wp-content\/uploads\/2022\/06\/MR07\u9996\u9875\u65b9\u5411-1-36x36.jpg 36w, https:\/\/luview.com\/wp-content\/uploads\/2022\/06\/MR07\u9996\u9875\u65b9\u5411-1-180x180.jpg 180w, https:\/\/luview.com\/wp-content\/uploads\/2022\/06\/MR07\u9996\u9875\u65b9\u5411-1-430x430.jpg 430w, https:\/\/luview.com\/wp-content\/uploads\/2022\/06\/MR07\u9996\u9875\u65b9\u5411-1-630x630.jpg 630w, https:\/\/luview.com\/wp-content\/uploads\/2022\/06\/MR07\u9996\u9875\u65b9\u5411-1-705x705.jpg 705w, https:\/\/luview.com\/wp-content\/uploads\/2022\/06\/MR07\u9996\u9875\u65b9\u5411-1-321x321.jpg 321w, https:\/\/luview.com\/wp-content\/uploads\/2022\/06\/MR07\u9996\u9875\u65b9\u5411-1-120x120.jpg 120w, https:\/\/luview.com\/wp-content\/uploads\/2022\/06\/MR07\u9996\u9875\u65b9\u5411-1-450x450.jpg 450w, https:\/\/luview.com\/wp-content\/uploads\/2022\/06\/MR07\u9996\u9875\u65b9\u5411-1-500x500.jpg 500w, https:\/\/luview.com\/wp-content\/uploads\/2022\/06\/MR07\u9996\u9875\u65b9\u5411-1.jpg 800w\" data-sizes=\"(max-width: 600px) 100vw, 600px\" title=\"JY-MR07 Monitor retrovisor LCD HD de 7 polegadas com altifalante\" alt=\"JY-MR07 Monitor retrovisor LCD HD de 7 polegadas com altifalante\" src=\"data:image\/svg+xml;base64,PHN2ZyB3aWR0aD0iMSIgaGVpZ2h0PSIxIiB4bWxucz0iaHR0cDovL3d3dy53My5vcmcvMjAwMC9zdmciPjwvc3ZnPg==\" style=\"--smush-placeholder-width: 600px; --smush-placeholder-aspect-ratio: 600\/600;\" \/><span class='cart-loading'><\/span><\/div><div class='inner_product_header'><div class='avia-arrow'><\/div><div class='inner_product_header_table'><div class='inner_product_header_cell'><h2 class=\"woocommerce-loop-product__title\">JY-MR07 Monitor retrovisor LCD HD de 7 polegadas com altifalante<\/h2>\n<\/div><\/div><\/div><\/a><\/div><\/li>\n<\/ul><\/div><\/div><div class=\"clear\"><\/div><\/div><div class='flex_column av-4ubxv-213bc428d71aa730c5a18fbc0d9954c9 av_one_full  avia-builder-el-0  el_before_av_three_fourth  avia-builder-el-first  first flex_column_div'   ><section  class='av_textblock_section av-4bhe3-b5d2024edd0490f6b2ae124c64cf457e'  itemscope=\"itemscope\" itemtype=\"https:\/\/schema.org\/CreativeWork\" ><div class='avia_textblock'  itemprop=\"text\" ><h3>O que \u00e9 um monitor de espelho retrovisor<\/h3>\n<p>Os sistemas de monitores de espelhos retrovisores substituem o espelho retrovisor tradicional por capacidades digitais. S\u00e3o um excelente complemento para os autom\u00f3veis que n\u00e3o t\u00eam c\u00e2maras de vigil\u00e2ncia incorporadas. Estas c\u00e2maras n\u00e3o s\u00f3 ajudam os condutores a evitar engarrafamentos e a fazer marcha-atr\u00e1s com mais seguran\u00e7a, como tamb\u00e9m podem ajudar a evitar acidentes, permitindo-lhes ver o que est\u00e1 atr\u00e1s dos seus ve\u00edculos. O monitor tamb\u00e9m \u00e9 \u00fatil para os condutores que se encontram em \u00e2ngulos mortos, pois pode ajud\u00e1-los a ver os perigos e outros ve\u00edculos no espelho retrovisor.<\/p>\n<h3>Como funciona o monitor do espelho retrovisor<\/h3>\n<p>Se adquiriu recentemente um novo sistema de monitoriza\u00e7\u00e3o de espelhos digitais para o seu ve\u00edculo, deve estar a perguntar-se como funciona.<\/p>\n<p>Ao contr\u00e1rio de um espelho retrovisor tradicional, um espelho digital apresenta uma imagem de v\u00eddeo de uma c\u00e2mara montada na parte lateral do ve\u00edculo. Isto pode ajud\u00e1-lo a evitar \u00e2ngulos mortos durante a condu\u00e7\u00e3o e pode mesmo facilitar o estacionamento. O monitor \u00e9 compat\u00edvel com a maioria dos modelos de ve\u00edculos. Alguns modelos de espelhos retrovisores permitem-lhe alterar o modo de visualiza\u00e7\u00e3o do v\u00eddeo. Alguns espelhos retrovisores t\u00eam mesmo um modo de condu\u00e7\u00e3o adaptativo. Este modo ajuda-o a selecionar o modo que melhor se adapta \u00e0 sua tarefa de condu\u00e7\u00e3o.<\/p>\n<h3>Vantagens do monitor do espelho retrovisor<\/h3>\n<p>Os monitores dos espelhos retrovisores oferecem muitas vantagens aos condutores.<\/p>\n<ol>\n<li><b><\/b><strong><b>Melhorar a velocidade de rea\u00e7\u00e3o<\/b><\/strong><\/li>\n<\/ol>\n<p>Os monitores dos espelhos retrovisores podem<strong><b>\u00a0<\/b><\/strong>reduzem o tempo que os condutores passam a ver o que se passa atr\u00e1s deles. O \u00e2ngulo de vis\u00e3o grande angular da c\u00e2mara proporciona aos condutores uma excelente visibilidade.<\/p>\n<ol start=\"2\">\n<li><b><\/b><strong><b>adequado para condu\u00e7\u00e3o nocturna<\/b><\/strong><\/li>\n<\/ol>\n<p>O ecr\u00e3 digital do espelho retrovisor \u00e9 cristalino, eliminando o encandeamento causado pelos far\u00f3is traseiros. Esta carater\u00edstica \u00e9 ideal para a condu\u00e7\u00e3o nocturna porque elimina a necessidade de utilizar o espelho para verificar a \u00e1rea circundante.<\/p>\n<ol start=\"3\">\n<li><b><\/b><strong><b>Uma vis\u00e3o de maior defini\u00e7\u00e3o<\/b><\/strong><\/li>\n<\/ol>\n<p>Os espelhos s\u00e3o inconvenientes se o condutor tiver uma vis\u00e3o deficiente. Os espelhos reflectem a luz dos objectos existentes e t\u00eam de viajar at\u00e9 aos olhos do condutor. Como resultado, muitos condutores t\u00eam uma vis\u00e3o deficiente, incluindo aqueles com hipermetropia relacionada com a idade. Felizmente, este problema \u00e9 resolvido com um monitor de espelho retrovisor. Este dispositivo transmite imagens para um ecr\u00e3, tornando-as muito mais pr\u00f3ximas e vis\u00edveis.<\/p>\n<ol start=\"4\">\n<li><b><\/b><strong><b>Aplic\u00e1vel em caso de mau tempo<\/b><\/strong><\/li>\n<\/ol>\n<p>Em quarto lugar, um monitor de espelho retrovisor oferece mais prote\u00e7\u00e3o aos condutores em caso de mau tempo. Ao contr\u00e1rio dos espelhos que s\u00e3o vulner\u00e1veis a danos, uma vers\u00e3o digital pode ser utilizada em qualquer tipo de clima. Uma vez que a c\u00e2mara est\u00e1 montada no exterior do ve\u00edculo, pode ver atrav\u00e9s do nevoeiro ou da chuva. Um monitor de espelho retrovisor digital utiliza um tipo diferente de ecr\u00e3 que pode filtrar a chuva e a neve para projetar imagens n\u00edtidas do tr\u00e1fego em sentido contr\u00e1rio. \u00c9 uma \u00f3ptima op\u00e7\u00e3o para a seguran\u00e7a do condutor e para a poupan\u00e7a de custos.<\/p>\n<h3>Como instalar o monitor do espelho retrovisor<\/h3>\n<p>Ao comprar um monitor de espelho retrovisor, certifique-se de que escolhe um modelo que seja f\u00e1cil de instalar e utilizar. Alguns modelos t\u00eam um processo de instala\u00e7\u00e3o complicado, o que os torna menos adequados para principiantes. Se n\u00e3o tiver muito tempo para gastar na instala\u00e7\u00e3o, opte por uma unidade simples que seja montada como um espelho retrovisor. \u00c9 aconselh\u00e1vel verificar a resolu\u00e7\u00e3o do ecr\u00e3 e a orienta\u00e7\u00e3o do ecr\u00e3 antes de comprar uma nova unidade.<\/p>\n<p>Certifique-se de que o fabricante fornece instru\u00e7\u00f5es completas para a instala\u00e7\u00e3o. Alguns sistemas requerem programa\u00e7\u00e3o e configura\u00e7\u00e3o adicional. Poder\u00e1 ser necess\u00e1rio trabalhar com o sistema el\u00e9trico do seu ve\u00edculo para instalar estas funcionalidades. Lembre-se que a instala\u00e7\u00e3o de um sistema de monitor de espelho retrovisor \u00e9 um projeto de bricolage e requer alguns conhecimentos t\u00e9cnicos. Mas depois de instalar o monitor, estar\u00e1 no bom caminho para uma experi\u00eancia de condu\u00e7\u00e3o mais segura e mais conveniente.<\/p>\n<p>Em alguns casos, o sistema pode necessitar de acess\u00f3rios adicionais, como sensores ou c\u00e2maras de vigil\u00e2ncia. Independentemente do tipo de monitor que escolher, deve seguir todas as instru\u00e7\u00f5es cuidadosa e minuciosamente.<\/p>\n<h3>Carater\u00edsticas a ter em conta ao escolher o melhor monitor de espelho retrovisor<\/h3>\n<p>H\u00e1 uma variedade de carater\u00edsticas a procurar quando se compra um monitor para o espelho retrovisor. Algumas das melhores unidades t\u00eam um ecr\u00e3 t\u00e1til que pode ser acedido atrav\u00e9s dos bot\u00f5es do espelho. Os ecr\u00e3s t\u00e1cteis destas unidades proporcionam uma vis\u00e3o muito melhor da estrada e podem ajud\u00e1-lo a ajustar a luminosidade do ecr\u00e3 para melhorar a sua vis\u00e3o em condi\u00e7\u00f5es de pouca luz.<\/p>\n<p>Alguns t\u00eam tamb\u00e9m capacidade para v\u00e1rias c\u00e2maras, o que lhe d\u00e1 ainda mais op\u00e7\u00f5es. Tamb\u00e9m incluem visualiza\u00e7\u00f5es picture-in-picture ou de ecr\u00e3 completo, o que as torna perfeitas para os condutores em viagem.<\/p>\n<h3>Quanto custa um monitor de espelho retrovisor<\/h3>\n<p>Os monitores dos espelhos retrovisores est\u00e3o a substituir os espelhos tradicionais por capacidades digitais. Podem mesmo ser adicionados a autom\u00f3veis sem um sistema de c\u00e2mara retrovisora. Estas c\u00e2maras de vigil\u00e2ncia s\u00e3o mais do que uma simples substitui\u00e7\u00e3o do espelho. Ajudam os condutores a ver o que est\u00e1 \u00e0 sua volta para que possam evitar atrasos e acidentes. Tamb\u00e9m ajudam os condutores a manterem-se atentos aos \u00e2ngulos mortos. Quanto custa um monitor de espelho retrovisor? Continue a ler para saber!<\/p>\n<p>O pre\u00e7o de um sistema de monitoriza\u00e7\u00e3o de espelhos retrovisores depende do n\u00famero de funcionalidades que inclui. Alguns modelos v\u00eam com sensores ou c\u00e2maras de vigil\u00e2ncia. Outros t\u00eam apenas o espelho retrovisor. A instala\u00e7\u00e3o pode ser complicada, mas vale bem a pena o custo adicional. Antes de comprar um sistema de monitoriza\u00e7\u00e3o de espelhos retrovisores, certifique-se de que l\u00ea as instru\u00e7\u00f5es. Alguns sistemas requerem programa\u00e7\u00e3o ou configura\u00e7\u00e3o adicional para funcionarem corretamente. \u00c9 importante verificar com o seu concession\u00e1rio local antes de gastar dinheiro nesta atualiza\u00e7\u00e3o.<\/p>\n<p>A maioria dos monitores de espelhos retrovisores utiliza uma c\u00e2mara de v\u00eddeo. Dependendo das suas necessidades, existem v\u00e1rios tipos de modelos dispon\u00edveis. A maioria dos modelos vem com uma c\u00e2mara incorporada, enquanto outros s\u00e3o montados diretamente no espelho. A c\u00e2mara deve ser capaz de captar v\u00eddeo de todos os \u00e2ngulos. Dependendo das suas necessidades, pode querer considerar o comprimento do cabo para garantir que n\u00e3o fica com um cabo curto.<\/p>\n<p>Os ecr\u00e3s dos espelhos retrovisores podem variar entre modelos muito baratos e modelos caros. Por menos de $100, \u00e9 poss\u00edvel obter um bom ecr\u00e3 LCD com controlos t\u00e1cteis. \u00c9 prov\u00e1vel que estes se adaptem ao espelho existente e alguns incluem uma c\u00e2mara de bordo. Outros ecr\u00e3s t\u00eam mais funcionalidades e custar\u00e3o cerca de $200 ou mais. Muitas destas unidades tamb\u00e9m incluem assist\u00eancia na faixa de rodagem, um sistema de assist\u00eancia na linha de estacionamento e muito mais. A qualidade do v\u00eddeo que apresentam depender\u00e1 das suas necessidades, mas far\u00e3o com que se sinta mais seguro e confiante ao volante.<\/p>\n<\/div><\/section><\/div><\/p>","protected":false},"excerpt":{"rendered":"","protected":false},"author":1,"featured_media":0,"parent":640,"menu_order":0,"comment_status":"closed","ping_status":"closed","template":"","meta":{"_monsterinsights_skip_tracking":false,"_monsterinsights_sitenote_active":false,"_monsterinsights_sitenote_note":"","_monsterinsights_sitenote_category":0,"footnotes":""},"class_list":["post-661","page","type-page","status-publish","hentry"],"_links":{"self":[{"href":"https:\/\/luview.com\/pt\/wp-json\/wp\/v2\/pages\/661","targetHints":{"allow":["GET"]}}],"collection":[{"href":"https:\/\/luview.com\/pt\/wp-json\/wp\/v2\/pages"}],"about":[{"href":"https:\/\/luview.com\/pt\/wp-json\/wp\/v2\/types\/page"}],"author":[{"embeddable":true,"href":"https:\/\/luview.com\/pt\/wp-json\/wp\/v2\/users\/1"}],"replies":[{"embeddable":true,"href":"https:\/\/luview.com\/pt\/wp-json\/wp\/v2\/comments?post=661"}],"version-history":[{"count":3,"href":"https:\/\/luview.com\/pt\/wp-json\/wp\/v2\/pages\/661\/revisions"}],"predecessor-version":[{"id":44516,"href":"https:\/\/luview.com\/pt\/wp-json\/wp\/v2\/pages\/661\/revisions\/44516"}],"up":[{"embeddable":true,"href":"https:\/\/luview.com\/pt\/wp-json\/wp\/v2\/pages\/640"}],"wp:attachment":[{"href":"https:\/\/luview.com\/pt\/wp-json\/wp\/v2\/media?parent=661"}],"curies":[{"name":"wp","href":"https:\/\/api.w.org\/{rel}","templated":true}]}}