{"id":663,"date":"2022-05-23T14:43:18","date_gmt":"2022-05-23T14:43:18","guid":{"rendered":"https:\/\/luview.com\/?page_id=663"},"modified":"2026-03-10T02:51:32","modified_gmt":"2026-03-10T02:51:32","slug":"monitores-a-prova-de-agua","status":"publish","type":"page","link":"https:\/\/luview.com\/pt\/products\/monitors\/waterproof-monitors\/","title":{"rendered":"Monitores \u00e0 prova de \u00e1gua"},"content":{"rendered":"<style type=\"text\/css\" data-created_by=\"avia_inline_auto\" id=\"style-css-av-l2y9d09l-9a59c050fd7cc562363a6e26bd127e73\">\n.avia-section.av-l2y9d09l-9a59c050fd7cc562363a6e26bd127e73{\nbackground-repeat:no-repeat;\nbackground-image:url(https:\/\/luview.com\/wp-content\/uploads\/2024\/08\/0.jpg);\nbackground-position:50% 50%;\nbackground-attachment:scroll;\n}\n.avia-section.av-l2y9d09l-9a59c050fd7cc562363a6e26bd127e73 .av-section-color-overlay{\nopacity:0.8;\nbackground-color:#222222;\n}\n<\/style>\n<div id='av_section_1'  class='avia-section av-l2y9d09l-9a59c050fd7cc562363a6e26bd127e73 main_color avia-section-default avia-no-border-styling  avia-builder-el-0  el_before_av_one_full  avia-builder-el-first  titlebarbox avia-full-stretch avia-bg-style-scroll av-section-color-overlay-active container_wrap sidebar_left'  data-section-bg-repeat='stretch'><div class=\"av-section-color-overlay-wrap\"><div class=\"av-section-color-overlay\"><\/div><div class='container av-section-cont-open' ><main  role=\"main\" itemprop=\"mainContentOfPage\"  class='template-page content  av-content-small units'><div class='post-entry post-entry-type-page post-entry-663'><div class='entry-content-wrapper clearfix'>\n\n<style type=\"text\/css\" data-created_by=\"avia_inline_auto\" id=\"style-css-av-ro2v-a87e36abb91cc5e18f3d0098b40720d3\">\n.flex_column.av-ro2v-a87e36abb91cc5e18f3d0098b40720d3{\npadding:10% 0 10% 0;\n}\n<\/style>\n<div class='flex_column av-ro2v-a87e36abb91cc5e18f3d0098b40720d3 av_one_full  avia-builder-el-1  avia-builder-el-no-sibling  first flex_column_div'   ><style type=\"text\/css\" data-created_by=\"avia_inline_auto\" id=\"style-css-av-l2y9au29-bf07c75c092d3a9f62676db415f615f7\">\n#top .av_textblock_section.av-l2y9au29-bf07c75c092d3a9f62676db415f615f7 .avia_textblock{\ncolor:#ffffff;\ntext-align:center;\n}\n<\/style>\n<section  class='av_textblock_section av-l2y9au29-bf07c75c092d3a9f62676db415f615f7'  itemscope=\"itemscope\" itemtype=\"https:\/\/schema.org\/CreativeWork\" ><div class='avia_textblock av_inherit_color'  itemprop=\"text\" ><h1>Monitores \u00e0 prova de \u00e1gua<\/h1>\n<\/div><\/section><br \/>\n<\/p><\/div>\n<\/div><\/div><\/main><!-- close content main element --><\/div><\/div><\/div><div id='after_section_1'  class='main_color av_default_container_wrap container_wrap sidebar_left'  ><div class='container av-section-cont-open' ><div class='template-page content  av-content-small units'><div class='post-entry post-entry-type-page post-entry-663'><div class='entry-content-wrapper clearfix'>\n<div class='flex_column av-6hmib-0f7b6fcf00f9273a80dfc45f533798fb av_one_full  avia-builder-el-4  el_after_av_section  el_before_av_one_full  avia-builder-el-first  first flex_column_div'   ><section  class='av_textblock_section av-l2y9squj-e76031f6dac70c55a963b220d7b8ed83'  itemscope=\"itemscope\" itemtype=\"https:\/\/schema.org\/CreativeWork\" ><div class='avia_textblock'  itemprop=\"text\" ><h3 style=\"font-weight: bold;\">Todos os monitores \u00e0 prova de \u00e1gua<\/h3>\n<\/div><\/section><br \/>\n<section  class='av_textblock_section av-l2y9tm1e-80c30be322df05d44e75397a617f5c97'  itemscope=\"itemscope\" itemtype=\"https:\/\/schema.org\/CreativeWork\" ><div class='avia_textblock'  itemprop=\"text\" ><p>Com o r\u00e1pido desenvolvimento da sociedade, o uso de monitores de backup est\u00e1 se tornando cada vez mais comum, mas a fun\u00e7\u00e3o \u00e0 prova d'\u00e1gua dos monitores de backup tamb\u00e9m \u00e9 um problema que precisamos nos preocupar, especialmente para monitores de backup ao ar livre. Luview \u00e9 um fabricante profissional de monitor de c\u00e2mera \u00e0 prova d'\u00e1gua de backup, fornecedor da China, aceitamos OEM, ODM e outros pedidos personalizados de monitor \u00e0 prova d'\u00e1gua, bem como oferecemos uma solu\u00e7\u00e3o \u00fanica, por favor, envie um e-mail <a href=\"mailto:sales@luview.com\"><u>sales@luview.com<\/u><\/a>\u00a0se tiver essas necessidades.<\/p>\n<\/div><\/section><br \/>\n<div  class='avia-button-wrap avia-button-left  avia-builder-el-7  el_after_av_textblock  avia-builder-el-last' ><a href='https:\/\/luview.com\/pt\/contact\/'  class='avia-button av-l2y9umzk-d16bac7bf4e11df2896cb79984c1e31c avia-icon_select-no avia-size-large avia-position-left avia-color-theme-color' ><span class='avia_iconbox_title' >Consulte agora<\/span><\/a><\/div><\/p><\/div>\n<div class='flex_column av-5hzen-23301fe4c356e81a47b358eb060165d1 av_one_full  avia-builder-el-8  el_after_av_one_full  el_before_av_one_full  first flex_column_div column-top-margin'   ><div  class='avia-product-slider-container av-l2y9wj0i-0bc2b166ec09a979217e894406115c6c template-shop avia-content-slider avia-content-grid-active shop_columns_3  avia-builder-el-9  avia-builder-el-no-sibling  myproducts avia-content-slider-odd  avia-builder-el-9  avia-builder-el-no-sibling  myproducts avia-product-slider1'  data-autoplay=''  data-interval='5'  data-animation='fade'  data-hoverpause='1' ><div class='avia-content-slider-inner'><ul class=\"products\"><li class=\"product type-product post-26113 status-publish first instock product_cat-7-inch-monitors product_cat-waterproof-monitors has-post-thumbnail shipping-taxable product-type-simple\">\n\t<div class='inner_product main_color wrapped_style noLightbox  av-product-class-no_button'><a href=\"https:\/\/luview.com\/pt\/product\/jy-m756-7-inch-4-channel-lcd-waterproof-rear-view-monitor-for-truck-bus-tailer\/\" class=\"woocommerce-LoopProduct-link woocommerce-loop-product__link\"><div class='thumbnail_container'><img decoding=\"async\" width=\"600\" height=\"600\" data-src=\"https:\/\/luview.com\/wp-content\/uploads\/2024\/09\/M756\u9996\u9875\u65b9\u5411-1--600x600.jpg\" class=\"wp-image-36518 avia-img-lazy-loading-36518 attachment-woocommerce_thumbnail size-woocommerce_thumbnail wp-post-image lazyload\"  data-srcset=\"https:\/\/luview.com\/wp-content\/uploads\/2024\/09\/M756\u9996\u9875\u65b9\u5411-1--600x600.jpg 600w, https:\/\/luview.com\/wp-content\/uploads\/2024\/09\/M756\u9996\u9875\u65b9\u5411-1--100x100.jpg 100w, https:\/\/luview.com\/wp-content\/uploads\/2024\/09\/M756\u9996\u9875\u65b9\u5411-1--300x300.jpg 300w, https:\/\/luview.com\/wp-content\/uploads\/2024\/09\/M756\u9996\u9875\u65b9\u5411-1--80x80.jpg 80w, https:\/\/luview.com\/wp-content\/uploads\/2024\/09\/M756\u9996\u9875\u65b9\u5411-1--768x768.jpg 768w, https:\/\/luview.com\/wp-content\/uploads\/2024\/09\/M756\u9996\u9875\u65b9\u5411-1--36x36.jpg 36w, https:\/\/luview.com\/wp-content\/uploads\/2024\/09\/M756\u9996\u9875\u65b9\u5411-1--180x180.jpg 180w, https:\/\/luview.com\/wp-content\/uploads\/2024\/09\/M756\u9996\u9875\u65b9\u5411-1--430x430.jpg 430w, https:\/\/luview.com\/wp-content\/uploads\/2024\/09\/M756\u9996\u9875\u65b9\u5411-1--630x630.jpg 630w, https:\/\/luview.com\/wp-content\/uploads\/2024\/09\/M756\u9996\u9875\u65b9\u5411-1--705x705.jpg 705w, https:\/\/luview.com\/wp-content\/uploads\/2024\/09\/M756\u9996\u9875\u65b9\u5411-1--321x321.jpg 321w, https:\/\/luview.com\/wp-content\/uploads\/2024\/09\/M756\u9996\u9875\u65b9\u5411-1--120x120.jpg 120w, https:\/\/luview.com\/wp-content\/uploads\/2024\/09\/M756\u9996\u9875\u65b9\u5411-1--450x450.jpg 450w, https:\/\/luview.com\/wp-content\/uploads\/2024\/09\/M756\u9996\u9875\u65b9\u5411-1--500x500.jpg 500w, https:\/\/luview.com\/wp-content\/uploads\/2024\/09\/M756\u9996\u9875\u65b9\u5411-1-.jpg 800w\" data-sizes=\"(max-width: 600px) 100vw, 600px\" title=\"JY-M756 Monitor retrovisor LCD \u00e0 prova de \u00e1gua de 7 polegadas e 4 canais para cami\u00f5es, autocarros e reboques\" alt=\"JY-M756 Monitor retrovisor LCD \u00e0 prova de \u00e1gua de 7 polegadas e 4 canais para cami\u00f5es, autocarros e reboques\" src=\"data:image\/svg+xml;base64,PHN2ZyB3aWR0aD0iMSIgaGVpZ2h0PSIxIiB4bWxucz0iaHR0cDovL3d3dy53My5vcmcvMjAwMC9zdmciPjwvc3ZnPg==\" style=\"--smush-placeholder-width: 600px; --smush-placeholder-aspect-ratio: 600\/600;\" \/><span class='cart-loading'><\/span><\/div><div class='inner_product_header'><div class='avia-arrow'><\/div><div class='inner_product_header_table'><div class='inner_product_header_cell'><h2 class=\"woocommerce-loop-product__title\">JY-M756 Monitor retrovisor LCD \u00e0 prova de \u00e1gua de 7 polegadas e 4 canais para cami\u00f5es, autocarros e reboques<\/h2>\n<\/div><\/div><\/div><\/a><\/div><\/li>\n<li class=\"product type-product post-1204 status-publish instock product_cat-7-inch-monitors product_cat-waterproof-monitors has-post-thumbnail shipping-taxable product-type-simple\">\n\t<div class='inner_product main_color wrapped_style noLightbox  av-product-class-no_button'><a href=\"https:\/\/luview.com\/pt\/product\/jy-m755-4-ch-7-inch-ip67-waterproof-digital-ahd-lcd-monitor\/\" class=\"woocommerce-LoopProduct-link woocommerce-loop-product__link\"><div class='thumbnail_container'><img decoding=\"async\" width=\"600\" height=\"600\" data-src=\"https:\/\/luview.com\/wp-content\/uploads\/2022\/06\/M755\u9996\u9875\u65b9\u5411-1-600x600.jpg\" class=\"wp-image-36514 avia-img-lazy-loading-36514 attachment-woocommerce_thumbnail size-woocommerce_thumbnail wp-post-image lazyload\"  data-srcset=\"https:\/\/luview.com\/wp-content\/uploads\/2022\/06\/M755\u9996\u9875\u65b9\u5411-1-600x600.jpg 600w, https:\/\/luview.com\/wp-content\/uploads\/2022\/06\/M755\u9996\u9875\u65b9\u5411-1-100x100.jpg 100w, https:\/\/luview.com\/wp-content\/uploads\/2022\/06\/M755\u9996\u9875\u65b9\u5411-1-300x300.jpg 300w, https:\/\/luview.com\/wp-content\/uploads\/2022\/06\/M755\u9996\u9875\u65b9\u5411-1-80x80.jpg 80w, https:\/\/luview.com\/wp-content\/uploads\/2022\/06\/M755\u9996\u9875\u65b9\u5411-1-768x768.jpg 768w, https:\/\/luview.com\/wp-content\/uploads\/2022\/06\/M755\u9996\u9875\u65b9\u5411-1-36x36.jpg 36w, https:\/\/luview.com\/wp-content\/uploads\/2022\/06\/M755\u9996\u9875\u65b9\u5411-1-180x180.jpg 180w, https:\/\/luview.com\/wp-content\/uploads\/2022\/06\/M755\u9996\u9875\u65b9\u5411-1-430x430.jpg 430w, https:\/\/luview.com\/wp-content\/uploads\/2022\/06\/M755\u9996\u9875\u65b9\u5411-1-630x630.jpg 630w, https:\/\/luview.com\/wp-content\/uploads\/2022\/06\/M755\u9996\u9875\u65b9\u5411-1-705x705.jpg 705w, https:\/\/luview.com\/wp-content\/uploads\/2022\/06\/M755\u9996\u9875\u65b9\u5411-1-321x321.jpg 321w, https:\/\/luview.com\/wp-content\/uploads\/2022\/06\/M755\u9996\u9875\u65b9\u5411-1-120x120.jpg 120w, https:\/\/luview.com\/wp-content\/uploads\/2022\/06\/M755\u9996\u9875\u65b9\u5411-1-450x450.jpg 450w, https:\/\/luview.com\/wp-content\/uploads\/2022\/06\/M755\u9996\u9875\u65b9\u5411-1-500x500.jpg 500w, https:\/\/luview.com\/wp-content\/uploads\/2022\/06\/M755\u9996\u9875\u65b9\u5411-1.jpg 800w\" data-sizes=\"(max-width: 600px) 100vw, 600px\" title=\"JY-M755 Monitor LCD AHD digital \u00e0 prova de \u00e1gua IP67 de 4 canais e 7 polegadas\" alt=\"JY-M755 Monitor LCD AHD digital \u00e0 prova de \u00e1gua IP67 de 4 canais e 7 polegadas\" src=\"data:image\/svg+xml;base64,PHN2ZyB3aWR0aD0iMSIgaGVpZ2h0PSIxIiB4bWxucz0iaHR0cDovL3d3dy53My5vcmcvMjAwMC9zdmciPjwvc3ZnPg==\" style=\"--smush-placeholder-width: 600px; --smush-placeholder-aspect-ratio: 600\/600;\" \/><span class='cart-loading'><\/span><\/div><div class='inner_product_header'><div class='avia-arrow'><\/div><div class='inner_product_header_table'><div class='inner_product_header_cell'><h2 class=\"woocommerce-loop-product__title\">JY-M755 Monitor LCD AHD digital \u00e0 prova de \u00e1gua IP67 de 4 canais e 7 polegadas<\/h2>\n<\/div><\/div><\/div><\/a><\/div><\/li>\n<li class=\"product type-product post-1203 status-publish last instock product_cat-4-6-inch-monitors product_cat-waterproof-monitors has-post-thumbnail shipping-taxable product-type-simple\">\n\t<div class='inner_product main_color wrapped_style noLightbox  av-product-class-no_button'><a href=\"https:\/\/luview.com\/pt\/product\/jy-m550-2-ch-5-inch-ip69k-waterproof-flipped-image-tft-monitor\/\" class=\"woocommerce-LoopProduct-link woocommerce-loop-product__link\"><div class='thumbnail_container'><img decoding=\"async\" width=\"600\" height=\"600\" data-src=\"https:\/\/luview.com\/wp-content\/uploads\/2022\/06\/M550\u9996\u9875\u65b9\u5411-1-1-600x600.jpg\" class=\"wp-image-35862 avia-img-lazy-loading-35862 attachment-woocommerce_thumbnail size-woocommerce_thumbnail wp-post-image lazyload\"  data-srcset=\"https:\/\/luview.com\/wp-content\/uploads\/2022\/06\/M550\u9996\u9875\u65b9\u5411-1-1-600x600.jpg 600w, https:\/\/luview.com\/wp-content\/uploads\/2022\/06\/M550\u9996\u9875\u65b9\u5411-1-1-100x100.jpg 100w, https:\/\/luview.com\/wp-content\/uploads\/2022\/06\/M550\u9996\u9875\u65b9\u5411-1-1-300x300.jpg 300w, https:\/\/luview.com\/wp-content\/uploads\/2022\/06\/M550\u9996\u9875\u65b9\u5411-1-1-80x80.jpg 80w, https:\/\/luview.com\/wp-content\/uploads\/2022\/06\/M550\u9996\u9875\u65b9\u5411-1-1-768x768.jpg 768w, https:\/\/luview.com\/wp-content\/uploads\/2022\/06\/M550\u9996\u9875\u65b9\u5411-1-1-36x36.jpg 36w, https:\/\/luview.com\/wp-content\/uploads\/2022\/06\/M550\u9996\u9875\u65b9\u5411-1-1-180x180.jpg 180w, https:\/\/luview.com\/wp-content\/uploads\/2022\/06\/M550\u9996\u9875\u65b9\u5411-1-1-430x430.jpg 430w, https:\/\/luview.com\/wp-content\/uploads\/2022\/06\/M550\u9996\u9875\u65b9\u5411-1-1-630x630.jpg 630w, https:\/\/luview.com\/wp-content\/uploads\/2022\/06\/M550\u9996\u9875\u65b9\u5411-1-1-705x705.jpg 705w, https:\/\/luview.com\/wp-content\/uploads\/2022\/06\/M550\u9996\u9875\u65b9\u5411-1-1-321x321.jpg 321w, https:\/\/luview.com\/wp-content\/uploads\/2022\/06\/M550\u9996\u9875\u65b9\u5411-1-1-120x120.jpg 120w, https:\/\/luview.com\/wp-content\/uploads\/2022\/06\/M550\u9996\u9875\u65b9\u5411-1-1-450x450.jpg 450w, https:\/\/luview.com\/wp-content\/uploads\/2022\/06\/M550\u9996\u9875\u65b9\u5411-1-1-500x500.jpg 500w, https:\/\/luview.com\/wp-content\/uploads\/2022\/06\/M550\u9996\u9875\u65b9\u5411-1-1.jpg 800w\" data-sizes=\"(max-width: 600px) 100vw, 600px\" title=\"JY-M550 Monitor TFT de imagem invertida \u00e0 prova de \u00e1gua IP69K de 2 canais e 5 polegadas\" alt=\"JY-M550 Monitor TFT de imagem invertida \u00e0 prova de \u00e1gua IP69K de 2 canais e 5 polegadas\" src=\"data:image\/svg+xml;base64,PHN2ZyB3aWR0aD0iMSIgaGVpZ2h0PSIxIiB4bWxucz0iaHR0cDovL3d3dy53My5vcmcvMjAwMC9zdmciPjwvc3ZnPg==\" style=\"--smush-placeholder-width: 600px; --smush-placeholder-aspect-ratio: 600\/600;\" \/><span class='cart-loading'><\/span><\/div><div class='inner_product_header'><div class='avia-arrow'><\/div><div class='inner_product_header_table'><div class='inner_product_header_cell'><h2 class=\"woocommerce-loop-product__title\">JY-M550 Monitor TFT de imagem invertida \u00e0 prova de \u00e1gua IP69K de 2 canais e 5 polegadas<\/h2>\n<\/div><\/div><\/div><\/a><\/div><\/li>\n<li class=\"product type-product post-1197 status-publish first instock product_cat-7-inch-monitors product_cat-waterproof-monitors has-post-thumbnail shipping-taxable product-type-simple\">\n\t<div class='inner_product main_color wrapped_style noLightbox  av-product-class-no_button'><a href=\"https:\/\/luview.com\/pt\/product\/jy-m750-169-wide-screen-4-ch-7-inch-ip69k-waterproof-monitor\/\" class=\"woocommerce-LoopProduct-link woocommerce-loop-product__link\"><div class='thumbnail_container'><img decoding=\"async\" width=\"600\" height=\"600\" data-src=\"https:\/\/luview.com\/wp-content\/uploads\/2022\/06\/M750\u9996\u9875\u65b9\u5411-1-600x600.jpg\" class=\"wp-image-35854 avia-img-lazy-loading-35854 attachment-woocommerce_thumbnail size-woocommerce_thumbnail wp-post-image lazyload\"  data-srcset=\"https:\/\/luview.com\/wp-content\/uploads\/2022\/06\/M750\u9996\u9875\u65b9\u5411-1-600x600.jpg 600w, https:\/\/luview.com\/wp-content\/uploads\/2022\/06\/M750\u9996\u9875\u65b9\u5411-1-100x100.jpg 100w, https:\/\/luview.com\/wp-content\/uploads\/2022\/06\/M750\u9996\u9875\u65b9\u5411-1-300x300.jpg 300w, https:\/\/luview.com\/wp-content\/uploads\/2022\/06\/M750\u9996\u9875\u65b9\u5411-1-80x80.jpg 80w, https:\/\/luview.com\/wp-content\/uploads\/2022\/06\/M750\u9996\u9875\u65b9\u5411-1-768x768.jpg 768w, https:\/\/luview.com\/wp-content\/uploads\/2022\/06\/M750\u9996\u9875\u65b9\u5411-1-36x36.jpg 36w, https:\/\/luview.com\/wp-content\/uploads\/2022\/06\/M750\u9996\u9875\u65b9\u5411-1-180x180.jpg 180w, https:\/\/luview.com\/wp-content\/uploads\/2022\/06\/M750\u9996\u9875\u65b9\u5411-1-430x430.jpg 430w, https:\/\/luview.com\/wp-content\/uploads\/2022\/06\/M750\u9996\u9875\u65b9\u5411-1-630x630.jpg 630w, https:\/\/luview.com\/wp-content\/uploads\/2022\/06\/M750\u9996\u9875\u65b9\u5411-1-705x705.jpg 705w, https:\/\/luview.com\/wp-content\/uploads\/2022\/06\/M750\u9996\u9875\u65b9\u5411-1-321x321.jpg 321w, https:\/\/luview.com\/wp-content\/uploads\/2022\/06\/M750\u9996\u9875\u65b9\u5411-1-120x120.jpg 120w, https:\/\/luview.com\/wp-content\/uploads\/2022\/06\/M750\u9996\u9875\u65b9\u5411-1-450x450.jpg 450w, https:\/\/luview.com\/wp-content\/uploads\/2022\/06\/M750\u9996\u9875\u65b9\u5411-1-500x500.jpg 500w, https:\/\/luview.com\/wp-content\/uploads\/2022\/06\/M750\u9996\u9875\u65b9\u5411-1.jpg 800w\" data-sizes=\"(max-width: 600px) 100vw, 600px\" title=\"JY-M750 Monitor \u00e0 prova de \u00e1gua IP69K com ecr\u00e3 panor\u00e2mico 16:9 de 7 polegadas e 4 canais\" alt=\"JY-M750 Monitor \u00e0 prova de \u00e1gua IP69K com ecr\u00e3 panor\u00e2mico 16:9 de 7 polegadas e 4 canais\" src=\"data:image\/svg+xml;base64,PHN2ZyB3aWR0aD0iMSIgaGVpZ2h0PSIxIiB4bWxucz0iaHR0cDovL3d3dy53My5vcmcvMjAwMC9zdmciPjwvc3ZnPg==\" style=\"--smush-placeholder-width: 600px; --smush-placeholder-aspect-ratio: 600\/600;\" \/><span class='cart-loading'><\/span><\/div><div class='inner_product_header'><div class='avia-arrow'><\/div><div class='inner_product_header_table'><div class='inner_product_header_cell'><h2 class=\"woocommerce-loop-product__title\">JY-M750 Monitor \u00e0 prova de \u00e1gua IP69K com ecr\u00e3 panor\u00e2mico 16:9 de 7 polegadas e 4 canais<\/h2>\n<\/div><\/div><\/div><\/a><\/div><\/li>\n<\/ul><\/div><\/div><div class=\"clear\"><\/div><\/div><div class='flex_column av-4ubxv-213bc428d71aa730c5a18fbc0d9954c9 av_one_full  avia-builder-el-0  el_before_av_three_fourth  avia-builder-el-first  first flex_column_div'   ><section  class='av_textblock_section av-4bhe3-b5d2024edd0490f6b2ae124c64cf457e'  itemscope=\"itemscope\" itemtype=\"https:\/\/schema.org\/CreativeWork\" ><div class='avia_textblock'  itemprop=\"text\" ><h3>Requisitos dos monitores de reserva \u00e0 prova de \u00e1gua<\/h3>\n<p>O n\u00edvel de prote\u00e7\u00e3o do monitor de reserva \u00e0 prova de \u00e1gua \u00e9 geralmente apresentado como IPXY, por exemplo: IP65, X representa o n\u00edvel do monitor digital contra a intrus\u00e3o de poeiras e objectos exteriores, e Y representa a estanquicidade do monitor de reserva contra a humidade e a intrus\u00e3o de \u00e1gua. Quanto mais elevado for o n\u00edvel de prote\u00e7\u00e3o, o significado dos n\u00fameros X e Y ser\u00e1 analisado mais adiante.<\/p>\n<p><strong><b>X representa o significado do c\u00f3digo digital:<\/b><\/strong><\/p>\n<p>0: sem prote\u00e7\u00e3o<\/p>\n<p>1: Prote\u00e7\u00e3o contra exossomas s\u00f3lidos de di\u00e2metro igual ou superior a 50 mm<\/p>\n<p>2: Prote\u00e7\u00e3o contra exossomas s\u00f3lidos de di\u00e2metro igual ou superior a 12,5 mm<\/p>\n<p>3: Prote\u00e7\u00e3o contra exossomas s\u00f3lidos de di\u00e2metro igual ou superior a 2,5 mm<\/p>\n<p>4: Prote\u00e7\u00e3o contra exossomas s\u00f3lidos de di\u00e2metro igual ou superior a 1,0 mm<\/p>\n<p>5: Evitar a acumula\u00e7\u00e3o de poeiras nocivas (\u00e9 imposs\u00edvel evitar completamente a entrada de poeiras, mas a quantidade de poeiras que entra n\u00e3o causar\u00e1 danos ao equipamento)<\/p>\n<p>6: Impedir completamente a entrada de p\u00f3 (o p\u00f3 n\u00e3o deve entrar no arm\u00e1rio a uma press\u00e3o baixa de 20 mbar)<\/p>\n<p><strong><b>Y representa o significado do c\u00f3digo digital<\/b><\/strong><\/p>\n<p>0: sem prote\u00e7\u00e3o<\/p>\n<p>1: Prote\u00e7\u00e3o contra gotas de \u00e1gua (as gotas de \u00e1gua que caem verticalmente n\u00e3o devem causar danos)<\/p>\n<p>2: Quando o inv\u00f3lucro est\u00e1 inclinado a 15 graus, est\u00e1 protegido contra gotas de \u00e1gua e as gotas de \u00e1gua que caem verticalmente n\u00e3o devem causar danos<\/p>\n<p>3: Prote\u00e7\u00e3o contra salpicos de \u00e1gua (a \u00e1gua ou a chuva de um canto de 60 graus em rela\u00e7\u00e3o ao casco n\u00e3o tem qualquer efeito)<\/p>\n<p>4: Pulveriza\u00e7\u00e3o de \u00e1gua de prote\u00e7\u00e3o (o l\u00edquido salpicado para o inv\u00f3lucro a partir de qualquer dire\u00e7\u00e3o n\u00e3o tem qualquer efeito prejudicial)<\/p>\n<p>5: Jactos de \u00e1gua protectores (disparam \u00e1gua de todas as direc\u00e7\u00f5es para o arm\u00e1rio sem qualquer dano)<\/p>\n<p>6: Prote\u00e7\u00e3o contra fortes jactos de \u00e1gua (os fortes jactos de \u00e1gua apontados ao arm\u00e1rio em todas as direc\u00e7\u00f5es n\u00e3o causam danos)<\/p>\n<p>7: Suporta imers\u00e3o em \u00e1gua num curto espa\u00e7o de tempo (1m)<\/p>\n<p>8: Pode ser mergulhado em \u00e1gua durante muito tempo sob uma certa press\u00e3o<\/p>\n<p>A classifica\u00e7\u00e3o interior e exterior do n\u00edvel de impermeabilidade do inv\u00f3lucro do monitor digital \u00e9 diferente. O n\u00edvel de impermeabilidade para exteriores \u00e9 geralmente superior ao de interiores, porque o ecr\u00e3 digital para exteriores \u00e9 mais chuvoso ou precisa de ser imperme\u00e1vel do que o monitor digital para interiores.<\/p>\n<h3>Vantagens dos monitores de reserva \u00e0 prova de \u00e1gua Luview<\/h3>\n<p><strong><b>\u00c0 prova de \u00e1gua IP6<\/b><\/strong><strong><b>8<\/b><\/strong><\/p>\n<p>Um monitor de reserva \u00e0 prova de \u00e1gua de qualidade pode proporcionar paz de esp\u00edrito quando se conduz com tempo chuvoso. Este tipo de c\u00e2mara de reserva possui um design \u00e0 prova de \u00e1gua Ip68 real. A c\u00e2mara utiliza 18 luzes de infravermelhos para ver a parte de tr\u00e1s do autom\u00f3vel e possui um painel Ips que facilita a visualiza\u00e7\u00e3o, independentemente do \u00e2ngulo. O monitor possui uma resolu\u00e7\u00e3o de 1024 x 600 p\u00edxeis de alta resolu\u00e7\u00e3o com uma fun\u00e7\u00e3o de melhoramento da cor para reduzir o ru\u00eddo da imagem.<\/p>\n<p><strong><b>\u00c2ngulo de visualiza\u00e7\u00e3o amplo de 150<\/b><\/strong><\/p>\n<p>Um sistema de monitoriza\u00e7\u00e3o de c\u00f3pias de seguran\u00e7a de qualidade deve ter carater\u00edsticas como um \u00e2ngulo de visualiza\u00e7\u00e3o amplo de 150 graus, um modo de vis\u00e3o super nocturna e um controlo remoto. Alguns modelos t\u00eam v\u00e1rias c\u00e2maras, o que torna a experi\u00eancia de visualiza\u00e7\u00e3o mais f\u00e1cil e segura. Este tipo de c\u00e2mara de reserva deve ser alimentado por 9-14V e funcionar com um conetor rca.<\/p>\n<h3>Ve\u00edculos que necessitam de um monitor de reserva \u00e0 prova de \u00e1gua<\/h3>\n<p>O monitor de reserva \u00e0 prova de \u00e1gua \u00e9 bom para uma condu\u00e7\u00e3o segura e resolve os problemas de \u00e2ngulos mortos visuais e dificuldades de invers\u00e3o de marcha que ocorrem durante a condu\u00e7\u00e3o. O monitor de carro \u00e0 prova de \u00e1gua Luview adopta um ecr\u00e3 LCD digital com uma qualidade de imagem n\u00edtida. Est\u00e1 equipado com uma c\u00e2mara para facilitar o ve\u00edculo a evitar acidentes de tr\u00e2nsito causados pelo \u00e2ngulo morto na traseira do carro durante o processo de invers\u00e3o de marcha.<\/p>\n<p>O monitor \u00e0 prova de \u00e1gua pode ser aplicado a ve\u00edculos de grandes dimens\u00f5es, como autocarros, ve\u00edculos de engenharia e cami\u00f5es. Os sistemas de monitores \u00e0 prova de \u00e1gua t\u00eam geralmente fun\u00e7\u00f5es como a invers\u00e3o de marcha, a comuta\u00e7\u00e3o autom\u00e1tica e a monitoriza\u00e7\u00e3o em v\u00e1rios ecr\u00e3s.<\/p>\n<h3>Como escolher um fabricante de monitores fi\u00e1vel<\/h3>\n<p>Como posso encontrar um fabricante ou fornecedor de monitores de reserva \u00e0 prova de \u00e1gua? \u00c9 melhor trabalhar com fabricantes perto de mim ou no estrangeiro? Como \u00e9 que sei se um fabricante \u00e9 leg\u00edtimo? Quer pretenda fabricar algo por si pr\u00f3prio ou encontrar fornecedores para comprar a um grossista, nem sempre \u00e9 f\u00e1cil encontrar bons produtos. A lista seguinte cont\u00e9m v\u00e1rias op\u00e7\u00f5es para refer\u00eancia.<\/p>\n<ol>\n<li><strong>Em primeiro lugar<\/strong>, Em caso de problemas de abastecimento, devem ser selecionados os fabricantes que podem fornecer de forma est\u00e1vel durante um longo per\u00edodo. Alguns fabricantes baixar\u00e3o o pre\u00e7o num curto per\u00edodo de tempo porque querem lutar pelo direito de fornecimento, mas o fornecimento \u00e9 inst\u00e1vel. Os fabricantes com fornecimento est\u00e1vel devem ser selecionados como primeira prioridade.<\/li>\n<li><strong>Em segundo lugar<\/strong>, O problema da qualidade. Se o fornecimento de bens \u00e9 garantido, \u00e9 necess\u00e1rio julgar pela qualidade e utilizar fabricantes com melhor qualidade. Por exemplo, o mesmo ecr\u00e3 \u00e0 prova de \u00e1gua, alguns s\u00e3o \u00e0 prova de \u00e1gua IP68, outros s\u00e3o IP65, recomendamos que escolha um fabricante com melhor desempenho \u00e0 prova de \u00e1gua.<\/li>\n<li><strong>Em terceiro lugar<\/strong>, A quest\u00e3o do pre\u00e7o. Comparar os pre\u00e7os quando ambas as condi\u00e7\u00f5es acima referidas est\u00e3o reunidas.<\/li>\n<\/ol>\n<p>Para al\u00e9m de v\u00e1rios tipos de monitores de reserva \u00e0 prova de \u00e1gua, a Luview tamb\u00e9m fornece solu\u00e7\u00f5es visuais, tais como c\u00e2maras para ve\u00edculos, c\u00e2maras de painel, etc. N\u00e3o hesite em contactar-nos atrav\u00e9s de <a href=\"http:\/\/mailto:sales@luview.com\/\">sales@luview.com<\/a>\u00a0.<\/p>\n<\/div><\/section><\/div><\/p>","protected":false},"excerpt":{"rendered":"","protected":false},"author":1,"featured_media":0,"parent":640,"menu_order":0,"comment_status":"closed","ping_status":"closed","template":"","meta":{"_monsterinsights_skip_tracking":false,"_monsterinsights_sitenote_active":false,"_monsterinsights_sitenote_note":"","_monsterinsights_sitenote_category":0,"footnotes":""},"class_list":["post-663","page","type-page","status-publish","hentry"],"_links":{"self":[{"href":"https:\/\/luview.com\/pt\/wp-json\/wp\/v2\/pages\/663","targetHints":{"allow":["GET"]}}],"collection":[{"href":"https:\/\/luview.com\/pt\/wp-json\/wp\/v2\/pages"}],"about":[{"href":"https:\/\/luview.com\/pt\/wp-json\/wp\/v2\/types\/page"}],"author":[{"embeddable":true,"href":"https:\/\/luview.com\/pt\/wp-json\/wp\/v2\/users\/1"}],"replies":[{"embeddable":true,"href":"https:\/\/luview.com\/pt\/wp-json\/wp\/v2\/comments?post=663"}],"version-history":[{"count":3,"href":"https:\/\/luview.com\/pt\/wp-json\/wp\/v2\/pages\/663\/revisions"}],"predecessor-version":[{"id":44518,"href":"https:\/\/luview.com\/pt\/wp-json\/wp\/v2\/pages\/663\/revisions\/44518"}],"up":[{"embeddable":true,"href":"https:\/\/luview.com\/pt\/wp-json\/wp\/v2\/pages\/640"}],"wp:attachment":[{"href":"https:\/\/luview.com\/pt\/wp-json\/wp\/v2\/media?parent=663"}],"curies":[{"name":"wp","href":"https:\/\/api.w.org\/{rel}","templated":true}]}}