{"id":679,"date":"2022-05-24T04:57:45","date_gmt":"2022-05-24T04:57:45","guid":{"rendered":"https:\/\/luview.com\/?page_id=679"},"modified":"2026-03-10T02:58:15","modified_gmt":"2026-03-10T02:58:15","slug":"sistema-de-camara-surround-360","status":"publish","type":"page","link":"https:\/\/luview.com\/pt\/products\/rear-view-system\/360-surround-camera-system\/","title":{"rendered":"Sistema de c\u00e2maras surround 360"},"content":{"rendered":"<style type=\"text\/css\" data-created_by=\"avia_inline_auto\" id=\"style-css-av-l2y9d09l-dba2ddc1697532ae540078bc5bf8a8e6\">\n.avia-section.av-l2y9d09l-dba2ddc1697532ae540078bc5bf8a8e6{\nbackground-repeat:no-repeat;\nbackground-image:url(https:\/\/luview.com\/wp-content\/uploads\/2024\/11\/\u540e\u89c6.jpg);\nbackground-position:50% 50%;\nbackground-attachment:scroll;\n}\n.avia-section.av-l2y9d09l-dba2ddc1697532ae540078bc5bf8a8e6 .av-section-color-overlay{\nopacity:0.8;\nbackground-color:#222222;\n}\n<\/style>\n<div id='av_section_1'  class='avia-section av-l2y9d09l-dba2ddc1697532ae540078bc5bf8a8e6 main_color avia-section-default avia-no-border-styling  avia-builder-el-0  el_before_av_one_full  avia-builder-el-first  titlebarbox avia-full-stretch avia-bg-style-scroll av-section-color-overlay-active container_wrap sidebar_left'  data-section-bg-repeat='stretch'><div class=\"av-section-color-overlay-wrap\"><div class=\"av-section-color-overlay\"><\/div><div class='container av-section-cont-open' ><main  role=\"main\" itemprop=\"mainContentOfPage\"  class='template-page content  av-content-small units'><div class='post-entry post-entry-type-page post-entry-679'><div class='entry-content-wrapper clearfix'>\n\n<style type=\"text\/css\" data-created_by=\"avia_inline_auto\" id=\"style-css-av-ro2v-a87e36abb91cc5e18f3d0098b40720d3\">\n.flex_column.av-ro2v-a87e36abb91cc5e18f3d0098b40720d3{\npadding:10% 0 10% 0;\n}\n<\/style>\n<div class='flex_column av-ro2v-a87e36abb91cc5e18f3d0098b40720d3 av_one_full  avia-builder-el-1  avia-builder-el-no-sibling  first flex_column_div'   ><style type=\"text\/css\" data-created_by=\"avia_inline_auto\" id=\"style-css-av-l2y9au29-bf07c75c092d3a9f62676db415f615f7\">\n#top .av_textblock_section.av-l2y9au29-bf07c75c092d3a9f62676db415f615f7 .avia_textblock{\ncolor:#ffffff;\ntext-align:center;\n}\n<\/style>\n<section  class='av_textblock_section av-l2y9au29-bf07c75c092d3a9f62676db415f615f7'  itemscope=\"itemscope\" itemtype=\"https:\/\/schema.org\/CreativeWork\" ><div class='avia_textblock av_inherit_color'  itemprop=\"text\" ><h1>Sistema de c\u00e2maras surround 360<\/h1>\n<\/div><\/section><br \/>\n<\/p><\/div>\n<\/div><\/div><\/main><!-- close content main element --><\/div><\/div><\/div><div id='after_section_1'  class='main_color av_default_container_wrap container_wrap sidebar_left'  ><div class='container av-section-cont-open' ><div class='template-page content  av-content-small units'><div class='post-entry post-entry-type-page post-entry-679'><div class='entry-content-wrapper clearfix'>\n<div class='flex_column av-6hmib-0f7b6fcf00f9273a80dfc45f533798fb av_one_full  avia-builder-el-4  el_after_av_section  el_before_av_one_full  avia-builder-el-first  first flex_column_div'   ><section  class='av_textblock_section av-l2y9squj-e76031f6dac70c55a963b220d7b8ed83'  itemscope=\"itemscope\" itemtype=\"https:\/\/schema.org\/CreativeWork\" ><div class='avia_textblock'  itemprop=\"text\" ><h3 style=\"font-weight: bold;\">Sistema de c\u00e2maras 360\u00ba Surround<\/h3>\n<\/div><\/section><br \/>\n<section  class='av_textblock_section av-l2y9tm1e-80c30be322df05d44e75397a617f5c97'  itemscope=\"itemscope\" itemtype=\"https:\/\/schema.org\/CreativeWork\" ><div class='avia_textblock'  itemprop=\"text\" ><p>Luview 360\u00b0 surround view camera system pode mostrar ao motorista uma imagem de 360\u00b0 das condi\u00e7\u00f5es da estrada em torno do ve\u00edculo atrav\u00e9s de 4 c\u00e2maras fora do carro, e ajudar o motorista a evitar acidentes causados por pontos cegos em sec\u00e7\u00f5es estreitas da estrada e em cen\u00e1rios de estacionamento invertido. Luview \u00e9 um fabricante profissional de sistema de c\u00e2mera de vis\u00e3o surround de 360 graus e fornecedor de solu\u00e7\u00f5es da China, bem-vindo a contactar-nos por <a href=\"mailto:sales@luview.com\"><u>sales@luview.com<\/u><\/a>\u00a0se tiveres alguma d\u00favida.<\/p>\n<\/div><\/section><br \/>\n<div  class='avia-button-wrap avia-button-left  avia-builder-el-7  el_after_av_textblock  avia-builder-el-last' ><a href='https:\/\/luview.com\/pt\/contact\/'  class='avia-button av-l2y9umzk-d16bac7bf4e11df2896cb79984c1e31c avia-icon_select-no avia-size-large avia-position-left avia-color-theme-color' ><span class='avia_iconbox_title' >Consulte agora<\/span><\/a><\/div><\/p><\/div>\n<div class='flex_column av-5hzen-23301fe4c356e81a47b358eb060165d1 av_one_full  avia-builder-el-8  el_after_av_one_full  el_before_av_one_full  first flex_column_div column-top-margin'   ><div  class='avia-product-slider-container av-l2y9wj0i-13495f0fae3907e4dfba74992f90dcda template-shop avia-content-slider avia-content-grid-active shop_columns_3  avia-builder-el-9  avia-builder-el-no-sibling  myproducts avia-content-slider-odd  avia-builder-el-9  avia-builder-el-no-sibling  myproducts avia-product-slider1'  data-autoplay=''  data-interval='5'  data-animation='fade'  data-hoverpause='1' ><div class='avia-content-slider-inner'><ul class=\"products\"><li class=\"product type-product post-25961 status-publish first instock product_cat-360-surround-view-system product_cat-hot-product has-post-thumbnail shipping-taxable product-type-simple\">\n\t<div class='inner_product main_color wrapped_style noLightbox  av-product-class-no_button'><a href=\"https:\/\/luview.com\/pt\/product\/jy-fv04-360-degree-panoramic-radar-surveillance-system-with-intelligent-ai-alert\/\" class=\"woocommerce-LoopProduct-link woocommerce-loop-product__link\"><div class='thumbnail_container'><img decoding=\"async\" width=\"600\" height=\"600\" data-src=\"https:\/\/luview.com\/wp-content\/uploads\/2024\/07\/8-1-600x600.jpg\" class=\"wp-image-25963 avia-img-lazy-loading-25963 attachment-woocommerce_thumbnail size-woocommerce_thumbnail wp-post-image lazyload\"  data-srcset=\"https:\/\/luview.com\/wp-content\/uploads\/2024\/07\/8-1-600x600.jpg 600w, https:\/\/luview.com\/wp-content\/uploads\/2024\/07\/8-1-100x100.jpg 100w, https:\/\/luview.com\/wp-content\/uploads\/2024\/07\/8-1-300x300.jpg 300w, https:\/\/luview.com\/wp-content\/uploads\/2024\/07\/8-1-80x80.jpg 80w, https:\/\/luview.com\/wp-content\/uploads\/2024\/07\/8-1-768x768.jpg 768w, https:\/\/luview.com\/wp-content\/uploads\/2024\/07\/8-1-36x36.jpg 36w, https:\/\/luview.com\/wp-content\/uploads\/2024\/07\/8-1-180x180.jpg 180w, https:\/\/luview.com\/wp-content\/uploads\/2024\/07\/8-1-430x430.jpg 430w, https:\/\/luview.com\/wp-content\/uploads\/2024\/07\/8-1-630x630.jpg 630w, https:\/\/luview.com\/wp-content\/uploads\/2024\/07\/8-1-705x705.jpg 705w, https:\/\/luview.com\/wp-content\/uploads\/2024\/07\/8-1-321x321.jpg 321w, https:\/\/luview.com\/wp-content\/uploads\/2024\/07\/8-1-120x120.jpg 120w, https:\/\/luview.com\/wp-content\/uploads\/2024\/07\/8-1-450x450.jpg 450w, https:\/\/luview.com\/wp-content\/uploads\/2024\/07\/8-1.jpg 800w\" data-sizes=\"(max-width: 600px) 100vw, 600px\" title=\"JY-FV04 Sistema de vigil\u00e2ncia por radar panor\u00e2mico de 360 graus com alerta inteligente por IA\u7f29\u7565\u56fe\" alt=\"JY-FV04 Sistema de vigil\u00e2ncia por radar panor\u00e2mico de 360 graus com alerta inteligente por IA\u7f29\u7565\u56fe\" src=\"data:image\/svg+xml;base64,PHN2ZyB3aWR0aD0iMSIgaGVpZ2h0PSIxIiB4bWxucz0iaHR0cDovL3d3dy53My5vcmcvMjAwMC9zdmciPjwvc3ZnPg==\" style=\"--smush-placeholder-width: 600px; --smush-placeholder-aspect-ratio: 600\/600;\" \/><span class='cart-loading'><\/span><\/div><div class='inner_product_header'><div class='avia-arrow'><\/div><div class='inner_product_header_table'><div class='inner_product_header_cell'><h2 class=\"woocommerce-loop-product__title\">JY-FV04 Sistema de vigil\u00e2ncia por radar panor\u00e2mico de 360 graus com alerta inteligente por IA<\/h2>\n<\/div><\/div><\/div><\/a><\/div><\/li>\n<li class=\"product type-product post-1278 status-publish instock product_cat-360-surround-view-system has-post-thumbnail shipping-taxable product-type-simple\">\n\t<div class='inner_product main_color wrapped_style noLightbox  av-product-class-no_button'><a href=\"https:\/\/luview.com\/pt\/product\/jy-bv360-360-degree-panoramic-image-surround-view-backup-camera-system\/\" class=\"woocommerce-LoopProduct-link woocommerce-loop-product__link\"><div class='thumbnail_container'><img decoding=\"async\" width=\"600\" height=\"600\" data-src=\"https:\/\/luview.com\/wp-content\/uploads\/2022\/06\/8-600x600.jpg\" class=\"wp-image-25975 avia-img-lazy-loading-25975 attachment-woocommerce_thumbnail size-woocommerce_thumbnail wp-post-image lazyload\"  data-srcset=\"https:\/\/luview.com\/wp-content\/uploads\/2022\/06\/8-600x600.jpg 600w, https:\/\/luview.com\/wp-content\/uploads\/2022\/06\/8-100x100.jpg 100w, https:\/\/luview.com\/wp-content\/uploads\/2022\/06\/8-300x300.jpg 300w, https:\/\/luview.com\/wp-content\/uploads\/2022\/06\/8-80x80.jpg 80w, https:\/\/luview.com\/wp-content\/uploads\/2022\/06\/8-768x768.jpg 768w, https:\/\/luview.com\/wp-content\/uploads\/2022\/06\/8-36x36.jpg 36w, https:\/\/luview.com\/wp-content\/uploads\/2022\/06\/8-180x180.jpg 180w, https:\/\/luview.com\/wp-content\/uploads\/2022\/06\/8-430x430.jpg 430w, https:\/\/luview.com\/wp-content\/uploads\/2022\/06\/8-630x630.jpg 630w, https:\/\/luview.com\/wp-content\/uploads\/2022\/06\/8-705x705.jpg 705w, https:\/\/luview.com\/wp-content\/uploads\/2022\/06\/8-321x321.jpg 321w, https:\/\/luview.com\/wp-content\/uploads\/2022\/06\/8-120x120.jpg 120w, https:\/\/luview.com\/wp-content\/uploads\/2022\/06\/8-450x450.jpg 450w, https:\/\/luview.com\/wp-content\/uploads\/2022\/06\/8.jpg 800w\" data-sizes=\"(max-width: 600px) 100vw, 600px\" title=\"JY-BV360 Sistema de c\u00e2mara de marcha-atr\u00e1s com imagem panor\u00e2mica de 360 graus e vis\u00e3o surround\" alt=\"JY-BV360 Sistema de c\u00e2mara de marcha-atr\u00e1s com imagem panor\u00e2mica de 360 graus e vis\u00e3o surround\" src=\"data:image\/svg+xml;base64,PHN2ZyB3aWR0aD0iMSIgaGVpZ2h0PSIxIiB4bWxucz0iaHR0cDovL3d3dy53My5vcmcvMjAwMC9zdmciPjwvc3ZnPg==\" style=\"--smush-placeholder-width: 600px; --smush-placeholder-aspect-ratio: 600\/600;\" \/><span class='cart-loading'><\/span><\/div><div class='inner_product_header'><div class='avia-arrow'><\/div><div class='inner_product_header_table'><div class='inner_product_header_cell'><h2 class=\"woocommerce-loop-product__title\">JY-BV360 Sistema de c\u00e2mara de marcha atr\u00e1s com imagem panor\u00e2mica de 360 graus<\/h2>\n<\/div><\/div><\/div><\/a><\/div><\/li>\n<\/ul><\/div><\/div><div class=\"clear\"><\/div><\/div><div class='flex_column av-4ubxv-213bc428d71aa730c5a18fbc0d9954c9 av_one_full  avia-builder-el-0  el_before_av_three_fourth  avia-builder-el-first  first flex_column_div'   ><section  class='av_textblock_section av-4bhe3-b5d2024edd0490f6b2ae124c64cf457e'  itemscope=\"itemscope\" itemtype=\"https:\/\/schema.org\/CreativeWork\" ><div class='avia_textblock'  itemprop=\"text\" ><h3>O que \u00e9 o sistema de c\u00e2mara de visualiza\u00e7\u00e3o surround 360<\/h3>\n<p>O que \u00e9 um sistema de c\u00e2mara de vis\u00e3o surround de 360 graus? Como o nome indica, o sistema de 360 graus utiliza quatro c\u00e2maras - uma c\u00e2mara por baixo de cada espelho lateral, uma atr\u00e1s do espelho retrovisor e uma c\u00e2mara de reserva. Em conjunto, estas c\u00e2maras proporcionam uma vista virtual de 360 graus do seu ve\u00edculo. Estas c\u00e2maras podem ajud\u00e1-lo a detetar quaisquer perigos que possam estar escondidos atr\u00e1s de outros carros. Este sistema tem uma s\u00e9rie de vantagens.<\/p>\n<p>A tecnologia subjacente a um sistema de c\u00e2mara de 360 graus envolve quatro c\u00e2maras: uma c\u00e2mara de vis\u00e3o traseira, que \u00e9 exigida pelos regulamentos governamentais, uma c\u00e2mara de vis\u00e3o lateral montada nos espelhos retrovisores exteriores e uma c\u00e2mara frontal. Estas quatro c\u00e2maras s\u00e3o depois combinadas atrav\u00e9s de software. Na maioria dos casos, as imagens s\u00e3o apresentadas num \u00fanico ecr\u00e3, que \u00e9 normalmente o sistema de informa\u00e7\u00e3o e lazer.<\/p>\n<p>Os sistemas de c\u00e2mara de 360 graus do mercado de substitui\u00e7\u00e3o podem ser instalados no interior de um autom\u00f3vel, tornando a instala\u00e7\u00e3o mais f\u00e1cil e menos dispendiosa. Embora muitos ve\u00edculos mais recentes venham equipados com esta tecnologia, os sistemas de p\u00f3s-venda podem ser adicionados a autom\u00f3veis que n\u00e3o possuam um sistema de vis\u00e3o surround de 360 graus. Uma vez instalado, um sistema de c\u00e2mara de 360 graus pode funcionar como um DVR de autom\u00f3vel normal. As c\u00e2maras s\u00e3o controladas por um sensor de choque que desencadeia a grava\u00e7\u00e3o.<\/p>\n<h3>Vantagens do sistema de c\u00e2mara de vis\u00e3o surround 360<\/h3>\n<p>Uma das maiores vantagens de um sistema de c\u00e2mara de visualiza\u00e7\u00e3o surround 360 \u00e9 a sua capacidade de ajudar os condutores a evitar \u00e2ngulos mortos. Ao proporcionar uma vis\u00e3o de 360 graus do autom\u00f3vel, os condutores podem facilmente evitar \u00e2ngulos mortos e melhorar a sua efici\u00eancia de condu\u00e7\u00e3o.<\/p>\n<p>Al\u00e9m disso, reduzem a carga de trabalho do condutor. Ao eliminarem os \u00e2ngulos mortos, estes sistemas tamb\u00e9m s\u00e3o \u00fateis para o estacionamento paralelo e para entrar em lugares de estacionamento apertados. Ajudam-no a ver toda a estrada \u00e0 sua frente sem bloquear a vis\u00e3o do seu espelho retrovisor.<\/p>\n<h3>Quanto custa o sistema de c\u00e2mara de vis\u00e3o surround 360<\/h3>\n<p>Quanto custa um sistema de c\u00e2mara de visualiza\u00e7\u00e3o surround de 360 graus? O custo de um sistema instalado de f\u00e1brica \u00e9 de cerca de $3.000, mas existem algumas excep\u00e7\u00f5es. Os sistemas do mercado de substitui\u00e7\u00e3o n\u00e3o s\u00e3o t\u00e3o bons como os instalados na f\u00e1brica. Os sistemas de f\u00e1brica beneficiam do facto de os engenheiros personalizarem as c\u00e2maras para um modelo espec\u00edfico, enquanto os sistemas do mercado de substitui\u00e7\u00e3o n\u00e3o podem ser personalizados para se adaptarem a um determinado autom\u00f3vel. A maioria dos kits do mercado de substitui\u00e7\u00e3o inclui quatro c\u00e2maras e os cabos necess\u00e1rios. Podem tamb\u00e9m ser fornecidos com um ecr\u00e3 de visualiza\u00e7\u00e3o e um controlo remoto. Os pre\u00e7os variam entre $200 e $900, mas a instala\u00e7\u00e3o por terceiros pode acrescentar mais $300 ou $500.<\/p>\n<h3>Como instalar um sistema de c\u00e2mara de vis\u00e3o surround 360<\/h3>\n<p>Se quiser adicionar um sistema de c\u00e2mara de visualiza\u00e7\u00e3o surround 360 ao seu autom\u00f3vel, tem de saber como instalar a unidade. Na verdade, \u00e9 um processo muito f\u00e1cil, desde que se tenha um conhecimento b\u00e1sico dos sistemas do ve\u00edculo.<\/p>\n<p>O primeiro passo \u00e9 retirar os espelhos retrovisores laterais. Ter\u00e1 de os desligar antes de instalar o sistema de c\u00e2mara.<\/p>\n<p>Em seguida, instale um anel de borracha para montar as c\u00e2maras. Pode obter um anel plano ou um com uma inclina\u00e7\u00e3o de 15 graus.<\/p>\n<p>Depois, o sistema utiliza software para interpretar a imagem de cada c\u00e2mara e junt\u00e1-las para criar uma imagem no ecr\u00e3 de informa\u00e7\u00e3o e lazer do autom\u00f3vel.<\/p>\n<h3>O melhor fabricante de sistemas de c\u00e2mara de visualiza\u00e7\u00e3o surround 360<\/h3>\n<p>O sistema de visualiza\u00e7\u00e3o surround Luview 360 pode ser utilizado em ve\u00edculos de recreio, autocarros escolares, autocarros, cami\u00f5es e outros ve\u00edculos para ajudar os condutores a verificar facilmente os arredores do ve\u00edculo. Pode alternar entre diferentes \u00e2ngulos de vis\u00e3o, de acordo com as necessidades de utiliza\u00e7\u00e3o, e apresentar as imagens em ambos os lados do ve\u00edculo ao mesmo tempo. Os \u00e2ngulos mortos visuais da frente, da retaguarda, da esquerda e da direita do ve\u00edculo s\u00e3o claros num relance, eliminando eficazmente os riscos de seguran\u00e7a ocultos quando o ve\u00edculo arranca.<\/p>\n<p>O sistema implementa o processamento de emenda e s\u00edntese em tempo real, instalando 4 c\u00e2maras fisheye no ve\u00edculo e utilizando algoritmos de software para realizar efeitos visuais do ve\u00edculo e imagens panor\u00e2micas tridimensionais de vista envolvente. Melhora eficazmente a seguran\u00e7a e a comodidade da condu\u00e7\u00e3o em v\u00e1rios parques de estacionamento e vias estreitas.<\/p>\n<p>Luview is one of the first companies to apply 360\u00b0 surround view camera system\u00a0to vehicles. Since its establishment, it has adhered to independent research and development and technological innovation, and has established a research and development center in the field of 360 panoramic and ADAS systems. It has a team of more than 30 people with high quality.\u00a0After years of development and accumulation, the R\u00a0&amp;\u00a0D team has applied for more than 30 patents and software copyrights, and the cumulative sales of 360 surround viewing systems\u00a0have exceeded 500,000 units.\u00a0If you want to improve driving safety and purchase 360 monitoring systems in bulk, please contact us\u00a0by <a href=\"mailto:sales@luview.com\"><u>sales@luview.com<\/u><\/a>\u00a0.<\/p>\n<\/div><\/section><\/div><\/p>","protected":false},"excerpt":{"rendered":"","protected":false},"author":1,"featured_media":0,"parent":689,"menu_order":0,"comment_status":"closed","ping_status":"closed","template":"","meta":{"_monsterinsights_skip_tracking":false,"_monsterinsights_sitenote_active":false,"_monsterinsights_sitenote_note":"","_monsterinsights_sitenote_category":0,"footnotes":""},"class_list":["post-679","page","type-page","status-publish","hentry"],"_links":{"self":[{"href":"https:\/\/luview.com\/pt\/wp-json\/wp\/v2\/pages\/679","targetHints":{"allow":["GET"]}}],"collection":[{"href":"https:\/\/luview.com\/pt\/wp-json\/wp\/v2\/pages"}],"about":[{"href":"https:\/\/luview.com\/pt\/wp-json\/wp\/v2\/types\/page"}],"author":[{"embeddable":true,"href":"https:\/\/luview.com\/pt\/wp-json\/wp\/v2\/users\/1"}],"replies":[{"embeddable":true,"href":"https:\/\/luview.com\/pt\/wp-json\/wp\/v2\/comments?post=679"}],"version-history":[{"count":2,"href":"https:\/\/luview.com\/pt\/wp-json\/wp\/v2\/pages\/679\/revisions"}],"predecessor-version":[{"id":44540,"href":"https:\/\/luview.com\/pt\/wp-json\/wp\/v2\/pages\/679\/revisions\/44540"}],"up":[{"embeddable":true,"href":"https:\/\/luview.com\/pt\/wp-json\/wp\/v2\/pages\/689"}],"wp:attachment":[{"href":"https:\/\/luview.com\/pt\/wp-json\/wp\/v2\/media?parent=679"}],"curies":[{"name":"wp","href":"https:\/\/api.w.org\/{rel}","templated":true}]}}