{"id":23,"date":"2022-04-28T05:23:41","date_gmt":"2022-04-28T05:23:41","guid":{"rendered":"https:\/\/luview.com\/?page_id=23"},"modified":"2026-01-08T03:47:53","modified_gmt":"2026-01-08T03:47:53","slug":"projeler","status":"publish","type":"page","link":"https:\/\/luview.com\/tr\/projects\/","title":{"rendered":"Projeler"},"content":{"rendered":"<style type=\"text\/css\" data-created_by=\"avia_inline_auto\" id=\"style-css-av-l2w0a77v-c2c72e6e74149c27dfae6594cce68ede\">\n.avia-section.av-l2w0a77v-c2c72e6e74149c27dfae6594cce68ede{\nbackground-repeat:no-repeat;\nbackground-image:url(https:\/\/luview.com\/wp-content\/uploads\/2024\/05\/666.jpg);\nbackground-position:0% 0%;\nbackground-attachment:scroll;\n}\n.avia-section.av-l2w0a77v-c2c72e6e74149c27dfae6594cce68ede .av-section-color-overlay{\nopacity:0.8;\nbackground-color:#222222;\n}\n<\/style>\n<div id='av_section_1'  class='avia-section av-l2w0a77v-c2c72e6e74149c27dfae6594cce68ede main_color avia-section-default avia-no-border-styling  avia-builder-el-0  el_before_av_one_full  avia-builder-el-first  titlebarbox avia-bg-style-scroll av-section-color-overlay-active container_wrap sidebar_left'  data-section-bg-repeat='no-repeat'><div class=\"av-section-color-overlay-wrap\"><div class=\"av-section-color-overlay\"><\/div><div class='container av-section-cont-open' ><main  role=\"main\" itemprop=\"mainContentOfPage\"  class='template-page content  av-content-small units'><div class='post-entry post-entry-type-page post-entry-23'><div class='entry-content-wrapper clearfix'>\n\n<style type=\"text\/css\" data-created_by=\"avia_inline_auto\" id=\"style-css-av-2ug23-29046d9cdd7cf6f34abd75d04440b140\">\n.flex_column.av-2ug23-29046d9cdd7cf6f34abd75d04440b140{\npadding:10% 0 10% 0;\n}\n<\/style>\n<div class='flex_column av-2ug23-29046d9cdd7cf6f34abd75d04440b140 av_one_full  avia-builder-el-1  avia-builder-el-no-sibling  first flex_column_div'   ><style type=\"text\/css\" data-created_by=\"avia_inline_auto\" id=\"style-css-av-l2w0afjv-22ec81b9b1d74bb2596921f337bd96f5\">\n#top .av_textblock_section.av-l2w0afjv-22ec81b9b1d74bb2596921f337bd96f5 .avia_textblock{\ncolor:#ffffff;\ntext-align:center;\n}\n<\/style>\n<section  class='av_textblock_section av-l2w0afjv-22ec81b9b1d74bb2596921f337bd96f5'  itemscope=\"itemscope\" itemtype=\"https:\/\/schema.org\/CreativeWork\" ><div class='avia_textblock av_inherit_color'  itemprop=\"text\" ><h1>Projeler<\/h1>\n<\/div><\/section><br \/>\n\n<style type=\"text\/css\" data-created_by=\"avia_inline_auto\" id=\"style-css-av-24saj-ef390ff01d35179224b29e522fd8203a\">\n#top .av_textblock_section.av-24saj-ef390ff01d35179224b29e522fd8203a .avia_textblock{\ncolor:#ffffff;\ntext-align:center;\n}\n<\/style>\n<section  class='av_textblock_section av-24saj-ef390ff01d35179224b29e522fd8203a'  itemscope=\"itemscope\" itemtype=\"https:\/\/schema.org\/CreativeWork\" ><div class='avia_textblock av_inherit_color'  itemprop=\"text\" ><h3 style=\"margin-bottom: 20px;\">Profesyonel ara\u00e7 g\u00fcvenlik elektroni\u011fi \u00fcreticisi<\/h3>\n<\/div><\/section><br \/>\n<\/p><\/div>\n<\/div><\/div><\/main><!-- close content main element --><\/div><\/div><\/div><div id='after_section_1'  class='main_color av_default_container_wrap container_wrap sidebar_left'  ><div class='container av-section-cont-open' ><div class='template-page content  av-content-small units'><div class='post-entry post-entry-type-page post-entry-23'><div class='entry-content-wrapper clearfix'>\n<div class='flex_column av-vu8j-a9ae9d9f4cde365fc8997c04a428d172 av_one_full  avia-builder-el-5  el_after_av_section  avia-builder-el-no-sibling  first flex_column_div'   ><style type=\"text\/css\" data-created_by=\"avia_inline_auto\" id=\"style-css-av-l7m2qsw3-080fc44d1b6b2aba33756e02fbc81a38\">\n#top .av_textblock_section.av-l7m2qsw3-080fc44d1b6b2aba33756e02fbc81a38 .avia_textblock{\ntext-align:center;\n}\n<\/style>\n<section  class='av_textblock_section av-l7m2qsw3-080fc44d1b6b2aba33756e02fbc81a38'  itemscope=\"itemscope\" itemtype=\"https:\/\/schema.org\/CreativeWork\" ><div class='avia_textblock'  itemprop=\"text\" ><p style=\"margin-bottom: 20px;\">20 y\u0131l\u0131 a\u015fk\u0131n s\u00fcredir, d\u00fcnya \u00e7ap\u0131ndaki m\u00fc\u015fterilerimize g\u00fcvenilir arka g\u00f6r\u00fc\u015f g\u00fcvenlik \u00fcr\u00fcnleri ve \u00e7\u00f6z\u00fcmleri sunmak i\u00e7in \u00e7ok \u00e7al\u0131\u015f\u0131yoruz, m\u00fc\u015fterilerimize nas\u0131l hizmet etti\u011fimizi \u00f6\u011frenmek ve di\u011fer m\u00fc\u015fteriler gibi ba\u015far\u0131ya ula\u015fma olas\u0131l\u0131\u011f\u0131n\u0131 aramak i\u00e7in baz\u0131 vakalar\u0131m\u0131z\u0131 kontrol edin. \u00dclkenizdeki veya b\u00f6lgenizdeki daha fazla referans projeyi g\u00f6r\u00fcnt\u00fclemek i\u00e7in l\u00fctfen sales@luview.com adresine e-posta g\u00f6nderin.<\/p>\n<\/div><\/section><br \/>\n<div  id=\"av-sc-portfolio-1\"  class=\"av-portfolio-grid-sorting-container\"><div class='sort_width_container  av-sort-yes' data-portfolio-id='1' ><div id='js_sort_items' ><div class='sort_by_cat hidden'><a href=\"#\" data-filter=\"all_sort\" class=\"all_sort_button active_sort\"><span class=\"inner_sort_button\"><span>T\u00fcm\u00fc<\/span><small class=\"av-cat-count\"> 8 <\/small><\/span><\/a><span class=\"text-sep projects_sort_sep\">\/<\/span><a href=\"#\" data-filter=\"projects_sort\" class=\"projects_sort_button\" ><span class=\"inner_sort_button\"><span>Projeler<\/span><small class=\"av-cat-count\"> 8 <\/small><\/span><\/a><\/div><\/div><\/div><div  class='myprojects grid-sort-container isotope   no_margin-container with-excerpt-container grid-total-even grid-col-4 grid-links-' data-portfolio-id='1'><div data-ajax-id='560' class='grid-entry flex_column isotope-item all_sort no_margin post-entry post-entry-560 grid-entry-overview grid-loop-1 grid-parity-odd  finished-projects_sort projects_sort  av_one_fourth first default_av_fullwidth'><article class='main_color inner-entry'  itemscope=\"itemscope\" itemtype=\"https:\/\/schema.org\/CreativeWork\" ><a href=\"https:\/\/luview.com\/tr\/project\/100pcs-cvbs-rearview-shutter-camera-for-rear-view-system-in-kielce-poland\/\" title='Kielce, Polonya&#039;da Arka G\u00f6r\u00fc\u015f Sistemi i\u00e7in 100 adet CVBS Dikiz Deklan\u015f\u00f6r Kameras\u0131'  data-rel='grid-1' class='grid-image avia-hover-fx'> <img decoding=\"async\" width=\"800\" height=\"684\" data-src=\"https:\/\/luview.com\/wp-content\/uploads\/2022\/06\/JY-678-rear-view-camera-for-trucks-engineering-vehicles-other-large-vehicles-800x684.jpg\" class=\"wp-image-1012 avia-img-lazy-loading-not-1012 attachment-gallery size-gallery wp-post-image lazyload\" alt=\"AHD sens\u00f6rl\u00fc JY-678 IP68 otomatik deklan\u015f\u00f6rl\u00fc arka g\u00f6r\u00fc\u015f kameras\u0131\" title=\"Kielce, Polonya&#039;da Arka G\u00f6r\u00fc\u015f Sistemi i\u00e7in 100 adet CVBS Dikiz Deklan\u015f\u00f6r Kameras\u0131 \u7f29\u7565\u56fe\" src=\"data:image\/svg+xml;base64,PHN2ZyB3aWR0aD0iMSIgaGVpZ2h0PSIxIiB4bWxucz0iaHR0cDovL3d3dy53My5vcmcvMjAwMC9zdmciPjwvc3ZnPg==\" style=\"--smush-placeholder-width: 800px; --smush-placeholder-aspect-ratio: 800\/684;\" \/><\/a><div class='grid-content'><div class='avia-arrow'><\/div><header class=\"entry-content-header\"><h3 class='grid-entry-title entry-title'  itemprop=\"headline\" ><a href='https:\/\/luview.com\/tr\/project\/100pcs-cvbs-rearview-shutter-camera-for-rear-view-system-in-kielce-poland\/' title='Kielce, Polonya&#039;da Arka G\u00f6r\u00fc\u015f Sistemi i\u00e7in 100 adet CVBS Dikiz Deklan\u015f\u00f6r Kameras\u0131'>Kielce, Polonya'da Arka G\u00f6r\u00fc\u015f Sistemi i\u00e7in 100 adet CVBS Dikiz Deklan\u015f\u00f6r Kameras\u0131<\/a><\/h3><\/header><\/div><footer class=\"entry-footer\"><\/footer><\/article><\/div><div data-ajax-id='616' class='grid-entry flex_column isotope-item all_sort no_margin post-entry post-entry-616 grid-entry-overview grid-loop-2 grid-parity-even  on-going-projects_sort projects_sort  av_one_fourth  default_av_fullwidth'><article class='main_color inner-entry'  itemscope=\"itemscope\" itemtype=\"https:\/\/schema.org\/CreativeWork\" ><a href=\"https:\/\/luview.com\/tr\/project\/2mp-explosion-proof-camera-for-fuel-and-oil-truck-in-london-uk\/\" title='Londra, Birle\u015fik Krall\u0131k&#039;ta Akaryak\u0131t ve Ya\u011f Kamyonu i\u00e7in 2MP Patlamaya Dayan\u0131kl\u0131 Kamera'  data-rel='grid-1' class='grid-image avia-hover-fx'> <img decoding=\"async\" width=\"800\" height=\"684\" data-src=\"https:\/\/luview.com\/wp-content\/uploads\/2022\/06\/JY-EX01-explosion-proof-camera-for-fuel-tanker-fire-truck-coal-mining-military-application-800x684.jpg\" class=\"wp-image-1084 avia-img-lazy-loading-not-1084 attachment-gallery size-gallery wp-post-image lazyload\" alt=\"Paslanmaz \u00e7elik muhafazal\u0131 ve K\u0131z\u0131l\u00f6tesi LED&#039;li JY-EX01 patlamaya dayan\u0131kl\u0131 kamera\" title=\"Londra, Birle\u015fik Krall\u0131k&#039;ta Akaryak\u0131t ve Petrol Kamyonu i\u00e7in 2MP Patlamaya Dayan\u0131kl\u0131 Kamera\" src=\"data:image\/svg+xml;base64,PHN2ZyB3aWR0aD0iMSIgaGVpZ2h0PSIxIiB4bWxucz0iaHR0cDovL3d3dy53My5vcmcvMjAwMC9zdmciPjwvc3ZnPg==\" style=\"--smush-placeholder-width: 800px; --smush-placeholder-aspect-ratio: 800\/684;\" \/><\/a><div class='grid-content'><div class='avia-arrow'><\/div><header class=\"entry-content-header\"><h3 class='grid-entry-title entry-title'  itemprop=\"headline\" ><a href='https:\/\/luview.com\/tr\/project\/2mp-explosion-proof-camera-for-fuel-and-oil-truck-in-london-uk\/' title='Londra, Birle\u015fik Krall\u0131k&#039;ta Akaryak\u0131t ve Ya\u011f Kamyonu i\u00e7in 2MP Patlamaya Dayan\u0131kl\u0131 Kamera'>Londra, Birle\u015fik Krall\u0131k'ta Akaryak\u0131t ve Ya\u011f Kamyonu i\u00e7in 2MP Patlamaya Dayan\u0131kl\u0131 Kamera<\/a><\/h3><\/header><\/div><footer class=\"entry-footer\"><\/footer><\/article><\/div><div data-ajax-id='601' class='grid-entry flex_column isotope-item all_sort no_margin post-entry post-entry-601 grid-entry-overview grid-loop-3 grid-parity-odd  on-going-projects_sort projects_sort  av_one_fourth  default_av_fullwidth'><article class='main_color inner-entry'  itemscope=\"itemscope\" itemtype=\"https:\/\/schema.org\/CreativeWork\" ><a href=\"https:\/\/luview.com\/tr\/project\/1000pcs-waterproof-rear-view-system-for-importer-from-england\/\" title='\u0130ngiltere&#039;den \u0130thalat\u00e7\u0131 i\u00e7in 1000 adet Su Ge\u00e7irmez Arka G\u00f6r\u00fc\u015f Sistemi'  data-rel='grid-1' class='grid-image avia-hover-fx'> <img decoding=\"async\" width=\"800\" height=\"684\" data-src=\"https:\/\/luview.com\/wp-content\/uploads\/2022\/06\/side-view-of-JY-M755-rearview-mirror-monitor-for-car-truck-long-trailer-RV-school-bus-800x684.jpg\" class=\"wp-image-1205 avia-img-lazy-loading-not-1205 attachment-gallery size-gallery wp-post-image lazyload\" title=\"\u0130ngiltere&#039;den \u0130thalat\u00e7\u0131 i\u00e7in 1000 adet Su Ge\u00e7irmez Arka G\u00f6r\u00fc\u015f Sistemi \u7f29\u7565\u56fe\" alt=\"\u0130ngiltere&#039;den \u0130thalat\u00e7\u0131 i\u00e7in 1000 adet Su Ge\u00e7irmez Arka G\u00f6r\u00fc\u015f Sistemi \u7f29\u7565\u56fe\" src=\"data:image\/svg+xml;base64,PHN2ZyB3aWR0aD0iMSIgaGVpZ2h0PSIxIiB4bWxucz0iaHR0cDovL3d3dy53My5vcmcvMjAwMC9zdmciPjwvc3ZnPg==\" style=\"--smush-placeholder-width: 800px; --smush-placeholder-aspect-ratio: 800\/684;\" \/><\/a><div class='grid-content'><div class='avia-arrow'><\/div><header class=\"entry-content-header\"><h3 class='grid-entry-title entry-title'  itemprop=\"headline\" ><a href='https:\/\/luview.com\/tr\/project\/1000pcs-waterproof-rear-view-system-for-importer-from-england\/' title='\u0130ngiltere&#039;den \u0130thalat\u00e7\u0131 i\u00e7in 1000 adet Su Ge\u00e7irmez Arka G\u00f6r\u00fc\u015f Sistemi'>\u0130ngiltere'den \u0130thalat\u00e7\u0131 i\u00e7in 1000 adet Su Ge\u00e7irmez Arka G\u00f6r\u00fc\u015f Sistemi<\/a><\/h3><\/header><\/div><footer class=\"entry-footer\"><\/footer><\/article><\/div><div data-ajax-id='614' class='grid-entry flex_column isotope-item all_sort no_margin post-entry post-entry-614 grid-entry-overview grid-loop-4 grid-parity-even  finished-projects_sort projects_sort  av_one_fourth  default_av_fullwidth'><article class='main_color inner-entry'  itemscope=\"itemscope\" itemtype=\"https:\/\/schema.org\/CreativeWork\" ><a href=\"https:\/\/luview.com\/tr\/project\/500pcs-ip68-waterproof-side-view-cameras-for-western-cape-south-africa\/\" title='Western Cape, G\u00fcney Afrika i\u00e7in 500 adet IP68 Su Ge\u00e7irmez Yan G\u00f6r\u00fc\u015f Kameralar\u0131'  data-rel='grid-1' class='grid-image avia-hover-fx'> <img decoding=\"async\" width=\"800\" height=\"684\" data-src=\"https:\/\/luview.com\/wp-content\/uploads\/2022\/06\/JY-688-side-view-camera-800x684.jpg\" class=\"wp-image-24139 avia-img-lazy-loading-not-24139 attachment-gallery size-gallery wp-post-image lazyload\" alt=\"Western Cape, G\u00fcney Afrika i\u00e7in 500 adet IP68 Su Ge\u00e7irmez Yan G\u00f6r\u00fc\u015f Kameralar\u0131\" title=\"Western Cape, G\u00fcney Afrika i\u00e7in 500 adet IP68 Su Ge\u00e7irmez Yan G\u00f6r\u00fc\u015f Kameralar\u0131\u7f29\u7565\u56fe\" src=\"data:image\/svg+xml;base64,PHN2ZyB3aWR0aD0iMSIgaGVpZ2h0PSIxIiB4bWxucz0iaHR0cDovL3d3dy53My5vcmcvMjAwMC9zdmciPjwvc3ZnPg==\" style=\"--smush-placeholder-width: 800px; --smush-placeholder-aspect-ratio: 800\/684;\" \/><\/a><div class='grid-content'><div class='avia-arrow'><\/div><header class=\"entry-content-header\"><h3 class='grid-entry-title entry-title'  itemprop=\"headline\" ><a href='https:\/\/luview.com\/tr\/project\/500pcs-ip68-waterproof-side-view-cameras-for-western-cape-south-africa\/' title='Western Cape, G\u00fcney Afrika i\u00e7in 500 adet IP68 Su Ge\u00e7irmez Yan G\u00f6r\u00fc\u015f Kameralar\u0131'>Western Cape, G\u00fcney Afrika i\u00e7in 500 adet IP68 Su Ge\u00e7irmez Yan G\u00f6r\u00fc\u015f Kameralar\u0131<\/a><\/h3><\/header><\/div><footer class=\"entry-footer\"><\/footer><\/article><\/div><div data-ajax-id='612' class='grid-entry flex_column isotope-item all_sort no_margin post-entry post-entry-612 grid-entry-overview grid-loop-5 grid-parity-odd  on-going-projects_sort projects_sort  av_one_fourth first default_av_fullwidth'><article class='main_color inner-entry'  itemscope=\"itemscope\" itemtype=\"https:\/\/schema.org\/CreativeWork\" ><a href=\"https:\/\/luview.com\/tr\/project\/2mp-1080p-g-sensor-wifi-universal-dash-cam-for-dubai-united-arab-emirates\/\" title='Dubai, Birle\u015fik Arap Emirlikleri i\u00e7in 2MP 1080P G-Sens\u00f6r WiFi Evrensel Ara\u00e7 Kameras\u0131'  data-rel='grid-1' class='grid-image avia-hover-fx'> <img decoding=\"async\" width=\"800\" height=\"684\" data-src=\"https:\/\/luview.com\/wp-content\/uploads\/2022\/06\/A970-universal-dash-cam-for-car--800x684.jpg\" class=\"wp-image-1230 avia-img-lazy-loading-not-1230 attachment-gallery size-gallery wp-post-image lazyload\" alt=\"A970 video ak\u0131\u015f\u0131 1080p evrensel ara\u00e7 kameras\u0131\" title=\"Dubai, Birle\u015fik Arap Emirlikleri i\u00e7in 2MP 1080P G-Sens\u00f6r WiFi Evrensel Ara\u00e7 Kameras\u0131\u7f29\u7565\u56fe\" src=\"data:image\/svg+xml;base64,PHN2ZyB3aWR0aD0iMSIgaGVpZ2h0PSIxIiB4bWxucz0iaHR0cDovL3d3dy53My5vcmcvMjAwMC9zdmciPjwvc3ZnPg==\" style=\"--smush-placeholder-width: 800px; --smush-placeholder-aspect-ratio: 800\/684;\" \/><\/a><div class='grid-content'><div class='avia-arrow'><\/div><header class=\"entry-content-header\"><h3 class='grid-entry-title entry-title'  itemprop=\"headline\" ><a href='https:\/\/luview.com\/tr\/project\/2mp-1080p-g-sensor-wifi-universal-dash-cam-for-dubai-united-arab-emirates\/' title='Dubai, Birle\u015fik Arap Emirlikleri i\u00e7in 2MP 1080P G-Sens\u00f6r WiFi Evrensel Ara\u00e7 Kameras\u0131'>Dubai, Birle\u015fik Arap Emirlikleri i\u00e7in 2MP 1080P G-Sens\u00f6r WiFi Evrensel Ara\u00e7 Kameras\u0131<\/a><\/h3><\/header><\/div><footer class=\"entry-footer\"><\/footer><\/article><\/div><div data-ajax-id='618' class='grid-entry flex_column isotope-item all_sort no_margin post-entry post-entry-618 grid-entry-overview grid-loop-6 grid-parity-even  finished-projects_sort projects_sort  av_one_fourth  default_av_fullwidth'><article class='main_color inner-entry'  itemscope=\"itemscope\" itemtype=\"https:\/\/schema.org\/CreativeWork\" ><a href=\"https:\/\/luview.com\/tr\/project\/15-sets-2mp-waterproof-car-reversing-system-for-mercedez-benz-in-santiago-chile\/\" title='Santiago, \u015eili&#039;de Mercedez Benz i\u00e7in 15 Set 2MP Ara\u00e7 Geri Vites Sistemi'  data-rel='grid-1' class='grid-image avia-hover-fx'> <img decoding=\"async\" width=\"800\" height=\"684\" data-src=\"https:\/\/luview.com\/wp-content\/uploads\/2022\/06\/JY-680-third-brake-light-camera-for-Mercedes-Benz-Sprinter-Volkswagen-Crafter-van-800x684.jpg\" class=\"wp-image-838 avia-img-lazy-loading-not-838 attachment-gallery size-gallery wp-post-image lazyload\" alt=\"JY-680 Mercedes Benz Sprinter 2007-2022, Freightliner Sprinter 2001-2021 ve VW Crafter 2007-2016 i\u00e7in \u00fc\u00e7\u00fcnc\u00fc fren lambas\u0131 kameras\u0131\" title=\"Santiago, \u015eili&#039;de Mercedez Benz i\u00e7in 15 Set 2MP Ara\u00e7 Geri Vites Sistemi\" src=\"data:image\/svg+xml;base64,PHN2ZyB3aWR0aD0iMSIgaGVpZ2h0PSIxIiB4bWxucz0iaHR0cDovL3d3dy53My5vcmcvMjAwMC9zdmciPjwvc3ZnPg==\" style=\"--smush-placeholder-width: 800px; --smush-placeholder-aspect-ratio: 800\/684;\" \/><\/a><div class='grid-content'><div class='avia-arrow'><\/div><header class=\"entry-content-header\"><h3 class='grid-entry-title entry-title'  itemprop=\"headline\" ><a href='https:\/\/luview.com\/tr\/project\/15-sets-2mp-waterproof-car-reversing-system-for-mercedez-benz-in-santiago-chile\/' title='Santiago, \u015eili&#039;de Mercedez Benz i\u00e7in 15 Set 2MP Ara\u00e7 Geri Vites Sistemi'>Santiago, \u015eili'de Mercedez Benz i\u00e7in 15 Set 2MP Ara\u00e7 Geri Vites Sistemi<\/a><\/h3><\/header><\/div><footer class=\"entry-footer\"><\/footer><\/article><\/div><div data-ajax-id='608' class='grid-entry flex_column isotope-item all_sort no_margin post-entry post-entry-608 grid-entry-overview grid-loop-7 grid-parity-odd  finished-projects_sort projects_sort  av_one_fourth  default_av_fullwidth'><article class='main_color inner-entry'  itemscope=\"itemscope\" itemtype=\"https:\/\/schema.org\/CreativeWork\" ><a href=\"https:\/\/luview.com\/tr\/project\/1400-pcs-5-inch-waterproof-digital-lcd-monitor-jy-m550-for-bern-switzerland\/\" title='Bern, \u0130svi\u00e7re i\u00e7in 1400 ADET 5 \u0130n\u00e7 Su Ge\u00e7irmez Dijital LCD Monit\u00f6r JY-M550'  data-rel='grid-1' class='grid-image avia-hover-fx'> <img decoding=\"async\" width=\"800\" height=\"684\" data-src=\"https:\/\/luview.com\/wp-content\/uploads\/2022\/06\/JY-M550-2-CH-5-inch-IP69K-waterproof-flipped-image-TFT-monitor-800x684.jpg\" class=\"wp-image-24109 avia-img-lazy-loading-not-24109 attachment-gallery size-gallery wp-post-image lazyload\" alt=\"JY-M550 2 CH 5 in\u00e7 IP69K su ge\u00e7irmez ters \u00e7evrilmi\u015f g\u00f6r\u00fcnt\u00fc TFT monit\u00f6r\" title=\"Bern, \u0130svi\u00e7re i\u00e7in 1400 ADET 5 \u0130n\u00e7 Su Ge\u00e7irmez Dijital LCD Monit\u00f6r JY-M550\u7f29\u7565\u56fe\" src=\"data:image\/svg+xml;base64,PHN2ZyB3aWR0aD0iMSIgaGVpZ2h0PSIxIiB4bWxucz0iaHR0cDovL3d3dy53My5vcmcvMjAwMC9zdmciPjwvc3ZnPg==\" style=\"--smush-placeholder-width: 800px; --smush-placeholder-aspect-ratio: 800\/684;\" \/><\/a><div class='grid-content'><div class='avia-arrow'><\/div><header class=\"entry-content-header\"><h3 class='grid-entry-title entry-title'  itemprop=\"headline\" ><a href='https:\/\/luview.com\/tr\/project\/1400-pcs-5-inch-waterproof-digital-lcd-monitor-jy-m550-for-bern-switzerland\/' title='Bern, \u0130svi\u00e7re i\u00e7in 1400 ADET 5 \u0130n\u00e7 Su Ge\u00e7irmez Dijital LCD Monit\u00f6r JY-M550'>Bern, \u0130svi\u00e7re i\u00e7in 1400 ADET 5 \u0130n\u00e7 Su Ge\u00e7irmez Dijital LCD Monit\u00f6r JY-M550<\/a><\/h3><\/header><\/div><footer class=\"entry-footer\"><\/footer><\/article><\/div><div data-ajax-id='606' class='grid-entry flex_column isotope-item all_sort no_margin post-entry post-entry-606 grid-entry-overview grid-loop-8 grid-parity-even  post-entry-last  finished-projects_sort projects_sort  av_one_fourth  default_av_fullwidth'><article class='main_color inner-entry'  itemscope=\"itemscope\" itemtype=\"https:\/\/schema.org\/CreativeWork\" ><a href=\"https:\/\/luview.com\/tr\/project\/200-sets-360-bird-view-forklift-camera-system-for-saudi-arabia\/\" title='Suudi Arabistan i\u00e7in 200 Set 360 Ku\u015fbak\u0131\u015f\u0131 Forklift Kamera Sistemi'  data-rel='grid-1' class='grid-image avia-hover-fx'> <img decoding=\"async\" width=\"800\" height=\"684\" data-src=\"https:\/\/luview.com\/wp-content\/uploads\/2022\/06\/360-surround-view-system-for-vehicle--800x684.jpg\" class=\"wp-image-1280 avia-img-lazy-loading-not-1280 attachment-gallery size-gallery wp-post-image lazyload\" alt=\"JY-BV360 360 derece panoramik g\u00f6r\u00fcnt\u00fc surround g\u00f6r\u00fcn\u00fcml\u00fc yedek kamera sistemi\" title=\"200 Set Suudi Arabistan i\u00e7in 360 Ku\u015f G\u00f6r\u00fc\u015fl\u00fc Forklift Kamera Sistemi\u7f29\u7565\u56fe\" src=\"data:image\/svg+xml;base64,PHN2ZyB3aWR0aD0iMSIgaGVpZ2h0PSIxIiB4bWxucz0iaHR0cDovL3d3dy53My5vcmcvMjAwMC9zdmciPjwvc3ZnPg==\" style=\"--smush-placeholder-width: 800px; --smush-placeholder-aspect-ratio: 800\/684;\" \/><\/a><div class='grid-content'><div class='avia-arrow'><\/div><header class=\"entry-content-header\"><h3 class='grid-entry-title entry-title'  itemprop=\"headline\" ><a href='https:\/\/luview.com\/tr\/project\/200-sets-360-bird-view-forklift-camera-system-for-saudi-arabia\/' title='Suudi Arabistan i\u00e7in 200 Set 360 Ku\u015fbak\u0131\u015f\u0131 Forklift Kamera Sistemi'>Suudi Arabistan i\u00e7in 200 Set 360 Ku\u015fbak\u0131\u015f\u0131 Forklift Kamera Sistemi<\/a><\/h3><\/header><\/div><footer class=\"entry-footer\"><\/footer><\/article><\/div><\/div><\/div>   <!--   class=\"av-portfolio-grid-sorting-container\"  --><\/p><\/div>","protected":false},"excerpt":{"rendered":"","protected":false},"author":1,"featured_media":0,"parent":0,"menu_order":0,"comment_status":"closed","ping_status":"closed","template":"","meta":{"_monsterinsights_skip_tracking":false,"_monsterinsights_sitenote_active":false,"_monsterinsights_sitenote_note":"","_monsterinsights_sitenote_category":0,"footnotes":""},"class_list":["post-23","page","type-page","status-publish","hentry"],"_links":{"self":[{"href":"https:\/\/luview.com\/tr\/wp-json\/wp\/v2\/pages\/23","targetHints":{"allow":["GET"]}}],"collection":[{"href":"https:\/\/luview.com\/tr\/wp-json\/wp\/v2\/pages"}],"about":[{"href":"https:\/\/luview.com\/tr\/wp-json\/wp\/v2\/types\/page"}],"author":[{"embeddable":true,"href":"https:\/\/luview.com\/tr\/wp-json\/wp\/v2\/users\/1"}],"replies":[{"embeddable":true,"href":"https:\/\/luview.com\/tr\/wp-json\/wp\/v2\/comments?post=23"}],"version-history":[{"count":2,"href":"https:\/\/luview.com\/tr\/wp-json\/wp\/v2\/pages\/23\/revisions"}],"predecessor-version":[{"id":43771,"href":"https:\/\/luview.com\/tr\/wp-json\/wp\/v2\/pages\/23\/revisions\/43771"}],"wp:attachment":[{"href":"https:\/\/luview.com\/tr\/wp-json\/wp\/v2\/media?parent=23"}],"curies":[{"name":"wp","href":"https:\/\/api.w.org\/{rel}","templated":true}]}}