{"id":23276,"date":"2022-07-11T12:07:27","date_gmt":"2022-07-11T12:07:27","guid":{"rendered":"https:\/\/luview.com\/?page_id=23276"},"modified":"2025-08-07T08:41:07","modified_gmt":"2025-08-07T08:41:07","slug":"aci%cc%87l-durum-araclari","status":"publish","type":"page","link":"https:\/\/luview.com\/tr\/solutions\/emergency-vehicles\/","title":{"rendered":"Acil Durum Ara\u00e7lar\u0131"},"content":{"rendered":"<style type=\"text\/css\" data-created_by=\"avia_inline_auto\" id=\"style-css-av-l2mxefv0-35bb32fcfe7f503a8ac259e0986fd26a\">\n.avia-section.av-l2mxefv0-35bb32fcfe7f503a8ac259e0986fd26a{\nbackground-repeat:no-repeat;\nbackground-image:url(https:\/\/luview.com\/wp-content\/uploads\/2022\/05\/solution-head.jpg);\nbackground-position:50% 50%;\nbackground-attachment:scroll;\n}\n.avia-section.av-l2mxefv0-35bb32fcfe7f503a8ac259e0986fd26a .av-section-color-overlay{\nopacity:0.8;\nbackground-color:#222222;\n}\n<\/style>\n<div id='av_section_1'  class='avia-section av-l2mxefv0-35bb32fcfe7f503a8ac259e0986fd26a main_color avia-section-default avia-no-border-styling  avia-builder-el-0  el_before_av_one_full  avia-builder-el-first  titlebarbox avia-bg-style-scroll av-section-color-overlay-active container_wrap sidebar_left'  data-section-bg-repeat='no-repeat'><div class=\"av-section-color-overlay-wrap\"><div class=\"av-section-color-overlay\"><\/div><div class='container av-section-cont-open' ><main  role=\"main\" itemprop=\"mainContentOfPage\"  class='template-page content  av-content-small units'><div class='post-entry post-entry-type-page post-entry-23276'><div class='entry-content-wrapper clearfix'>\n\n<style type=\"text\/css\" data-created_by=\"avia_inline_auto\" id=\"style-css-av-l2mxr7wy-b4eaf1ebf22700ba8c0e3ddaf64fafea\">\n.flex_column.av-l2mxr7wy-b4eaf1ebf22700ba8c0e3ddaf64fafea{\npadding:10% 0 10% 0;\n}\n<\/style>\n<div class='flex_column av-l2mxr7wy-b4eaf1ebf22700ba8c0e3ddaf64fafea av_one_full  avia-builder-el-1  avia-builder-el-no-sibling  first flex_column_div'   ><style type=\"text\/css\" data-created_by=\"avia_inline_auto\" id=\"style-css-av-l2mxewun-812b60f9f631bff3f3cece738bb226b9\">\n#top .av_textblock_section.av-l2mxewun-812b60f9f631bff3f3cece738bb226b9 .avia_textblock{\ncolor:#ffffff;\ntext-align:center;\n}\n<\/style>\n<section  class='av_textblock_section av-l2mxewun-812b60f9f631bff3f3cece738bb226b9'  itemscope=\"itemscope\" itemtype=\"https:\/\/schema.org\/CreativeWork\" ><div class='avia_textblock av_inherit_color'  itemprop=\"text\" ><h1>Acil Durum Ara\u00e7 \u00c7\u00f6z\u00fcmleri<\/h1>\n<\/div><\/section><br \/>\n<\/p><\/div>\n<\/div><\/div><\/main><!-- close content main element --><\/div><\/div><\/div><div id='after_section_1'  class='main_color av_default_container_wrap container_wrap sidebar_left'  ><div class='container av-section-cont-open' ><div class='template-page content  av-content-small units'><div class='post-entry post-entry-type-page post-entry-23276'><div class='entry-content-wrapper clearfix'>\n<div class='flex_column av-36otn7-68283b50c5d531435b3089733b837bd2 av_one_full  avia-builder-el-4  el_after_av_section  el_before_av_one_third  avia-builder-el-first  first flex_column_div'   ><section  class='av_textblock_section av-l2vl0whv-9e31ed8ef585d492647868c52b55fc1a'  itemscope=\"itemscope\" itemtype=\"https:\/\/schema.org\/CreativeWork\" ><div class='avia_textblock av_inherit_color'  itemprop=\"text\" ><h3>Emergency Vehicle Backup Camera System &amp; Solution<\/h3>\n<\/div><\/section><br \/>\n<section  class='av_textblock_section av-l7lxlgjf-4b568e08eb1824761e5a339fb558e94d'  itemscope=\"itemscope\" itemtype=\"https:\/\/schema.org\/CreativeWork\" ><div class='avia_textblock'  itemprop=\"text\" ><p>Acil durum ara\u00e7lar\u0131n\u0131n g\u00fcvenli\u011fi \u00e7ok \u00f6nemlidir ve bir yedek izleme kamera sistemi kurmak gerekir. Luview acil durum ara\u00e7lar\u0131 kamera sistemi, s\u00fcr\u00fcc\u00fclerin konumu, h\u0131z\u0131, s\u00fcr\u00fc\u015f durumunu ve di\u011fer bilgileri ger\u00e7ek zamanl\u0131 olarak kontrol etmesini sa\u011flayabilir. Sistemin kurulumu ayn\u0131 zamanda bir\u00e7ok gereksiz masraf\u0131 da azalt\u0131r.<\/p>\n<\/div><\/section><\/p><\/div>\n<div class='flex_column av-2ps3aj-3e87c5f96607d28e3a55d1356f20c5cd av_one_third  avia-builder-el-7  el_after_av_one_full  el_before_av_one_third  first flex_column_div column-top-margin'   ><p>\n<style type=\"text\/css\" data-created_by=\"avia_inline_auto\" id=\"style-css-av-l2vl5f5x-13469dfd5a7835cc0cdd13a57a99cdc1\">\n.avia-image-container.av-l2vl5f5x-13469dfd5a7835cc0cdd13a57a99cdc1 .av-image-caption-overlay-center{\ncolor:#ffffff;\n}\n<\/style>\n<div  class='avia-image-container av-l2vl5f5x-13469dfd5a7835cc0cdd13a57a99cdc1 av-styling- avia-align-center  avia-builder-el-8  el_before_av_textblock  avia-builder-el-first'  itemprop=\"image\" itemscope=\"itemscope\" itemtype=\"https:\/\/schema.org\/ImageObject\" ><div class=\"avia-image-container-inner\"><div class=\"avia-image-overlay-wrap\"><a href=\"https:\/\/luview.com\/tr\/solutions\/emergency-vehicles\/ambulance-backup-camera-system\/\" class='avia_image' ><img decoding=\"async\" class='wp-image-23415 avia-img-lazy-loading-not-23415 avia_image lazyload' data-src=\"https:\/\/luview.com\/wp-content\/uploads\/2022\/08\/Ambulance-Backup-Camera-Solution.jpg\"  title='Ambulans Yedek Kamera \u00c7\u00f6z\u00fcm\u00fc'  height=\"400\" width=\"400\"  itemprop=\"thumbnailUrl\" data-srcset=\"https:\/\/luview.com\/wp-content\/uploads\/2022\/08\/Ambulance-Backup-Camera-Solution.jpg 400w, https:\/\/luview.com\/wp-content\/uploads\/2022\/08\/Ambulance-Backup-Camera-Solution-100x100.jpg 100w, https:\/\/luview.com\/wp-content\/uploads\/2022\/08\/Ambulance-Backup-Camera-Solution-300x300.jpg 300w, https:\/\/luview.com\/wp-content\/uploads\/2022\/08\/Ambulance-Backup-Camera-Solution-80x80.jpg 80w, https:\/\/luview.com\/wp-content\/uploads\/2022\/08\/Ambulance-Backup-Camera-Solution-36x36.jpg 36w, https:\/\/luview.com\/wp-content\/uploads\/2022\/08\/Ambulance-Backup-Camera-Solution-180x180.jpg 180w\" data-sizes=\"(max-width: 400px) 100vw, 400px\" alt=\"Emergency Vehicles\u63d2\u56fe\" src=\"data:image\/svg+xml;base64,PHN2ZyB3aWR0aD0iMSIgaGVpZ2h0PSIxIiB4bWxucz0iaHR0cDovL3d3dy53My5vcmcvMjAwMC9zdmciPjwvc3ZnPg==\" style=\"--smush-placeholder-width: 400px; --smush-placeholder-aspect-ratio: 400\/400;\" \/><\/a><\/div><\/div><\/div><br \/>\n\n<style type=\"text\/css\" data-created_by=\"avia_inline_auto\" id=\"style-css-av-2m67d7-f8b3e92bddd972c8958c08357236f45c\">\n#top .av_textblock_section.av-2m67d7-f8b3e92bddd972c8958c08357236f45c .avia_textblock{\ntext-align:center;\n}\n<\/style>\n<section  class='av_textblock_section av-2m67d7-f8b3e92bddd972c8958c08357236f45c'  itemscope=\"itemscope\" itemtype=\"https:\/\/schema.org\/CreativeWork\" ><div class='avia_textblock'  itemprop=\"text\" ><h4 style=\"text-align: center;\"><a href=\"https:\/\/luview.com\/solutions\/emergency-vehicles\/ambulance-backup-camera-system\/\">Ambulans Kamera \u00c7\u00f6z\u00fcm\u00fc<\/a><\/h4>\n<\/div><\/section><\/p><\/div>\n<div class='flex_column av-2ejarf-e202d8942680281a68fcdb041db7e656 av_one_third  avia-builder-el-10  el_after_av_one_third  el_before_av_one_third  flex_column_div column-top-margin'   ><p>\n<style type=\"text\/css\" data-created_by=\"avia_inline_auto\" id=\"style-css-av-l2vl5vyn-8534faf33397be2ef23350ad104ba25e\">\n.avia-image-container.av-l2vl5vyn-8534faf33397be2ef23350ad104ba25e .av-image-caption-overlay-center{\ncolor:#ffffff;\n}\n<\/style>\n<div  class='avia-image-container av-l2vl5vyn-8534faf33397be2ef23350ad104ba25e av-styling- avia-align-center  avia-builder-el-11  el_before_av_textblock  avia-builder-el-first'  itemprop=\"image\" itemscope=\"itemscope\" itemtype=\"https:\/\/schema.org\/ImageObject\" ><div class=\"avia-image-container-inner\"><div class=\"avia-image-overlay-wrap\"><a href=\"https:\/\/luview.com\/tr\/solutions\/emergency-vehicles\/police-car-camera-system\/\" class='avia_image' ><img decoding=\"async\" class='wp-image-23430 avia-img-lazy-loading-not-23430 avia_image lazyload' data-src=\"https:\/\/luview.com\/wp-content\/uploads\/2022\/08\/Police-Car-Camera-Solution.jpg\" alt='Polis Ara\u00e7 Kameras\u0131 \u00c7\u00f6z\u00fcm\u00fc' title='Polis Ara\u00e7 Kameras\u0131 \u00c7\u00f6z\u00fcm\u00fc'  height=\"400\" width=\"400\"  itemprop=\"thumbnailUrl\" data-srcset=\"https:\/\/luview.com\/wp-content\/uploads\/2022\/08\/Police-Car-Camera-Solution.jpg 400w, https:\/\/luview.com\/wp-content\/uploads\/2022\/08\/Police-Car-Camera-Solution-100x100.jpg 100w, https:\/\/luview.com\/wp-content\/uploads\/2022\/08\/Police-Car-Camera-Solution-300x300.jpg 300w, https:\/\/luview.com\/wp-content\/uploads\/2022\/08\/Police-Car-Camera-Solution-80x80.jpg 80w, https:\/\/luview.com\/wp-content\/uploads\/2022\/08\/Police-Car-Camera-Solution-36x36.jpg 36w, https:\/\/luview.com\/wp-content\/uploads\/2022\/08\/Police-Car-Camera-Solution-180x180.jpg 180w\" data-sizes=\"(max-width: 400px) 100vw, 400px\" src=\"data:image\/svg+xml;base64,PHN2ZyB3aWR0aD0iMSIgaGVpZ2h0PSIxIiB4bWxucz0iaHR0cDovL3d3dy53My5vcmcvMjAwMC9zdmciPjwvc3ZnPg==\" style=\"--smush-placeholder-width: 400px; --smush-placeholder-aspect-ratio: 400\/400;\" \/><\/a><\/div><\/div><\/div><br \/>\n\n<style type=\"text\/css\" data-created_by=\"avia_inline_auto\" id=\"style-css-av-2ame8b-12b496c1614357556a4c7bab706be968\">\n#top .av_textblock_section.av-2ame8b-12b496c1614357556a4c7bab706be968 .avia_textblock{\ntext-align:center;\n}\n<\/style>\n<section  class='av_textblock_section av-2ame8b-12b496c1614357556a4c7bab706be968'  itemscope=\"itemscope\" itemtype=\"https:\/\/schema.org\/CreativeWork\" ><div class='avia_textblock'  itemprop=\"text\" ><h4 style=\"text-align: center;\"><a href=\"https:\/\/luview.com\/solutions\/emergency-vehicles\/police-car-camera-system\/\">Polis Ara\u00e7 Kameras\u0131 \u00c7\u00f6z\u00fcm\u00fc<\/a><\/h4>\n<\/div><\/section><\/p><\/div>\n<div class='flex_column av-33x9jf-1c424f85e815b2819914c47335725612 av_one_third  avia-builder-el-13  el_after_av_one_third  el_before_av_one_third  flex_column_div column-top-margin'   ><p>\n<style type=\"text\/css\" data-created_by=\"avia_inline_auto\" id=\"style-css-av-l2vl2xqc-46e435006607f63eadc2344405f13cbc\">\n.avia-image-container.av-l2vl2xqc-46e435006607f63eadc2344405f13cbc .av-image-caption-overlay-center{\ncolor:#ffffff;\n}\n<\/style>\n<div  class='avia-image-container av-l2vl2xqc-46e435006607f63eadc2344405f13cbc av-styling- avia-align-center  avia-builder-el-14  el_before_av_textblock  avia-builder-el-first'  itemprop=\"image\" itemscope=\"itemscope\" itemtype=\"https:\/\/schema.org\/ImageObject\" ><div class=\"avia-image-container-inner\"><div class=\"avia-image-overlay-wrap\"><a href=\"https:\/\/luview.com\/tr\/solutions\/emergency-vehicles\/fire-truck-camera-system\/\" class='avia_image' ><img decoding=\"async\" class='wp-image-23420 avia-img-lazy-loading-not-23420 avia_image lazyload' data-src=\"https:\/\/luview.com\/wp-content\/uploads\/2022\/08\/Fire-Truck-Camera-Solution.jpg\" alt='\u0130tfaiye Arac\u0131 Kamera \u00c7\u00f6z\u00fcm\u00fc' title='\u0130tfaiye Arac\u0131 Kamera \u00c7\u00f6z\u00fcm\u00fc'  height=\"400\" width=\"400\"  itemprop=\"thumbnailUrl\" data-srcset=\"https:\/\/luview.com\/wp-content\/uploads\/2022\/08\/Fire-Truck-Camera-Solution.jpg 400w, https:\/\/luview.com\/wp-content\/uploads\/2022\/08\/Fire-Truck-Camera-Solution-100x100.jpg 100w, https:\/\/luview.com\/wp-content\/uploads\/2022\/08\/Fire-Truck-Camera-Solution-300x300.jpg 300w, https:\/\/luview.com\/wp-content\/uploads\/2022\/08\/Fire-Truck-Camera-Solution-80x80.jpg 80w, https:\/\/luview.com\/wp-content\/uploads\/2022\/08\/Fire-Truck-Camera-Solution-36x36.jpg 36w, https:\/\/luview.com\/wp-content\/uploads\/2022\/08\/Fire-Truck-Camera-Solution-180x180.jpg 180w\" data-sizes=\"(max-width: 400px) 100vw, 400px\" src=\"data:image\/svg+xml;base64,PHN2ZyB3aWR0aD0iMSIgaGVpZ2h0PSIxIiB4bWxucz0iaHR0cDovL3d3dy53My5vcmcvMjAwMC9zdmciPjwvc3ZnPg==\" style=\"--smush-placeholder-width: 400px; --smush-placeholder-aspect-ratio: 400\/400;\" \/><\/a><\/div><\/div><\/div><br \/>\n\n<style type=\"text\/css\" data-created_by=\"avia_inline_auto\" id=\"style-css-av-l2vl44qd-a9fd2e80f8564808c6bd161526b1aaa5\">\n#top .av_textblock_section.av-l2vl44qd-a9fd2e80f8564808c6bd161526b1aaa5 .avia_textblock{\ntext-align:center;\n}\n<\/style>\n<section  class='av_textblock_section av-l2vl44qd-a9fd2e80f8564808c6bd161526b1aaa5'  itemscope=\"itemscope\" itemtype=\"https:\/\/schema.org\/CreativeWork\" ><div class='avia_textblock'  itemprop=\"text\" ><h4 style=\"text-align: center;\"><a href=\"https:\/\/luview.com\/solutions\/emergency-vehicles\/fire-truck-camera-system\/\">\u0130tfaiye Arac\u0131 Kamera \u00c7\u00f6z\u00fcm\u00fc<\/a><\/h4>\n<\/div><\/section><\/p><\/div>\n<div class='flex_column av-1w0job-f7b39fefdc55abed3e88101aa0d2c13e av_one_third  avia-builder-el-16  el_after_av_one_third  el_before_av_one_third  first flex_column_div column-top-margin'   ><p>\n<style type=\"text\/css\" data-created_by=\"avia_inline_auto\" id=\"style-css-av-l2vl6wsn-f5c86d12c6d0e6da21f500b80389b541\">\n.avia-image-container.av-l2vl6wsn-f5c86d12c6d0e6da21f500b80389b541 .av-image-caption-overlay-center{\ncolor:#ffffff;\n}\n<\/style>\n<div  class='avia-image-container av-l2vl6wsn-f5c86d12c6d0e6da21f500b80389b541 av-styling- avia-align-center  avia-builder-el-17  el_before_av_textblock  avia-builder-el-first'  itemprop=\"image\" itemscope=\"itemscope\" itemtype=\"https:\/\/schema.org\/ImageObject\" ><div class=\"avia-image-container-inner\"><div class=\"avia-image-overlay-wrap\"><a href=\"https:\/\/luview.com\/tr\/solutions\/emergency-vehicles\/hazard-response-vehicle-camera-system\/\" class='avia_image' ><img decoding=\"async\" class='wp-image-23425 avia-img-lazy-loading-not-23425 avia_image lazyload' data-src=\"https:\/\/luview.com\/wp-content\/uploads\/2022\/08\/Hazard-Response-Vehicle-Camera-Solution.jpg\" alt='Tehlike M\u00fcdahale Arac\u0131 Kamera \u00c7\u00f6z\u00fcm\u00fc' title='Tehlike M\u00fcdahale Arac\u0131 Kamera \u00c7\u00f6z\u00fcm\u00fc'  height=\"400\" width=\"400\"  itemprop=\"thumbnailUrl\" data-srcset=\"https:\/\/luview.com\/wp-content\/uploads\/2022\/08\/Hazard-Response-Vehicle-Camera-Solution.jpg 400w, https:\/\/luview.com\/wp-content\/uploads\/2022\/08\/Hazard-Response-Vehicle-Camera-Solution-100x100.jpg 100w, https:\/\/luview.com\/wp-content\/uploads\/2022\/08\/Hazard-Response-Vehicle-Camera-Solution-300x300.jpg 300w, https:\/\/luview.com\/wp-content\/uploads\/2022\/08\/Hazard-Response-Vehicle-Camera-Solution-80x80.jpg 80w, https:\/\/luview.com\/wp-content\/uploads\/2022\/08\/Hazard-Response-Vehicle-Camera-Solution-36x36.jpg 36w, https:\/\/luview.com\/wp-content\/uploads\/2022\/08\/Hazard-Response-Vehicle-Camera-Solution-180x180.jpg 180w\" data-sizes=\"(max-width: 400px) 100vw, 400px\" src=\"data:image\/svg+xml;base64,PHN2ZyB3aWR0aD0iMSIgaGVpZ2h0PSIxIiB4bWxucz0iaHR0cDovL3d3dy53My5vcmcvMjAwMC9zdmciPjwvc3ZnPg==\" style=\"--smush-placeholder-width: 400px; --smush-placeholder-aspect-ratio: 400\/400;\" \/><\/a><\/div><\/div><\/div><br \/>\n\n<style type=\"text\/css\" data-created_by=\"avia_inline_auto\" id=\"style-css-av-1p19dn-a970b6d55ba0d86edd4047305c5de9ec\">\n#top .av_textblock_section.av-1p19dn-a970b6d55ba0d86edd4047305c5de9ec .avia_textblock{\ntext-align:center;\n}\n<\/style>\n<section  class='av_textblock_section av-1p19dn-a970b6d55ba0d86edd4047305c5de9ec'  itemscope=\"itemscope\" itemtype=\"https:\/\/schema.org\/CreativeWork\" ><div class='avia_textblock'  itemprop=\"text\" ><h4 style=\"text-align: center;\"><a href=\"https:\/\/luview.com\/solutions\/emergency-vehicles\/hazard-response-vehicle-camera-system\/\">Tehlike M\u00fcdahale Arac\u0131 Kamera \u00c7\u00f6z\u00fcm\u00fc<\/a><\/h4>\n<\/div><\/section><\/p><\/div>\n<div class='flex_column av-24fj2z-0669ea80cabb754ad49006ee03e9e755 av_one_third  avia-builder-el-19  el_after_av_one_third  el_before_av_one_full  flex_column_div column-top-margin'   ><p>\n<style type=\"text\/css\" data-created_by=\"avia_inline_auto\" id=\"style-css-av-l2vl6a2o-54bfac8f962e30b383177e7147431546\">\n.avia-image-container.av-l2vl6a2o-54bfac8f962e30b383177e7147431546 .av-image-caption-overlay-center{\ncolor:#ffffff;\n}\n<\/style>\n<div  class='avia-image-container av-l2vl6a2o-54bfac8f962e30b383177e7147431546 av-styling- avia-align-center  avia-builder-el-20  el_before_av_textblock  avia-builder-el-first'  itemprop=\"image\" itemscope=\"itemscope\" itemtype=\"https:\/\/schema.org\/ImageObject\" ><div class=\"avia-image-container-inner\"><div class=\"avia-image-overlay-wrap\"><a href=\"https:\/\/luview.com\/tr\/solutions\/emergency-vehicles\/urban-rescue-vehicle-camera-system\/\" class='avia_image' ><img decoding=\"async\" class='wp-image-23434 avia-img-lazy-loading-not-23434 avia_image lazyload' data-src=\"https:\/\/luview.com\/wp-content\/uploads\/2022\/08\/Urban-Rescue-Vehicle-Camera-Solution.jpg\" alt='Kentsel Kurtarma Arac\u0131 Kamera \u00c7\u00f6z\u00fcm\u00fc' title='Kentsel Kurtarma Arac\u0131 Kamera \u00c7\u00f6z\u00fcm\u00fc'  height=\"400\" width=\"400\"  itemprop=\"thumbnailUrl\" data-srcset=\"https:\/\/luview.com\/wp-content\/uploads\/2022\/08\/Urban-Rescue-Vehicle-Camera-Solution.jpg 400w, https:\/\/luview.com\/wp-content\/uploads\/2022\/08\/Urban-Rescue-Vehicle-Camera-Solution-100x100.jpg 100w, https:\/\/luview.com\/wp-content\/uploads\/2022\/08\/Urban-Rescue-Vehicle-Camera-Solution-300x300.jpg 300w, https:\/\/luview.com\/wp-content\/uploads\/2022\/08\/Urban-Rescue-Vehicle-Camera-Solution-80x80.jpg 80w, https:\/\/luview.com\/wp-content\/uploads\/2022\/08\/Urban-Rescue-Vehicle-Camera-Solution-36x36.jpg 36w, https:\/\/luview.com\/wp-content\/uploads\/2022\/08\/Urban-Rescue-Vehicle-Camera-Solution-180x180.jpg 180w\" data-sizes=\"(max-width: 400px) 100vw, 400px\" src=\"data:image\/svg+xml;base64,PHN2ZyB3aWR0aD0iMSIgaGVpZ2h0PSIxIiB4bWxucz0iaHR0cDovL3d3dy53My5vcmcvMjAwMC9zdmciPjwvc3ZnPg==\" style=\"--smush-placeholder-width: 400px; --smush-placeholder-aspect-ratio: 400\/400;\" \/><\/a><\/div><\/div><\/div><br \/>\n\n<style type=\"text\/css\" data-created_by=\"avia_inline_auto\" id=\"style-css-av-l2vl6kaz-600c655cf69a56eca0cd7d73b7dced5c\">\n#top .av_textblock_section.av-l2vl6kaz-600c655cf69a56eca0cd7d73b7dced5c .avia_textblock{\ntext-align:center;\n}\n<\/style>\n<section  class='av_textblock_section av-l2vl6kaz-600c655cf69a56eca0cd7d73b7dced5c'  itemscope=\"itemscope\" itemtype=\"https:\/\/schema.org\/CreativeWork\" ><div class='avia_textblock'  itemprop=\"text\" ><h4 style=\"text-align: center;\"><a href=\"https:\/\/luview.com\/solutions\/emergency-vehicles\/urban-rescue-vehicle-camera-system\/\">Kentsel Kurtarma Arac\u0131 Kamera \u00c7\u00f6z\u00fcm\u00fc<\/a><\/h4>\n<\/div><\/section><\/p><\/div>\n<div class='flex_column av-zn923-2998580518e3833d33293177f79d69a5 av_one_full  avia-builder-el-22  el_after_av_one_third  el_before_av_one_full  first flex_column_div column-top-margin'   ><section  class='av_textblock_section av-l2vl9sc8-321202df39fd446ec8d30e8813d0d1d6'  itemscope=\"itemscope\" itemtype=\"https:\/\/schema.org\/CreativeWork\" ><div class='avia_textblock'  itemprop=\"text\" ><h3>Acil Durum Ara\u00e7lar\u0131n\u0131n T\u00fcrleri<\/h3>\n<\/div><\/section><br \/>\n<section  class='av_textblock_section av-l2vla2no-02a9d235c6ee455249ee410d4d085d73'  itemscope=\"itemscope\" itemtype=\"https:\/\/schema.org\/CreativeWork\" ><div class='avia_textblock'  itemprop=\"text\" ><p>Acil durum \u0131\u015f\u0131klar\u0131n\u0131 yak\u0131p sirenlerini \u00e7alarak trafi\u011fin yo\u011fun oldu\u011fu caddelerde v\u0131z\u0131r v\u0131z\u0131r ilerleyen, a\u00e7\u0131k\u00e7a i\u015faretlenmi\u015f polis arabalar\u0131, ambulanslar, hurdac\u0131lar ve itfaiye ara\u00e7lar\u0131n\u0131 s\u0131k s\u0131k g\u00f6r\u00fcr\u00fcz. Bu t\u00fcr ara\u00e7lar, insanlar\u0131n zorluklar\u0131 \u00e7\u00f6zmelerine yard\u0131mc\u0131 olmak i\u00e7in her zaman acil durumlarda ortaya \u00e7\u0131kar, bu nedenle insanlar bunlara acil durum ara\u00e7lar\u0131 der. Acil durum ara\u00e7lar\u0131 genellikle depremlerde, sellerde, yang\u0131nlarda, araba kazalar\u0131nda ve di\u011fer b\u00fcy\u00fck \u00f6l\u00e7ekli kazalarda ve do\u011fal afetlerde kullan\u0131l\u0131r. Esas olarak kurtarma, su kalitesi ar\u0131tma veya drenaj, acil durum g\u00fc\u00e7 kayna\u011f\u0131, ayr\u0131ca kurtarma ekipleri i\u00e7in yemek ara\u00e7lar\u0131, kamp ara\u00e7lar\u0131 ve \u00e7ama\u015f\u0131rhane ara\u00e7lar\u0131nda yer al\u0131rlar.<\/p>\n<\/div><\/section><br \/>\n<section  class='av_textblock_section av-l7lxmq45-4ece056e49e4e354189b18040d81c0fc'  itemscope=\"itemscope\" itemtype=\"https:\/\/schema.org\/CreativeWork\" ><div class='avia_textblock'  itemprop=\"text\" ><h3>Acil Durum Ara\u00e7lar\u0131 \u0130\u00e7in Geri G\u00f6r\u00fc\u015f Kameras\u0131 Neden \u00d6nemlidir?<\/h3>\n<\/div><\/section><br \/>\n<section  class='av_textblock_section av-l7lxn3df-a9bd46c70b7e1936f2dbf120c454473f'  itemscope=\"itemscope\" itemtype=\"https:\/\/schema.org\/CreativeWork\" ><div class='avia_textblock'  itemprop=\"text\" ><p>\u0130lk m\u00fcdahale ekiplerinin y\u00fcksek stresli i\u015fleri vard\u0131r ve halk onlar\u0131n h\u0131zl\u0131 yan\u0131t verme becerilerine ba\u011fl\u0131d\u0131r. Bu nedenle, bu ara\u00e7lar\u0131n g\u00fcvenilir g\u00fcvenlik \u00e7\u00f6z\u00fcmleriyle donat\u0131lmas\u0131 gerekir. Bir kamera sistemi geri g\u00f6r\u00fc\u015f\u00fc iyile\u015ftirebilir ve ilk m\u00fcdahale ekiplerinin k\u00f6r noktalar\u0131n\u0131 daha iyi g\u00f6rmelerine yard\u0131mc\u0131 olabilir. Kurulumu nispeten kolayd\u0131r ve acil durum ara\u00e7lar\u0131na d\u00fc\u015f\u00fck maliyetli bir eklentidir.<\/p>\n<p>Dahas\u0131, bir yedek kamera ara\u00e7 tasar\u0131m\u0131n\u0131n verimsizli\u011fini telafi edebilir. Bir yedek kamera yerle\u015ftirildi\u011finde, s\u00fcr\u00fcc\u00fcn\u00fcn arka camdan d\u0131\u015far\u0131 bakmak i\u00e7in s\u00fcrekli ba\u015f\u0131n\u0131 \u00e7evirmesi gerekmez.<\/p>\n<\/div><\/section><br \/>\n<section  class='av_textblock_section av-l7lxnmjw-853e13fa4664a69b889ae2311acc2cb0'  itemscope=\"itemscope\" itemtype=\"https:\/\/schema.org\/CreativeWork\" ><div class='avia_textblock'  itemprop=\"text\" ><h3>Acil Durum Ara\u00e7lar\u0131 Yedekleme Kameralar\u0131n\u0131 Se\u00e7erken Dikkat Edilmesi Gereken Fakt\u00f6rler<\/h3>\n<\/div><\/section><br \/>\n<section  class='av_textblock_section av-l7lxo3pn-7dcb9ab98faf73ba0a02078fe8faabdd'  itemscope=\"itemscope\" itemtype=\"https:\/\/schema.org\/CreativeWork\" ><div class='avia_textblock'  itemprop=\"text\" ><p>Acil durum ara\u00e7lar\u0131 genellikle zorlu \u00e7evre ko\u015fullar\u0131nda acil kurtarma hizmetlerini yerine getirir. Acil durum ara\u00e7lar\u0131n\u0131n kamera gibi izleme ekipmanlar\u0131 i\u00e7in daha y\u00fcksek kalite gereksinimleri vard\u0131r. Acil durum ara\u00e7lar\u0131nda kullan\u0131lan kameralar\u0131n su ge\u00e7irmez, toz ge\u00e7irmez ve darbeye dayan\u0131kl\u0131 olmas\u0131n\u0131 tavsiye ediyoruz. K\u0131z\u0131l\u00f6tesi gece g\u00f6r\u00fc\u015f efektleri de gereklidir.<\/p>\n<\/div><\/section><br \/>\n<section  class='av_textblock_section av-l7lxokmm-5d47f3258100d9002ffe8521b8b160e6'  itemscope=\"itemscope\" itemtype=\"https:\/\/schema.org\/CreativeWork\" ><div class='avia_textblock'  itemprop=\"text\" ><h3>Acil Durum Ara\u00e7lar\u0131 i\u00e7in Yedek Kamera \u00dcreticisi Bulun<\/h3>\n<\/div><\/section><br \/>\n<section  class='av_textblock_section av-l7lxov7u-b15c15bc61bb083fc8c9a6156b2cb346'  itemscope=\"itemscope\" itemtype=\"https:\/\/schema.org\/CreativeWork\" ><div class='avia_textblock'  itemprop=\"text\" ><p>Acil durum ara\u00e7lar\u0131 i\u00e7in g\u00fcvenilir bir yedek kamera \u00fcreticisini nerede bulabilece\u011finizi merak ediyor olabilirsiniz. \u0130yi haber \u015fu ki Luview iyi bir se\u00e7im olabilir. G\u00fc\u00e7l\u00fc bir itibara sahip g\u00fcvenilir bir \u00fcreticidir ve tam olarak ihtiyac\u0131n\u0131z olan\u0131 sunabilmelidir. L<\/p>\n<p>Luview is a high-tech enterprise integrating R&amp;D, production and sales, focusing on the field of automotive electronics. The main products are: car cameras, car monitors, car dash cameras, car rearview systems, radar systems, digital rearview mirrors and dash cameras.<\/p>\n<p>Tabii ki, Google'da arama yaparak acil durum ara\u00e7 yedek kamera \u00fcreticisini de bulabilirsiniz.<\/p>\n<\/div><\/section><\/p><\/div>\n\n<style type=\"text\/css\" data-created_by=\"avia_inline_auto\" id=\"style-css-av-l2vletd8-6873c757f85d604bdfa88a557a400ac2\">\n.flex_column.av-l2vletd8-6873c757f85d604bdfa88a557a400ac2{\nborder-radius:15px 15px 15px 15px;\n-webkit-border-radius:15px 15px 15px 15px;\n-moz-border-radius:15px 15px 15px 15px;\npadding:50px 50px 50px 50px;\nbox-shadow:0 0 10px 0 #e0e0e0;\n-webkit-box-shadow:0 0 10px 0 #e0e0e0;\n-moz-box-shadow:0 0 10px 0 #e0e0e0;\nbackground-color:#ffffff;\n}\n<\/style>\n<div class='flex_column av-l2vletd8-6873c757f85d604bdfa88a557a400ac2 av_one_full  avia-builder-el-31  el_after_av_one_full  avia-builder-el-last  first flex_column_div column-top-margin'   ><style type=\"text\/css\" data-created_by=\"avia_inline_auto\" id=\"style-css-av-1pn56r-c5797cae44e1194cd88c41e4e080c4a0\">\n#top .av_textblock_section.av-1pn56r-c5797cae44e1194cd88c41e4e080c4a0 .avia_textblock{\ntext-align:center;\n}\n<\/style>\n<section  class='av_textblock_section av-1pn56r-c5797cae44e1194cd88c41e4e080c4a0'  itemscope=\"itemscope\" itemtype=\"https:\/\/schema.org\/CreativeWork\" ><div class='avia_textblock'  itemprop=\"text\" ><h3>\u00d6zel Teklif<\/h3>\n<\/div><\/section><br \/>\n\n<style type=\"text\/css\" data-created_by=\"avia_inline_auto\" id=\"style-css-av-1me14z-8350f34feb640d6e4b487e997fe59277\">\n#top .hr.hr-invisible.av-1me14z-8350f34feb640d6e4b487e997fe59277{\nheight:30px;\n}\n<\/style>\n<div  class='hr av-1me14z-8350f34feb640d6e4b487e997fe59277 hr-invisible  avia-builder-el-33  el_after_av_textblock  el_before_av_codeblock'><span class='hr-inner'><span class=\"hr-inner-style\"><\/span><\/span><\/div><br \/>\n<\/p><\/div>","protected":false},"excerpt":{"rendered":"","protected":false},"author":1,"featured_media":0,"parent":387,"menu_order":0,"comment_status":"closed","ping_status":"closed","template":"","meta":{"_monsterinsights_skip_tracking":false,"_monsterinsights_sitenote_active":false,"_monsterinsights_sitenote_note":"","_monsterinsights_sitenote_category":0,"footnotes":""},"class_list":["post-23276","page","type-page","status-publish","hentry"],"_links":{"self":[{"href":"https:\/\/luview.com\/tr\/wp-json\/wp\/v2\/pages\/23276","targetHints":{"allow":["GET"]}}],"collection":[{"href":"https:\/\/luview.com\/tr\/wp-json\/wp\/v2\/pages"}],"about":[{"href":"https:\/\/luview.com\/tr\/wp-json\/wp\/v2\/types\/page"}],"author":[{"embeddable":true,"href":"https:\/\/luview.com\/tr\/wp-json\/wp\/v2\/users\/1"}],"replies":[{"embeddable":true,"href":"https:\/\/luview.com\/tr\/wp-json\/wp\/v2\/comments?post=23276"}],"version-history":[{"count":0,"href":"https:\/\/luview.com\/tr\/wp-json\/wp\/v2\/pages\/23276\/revisions"}],"up":[{"embeddable":true,"href":"https:\/\/luview.com\/tr\/wp-json\/wp\/v2\/pages\/387"}],"wp:attachment":[{"href":"https:\/\/luview.com\/tr\/wp-json\/wp\/v2\/media?parent=23276"}],"curies":[{"name":"wp","href":"https:\/\/api.w.org\/{rel}","templated":true}]}}