{"id":23279,"date":"2022-07-11T12:10:03","date_gmt":"2022-07-11T12:10:03","guid":{"rendered":"https:\/\/luview.com\/?page_id=23279"},"modified":"2025-08-07T08:01:26","modified_gmt":"2025-08-07T08:01:26","slug":"rvs","status":"publish","type":"page","link":"https:\/\/luview.com\/tr\/solutions\/rvs\/","title":{"rendered":"Karavanlar"},"content":{"rendered":"<style type=\"text\/css\" data-created_by=\"avia_inline_auto\" id=\"style-css-av-l2mxefv0-35bb32fcfe7f503a8ac259e0986fd26a\">\n.avia-section.av-l2mxefv0-35bb32fcfe7f503a8ac259e0986fd26a{\nbackground-repeat:no-repeat;\nbackground-image:url(https:\/\/luview.com\/wp-content\/uploads\/2022\/05\/solution-head.jpg);\nbackground-position:50% 50%;\nbackground-attachment:scroll;\n}\n.avia-section.av-l2mxefv0-35bb32fcfe7f503a8ac259e0986fd26a .av-section-color-overlay{\nopacity:0.8;\nbackground-color:#222222;\n}\n<\/style>\n<div id='av_section_1'  class='avia-section av-l2mxefv0-35bb32fcfe7f503a8ac259e0986fd26a main_color avia-section-default avia-no-border-styling  avia-builder-el-0  el_before_av_one_full  avia-builder-el-first  titlebarbox avia-bg-style-scroll av-section-color-overlay-active container_wrap sidebar_left'  data-section-bg-repeat='no-repeat'><div class=\"av-section-color-overlay-wrap\"><div class=\"av-section-color-overlay\"><\/div><div class='container av-section-cont-open' ><main  role=\"main\" itemprop=\"mainContentOfPage\"  class='template-page content  av-content-small units'><div class='post-entry post-entry-type-page post-entry-23279'><div class='entry-content-wrapper clearfix'>\n\n<style type=\"text\/css\" data-created_by=\"avia_inline_auto\" id=\"style-css-av-l2mxr7wy-b4eaf1ebf22700ba8c0e3ddaf64fafea\">\n.flex_column.av-l2mxr7wy-b4eaf1ebf22700ba8c0e3ddaf64fafea{\npadding:10% 0 10% 0;\n}\n<\/style>\n<div class='flex_column av-l2mxr7wy-b4eaf1ebf22700ba8c0e3ddaf64fafea av_one_full  avia-builder-el-1  avia-builder-el-no-sibling  first flex_column_div'   ><style type=\"text\/css\" data-created_by=\"avia_inline_auto\" id=\"style-css-av-l2mxewun-812b60f9f631bff3f3cece738bb226b9\">\n#top .av_textblock_section.av-l2mxewun-812b60f9f631bff3f3cece738bb226b9 .avia_textblock{\ncolor:#ffffff;\ntext-align:center;\n}\n<\/style>\n<section  class='av_textblock_section av-l2mxewun-812b60f9f631bff3f3cece738bb226b9'  itemscope=\"itemscope\" itemtype=\"https:\/\/schema.org\/CreativeWork\" ><div class='avia_textblock av_inherit_color'  itemprop=\"text\" ><h1>RV \u00c7\u00f6z\u00fcmleri<\/h1>\n<\/div><\/section><br \/>\n<\/p><\/div>\n<\/div><\/div><\/main><!-- close content main element --><\/div><\/div><\/div><div id='after_section_1'  class='main_color av_default_container_wrap container_wrap sidebar_left'  ><div class='container av-section-cont-open' ><div class='template-page content  av-content-small units'><div class='post-entry post-entry-type-page post-entry-23279'><div class='entry-content-wrapper clearfix'>\n<div class='flex_column av-36otn7-68283b50c5d531435b3089733b837bd2 av_one_full  avia-builder-el-4  el_after_av_section  el_before_av_one_third  avia-builder-el-first  first flex_column_div'   ><section  class='av_textblock_section av-l2vl0whv-9e31ed8ef585d492647868c52b55fc1a'  itemscope=\"itemscope\" itemtype=\"https:\/\/schema.org\/CreativeWork\" ><div class='avia_textblock av_inherit_color'  itemprop=\"text\" ><h2>RV Backup Camera System &amp; Solution<\/h2>\n<\/div><\/section><br \/>\n<section  class='av_textblock_section av-l7lm2jda-4e9060cc836cbdc4fcaf73beb88afa01'  itemscope=\"itemscope\" itemtype=\"https:\/\/schema.org\/CreativeWork\" ><div class='avia_textblock'  itemprop=\"text\" ><p>Luview, \u00c7in'de profesyonel bir RV yedek kamera, yedek kamera sistemi ve \u00e7\u00f6z\u00fcm \u015firketidir, RV yedek kameralar\u0131 ve kitleri sat\u0131n almak veya g\u00fcvenilir bir RV kamera \u00e7\u00f6z\u00fcm\u00fc sa\u011flay\u0131c\u0131s\u0131 bulmak istiyorsan\u0131z, l\u00fctfen e-posta g\u00f6nderin <a href=\"mailto:sales@luview.com\"><u>sales@luview.com<\/u><\/a>\u00a0daha fazla ayr\u0131nt\u0131 i\u00e7in.<\/p>\n<\/div><\/section><\/p><\/div>\n<div class='flex_column av-2ps3aj-3e87c5f96607d28e3a55d1356f20c5cd av_one_third  avia-builder-el-7  el_after_av_one_full  el_before_av_one_third  first flex_column_div column-top-margin'   ><p>\n<style type=\"text\/css\" data-created_by=\"avia_inline_auto\" id=\"style-css-av-l2vl5f5x-4ef9246b6ee9b266f88beb97dad453ef\">\n.avia-image-container.av-l2vl5f5x-4ef9246b6ee9b266f88beb97dad453ef .av-image-caption-overlay-center{\ncolor:#ffffff;\n}\n<\/style>\n<div  class='avia-image-container av-l2vl5f5x-4ef9246b6ee9b266f88beb97dad453ef av-styling- avia-align-center  avia-builder-el-8  el_before_av_textblock  avia-builder-el-first'  itemprop=\"image\" itemscope=\"itemscope\" itemtype=\"https:\/\/schema.org\/ImageObject\" ><div class=\"avia-image-container-inner\"><div class=\"avia-image-overlay-wrap\"><a href=\"https:\/\/luview.com\/tr\/solutions\/rvs\/class-a-motorhome-camera-system\/\" class='avia_image' ><img decoding=\"async\" class='wp-image-23444 avia-img-lazy-loading-not-23444 avia_image lazyload' data-src=\"https:\/\/luview.com\/wp-content\/uploads\/2022\/08\/Class-A-Motorhome-Camera-Solution.jpg\" alt='A S\u0131n\u0131f\u0131 Karavan Kamera \u00c7\u00f6z\u00fcm\u00fc' title='A S\u0131n\u0131f\u0131 Karavan Kamera \u00c7\u00f6z\u00fcm\u00fc'  height=\"400\" width=\"400\"  itemprop=\"thumbnailUrl\" data-srcset=\"https:\/\/luview.com\/wp-content\/uploads\/2022\/08\/Class-A-Motorhome-Camera-Solution.jpg 400w, https:\/\/luview.com\/wp-content\/uploads\/2022\/08\/Class-A-Motorhome-Camera-Solution-100x100.jpg 100w, https:\/\/luview.com\/wp-content\/uploads\/2022\/08\/Class-A-Motorhome-Camera-Solution-300x300.jpg 300w, https:\/\/luview.com\/wp-content\/uploads\/2022\/08\/Class-A-Motorhome-Camera-Solution-80x80.jpg 80w, https:\/\/luview.com\/wp-content\/uploads\/2022\/08\/Class-A-Motorhome-Camera-Solution-36x36.jpg 36w, https:\/\/luview.com\/wp-content\/uploads\/2022\/08\/Class-A-Motorhome-Camera-Solution-180x180.jpg 180w\" data-sizes=\"(max-width: 400px) 100vw, 400px\" src=\"data:image\/svg+xml;base64,PHN2ZyB3aWR0aD0iMSIgaGVpZ2h0PSIxIiB4bWxucz0iaHR0cDovL3d3dy53My5vcmcvMjAwMC9zdmciPjwvc3ZnPg==\" style=\"--smush-placeholder-width: 400px; --smush-placeholder-aspect-ratio: 400\/400;\" \/><\/a><\/div><\/div><\/div><br \/>\n\n<style type=\"text\/css\" data-created_by=\"avia_inline_auto\" id=\"style-css-av-2m67d7-f8b3e92bddd972c8958c08357236f45c\">\n#top .av_textblock_section.av-2m67d7-f8b3e92bddd972c8958c08357236f45c .avia_textblock{\ntext-align:center;\n}\n<\/style>\n<section  class='av_textblock_section av-2m67d7-f8b3e92bddd972c8958c08357236f45c'  itemscope=\"itemscope\" itemtype=\"https:\/\/schema.org\/CreativeWork\" ><div class='avia_textblock'  itemprop=\"text\" ><h4 style=\"text-align: center;\"><a href=\"https:\/\/luview.com\/solutions\/rvs\/class-a-motorhome-camera-system\/\">A S\u0131n\u0131f\u0131 Karavan Kamera \u00c7\u00f6z\u00fcm\u00fc<\/a><\/h4>\n<\/div><\/section><\/p><\/div>\n<div class='flex_column av-2ejarf-e202d8942680281a68fcdb041db7e656 av_one_third  avia-builder-el-10  el_after_av_one_third  el_before_av_one_third  flex_column_div column-top-margin'   ><p>\n<style type=\"text\/css\" data-created_by=\"avia_inline_auto\" id=\"style-css-av-l2vl5vyn-28a181660c5579e46bbb26a15887aaaa\">\n.avia-image-container.av-l2vl5vyn-28a181660c5579e46bbb26a15887aaaa .av-image-caption-overlay-center{\ncolor:#ffffff;\n}\n<\/style>\n<div  class='avia-image-container av-l2vl5vyn-28a181660c5579e46bbb26a15887aaaa av-styling- avia-align-center  avia-builder-el-11  el_before_av_textblock  avia-builder-el-first'  itemprop=\"image\" itemscope=\"itemscope\" itemtype=\"https:\/\/schema.org\/ImageObject\" ><div class=\"avia-image-container-inner\"><div class=\"avia-image-overlay-wrap\"><a href=\"https:\/\/luview.com\/tr\/solutions\/rvs\/class-b-motorhome-camera-system\/\" class='avia_image' ><img decoding=\"async\" class='wp-image-23449 avia-img-lazy-loading-not-23449 avia_image lazyload' data-src=\"https:\/\/luview.com\/wp-content\/uploads\/2022\/08\/Class-B-Motorhome-Camera-Solution.jpg\" alt='B S\u0131n\u0131f\u0131 Karavan Kamera \u00c7\u00f6z\u00fcm\u00fc' title='B S\u0131n\u0131f\u0131 Karavan Kamera \u00c7\u00f6z\u00fcm\u00fc'  height=\"400\" width=\"400\"  itemprop=\"thumbnailUrl\" data-srcset=\"https:\/\/luview.com\/wp-content\/uploads\/2022\/08\/Class-B-Motorhome-Camera-Solution.jpg 400w, https:\/\/luview.com\/wp-content\/uploads\/2022\/08\/Class-B-Motorhome-Camera-Solution-100x100.jpg 100w, https:\/\/luview.com\/wp-content\/uploads\/2022\/08\/Class-B-Motorhome-Camera-Solution-300x300.jpg 300w, https:\/\/luview.com\/wp-content\/uploads\/2022\/08\/Class-B-Motorhome-Camera-Solution-80x80.jpg 80w, https:\/\/luview.com\/wp-content\/uploads\/2022\/08\/Class-B-Motorhome-Camera-Solution-36x36.jpg 36w, https:\/\/luview.com\/wp-content\/uploads\/2022\/08\/Class-B-Motorhome-Camera-Solution-180x180.jpg 180w\" data-sizes=\"(max-width: 400px) 100vw, 400px\" src=\"data:image\/svg+xml;base64,PHN2ZyB3aWR0aD0iMSIgaGVpZ2h0PSIxIiB4bWxucz0iaHR0cDovL3d3dy53My5vcmcvMjAwMC9zdmciPjwvc3ZnPg==\" style=\"--smush-placeholder-width: 400px; --smush-placeholder-aspect-ratio: 400\/400;\" \/><\/a><\/div><\/div><\/div><br \/>\n\n<style type=\"text\/css\" data-created_by=\"avia_inline_auto\" id=\"style-css-av-2ame8b-12b496c1614357556a4c7bab706be968\">\n#top .av_textblock_section.av-2ame8b-12b496c1614357556a4c7bab706be968 .avia_textblock{\ntext-align:center;\n}\n<\/style>\n<section  class='av_textblock_section av-2ame8b-12b496c1614357556a4c7bab706be968'  itemscope=\"itemscope\" itemtype=\"https:\/\/schema.org\/CreativeWork\" ><div class='avia_textblock'  itemprop=\"text\" ><h4 style=\"text-align: center;\"><a href=\"https:\/\/luview.com\/solutions\/rvs\/class-b-motorhome-camera-system\/\">B S\u0131n\u0131f\u0131 Karavan Kamera \u00c7\u00f6z\u00fcm\u00fc<\/a><\/h4>\n<\/div><\/section><\/p><\/div>\n<div class='flex_column av-33x9jf-1c424f85e815b2819914c47335725612 av_one_third  avia-builder-el-13  el_after_av_one_third  el_before_av_one_third  flex_column_div column-top-margin'   ><p>\n<style type=\"text\/css\" data-created_by=\"avia_inline_auto\" id=\"style-css-av-l2vl2xqc-344d2ba781a1ebf5eaa154b7ba348338\">\n.avia-image-container.av-l2vl2xqc-344d2ba781a1ebf5eaa154b7ba348338 .av-image-caption-overlay-center{\ncolor:#ffffff;\n}\n<\/style>\n<div  class='avia-image-container av-l2vl2xqc-344d2ba781a1ebf5eaa154b7ba348338 av-styling- avia-align-center  avia-builder-el-14  el_before_av_textblock  avia-builder-el-first'  itemprop=\"image\" itemscope=\"itemscope\" itemtype=\"https:\/\/schema.org\/ImageObject\" ><div class=\"avia-image-container-inner\"><div class=\"avia-image-overlay-wrap\"><a href=\"https:\/\/luview.com\/tr\/solutions\/rvs\/class-c-motorhome-camera-system\/\" class='avia_image' ><img decoding=\"async\" class='wp-image-23454 avia-img-lazy-loading-not-23454 avia_image lazyload' data-src=\"https:\/\/luview.com\/wp-content\/uploads\/2022\/08\/Class-C-Motorhome-Camera-Solution.jpg\" alt='C S\u0131n\u0131f\u0131 Karavan Kamera \u00c7\u00f6z\u00fcm\u00fc' title='C S\u0131n\u0131f\u0131 Karavan Kamera \u00c7\u00f6z\u00fcm\u00fc'  height=\"400\" width=\"400\"  itemprop=\"thumbnailUrl\" data-srcset=\"https:\/\/luview.com\/wp-content\/uploads\/2022\/08\/Class-C-Motorhome-Camera-Solution.jpg 400w, https:\/\/luview.com\/wp-content\/uploads\/2022\/08\/Class-C-Motorhome-Camera-Solution-100x100.jpg 100w, https:\/\/luview.com\/wp-content\/uploads\/2022\/08\/Class-C-Motorhome-Camera-Solution-300x300.jpg 300w, https:\/\/luview.com\/wp-content\/uploads\/2022\/08\/Class-C-Motorhome-Camera-Solution-80x80.jpg 80w, https:\/\/luview.com\/wp-content\/uploads\/2022\/08\/Class-C-Motorhome-Camera-Solution-36x36.jpg 36w, https:\/\/luview.com\/wp-content\/uploads\/2022\/08\/Class-C-Motorhome-Camera-Solution-180x180.jpg 180w\" data-sizes=\"(max-width: 400px) 100vw, 400px\" src=\"data:image\/svg+xml;base64,PHN2ZyB3aWR0aD0iMSIgaGVpZ2h0PSIxIiB4bWxucz0iaHR0cDovL3d3dy53My5vcmcvMjAwMC9zdmciPjwvc3ZnPg==\" style=\"--smush-placeholder-width: 400px; --smush-placeholder-aspect-ratio: 400\/400;\" \/><\/a><\/div><\/div><\/div><br \/>\n\n<style type=\"text\/css\" data-created_by=\"avia_inline_auto\" id=\"style-css-av-l2vl44qd-a9fd2e80f8564808c6bd161526b1aaa5\">\n#top .av_textblock_section.av-l2vl44qd-a9fd2e80f8564808c6bd161526b1aaa5 .avia_textblock{\ntext-align:center;\n}\n<\/style>\n<section  class='av_textblock_section av-l2vl44qd-a9fd2e80f8564808c6bd161526b1aaa5'  itemscope=\"itemscope\" itemtype=\"https:\/\/schema.org\/CreativeWork\" ><div class='avia_textblock'  itemprop=\"text\" ><h4 style=\"text-align: center;\"><a href=\"https:\/\/luview.com\/solutions\/rvs\/class-c-motorhome-camera-system\/\">C S\u0131n\u0131f\u0131 Karavan Kamera \u00c7\u00f6z\u00fcm\u00fc<\/a><\/h4>\n<\/div><\/section><\/p><\/div>\n<div class='flex_column av-1w0job-f7b39fefdc55abed3e88101aa0d2c13e av_one_third  avia-builder-el-16  el_after_av_one_third  el_before_av_one_third  first flex_column_div column-top-margin'   ><p>\n<style type=\"text\/css\" data-created_by=\"avia_inline_auto\" id=\"style-css-av-l2vl6wsn-3e4a5b454ad52a3057c0725edcedb2c3\">\n.avia-image-container.av-l2vl6wsn-3e4a5b454ad52a3057c0725edcedb2c3 .av-image-caption-overlay-center{\ncolor:#ffffff;\n}\n<\/style>\n<div  class='avia-image-container av-l2vl6wsn-3e4a5b454ad52a3057c0725edcedb2c3 av-styling- avia-align-center  avia-builder-el-17  el_before_av_textblock  avia-builder-el-first'  itemprop=\"image\" itemscope=\"itemscope\" itemtype=\"https:\/\/schema.org\/ImageObject\" ><div class=\"avia-image-container-inner\"><div class=\"avia-image-overlay-wrap\"><a href=\"https:\/\/luview.com\/tr\/solutions\/rvs\/fifth-wheel-camper-camera-system\/\" class='avia_image' ><img decoding=\"async\" class='wp-image-23563 avia-img-lazy-loading-not-23563 avia_image lazyload' data-src=\"https:\/\/luview.com\/wp-content\/uploads\/2022\/08\/Fifth-Wheel-Camper-Camera-Solution.jpg\" alt='Be\u015finci Teker Camper Kamera \u00c7\u00f6z\u00fcm\u00fc' title='Be\u015finci Teker Camper Kamera \u00c7\u00f6z\u00fcm\u00fc'  height=\"400\" width=\"400\"  itemprop=\"thumbnailUrl\" data-srcset=\"https:\/\/luview.com\/wp-content\/uploads\/2022\/08\/Fifth-Wheel-Camper-Camera-Solution.jpg 400w, https:\/\/luview.com\/wp-content\/uploads\/2022\/08\/Fifth-Wheel-Camper-Camera-Solution-100x100.jpg 100w, https:\/\/luview.com\/wp-content\/uploads\/2022\/08\/Fifth-Wheel-Camper-Camera-Solution-300x300.jpg 300w, https:\/\/luview.com\/wp-content\/uploads\/2022\/08\/Fifth-Wheel-Camper-Camera-Solution-80x80.jpg 80w, https:\/\/luview.com\/wp-content\/uploads\/2022\/08\/Fifth-Wheel-Camper-Camera-Solution-36x36.jpg 36w, https:\/\/luview.com\/wp-content\/uploads\/2022\/08\/Fifth-Wheel-Camper-Camera-Solution-180x180.jpg 180w\" data-sizes=\"(max-width: 400px) 100vw, 400px\" src=\"data:image\/svg+xml;base64,PHN2ZyB3aWR0aD0iMSIgaGVpZ2h0PSIxIiB4bWxucz0iaHR0cDovL3d3dy53My5vcmcvMjAwMC9zdmciPjwvc3ZnPg==\" style=\"--smush-placeholder-width: 400px; --smush-placeholder-aspect-ratio: 400\/400;\" \/><\/a><\/div><\/div><\/div><br \/>\n\n<style type=\"text\/css\" data-created_by=\"avia_inline_auto\" id=\"style-css-av-1p19dn-a970b6d55ba0d86edd4047305c5de9ec\">\n#top .av_textblock_section.av-1p19dn-a970b6d55ba0d86edd4047305c5de9ec .avia_textblock{\ntext-align:center;\n}\n<\/style>\n<section  class='av_textblock_section av-1p19dn-a970b6d55ba0d86edd4047305c5de9ec'  itemscope=\"itemscope\" itemtype=\"https:\/\/schema.org\/CreativeWork\" ><div class='avia_textblock'  itemprop=\"text\" ><h4 style=\"text-align: center;\"><a href=\"https:\/\/luview.com\/solutions\/rvs\/fifth-wheel-camper-camera-system\/\">Be\u015finci Teker Camper Kamera \u00c7\u00f6z\u00fcm\u00fc<\/a><\/h4>\n<\/div><\/section><\/p><\/div>\n<div class='flex_column av-24fj2z-0669ea80cabb754ad49006ee03e9e755 av_one_third  avia-builder-el-19  el_after_av_one_third  el_before_av_one_full  flex_column_div column-top-margin'   ><p>\n<style type=\"text\/css\" data-created_by=\"avia_inline_auto\" id=\"style-css-av-l2vl6a2o-193ab8d8aa308608291d920758f3315c\">\n.avia-image-container.av-l2vl6a2o-193ab8d8aa308608291d920758f3315c .av-image-caption-overlay-center{\ncolor:#ffffff;\n}\n<\/style>\n<div  class='avia-image-container av-l2vl6a2o-193ab8d8aa308608291d920758f3315c av-styling- avia-align-center  avia-builder-el-20  el_before_av_textblock  avia-builder-el-first'  itemprop=\"image\" itemscope=\"itemscope\" itemtype=\"https:\/\/schema.org\/ImageObject\" ><div class=\"avia-image-container-inner\"><div class=\"avia-image-overlay-wrap\"><a href=\"https:\/\/luview.com\/tr\/solutions\/rvs\/travel-trailer-camera-system\/\" class='avia_image' ><img decoding=\"async\" class='wp-image-23567 avia-img-lazy-loading-not-23567 avia_image lazyload' data-src=\"https:\/\/luview.com\/wp-content\/uploads\/2022\/08\/Travel-Trailer-Camera-Solution.jpg\" alt='Seyahat R\u00f6morku Kamera \u00c7\u00f6z\u00fcm\u00fc' title='Seyahat R\u00f6morku Kamera \u00c7\u00f6z\u00fcm\u00fc'  height=\"400\" width=\"400\"  itemprop=\"thumbnailUrl\" data-srcset=\"https:\/\/luview.com\/wp-content\/uploads\/2022\/08\/Travel-Trailer-Camera-Solution.jpg 400w, https:\/\/luview.com\/wp-content\/uploads\/2022\/08\/Travel-Trailer-Camera-Solution-100x100.jpg 100w, https:\/\/luview.com\/wp-content\/uploads\/2022\/08\/Travel-Trailer-Camera-Solution-300x300.jpg 300w, https:\/\/luview.com\/wp-content\/uploads\/2022\/08\/Travel-Trailer-Camera-Solution-80x80.jpg 80w, https:\/\/luview.com\/wp-content\/uploads\/2022\/08\/Travel-Trailer-Camera-Solution-36x36.jpg 36w, https:\/\/luview.com\/wp-content\/uploads\/2022\/08\/Travel-Trailer-Camera-Solution-180x180.jpg 180w\" data-sizes=\"(max-width: 400px) 100vw, 400px\" src=\"data:image\/svg+xml;base64,PHN2ZyB3aWR0aD0iMSIgaGVpZ2h0PSIxIiB4bWxucz0iaHR0cDovL3d3dy53My5vcmcvMjAwMC9zdmciPjwvc3ZnPg==\" style=\"--smush-placeholder-width: 400px; --smush-placeholder-aspect-ratio: 400\/400;\" \/><\/a><\/div><\/div><\/div><br \/>\n\n<style type=\"text\/css\" data-created_by=\"avia_inline_auto\" id=\"style-css-av-l2vl6kaz-600c655cf69a56eca0cd7d73b7dced5c\">\n#top .av_textblock_section.av-l2vl6kaz-600c655cf69a56eca0cd7d73b7dced5c .avia_textblock{\ntext-align:center;\n}\n<\/style>\n<section  class='av_textblock_section av-l2vl6kaz-600c655cf69a56eca0cd7d73b7dced5c'  itemscope=\"itemscope\" itemtype=\"https:\/\/schema.org\/CreativeWork\" ><div class='avia_textblock'  itemprop=\"text\" ><h4 style=\"text-align: center;\"><a href=\"https:\/\/luview.com\/solutions\/rvs\/travel-trailer-camera-system\/\">Seyahat R\u00f6morku Kamera \u00c7\u00f6z\u00fcm\u00fc<\/a><\/h4>\n<\/div><\/section><\/p><\/div>\n<div class='flex_column av-zn923-2998580518e3833d33293177f79d69a5 av_one_full  avia-builder-el-22  el_after_av_one_third  el_before_av_one_full  first flex_column_div column-top-margin'   ><section  class='av_textblock_section av-l2vl9sc8-321202df39fd446ec8d30e8813d0d1d6'  itemscope=\"itemscope\" itemtype=\"https:\/\/schema.org\/CreativeWork\" ><div class='avia_textblock'  itemprop=\"text\" ><h3>Karavan\u0131n\u0131z\u0131n Neden Bir Yedek Kameraya \u0130htiyac\u0131 Var?<\/h3>\n<\/div><\/section><br \/>\n<section  class='av_textblock_section av-l2vla2no-02a9d235c6ee455249ee410d4d085d73'  itemscope=\"itemscope\" itemtype=\"https:\/\/schema.org\/CreativeWork\" ><div class='avia_textblock'  itemprop=\"text\" ><p>Karavanlar\u0131n k\u00f6r noktas\u0131 vard\u0131r, bu da s\u00fcr\u00fcc\u00fcn\u00fcn arkas\u0131nda ne oldu\u011funu g\u00f6remedi\u011fi anlam\u0131na gelir. Dikiz aynas\u0131 bu g\u00f6r\u00fc\u015fe yard\u0131mc\u0131 olsa da, bir yedek kamera veya yedek kamera sistemi daha iyi bir g\u00f6r\u00fc\u015f sa\u011flayacakt\u0131r. Sadece karavan\u0131n arkas\u0131nda ne oldu\u011funu g\u00f6rmek yeterli de\u011fildir. Asl\u0131nda NHTSA, yedek kamera sistemlerinin y\u0131lda 58 ila 69 hayat kurtard\u0131\u011f\u0131n\u0131 tahmin etmektedir. Bu kitin ara\u00e7ta bulunmas\u0131 karavan\u0131n\u0131z\u0131 yedeklemeyi herkes i\u00e7in daha g\u00fcvenli ve kolay hale getirecektir.<\/p>\n<\/div><\/section><br \/>\n<section  class='av_textblock_section av-l7lm6ylm-7c09acb39005785df370b0813624c6e1'  itemscope=\"itemscope\" itemtype=\"https:\/\/schema.org\/CreativeWork\" ><div class='avia_textblock'  itemprop=\"text\" ><h3>Kablolu veya Kablosuz RV Yedekleme Kameras\u0131<\/h3>\n<\/div><\/section><br \/>\n<section  class='av_textblock_section av-l7lm7fwe-bf388bbeff492cfab7c5738919c34622'  itemscope=\"itemscope\" itemtype=\"https:\/\/schema.org\/CreativeWork\" ><div class='avia_textblock'  itemprop=\"text\" ><p>Bir RV yedek kameras\u0131n\u0131n kurulumuyla ilgili en yayg\u0131n sorulardan biri, hangi t\u00fcr\u00fcn kurulumunun daha kolay oldu\u011fudur: kablosuz mu yoksa kablolu mu? En iyi kablosuz RV yedek kamera sistemleri herhangi bir kablo ba\u011flant\u0131s\u0131 gerektirmez. Dijital veya analog teknoloji kullan\u0131rlar ve ikincisi daha net bir g\u00f6r\u00fcnt\u00fc sunar. Ancak analog yedek kameralar, dijital sinyalleri zay\u0131fsa bulan\u0131k g\u00f6r\u00fcnt\u00fcler sa\u011flayabilir. Kablolu bir kamera genellikle kablosuz bir kameradan daha ekonomiktir, bu nedenle kurulum i\u00e7in birka\u00e7 dolar ay\u0131rmaya de\u011fer.<\/p>\n<p>Sahip oldu\u011funuz karavan tipine ba\u011fl\u0131 olarak, kablolu bir kamera daha y\u00fcksek kaliteli bir sinyal sa\u011flayabilir. Ancak kablolu RV yedek kameralar\u0131 daha fazla kurulum s\u00fcresi gerektirir. Baz\u0131 karavanlarda zaten kablolu yedekleme kameralar\u0131 vard\u0131r, b\u00f6ylece zamandan tasarruf edebilirsiniz. \u00d6te yandan kablosuz kameralar metal takviyeli rampalardan zarar g\u00f6rebilir. Bu gibi durumlarda kablolu bir RV yedekleme kameras\u0131 d\u00fc\u015f\u00fcnmelisiniz. Kablolu bir kamera monit\u00f6r ekran\u0131na s\u00fcrekli bir ba\u011flant\u0131 sa\u011flar.<\/p>\n<\/div><\/section><br \/>\n<section  class='av_textblock_section av-l7lm7sov-edf8c5c4a8089b7a550ca4c5fabb547e'  itemscope=\"itemscope\" itemtype=\"https:\/\/schema.org\/CreativeWork\" ><div class='avia_textblock'  itemprop=\"text\" ><h3>En \u0130yi RV Yedekleme Kameras\u0131 Nas\u0131l Se\u00e7ilir<\/h3>\n<\/div><\/section><br \/>\n<section  class='av_textblock_section av-l7lm876e-30d3ec81da3c7dee2d3f09309674f699'  itemscope=\"itemscope\" itemtype=\"https:\/\/schema.org\/CreativeWork\" ><div class='avia_textblock'  itemprop=\"text\" ><p>\u0130htiya\u00e7lar\u0131n\u0131z i\u00e7in do\u011fru RV yedekleme kameras\u0131n\u0131 se\u00e7mek \u00f6nemli olsa da, bir tane sat\u0131n almadan \u00f6nce akl\u0131n\u0131zda bulundurman\u0131z gereken baz\u0131 temel fakt\u00f6rler vard\u0131r.<\/p>\n<p>\u0130lk olarak, kameran\u0131n kurulumu kolay olmal\u0131d\u0131r. Kameray\u0131 kendiniz kurmak i\u00e7in zaman ve \u00e7aba harcamak istemiyorsan\u0131z, kablosuz ba\u011flant\u0131s\u0131 olan bir kamera sat\u0131n almay\u0131 d\u00fc\u015f\u00fcn\u00fcn.<\/p>\n<p>Ayr\u0131ca kameran\u0131n \u00e7\u00f6z\u00fcn\u00fcrl\u00fc\u011f\u00fcn\u00fc ve odak uzakl\u0131\u011f\u0131n\u0131 da kontrol edin. Y\u00fcksek kaliteli g\u00f6r\u00fcnt\u00fcler, olas\u0131 sorunlar\u0131 ortaya \u00e7\u0131kmadan \u00f6nce tespit etmenize yard\u0131mc\u0131 olabilir.<\/p>\n<p>En iyi RV yedek kameras\u0131 zorlu hava ko\u015fullar\u0131na dayanmal\u0131d\u0131r. Su ge\u00e7irmez, darbeye ve titre\u015fime dayan\u0131kl\u0131 olmal\u0131d\u0131r.<\/p>\n<p>Ayr\u0131ca sabit bir g\u00fc\u00e7 kayna\u011f\u0131na sahip olmal\u0131d\u0131r.<\/p>\n<p>Son olarak, montaj y\u00f6ntemini g\u00f6z \u00f6n\u00fcnde bulundurmal\u0131s\u0131n\u0131z. S\u0131va alt\u0131 ve s\u0131va \u00fcst\u00fc kameralar aras\u0131nda se\u00e7im yapabilirsiniz. Baz\u0131 kameralar d\u00fc\u015f\u00fck profillidir, bu nedenle \u00f6n pencerenizden g\u00f6r\u00fclmeleri zor olabilir.<\/p>\n<\/div><\/section><\/p><\/div>\n\n<style type=\"text\/css\" data-created_by=\"avia_inline_auto\" id=\"style-css-av-l2vletd8-6873c757f85d604bdfa88a557a400ac2\">\n.flex_column.av-l2vletd8-6873c757f85d604bdfa88a557a400ac2{\nborder-radius:15px 15px 15px 15px;\n-webkit-border-radius:15px 15px 15px 15px;\n-moz-border-radius:15px 15px 15px 15px;\npadding:50px 50px 50px 50px;\nbox-shadow:0 0 10px 0 #e0e0e0;\n-webkit-box-shadow:0 0 10px 0 #e0e0e0;\n-moz-box-shadow:0 0 10px 0 #e0e0e0;\nbackground-color:#ffffff;\n}\n<\/style>\n<div class='flex_column av-l2vletd8-6873c757f85d604bdfa88a557a400ac2 av_one_full  avia-builder-el-29  el_after_av_one_full  avia-builder-el-last  first flex_column_div column-top-margin'   ><style type=\"text\/css\" data-created_by=\"avia_inline_auto\" id=\"style-css-av-1pn56r-c5797cae44e1194cd88c41e4e080c4a0\">\n#top .av_textblock_section.av-1pn56r-c5797cae44e1194cd88c41e4e080c4a0 .avia_textblock{\ntext-align:center;\n}\n<\/style>\n<section  class='av_textblock_section av-1pn56r-c5797cae44e1194cd88c41e4e080c4a0'  itemscope=\"itemscope\" itemtype=\"https:\/\/schema.org\/CreativeWork\" ><div class='avia_textblock'  itemprop=\"text\" ><h3>\u00d6zel Teklif<\/h3>\n<\/div><\/section><br \/>\n\n<style type=\"text\/css\" data-created_by=\"avia_inline_auto\" id=\"style-css-av-1me14z-8350f34feb640d6e4b487e997fe59277\">\n#top .hr.hr-invisible.av-1me14z-8350f34feb640d6e4b487e997fe59277{\nheight:30px;\n}\n<\/style>\n<div  class='hr av-1me14z-8350f34feb640d6e4b487e997fe59277 hr-invisible  avia-builder-el-31  el_after_av_textblock  el_before_av_codeblock'><span class='hr-inner'><span class=\"hr-inner-style\"><\/span><\/span><\/div><br \/>\n<\/p><\/div>","protected":false},"excerpt":{"rendered":"","protected":false},"author":1,"featured_media":0,"parent":387,"menu_order":0,"comment_status":"closed","ping_status":"closed","template":"","meta":{"_monsterinsights_skip_tracking":false,"_monsterinsights_sitenote_active":false,"_monsterinsights_sitenote_note":"","_monsterinsights_sitenote_category":0,"footnotes":""},"class_list":["post-23279","page","type-page","status-publish","hentry"],"_links":{"self":[{"href":"https:\/\/luview.com\/tr\/wp-json\/wp\/v2\/pages\/23279","targetHints":{"allow":["GET"]}}],"collection":[{"href":"https:\/\/luview.com\/tr\/wp-json\/wp\/v2\/pages"}],"about":[{"href":"https:\/\/luview.com\/tr\/wp-json\/wp\/v2\/types\/page"}],"author":[{"embeddable":true,"href":"https:\/\/luview.com\/tr\/wp-json\/wp\/v2\/users\/1"}],"replies":[{"embeddable":true,"href":"https:\/\/luview.com\/tr\/wp-json\/wp\/v2\/comments?post=23279"}],"version-history":[{"count":0,"href":"https:\/\/luview.com\/tr\/wp-json\/wp\/v2\/pages\/23279\/revisions"}],"up":[{"embeddable":true,"href":"https:\/\/luview.com\/tr\/wp-json\/wp\/v2\/pages\/387"}],"wp:attachment":[{"href":"https:\/\/luview.com\/tr\/wp-json\/wp\/v2\/media?parent=23279"}],"curies":[{"name":"wp","href":"https:\/\/api.w.org\/{rel}","templated":true}]}}