{"id":23589,"date":"2022-08-24T15:54:14","date_gmt":"2022-08-24T15:54:14","guid":{"rendered":"https:\/\/luview.com\/?page_id=23589"},"modified":"2025-08-07T07:23:08","modified_gmt":"2025-08-07T07:23:08","slug":"teardrop-romork-kamera-si%cc%87stemi%cc%87","status":"publish","type":"page","link":"https:\/\/luview.com\/tr\/solutions\/trailers\/teardrop-trailer-camera-system\/","title":{"rendered":"Teardrop Treyler Kamera Sistemi"},"content":{"rendered":"<style type=\"text\/css\" data-created_by=\"avia_inline_auto\" id=\"style-css-av-l2mxefv0-35bb32fcfe7f503a8ac259e0986fd26a\">\n.avia-section.av-l2mxefv0-35bb32fcfe7f503a8ac259e0986fd26a{\nbackground-repeat:no-repeat;\nbackground-image:url(https:\/\/luview.com\/wp-content\/uploads\/2022\/05\/solution-head.jpg);\nbackground-position:50% 50%;\nbackground-attachment:scroll;\n}\n.avia-section.av-l2mxefv0-35bb32fcfe7f503a8ac259e0986fd26a .av-section-color-overlay{\nopacity:0.8;\nbackground-color:#222222;\n}\n<\/style>\n<div id='av_section_1'  class='avia-section av-l2mxefv0-35bb32fcfe7f503a8ac259e0986fd26a main_color avia-section-default avia-no-border-styling  avia-builder-el-0  el_before_av_one_full  avia-builder-el-first  titlebarbox avia-bg-style-scroll av-section-color-overlay-active container_wrap sidebar_left'  data-section-bg-repeat='no-repeat'><div class=\"av-section-color-overlay-wrap\"><div class=\"av-section-color-overlay\"><\/div><div class='container av-section-cont-open' ><main  role=\"main\" itemprop=\"mainContentOfPage\"  class='template-page content  av-content-small units'><div class='post-entry post-entry-type-page post-entry-23589'><div class='entry-content-wrapper clearfix'>\n\n<style type=\"text\/css\" data-created_by=\"avia_inline_auto\" id=\"style-css-av-l2mxr7wy-b4eaf1ebf22700ba8c0e3ddaf64fafea\">\n.flex_column.av-l2mxr7wy-b4eaf1ebf22700ba8c0e3ddaf64fafea{\npadding:10% 0 10% 0;\n}\n<\/style>\n<div class='flex_column av-l2mxr7wy-b4eaf1ebf22700ba8c0e3ddaf64fafea av_one_full  avia-builder-el-1  avia-builder-el-no-sibling  first flex_column_div'   ><style type=\"text\/css\" data-created_by=\"avia_inline_auto\" id=\"style-css-av-l2mxewun-812b60f9f631bff3f3cece738bb226b9\">\n#top .av_textblock_section.av-l2mxewun-812b60f9f631bff3f3cece738bb226b9 .avia_textblock{\ncolor:#ffffff;\ntext-align:center;\n}\n<\/style>\n<section  class='av_textblock_section av-l2mxewun-812b60f9f631bff3f3cece738bb226b9'  itemscope=\"itemscope\" itemtype=\"https:\/\/schema.org\/CreativeWork\" ><div class='avia_textblock av_inherit_color'  itemprop=\"text\" ><h1>Teardrop Treyler Kamera Sistemi<\/h1>\n<\/div><\/section><br \/>\n<\/p><\/div>\n<\/div><\/div><\/main><!-- close content main element --><\/div><\/div><\/div><div id='after_section_1'  class='main_color av_default_container_wrap container_wrap sidebar_left'  ><div class='container av-section-cont-open' ><div class='template-page content  av-content-small units'><div class='post-entry post-entry-type-page post-entry-23589'><div class='entry-content-wrapper clearfix'>\n<div class='flex_column av-36otn7-68283b50c5d531435b3089733b837bd2 av_one_full  avia-builder-el-4  el_after_av_section  el_before_av_two_third  avia-builder-el-first  first flex_column_div'   ><style type=\"text\/css\" data-created_by=\"avia_inline_auto\" id=\"style-css-av-l2vl0whv-12c18fcd60407881c4a552325390afb9\">\n#top .av_textblock_section.av-l2vl0whv-12c18fcd60407881c4a552325390afb9 .avia_textblock{\ncolor:#333333;\n}\n<\/style>\n<section  class='av_textblock_section av-l2vl0whv-12c18fcd60407881c4a552325390afb9'  itemscope=\"itemscope\" itemtype=\"https:\/\/schema.org\/CreativeWork\" ><div class='avia_textblock av_inherit_color'  itemprop=\"text\" ><h3>Teardrop Treyler Kamera \u00c7\u00f6z\u00fcm\u00fc<\/h3>\n<\/div><\/section><br \/>\n<section  class='av_textblock_section av-l6tgj0he-99e9f8273172b315d83a09d5deeb5b7b'  itemscope=\"itemscope\" itemtype=\"https:\/\/schema.org\/CreativeWork\" ><div class='avia_textblock'  itemprop=\"text\" ><p>G\u00f6zya\u015f\u0131 damlas\u0131 r\u00f6morklar, kompakt ayak izleri nedeniyle giderek daha pop\u00fcler hale geliyor. Macera arayan ve temel olanaklar isteyen ancak \u00e7ok fazla para harcamak istemeyen insanlar i\u00e7in m\u00fckemmeldir. G\u00f6zya\u015f\u0131 damlas\u0131 r\u00f6morklardaki daha k\u00fc\u00e7\u00fck ya\u015fam alan\u0131, onlar\u0131 milli parklarda ve eyalet parklar\u0131nda kamp yapmak i\u00e7in ideal k\u0131lar. Kompakt olduklar\u0131ndan, teardrop r\u00f6morklar alan k\u0131s\u0131tl\u0131 kamp alanlar\u0131na m\u00fcdahale etmez. Ayr\u0131ca daha b\u00fcy\u00fck karavanlara g\u00f6re kurulumu ve da\u011f\u0131t\u0131m\u0131 daha kolayd\u0131r, b\u00f6ylece daha h\u0131zl\u0131 hareket edebilirsiniz.<\/p>\n<p>Luview teardrop r\u00f6mork kamera sistemi ile r\u00f6morkunuzun arkas\u0131nda ne oldu\u011funu daha iyi g\u00f6rebilirsiniz, \u015feffaf kamera g\u00f6r\u00fcnt\u00fcs\u00fc ayr\u0131ca \u00e7arp\u0131\u015fmalar\u0131 \u00f6nlemek i\u00e7in di\u011fer s\u00fcr\u00fcc\u00fclere uyar\u0131lar sa\u011flar. Kazalar\u0131 \u00f6nlemenin yan\u0131 s\u0131ra, \u015feffaf g\u00f6r\u00fcn\u00fcm r\u00f6morkunuzun ve arac\u0131n\u0131z\u0131n lastik bas\u0131nc\u0131n\u0131 kontrol etmenizi sa\u011flar.<\/p>\n<p>G\u00f6zya\u015f\u0131 damlas\u0131 r\u00f6mork kamera sistemimizle ilgileniyorsan\u0131z, l\u00fctfen bizimle ileti\u015fime ge\u00e7mekten \u00e7ekinmeyin <a href=\"mailto:sales@luview.com\"><u>sales@luview.com<\/u><\/a>\u00a0.<\/p>\n<\/div><\/section><br \/>\n\n<style type=\"text\/css\" data-created_by=\"avia_inline_auto\" id=\"style-css-av-l2vl2xqc-e7d2dc69edb260e237b24644cc08d302\">\n.avia-image-container.av-l2vl2xqc-e7d2dc69edb260e237b24644cc08d302 .av-image-caption-overlay-center{\ncolor:#ffffff;\n}\n<\/style>\n<div  class='avia-image-container av-l2vl2xqc-e7d2dc69edb260e237b24644cc08d302 av-styling- avia-align-center  avia-builder-el-7  el_after_av_textblock  avia-builder-el-last'  itemprop=\"image\" itemscope=\"itemscope\" itemtype=\"https:\/\/schema.org\/ImageObject\" ><div class=\"avia-image-container-inner\"><div class=\"avia-image-overlay-wrap\"><img decoding=\"async\" class='wp-image-23591 avia-img-lazy-loading-not-23591 avia_image lazyload' data-src=\"https:\/\/luview.com\/wp-content\/uploads\/2022\/08\/Teardrop-Trailer-Camera-System.jpg\"  title='Teardrop Treyler Kamera Sistemi'  height=\"510\" width=\"1061\"  itemprop=\"thumbnailUrl\" data-srcset=\"https:\/\/luview.com\/wp-content\/uploads\/2022\/08\/Teardrop-Trailer-Camera-System.jpg 1061w, https:\/\/luview.com\/wp-content\/uploads\/2022\/08\/Teardrop-Trailer-Camera-System-800x385.jpg 800w, https:\/\/luview.com\/wp-content\/uploads\/2022\/08\/Teardrop-Trailer-Camera-System-300x144.jpg 300w, https:\/\/luview.com\/wp-content\/uploads\/2022\/08\/Teardrop-Trailer-Camera-System-1030x495.jpg 1030w, https:\/\/luview.com\/wp-content\/uploads\/2022\/08\/Teardrop-Trailer-Camera-System-768x369.jpg 768w, https:\/\/luview.com\/wp-content\/uploads\/2022\/08\/Teardrop-Trailer-Camera-System-705x339.jpg 705w, https:\/\/luview.com\/wp-content\/uploads\/2022\/08\/Teardrop-Trailer-Camera-System-600x288.jpg 600w\" data-sizes=\"(max-width: 1061px) 100vw, 1061px\" alt=\"Teardrop Trailer Camera System\u63d2\u56fe\" src=\"data:image\/svg+xml;base64,PHN2ZyB3aWR0aD0iMSIgaGVpZ2h0PSIxIiB4bWxucz0iaHR0cDovL3d3dy53My5vcmcvMjAwMC9zdmciPjwvc3ZnPg==\" style=\"--smush-placeholder-width: 1061px; --smush-placeholder-aspect-ratio: 1061\/510;\" \/><\/div><\/div><\/div><\/p><\/div>\n<div class='flex_column_table av-l2vuent2-113f0c374e6e63ea3bcfcd112cd4ec3d sc-av_two_third av-equal-height-column-flextable'><div class='flex_column av-l2vuent2-113f0c374e6e63ea3bcfcd112cd4ec3d av_two_third  avia-builder-el-8  el_after_av_one_full  el_before_av_one_third  first flex_column_table_cell av-equal-height-column av-align-middle column-top-margin'   ><style type=\"text\/css\" data-created_by=\"avia_inline_auto\" id=\"style-css-av-l2vucuj8-ccab866384f21b62ed7daf286d2eabda\">\n#top .av_textblock_section.av-l2vucuj8-ccab866384f21b62ed7daf286d2eabda .avia_textblock{\ncolor:#333333;\n}\n<\/style>\n<section  class='av_textblock_section av-l2vucuj8-ccab866384f21b62ed7daf286d2eabda'  itemscope=\"itemscope\" itemtype=\"https:\/\/schema.org\/CreativeWork\" ><div class='avia_textblock av_inherit_color'  itemprop=\"text\" ><h2>Neden teardrop r\u00f6morkta kamera olmal\u0131?<\/h2>\n<\/div><\/section><br \/>\n<section  class='av_textblock_section av-l2vucyq1-7aafae540286fe3356a0a7f87fe1c1d5'  itemscope=\"itemscope\" itemtype=\"https:\/\/schema.org\/CreativeWork\" ><div class='avia_textblock'  itemprop=\"text\" ><p>G\u00f6zya\u015f\u0131 treylerinde neden kamera olmal\u0131? \u00c7\u00fcnk\u00fc arac\u0131n etraf\u0131n\u0131 saran bir k\u00f6r noktas\u0131 vard\u0131r ve \u00f6nden ve arkadan birka\u00e7 metreden g\u00f6r\u00fcnmeyebilir. Her iki taraftaki k\u00f6r noktalar biraz daha k\u00fc\u00e7\u00fckt\u00fcr, sol tarafta yakla\u015f\u0131k onlarca santimetre ve sa\u011f tarafta daha b\u00fcy\u00fckt\u00fcr, bu da bir veya iki metreye ula\u015fabilir. Bu nedenle, s\u00fcr\u00fc\u015f g\u00f6r\u00fc\u015f\u00fcn\u00fc b\u00fcy\u00fck \u00f6l\u00e7\u00fcde iyile\u015ftirebilen ve s\u00fcr\u00fc\u015f g\u00fcvenli\u011fini art\u0131rabilen bir arka g\u00f6r\u00fc\u015f kameras\u0131 ve bir geri vites radar\u0131 takmak \u00e7ok gereklidir.<\/p>\n<p>Kamera ask\u0131ya, yata\u011fa veya r\u00f6morkun i\u00e7ine monte edilir. Kamera tak\u0131ld\u0131ktan sonra, neler oldu\u011funu bilgi-e\u011flence sisteminde bulunan monit\u00f6rden g\u00f6rebilirsiniz. Kameran\u0131n d\u00fczg\u00fcn \u00e7al\u0131\u015ft\u0131\u011f\u0131ndan emin olmak i\u00e7in, bilgi-e\u011flence sisteminin men\u00fcs\u00fcn\u00fc kullanarak video ak\u0131\u015f\u0131n\u0131 a\u00e7\u0131p kapatabilirsiniz. Kameran\u0131n ger\u00e7ek zamanl\u0131 olarak ne g\u00f6rd\u00fc\u011f\u00fcn\u00fc g\u00f6rmek istiyorsan\u0131z, kameray\u0131 yan tarafa monte edebilirsiniz.<\/p>\n<\/div><\/section><\/p><\/div>\n<div class='av-flex-placeholder'><\/div><div class='flex_column av-33x9jf-1c424f85e815b2819914c47335725612 av_one_third  avia-builder-el-11  el_after_av_two_third  el_before_av_one_full  flex_column_table_cell av-equal-height-column av-align-middle column-top-margin'   ><style type=\"text\/css\" data-created_by=\"avia_inline_auto\" id=\"style-css-av-4bt46-8ab258daab3193aec8197d9c30f25fb5\">\n.avia-image-container.av-4bt46-8ab258daab3193aec8197d9c30f25fb5 .av-image-caption-overlay-center{\ncolor:#ffffff;\n}\n<\/style>\n<div  class='avia-image-container av-4bt46-8ab258daab3193aec8197d9c30f25fb5 av-styling- avia-align-center  avia-builder-el-12  avia-builder-el-no-sibling'  itemprop=\"image\" itemscope=\"itemscope\" itemtype=\"https:\/\/schema.org\/ImageObject\" ><div class=\"avia-image-container-inner\"><div class=\"avia-image-overlay-wrap\"><img decoding=\"async\" class='wp-image-23592 avia-img-lazy-loading-not-23592 avia_image lazyload' data-src=\"https:\/\/luview.com\/wp-content\/uploads\/2022\/08\/Teardrop-Trailer-Camera-Solution.jpg\" alt='Teardrop Treyler Kamera \u00c7\u00f6z\u00fcm\u00fc' title='Teardrop Treyler Kamera \u00c7\u00f6z\u00fcm\u00fc'  height=\"400\" width=\"400\"  itemprop=\"thumbnailUrl\" data-srcset=\"https:\/\/luview.com\/wp-content\/uploads\/2022\/08\/Teardrop-Trailer-Camera-Solution.jpg 400w, https:\/\/luview.com\/wp-content\/uploads\/2022\/08\/Teardrop-Trailer-Camera-Solution-100x100.jpg 100w, https:\/\/luview.com\/wp-content\/uploads\/2022\/08\/Teardrop-Trailer-Camera-Solution-300x300.jpg 300w, https:\/\/luview.com\/wp-content\/uploads\/2022\/08\/Teardrop-Trailer-Camera-Solution-80x80.jpg 80w, https:\/\/luview.com\/wp-content\/uploads\/2022\/08\/Teardrop-Trailer-Camera-Solution-36x36.jpg 36w, https:\/\/luview.com\/wp-content\/uploads\/2022\/08\/Teardrop-Trailer-Camera-Solution-180x180.jpg 180w\" data-sizes=\"(max-width: 400px) 100vw, 400px\" src=\"data:image\/svg+xml;base64,PHN2ZyB3aWR0aD0iMSIgaGVpZ2h0PSIxIiB4bWxucz0iaHR0cDovL3d3dy53My5vcmcvMjAwMC9zdmciPjwvc3ZnPg==\" style=\"--smush-placeholder-width: 400px; --smush-placeholder-aspect-ratio: 400\/400;\" \/><\/div><\/div><\/div><\/div><\/div><!--close column table wrapper. Autoclose: 1 -->\n<div class='flex_column av-pkvnjt-be56888e0de335ca47e851a37ac653d9 av_one_full  avia-builder-el-13  el_after_av_one_third  el_before_av_one_full  first flex_column_div column-top-margin'   ><style type=\"text\/css\" data-created_by=\"avia_inline_auto\" id=\"style-css-av-l77p5w2z-7690b6f878f097252dd23ed3e9b786d6\">\n#top .av_textblock_section.av-l77p5w2z-7690b6f878f097252dd23ed3e9b786d6 .avia_textblock{\ncolor:#333333;\n}\n<\/style>\n<section  class='av_textblock_section av-l77p5w2z-7690b6f878f097252dd23ed3e9b786d6'  itemscope=\"itemscope\" itemtype=\"https:\/\/schema.org\/CreativeWork\" ><div class='avia_textblock av_inherit_color'  itemprop=\"text\" ><h2 style=\"text-align: center;\">Treyler kameralar\u0131 nas\u0131l kurulur?<\/h2>\n<\/div><\/section><br \/>\n<section  class='av_textblock_section av-l77p6arc-88bb39df2570d84b1a89f9e42e6cd9b4'  itemscope=\"itemscope\" itemtype=\"https:\/\/schema.org\/CreativeWork\" ><div class='avia_textblock'  itemprop=\"text\" ><p>G\u00f6zya\u015f\u0131 damlas\u0131 r\u00f6mork kameralar\u0131 i\u00e7in kurulum s\u00fcreci \u00e7ok de\u011fi\u015febilir. Kablosuz veya kablolu yedekleme kameralar\u0131 kullanmay\u0131 se\u00e7ebilirsiniz. \u0130kisi aras\u0131ndaki fark g\u00fc\u00e7 kayna\u011f\u0131 t\u00fcr\u00fcd\u00fcr. Kablolu yedek kameralar\u0131n kurulumu daha fazla \u00e7al\u0131\u015fma ve zaman gerektirir ve kablosuz modeller kadar kullan\u0131\u015fl\u0131 olmayabilir. Bununla birlikte, kurulum s\u00fcreci daha karma\u015f\u0131kt\u0131r ve i\u00e7 panelleri \u00e7\u0131karman\u0131z\u0131 gerektirebilir. Kablosuz kameralar bu t\u00fcr bir kurulum gerektirmez.<\/p>\n<\/div><\/section><\/p><\/div>\n<div class='flex_column av-21d3xh-695205ba303cb39a2c2bd0eb62eac4b1 av_one_full  avia-builder-el-16  el_after_av_one_full  el_before_av_one_half  first flex_column_div column-top-margin'   ><style type=\"text\/css\" data-created_by=\"avia_inline_auto\" id=\"style-css-av-l77soyqe-0cc257716c895ce88fbbc1aae45b2f80\">\n#top .av_textblock_section.av-l77soyqe-0cc257716c895ce88fbbc1aae45b2f80 .avia_textblock{\ncolor:#333333;\n}\n<\/style>\n<section  class='av_textblock_section av-l77soyqe-0cc257716c895ce88fbbc1aae45b2f80'  itemscope=\"itemscope\" itemtype=\"https:\/\/schema.org\/CreativeWork\" ><div class='avia_textblock av_inherit_color'  itemprop=\"text\" ><h2 style=\"text-align: center;\">G\u00f6zya\u015f\u0131 damlas\u0131 r\u00f6mork i\u00e7in farkl\u0131 kamera t\u00fcrleri<\/h2>\n<\/div><\/section><br \/>\n<section  class='av_textblock_section av-l77spdcm-cc68391d5f1610dead23b43291f9092b'  itemscope=\"itemscope\" itemtype=\"https:\/\/schema.org\/CreativeWork\" ><div class='avia_textblock'  itemprop=\"text\" ><p>G\u00f6zya\u015f\u0131 damlas\u0131 r\u00f6morkunuz i\u00e7in bir yedek kamera sistemi ararken, birka\u00e7 farkl\u0131 se\u00e7ene\u011finiz vard\u0131r. Bir arka g\u00f6r\u00fc\u015f, yan g\u00f6r\u00fc\u015f veya ara\u00e7 kameras\u0131 sat\u0131n alabilirsiniz.<\/p>\n<p>Bir treyler kamera sistemi se\u00e7erken, monit\u00f6r t\u00fcr\u00fcn\u00fc g\u00f6z \u00f6n\u00fcnde bulundurmay\u0131 unutmamal\u0131s\u0131n\u0131z. Sat\u0131n alabilece\u011finiz \u00e7e\u015fitli monit\u00f6r t\u00fcrleri vard\u0131r. Baz\u0131 kameralar monit\u00f6rlerle birlikte gelirken, baz\u0131lar\u0131nda yaln\u0131zca kamera ve monit\u00f6r bulunur. Damperli r\u00f6mork kamera sisteminiz i\u00e7in do\u011fru monit\u00f6r\u00fc se\u00e7mek ba\u015far\u0131 ile ba\u015far\u0131s\u0131zl\u0131k aras\u0131ndaki fark\u0131 yaratabilir. En iyi se\u00e7enek, size m\u00fcmk\u00fcn olan en net g\u00f6r\u00fcnt\u00fcy\u00fc verecek olan\u0131 se\u00e7mektir.<\/p>\n<\/div><\/section><\/p><\/div>\n<div class='flex_column av-zah7a-ba1830be2d4d11e4983aa8cca0b036ad av_one_half  avia-builder-el-19  el_after_av_one_full  el_before_av_one_half  first flex_column_div column-top-margin'   ><p>\n<style type=\"text\/css\" data-created_by=\"avia_inline_auto\" id=\"style-css-av-l2vucd71-8b97d8b9af1aee551fa68d2b4e6549e6\">\n.avia-image-container.av-l2vucd71-8b97d8b9af1aee551fa68d2b4e6549e6 .av-image-caption-overlay-center{\ncolor:#ffffff;\n}\n<\/style>\n<div  class='avia-image-container av-l2vucd71-8b97d8b9af1aee551fa68d2b4e6549e6 av-styling- avia-align-center  avia-builder-el-20  el_before_av_textblock  avia-builder-el-first'  itemprop=\"image\" itemscope=\"itemscope\" itemtype=\"https:\/\/schema.org\/ImageObject\" ><div class=\"avia-image-container-inner\"><div class=\"avia-image-overlay-wrap\"><a href=\"https:\/\/luview.com\/tr\/product\/jy-027-mini-camera-with-sony-starlight-wide-dynamic-sensor\/\" class='avia_image' ><img decoding=\"async\" class='wp-image-955 avia-img-lazy-loading-not-955 avia_image lazyload' data-src=\"https:\/\/luview.com\/wp-content\/uploads\/2022\/06\/JY-027-mini-camera.jpg\" alt='Sony starlight geni\u015f dinamik sens\u00f6rl\u00fc JY-027 mini kamera' title='Sony starlight geni\u015f dinamik sens\u00f6rl\u00fc JY-027 mini kamera'  height=\"800\" width=\"800\"  itemprop=\"thumbnailUrl\" data-srcset=\"https:\/\/luview.com\/wp-content\/uploads\/2022\/06\/JY-027-mini-camera.jpg 800w, https:\/\/luview.com\/wp-content\/uploads\/2022\/06\/JY-027-mini-camera-600x600.jpg 600w, https:\/\/luview.com\/wp-content\/uploads\/2022\/06\/JY-027-mini-camera-100x100.jpg 100w, https:\/\/luview.com\/wp-content\/uploads\/2022\/06\/JY-027-mini-camera-300x300.jpg 300w, https:\/\/luview.com\/wp-content\/uploads\/2022\/06\/JY-027-mini-camera-80x80.jpg 80w, https:\/\/luview.com\/wp-content\/uploads\/2022\/06\/JY-027-mini-camera-768x768.jpg 768w, https:\/\/luview.com\/wp-content\/uploads\/2022\/06\/JY-027-mini-camera-36x36.jpg 36w, https:\/\/luview.com\/wp-content\/uploads\/2022\/06\/JY-027-mini-camera-180x180.jpg 180w, https:\/\/luview.com\/wp-content\/uploads\/2022\/06\/JY-027-mini-camera-705x705.jpg 705w\" data-sizes=\"(max-width: 800px) 100vw, 800px\" src=\"data:image\/svg+xml;base64,PHN2ZyB3aWR0aD0iMSIgaGVpZ2h0PSIxIiB4bWxucz0iaHR0cDovL3d3dy53My5vcmcvMjAwMC9zdmciPjwvc3ZnPg==\" style=\"--smush-placeholder-width: 800px; --smush-placeholder-aspect-ratio: 800\/800;\" \/><\/a><\/div><\/div><\/div><br \/>\n\n<style type=\"text\/css\" data-created_by=\"avia_inline_auto\" id=\"style-css-av-l2vugtbd-f5ebea5a4705b3b5018cc5728b8d05be\">\n#top .av_textblock_section.av-l2vugtbd-f5ebea5a4705b3b5018cc5728b8d05be .avia_textblock{\ntext-align:center;\n}\n<\/style>\n<section  class='av_textblock_section av-l2vugtbd-f5ebea5a4705b3b5018cc5728b8d05be'  itemscope=\"itemscope\" itemtype=\"https:\/\/schema.org\/CreativeWork\" ><div class='avia_textblock av_inherit_color'  itemprop=\"text\" ><p style=\"text-align: center;\">JY-028 Arka G\u00f6r\u00fc\u015f Kameras\u0131<\/p>\n<\/div><\/section><\/p><\/div>\n<div class='flex_column av-r4xau-359a78e09f788191996619a375f594d1 av_one_half  avia-builder-el-22  el_after_av_one_half  el_before_av_one_full  flex_column_div column-top-margin'   ><p>\n<style type=\"text\/css\" data-created_by=\"avia_inline_auto\" id=\"style-css-av-l2vullqs-1185245dbbdd53e2af8f26d82d446559\">\n.avia-image-container.av-l2vullqs-1185245dbbdd53e2af8f26d82d446559 .av-image-caption-overlay-center{\ncolor:#ffffff;\n}\n<\/style>\n<div  class='avia-image-container av-l2vullqs-1185245dbbdd53e2af8f26d82d446559 av-styling- avia-align-center  avia-builder-el-23  el_before_av_textblock  avia-builder-el-first'  itemprop=\"image\" itemscope=\"itemscope\" itemtype=\"https:\/\/schema.org\/ImageObject\" ><div class=\"avia-image-container-inner\"><div class=\"avia-image-overlay-wrap\"><a href=\"https:\/\/luview.com\/tr\/product\/jy-pt08-ultrasonic-parking-sensor-system-with-parking-sensors-backup-cameras-monitor\/\" class='avia_image' ><img decoding=\"async\" class='wp-image-1305 avia-img-lazy-loading-not-1305 avia_image lazyload' data-src=\"https:\/\/luview.com\/wp-content\/uploads\/2022\/06\/PT08-parking-sensor-for-truck.jpg\" alt='JY-PT08 Park Sens\u00f6rleri, Geri G\u00f6r\u00fc\u015f Kameralar\u0131 ve Monit\u00f6rl\u00fc Ultrasonik Park Sens\u00f6r\u00fc Sistemi' title='JY-PT08 Park Sens\u00f6rleri, Geri G\u00f6r\u00fc\u015f Kameralar\u0131 ve Monit\u00f6rl\u00fc Ultrasonik Park Sens\u00f6r\u00fc Sistemi'  height=\"800\" width=\"800\"  itemprop=\"thumbnailUrl\" data-srcset=\"https:\/\/luview.com\/wp-content\/uploads\/2022\/06\/PT08-parking-sensor-for-truck.jpg 800w, https:\/\/luview.com\/wp-content\/uploads\/2022\/06\/PT08-parking-sensor-for-truck-600x600.jpg 600w, https:\/\/luview.com\/wp-content\/uploads\/2022\/06\/PT08-parking-sensor-for-truck-100x100.jpg 100w, https:\/\/luview.com\/wp-content\/uploads\/2022\/06\/PT08-parking-sensor-for-truck-300x300.jpg 300w, https:\/\/luview.com\/wp-content\/uploads\/2022\/06\/PT08-parking-sensor-for-truck-80x80.jpg 80w, https:\/\/luview.com\/wp-content\/uploads\/2022\/06\/PT08-parking-sensor-for-truck-768x768.jpg 768w, https:\/\/luview.com\/wp-content\/uploads\/2022\/06\/PT08-parking-sensor-for-truck-36x36.jpg 36w, https:\/\/luview.com\/wp-content\/uploads\/2022\/06\/PT08-parking-sensor-for-truck-180x180.jpg 180w, https:\/\/luview.com\/wp-content\/uploads\/2022\/06\/PT08-parking-sensor-for-truck-705x705.jpg 705w\" data-sizes=\"(max-width: 800px) 100vw, 800px\" src=\"data:image\/svg+xml;base64,PHN2ZyB3aWR0aD0iMSIgaGVpZ2h0PSIxIiB4bWxucz0iaHR0cDovL3d3dy53My5vcmcvMjAwMC9zdmciPjwvc3ZnPg==\" style=\"--smush-placeholder-width: 800px; --smush-placeholder-aspect-ratio: 800\/800;\" \/><\/a><\/div><\/div><\/div><br \/>\n\n<style type=\"text\/css\" data-created_by=\"avia_inline_auto\" id=\"style-css-av-l2vulpvz-99f04c506acff7143dcb9a13782c9583\">\n#top .av_textblock_section.av-l2vulpvz-99f04c506acff7143dcb9a13782c9583 .avia_textblock{\ntext-align:center;\n}\n<\/style>\n<section  class='av_textblock_section av-l2vulpvz-99f04c506acff7143dcb9a13782c9583'  itemscope=\"itemscope\" itemtype=\"https:\/\/schema.org\/CreativeWork\" ><div class='avia_textblock av_inherit_color'  itemprop=\"text\" ><p style=\"text-align: center;\">JY-PT08 Ultrasonik Park Sens\u00f6r\u00fc Sistemi<\/p>\n<\/div><\/section><\/p><\/div>\n<div class='flex_column_table av-ptt5ef-e4db29735c5bd79bb3b23a382b83e0e1 sc-av_one_full av-equal-height-column-flextable'><div class='flex_column av-ptt5ef-e4db29735c5bd79bb3b23a382b83e0e1 av_one_full  avia-builder-el-25  el_after_av_one_half  el_before_av_one_full  first flex_column_table_cell av-equal-height-column av-align-middle column-top-margin'   ><style type=\"text\/css\" data-created_by=\"avia_inline_auto\" id=\"style-css-av-l5gv95n1-52962a14e1f5ce04f6420ca585b86a9c\">\n#top .av_textblock_section.av-l5gv95n1-52962a14e1f5ce04f6420ca585b86a9c .avia_textblock{\ncolor:#333333;\n}\n<\/style>\n<section  class='av_textblock_section av-l5gv95n1-52962a14e1f5ce04f6420ca585b86a9c'  itemscope=\"itemscope\" itemtype=\"https:\/\/schema.org\/CreativeWork\" ><div class='avia_textblock av_inherit_color'  itemprop=\"text\" ><h2>Treyler kamera sistemi maliyeti<\/h2>\n<\/div><\/section><br \/>\n<section  class='av_textblock_section av-l5gv9hgg-59d30e6d59d4377f5e6e2c8ec147cd2f'  itemscope=\"itemscope\" itemtype=\"https:\/\/schema.org\/CreativeWork\" ><div class='avia_textblock'  itemprop=\"text\" ><p>G\u00f6zya\u015f\u0131 damlas\u0131 r\u00f6mork kamera sisteminin maliyeti s\u00f6z konusu oldu\u011funda, birka\u00e7 se\u00e7ene\u011finiz vard\u0131r. WiFi \u00fczerinden \u00e7al\u0131\u015fan kablosuz yedekleme kameralar\u0131 sat\u0131n alabilirsiniz. Kablolu yedekleme kameralar\u0131 biraz daha pahal\u0131d\u0131r, ancak daha g\u00fcvenilirdirler. Kablolu kamera t\u00fcr\u00fc profesyonel kurulum gerektirir. G\u00f6zya\u015f\u0131 damlas\u0131 r\u00f6morkunuz i\u00e7in bir JY-028 Geri G\u00f6r\u00fc\u015f Kameras\u0131 ve bir JY-PT08 Ultrasonik Park Sens\u00f6r\u00fc Sistemi kurman\u0131z\u0131 \u00f6neririz. Ayn\u0131 zamanda bir monit\u00f6r de sat\u0131n alabilirsiniz. Sistemin fiyat\u0131 yakla\u015f\u0131k $230'dur.<\/p>\n<\/div><\/section><\/p><\/div><\/div><!--close column table wrapper. Autoclose: 1 -->\n\n<style type=\"text\/css\" data-created_by=\"avia_inline_auto\" id=\"style-css-av-l2vletd8-6873c757f85d604bdfa88a557a400ac2\">\n.flex_column.av-l2vletd8-6873c757f85d604bdfa88a557a400ac2{\nborder-radius:15px 15px 15px 15px;\n-webkit-border-radius:15px 15px 15px 15px;\n-moz-border-radius:15px 15px 15px 15px;\npadding:50px 50px 50px 50px;\nbox-shadow:0 0 10px 0 #e0e0e0;\n-webkit-box-shadow:0 0 10px 0 #e0e0e0;\n-moz-box-shadow:0 0 10px 0 #e0e0e0;\nbackground-color:#ffffff;\n}\n<\/style>\n<div class='flex_column av-l2vletd8-6873c757f85d604bdfa88a557a400ac2 av_one_full  avia-builder-el-28  el_after_av_one_full  avia-builder-el-last  first flex_column_div column-top-margin'   ><style type=\"text\/css\" data-created_by=\"avia_inline_auto\" id=\"style-css-av-1pn56r-c5797cae44e1194cd88c41e4e080c4a0\">\n#top .av_textblock_section.av-1pn56r-c5797cae44e1194cd88c41e4e080c4a0 .avia_textblock{\ntext-align:center;\n}\n<\/style>\n<section  class='av_textblock_section av-1pn56r-c5797cae44e1194cd88c41e4e080c4a0'  itemscope=\"itemscope\" itemtype=\"https:\/\/schema.org\/CreativeWork\" ><div class='avia_textblock'  itemprop=\"text\" ><h2 style=\"text-transform: uppercase;\">\u00d6zel Teklif<\/h2>\n<\/div><\/section><br \/>\n\n<style type=\"text\/css\" data-created_by=\"avia_inline_auto\" id=\"style-css-av-1me14z-8350f34feb640d6e4b487e997fe59277\">\n#top .hr.hr-invisible.av-1me14z-8350f34feb640d6e4b487e997fe59277{\nheight:30px;\n}\n<\/style>\n<div  class='hr av-1me14z-8350f34feb640d6e4b487e997fe59277 hr-invisible  avia-builder-el-30  el_after_av_textblock  el_before_av_codeblock'><span class='hr-inner'><span class=\"hr-inner-style\"><\/span><\/span><\/div><br \/>\n<\/p><\/div>","protected":false},"excerpt":{"rendered":"","protected":false},"author":1,"featured_media":0,"parent":23281,"menu_order":0,"comment_status":"closed","ping_status":"closed","template":"","meta":{"_monsterinsights_skip_tracking":false,"_monsterinsights_sitenote_active":false,"_monsterinsights_sitenote_note":"","_monsterinsights_sitenote_category":0,"footnotes":""},"class_list":["post-23589","page","type-page","status-publish","hentry"],"_links":{"self":[{"href":"https:\/\/luview.com\/tr\/wp-json\/wp\/v2\/pages\/23589","targetHints":{"allow":["GET"]}}],"collection":[{"href":"https:\/\/luview.com\/tr\/wp-json\/wp\/v2\/pages"}],"about":[{"href":"https:\/\/luview.com\/tr\/wp-json\/wp\/v2\/types\/page"}],"author":[{"embeddable":true,"href":"https:\/\/luview.com\/tr\/wp-json\/wp\/v2\/users\/1"}],"replies":[{"embeddable":true,"href":"https:\/\/luview.com\/tr\/wp-json\/wp\/v2\/comments?post=23589"}],"version-history":[{"count":0,"href":"https:\/\/luview.com\/tr\/wp-json\/wp\/v2\/pages\/23589\/revisions"}],"up":[{"embeddable":true,"href":"https:\/\/luview.com\/tr\/wp-json\/wp\/v2\/pages\/23281"}],"wp:attachment":[{"href":"https:\/\/luview.com\/tr\/wp-json\/wp\/v2\/media?parent=23589"}],"curies":[{"name":"wp","href":"https:\/\/api.w.org\/{rel}","templated":true}]}}