{"id":24623,"date":"2023-06-26T02:50:28","date_gmt":"2023-06-26T02:50:28","guid":{"rendered":"https:\/\/luview.com\/?page_id=24623"},"modified":"2026-03-10T02:55:12","modified_gmt":"2026-03-10T02:55:12","slug":"polis-vucut-kamerasi","status":"publish","type":"page","link":"https:\/\/luview.com\/tr\/products\/dash-cameras\/police-body-camera\/","title":{"rendered":"Polis V\u00fccut Kameras\u0131"},"content":{"rendered":"<style type=\"text\/css\" data-created_by=\"avia_inline_auto\" id=\"style-css-av-l2y9d09l-7a95ab9cf3f7a848718744ae8d01c009\">\n.avia-section.av-l2y9d09l-7a95ab9cf3f7a848718744ae8d01c009{\nbackground-repeat:no-repeat;\nbackground-image:url(https:\/\/luview.com\/wp-content\/uploads\/2024\/11\/\u8bb0\u5f55\u4eea.jpg);\nbackground-position:50% 50%;\nbackground-attachment:scroll;\n}\n.avia-section.av-l2y9d09l-7a95ab9cf3f7a848718744ae8d01c009 .av-section-color-overlay{\nopacity:0.8;\nbackground-color:#222222;\n}\n<\/style>\n<div id='av_section_1'  class='avia-section av-l2y9d09l-7a95ab9cf3f7a848718744ae8d01c009 main_color avia-section-default avia-no-border-styling  avia-builder-el-0  el_before_av_one_full  avia-builder-el-first  titlebarbox avia-full-stretch avia-bg-style-scroll av-section-color-overlay-active container_wrap sidebar_left'  data-section-bg-repeat='stretch'><div class=\"av-section-color-overlay-wrap\"><div class=\"av-section-color-overlay\"><\/div><div class='container av-section-cont-open' ><main  role=\"main\" itemprop=\"mainContentOfPage\"  class='template-page content  av-content-small units'><div class='post-entry post-entry-type-page post-entry-24623'><div class='entry-content-wrapper clearfix'>\n\n<style type=\"text\/css\" data-created_by=\"avia_inline_auto\" id=\"style-css-av-ro2v-a87e36abb91cc5e18f3d0098b40720d3\">\n.flex_column.av-ro2v-a87e36abb91cc5e18f3d0098b40720d3{\npadding:10% 0 10% 0;\n}\n<\/style>\n<div class='flex_column av-ro2v-a87e36abb91cc5e18f3d0098b40720d3 av_one_full  avia-builder-el-1  avia-builder-el-no-sibling  first flex_column_div'   ><style type=\"text\/css\" data-created_by=\"avia_inline_auto\" id=\"style-css-av-l2y9au29-bf07c75c092d3a9f62676db415f615f7\">\n#top .av_textblock_section.av-l2y9au29-bf07c75c092d3a9f62676db415f615f7 .avia_textblock{\ncolor:#ffffff;\ntext-align:center;\n}\n<\/style>\n<section  class='av_textblock_section av-l2y9au29-bf07c75c092d3a9f62676db415f615f7'  itemscope=\"itemscope\" itemtype=\"https:\/\/schema.org\/CreativeWork\" ><div class='avia_textblock av_inherit_color'  itemprop=\"text\" ><h1>Polis V\u00fccut Kameras\u0131<\/h1>\n<\/div><\/section><br \/>\n<\/p><\/div>\n<\/div><\/div><\/main><!-- close content main element --><\/div><\/div><\/div><div id='after_section_1'  class='main_color av_default_container_wrap container_wrap sidebar_left'  ><div class='container av-section-cont-open' ><div class='template-page content  av-content-small units'><div class='post-entry post-entry-type-page post-entry-24623'><div class='entry-content-wrapper clearfix'>\n<div class='flex_column av-6hmib-0f7b6fcf00f9273a80dfc45f533798fb av_one_full  avia-builder-el-4  el_after_av_section  el_before_av_one_full  avia-builder-el-first  first flex_column_div'   ><section  class='av_textblock_section av-l2y9squj-e76031f6dac70c55a963b220d7b8ed83'  itemscope=\"itemscope\" itemtype=\"https:\/\/schema.org\/CreativeWork\" ><div class='avia_textblock'  itemprop=\"text\" ><h3 style=\"font-weight: bold;\">T\u00fcm Polis V\u00fccut Kameralar\u0131<\/h3>\n<\/div><\/section><br \/>\n<section  class='av_textblock_section av-l2y9tm1e-80c30be322df05d44e75397a617f5c97'  itemscope=\"itemscope\" itemtype=\"https:\/\/schema.org\/CreativeWork\" ><div class='avia_textblock'  itemprop=\"text\" ><p>Bir polis v\u00fccut kameras\u0131n\u0131n ana i\u015flevi, bir olay veya soru\u015fturma durumunda \u00e7ok \u00f6nemli kan\u0131tlar sa\u011flayabilecek video g\u00f6r\u00fcnt\u00fclerini kaydetmektir. Ayr\u0131ca, y\u00fcksek kaliteli bir lens, kolluk kuvvetlerinin durumlar\u0131 daha iyi g\u00f6zlemlemesine ve de\u011ferlendirmesine yard\u0131mc\u0131 olarak hem memurlar\u0131n hem de sivillerin g\u00fcvenli\u011fini sa\u011flayabilir. Kolluk kuvvetleri kameralar\u0131 ve polis v\u00fccut kameralar\u0131 gibi \u00fcr\u00fcnlerin ara\u015ft\u0131rma, geli\u015ftirme, \u00fcretim ve tedarikinde 18 y\u0131l\u0131 a\u015fk\u0131n deneyime sahip olan Luview, polis v\u00fccut kameralar\u0131 i\u00e7in g\u00fcvenilir bir ortakt\u0131r. Sorular\u0131n\u0131z ve i\u015fbirli\u011fi i\u00e7in l\u00fctfen bizimle ileti\u015fime ge\u00e7in <a href=\"http:\/\/mailto:sales@luview.com\/\">sales@luview.com<\/a>.<\/p>\n<\/div><\/section><br \/>\n<div  class='avia-button-wrap avia-button-left  avia-builder-el-7  el_after_av_textblock  avia-builder-el-last' ><a href='https:\/\/luview.com\/tr\/contact\/'  class='avia-button av-l2y9umzk-d16bac7bf4e11df2896cb79984c1e31c avia-icon_select-no avia-size-large avia-position-left avia-color-theme-color' ><span class='avia_iconbox_title' >\u015eimdi Sorgula<\/span><\/a><\/div><\/p><\/div>\n<div class='flex_column av-5hzen-23301fe4c356e81a47b358eb060165d1 av_one_full  avia-builder-el-8  el_after_av_one_full  el_before_av_one_full  first flex_column_div column-top-margin'   ><div  class='avia-product-slider-container av-l2y9wj0i-46e71945a915a3873bf11f6bf9f4bd30 template-shop avia-content-slider avia-content-grid-active shop_columns_3  avia-builder-el-9  avia-builder-el-no-sibling  myproducts avia-content-slider-odd  avia-builder-el-9  avia-builder-el-no-sibling  myproducts avia-product-slider1'  data-autoplay=''  data-interval='5'  data-animation='fade'  data-hoverpause='1' ><div class='avia-content-slider-inner'><ul class=\"products\"><li class=\"product type-product post-24655 status-publish first instock product_cat-police-body-worn-camera has-post-thumbnail featured shipping-taxable product-type-simple\">\n\t<div class='inner_product main_color wrapped_style noLightbox  av-product-class-no_button'><a href=\"https:\/\/luview.com\/tr\/product\/w2000-2-inch-full-color-ips-touch-screen-ip67-hd-loop-recording-police-body-camera\/\" class=\"woocommerce-LoopProduct-link woocommerce-loop-product__link\"><div class='thumbnail_container'><img decoding=\"async\" width=\"600\" height=\"600\" data-src=\"https:\/\/luview.com\/wp-content\/uploads\/2023\/06\/W2000-1-600x600.jpg\" class=\"wp-image-24656 avia-img-lazy-loading-24656 attachment-woocommerce_thumbnail size-woocommerce_thumbnail wp-post-image lazyload\" alt=\"W2000 2 in\u00e7 Tam Renkli IPS Dokunmatik Ekran IP67 HD D\u00f6ng\u00fc Kay\u0131t Polis V\u00fccut Kameras\u0131\" data-srcset=\"https:\/\/luview.com\/wp-content\/uploads\/2023\/06\/W2000-1-600x600.jpg 600w, https:\/\/luview.com\/wp-content\/uploads\/2023\/06\/W2000-1-100x100.jpg 100w, https:\/\/luview.com\/wp-content\/uploads\/2023\/06\/W2000-1-300x300.jpg 300w, https:\/\/luview.com\/wp-content\/uploads\/2023\/06\/W2000-1-80x80.jpg 80w, https:\/\/luview.com\/wp-content\/uploads\/2023\/06\/W2000-1-768x768.jpg 768w, https:\/\/luview.com\/wp-content\/uploads\/2023\/06\/W2000-1-36x36.jpg 36w, https:\/\/luview.com\/wp-content\/uploads\/2023\/06\/W2000-1-180x180.jpg 180w, https:\/\/luview.com\/wp-content\/uploads\/2023\/06\/W2000-1-430x430.jpg 430w, https:\/\/luview.com\/wp-content\/uploads\/2023\/06\/W2000-1-630x630.jpg 630w, https:\/\/luview.com\/wp-content\/uploads\/2023\/06\/W2000-1-705x705.jpg 705w, https:\/\/luview.com\/wp-content\/uploads\/2023\/06\/W2000-1-321x321.jpg 321w, https:\/\/luview.com\/wp-content\/uploads\/2023\/06\/W2000-1-120x120.jpg 120w, https:\/\/luview.com\/wp-content\/uploads\/2023\/06\/W2000-1-450x450.jpg 450w, https:\/\/luview.com\/wp-content\/uploads\/2023\/06\/W2000-1.jpg 800w\" data-sizes=\"(max-width: 600px) 100vw, 600px\" title=\"W2000 2 in\u00e7 tam renkli IPS dokunmatik ekran IP67 HD d\u00f6ng\u00fc kay\u0131t polis v\u00fccut kameras\u0131\u7f29\u7565\u56fe\" src=\"data:image\/svg+xml;base64,PHN2ZyB3aWR0aD0iMSIgaGVpZ2h0PSIxIiB4bWxucz0iaHR0cDovL3d3dy53My5vcmcvMjAwMC9zdmciPjwvc3ZnPg==\" style=\"--smush-placeholder-width: 600px; --smush-placeholder-aspect-ratio: 600\/600;\" \/><span class='cart-loading'><\/span><\/div><div class='inner_product_header'><div class='avia-arrow'><\/div><div class='inner_product_header_table'><div class='inner_product_header_cell'><h2 class=\"woocommerce-loop-product__title\">W2000 2 in\u00e7 tam renkli IPS dokunmatik ekran IP67 HD d\u00f6ng\u00fc kay\u0131t polis v\u00fccut kameras\u0131<\/h2>\n<\/div><\/div><\/div><\/a><\/div><\/li>\n<li class=\"product type-product post-24651 status-publish instock product_cat-police-body-worn-camera has-post-thumbnail featured shipping-taxable product-type-simple\">\n\t<div class='inner_product main_color wrapped_style noLightbox  av-product-class-no_button'><a href=\"https:\/\/luview.com\/tr\/product\/w3-high-strength-integrated-wifi-connectivity-police-body-camera-with-full-color-ips-display\/\" class=\"woocommerce-LoopProduct-link woocommerce-loop-product__link\"><div class='thumbnail_container'><img decoding=\"async\" width=\"600\" height=\"600\" data-src=\"https:\/\/luview.com\/wp-content\/uploads\/2023\/06\/1-2-600x600.jpg\" class=\"wp-image-24652 avia-img-lazy-loading-24652 attachment-woocommerce_thumbnail size-woocommerce_thumbnail wp-post-image lazyload\" alt=\"Tam Renkli IPS Ekranl\u0131 W4 Y\u00fcksek G\u00fc\u00e7l\u00fc Entegre Wifi Ba\u011flant\u0131l\u0131 Polis V\u00fccut Kameras\u0131\" data-srcset=\"https:\/\/luview.com\/wp-content\/uploads\/2023\/06\/1-2-600x600.jpg 600w, https:\/\/luview.com\/wp-content\/uploads\/2023\/06\/1-2-100x100.jpg 100w, https:\/\/luview.com\/wp-content\/uploads\/2023\/06\/1-2-300x300.jpg 300w, https:\/\/luview.com\/wp-content\/uploads\/2023\/06\/1-2-80x80.jpg 80w, https:\/\/luview.com\/wp-content\/uploads\/2023\/06\/1-2-768x768.jpg 768w, https:\/\/luview.com\/wp-content\/uploads\/2023\/06\/1-2-36x36.jpg 36w, https:\/\/luview.com\/wp-content\/uploads\/2023\/06\/1-2-180x180.jpg 180w, https:\/\/luview.com\/wp-content\/uploads\/2023\/06\/1-2-430x430.jpg 430w, https:\/\/luview.com\/wp-content\/uploads\/2023\/06\/1-2-630x630.jpg 630w, https:\/\/luview.com\/wp-content\/uploads\/2023\/06\/1-2-705x705.jpg 705w, https:\/\/luview.com\/wp-content\/uploads\/2023\/06\/1-2-321x321.jpg 321w, https:\/\/luview.com\/wp-content\/uploads\/2023\/06\/1-2-120x120.jpg 120w, https:\/\/luview.com\/wp-content\/uploads\/2023\/06\/1-2-450x450.jpg 450w, https:\/\/luview.com\/wp-content\/uploads\/2023\/06\/1-2.jpg 800w\" data-sizes=\"(max-width: 600px) 100vw, 600px\" title=\"W3 Tam renkli IPS ekranl\u0131 y\u00fcksek g\u00fc\u00e7l\u00fc entegre Wifi ba\u011flant\u0131l\u0131 polis v\u00fccut kameras\u0131\u7f29\u7565\u56fe\" src=\"data:image\/svg+xml;base64,PHN2ZyB3aWR0aD0iMSIgaGVpZ2h0PSIxIiB4bWxucz0iaHR0cDovL3d3dy53My5vcmcvMjAwMC9zdmciPjwvc3ZnPg==\" style=\"--smush-placeholder-width: 600px; --smush-placeholder-aspect-ratio: 600\/600;\" \/><span class='cart-loading'><\/span><\/div><div class='inner_product_header'><div class='avia-arrow'><\/div><div class='inner_product_header_table'><div class='inner_product_header_cell'><h2 class=\"woocommerce-loop-product__title\">W3 Tam renkli IPS ekranl\u0131 y\u00fcksek g\u00fc\u00e7l\u00fc entegre Wifi ba\u011flant\u0131l\u0131 polis v\u00fccut kameras\u0131<\/h2>\n<\/div><\/div><\/div><\/a><\/div><\/li>\n<li class=\"product type-product post-24645 status-publish last instock product_cat-police-body-worn-camera has-post-thumbnail featured shipping-taxable product-type-simple\">\n\t<div class='inner_product main_color wrapped_style noLightbox  av-product-class-no_button'><a href=\"https:\/\/luview.com\/tr\/product\/w4-waterproof-ip65-wifi-wireless-color-ips-display-mini-police-body-camera\/\" class=\"woocommerce-LoopProduct-link woocommerce-loop-product__link\"><div class='thumbnail_container'><img decoding=\"async\" width=\"600\" height=\"600\" data-src=\"https:\/\/luview.com\/wp-content\/uploads\/2023\/06\/1-1-600x600.jpg\" class=\"wp-image-24647 avia-img-lazy-loading-24647 attachment-woocommerce_thumbnail size-woocommerce_thumbnail wp-post-image lazyload\" alt=\"W3 Su Ge\u00e7irmez IP65 WIFI Kablosuz Renkli IPS Ekran Mini Polis V\u00fccut Kameras\u0131\" data-srcset=\"https:\/\/luview.com\/wp-content\/uploads\/2023\/06\/1-1-600x600.jpg 600w, https:\/\/luview.com\/wp-content\/uploads\/2023\/06\/1-1-100x100.jpg 100w, https:\/\/luview.com\/wp-content\/uploads\/2023\/06\/1-1-300x300.jpg 300w, https:\/\/luview.com\/wp-content\/uploads\/2023\/06\/1-1-80x80.jpg 80w, https:\/\/luview.com\/wp-content\/uploads\/2023\/06\/1-1-768x768.jpg 768w, https:\/\/luview.com\/wp-content\/uploads\/2023\/06\/1-1-36x36.jpg 36w, https:\/\/luview.com\/wp-content\/uploads\/2023\/06\/1-1-180x180.jpg 180w, https:\/\/luview.com\/wp-content\/uploads\/2023\/06\/1-1-430x430.jpg 430w, https:\/\/luview.com\/wp-content\/uploads\/2023\/06\/1-1-630x630.jpg 630w, https:\/\/luview.com\/wp-content\/uploads\/2023\/06\/1-1-705x705.jpg 705w, https:\/\/luview.com\/wp-content\/uploads\/2023\/06\/1-1-321x321.jpg 321w, https:\/\/luview.com\/wp-content\/uploads\/2023\/06\/1-1-120x120.jpg 120w, https:\/\/luview.com\/wp-content\/uploads\/2023\/06\/1-1-450x450.jpg 450w, https:\/\/luview.com\/wp-content\/uploads\/2023\/06\/1-1.jpg 800w\" data-sizes=\"(max-width: 600px) 100vw, 600px\" title=\"W4 Su ge\u00e7irmez IP65 WIFI kablosuz renkli IPS ekran mini polis v\u00fccut kameras\u0131\u7f29\u7565\u56fe\" src=\"data:image\/svg+xml;base64,PHN2ZyB3aWR0aD0iMSIgaGVpZ2h0PSIxIiB4bWxucz0iaHR0cDovL3d3dy53My5vcmcvMjAwMC9zdmciPjwvc3ZnPg==\" style=\"--smush-placeholder-width: 600px; --smush-placeholder-aspect-ratio: 600\/600;\" \/><span class='cart-loading'><\/span><\/div><div class='inner_product_header'><div class='avia-arrow'><\/div><div class='inner_product_header_table'><div class='inner_product_header_cell'><h2 class=\"woocommerce-loop-product__title\">W4 Su ge\u00e7irmez IP65 WIFI kablosuz renkli IPS ekran mini polis v\u00fccut kameras\u0131<\/h2>\n<\/div><\/div><\/div><\/a><\/div><\/li>\n<li class=\"product type-product post-24640 status-publish first instock product_cat-police-body-worn-camera has-post-thumbnail featured shipping-taxable product-type-simple\">\n\t<div class='inner_product main_color wrapped_style noLightbox  av-product-class-no_button'><a href=\"https:\/\/luview.com\/tr\/product\/w1-portable-hd-mini-police-body-camera-with-infrared-night-vision\/\" class=\"woocommerce-LoopProduct-link woocommerce-loop-product__link\"><div class='thumbnail_container'><img decoding=\"async\" width=\"600\" height=\"600\" data-src=\"https:\/\/luview.com\/wp-content\/uploads\/2023\/06\/1-600x600.jpg\" class=\"wp-image-24641 avia-img-lazy-loading-24641 attachment-woocommerce_thumbnail size-woocommerce_thumbnail wp-post-image lazyload\" alt=\"W1 K\u0131z\u0131l\u00f6tesi gece g\u00f6r\u00fc\u015fl\u00fc ta\u015f\u0131nabilir HD mini polis v\u00fccut kameras\u0131\" data-srcset=\"https:\/\/luview.com\/wp-content\/uploads\/2023\/06\/1-600x600.jpg 600w, https:\/\/luview.com\/wp-content\/uploads\/2023\/06\/1-100x100.jpg 100w, https:\/\/luview.com\/wp-content\/uploads\/2023\/06\/1-300x300.jpg 300w, https:\/\/luview.com\/wp-content\/uploads\/2023\/06\/1-80x80.jpg 80w, https:\/\/luview.com\/wp-content\/uploads\/2023\/06\/1-768x768.jpg 768w, https:\/\/luview.com\/wp-content\/uploads\/2023\/06\/1-36x36.jpg 36w, https:\/\/luview.com\/wp-content\/uploads\/2023\/06\/1-180x180.jpg 180w, https:\/\/luview.com\/wp-content\/uploads\/2023\/06\/1-430x430.jpg 430w, https:\/\/luview.com\/wp-content\/uploads\/2023\/06\/1-630x630.jpg 630w, https:\/\/luview.com\/wp-content\/uploads\/2023\/06\/1-705x705.jpg 705w, https:\/\/luview.com\/wp-content\/uploads\/2023\/06\/1-321x321.jpg 321w, https:\/\/luview.com\/wp-content\/uploads\/2023\/06\/1-120x120.jpg 120w, https:\/\/luview.com\/wp-content\/uploads\/2023\/06\/1-450x450.jpg 450w, https:\/\/luview.com\/wp-content\/uploads\/2023\/06\/1.jpg 800w\" data-sizes=\"(max-width: 600px) 100vw, 600px\" title=\"K\u0131z\u0131l\u00f6tesi gece g\u00f6r\u00fc\u015fl\u00fc W1 Ta\u015f\u0131nabilir HD mini polis v\u00fccut kameras\u0131\u7f29\u7565\u56fe\" src=\"data:image\/svg+xml;base64,PHN2ZyB3aWR0aD0iMSIgaGVpZ2h0PSIxIiB4bWxucz0iaHR0cDovL3d3dy53My5vcmcvMjAwMC9zdmciPjwvc3ZnPg==\" style=\"--smush-placeholder-width: 600px; --smush-placeholder-aspect-ratio: 600\/600;\" \/><span class='cart-loading'><\/span><\/div><div class='inner_product_header'><div class='avia-arrow'><\/div><div class='inner_product_header_table'><div class='inner_product_header_cell'><h2 class=\"woocommerce-loop-product__title\">W1 K\u0131z\u0131l\u00f6tesi gece g\u00f6r\u00fc\u015fl\u00fc ta\u015f\u0131nabilir HD mini polis v\u00fccut kameras\u0131<\/h2>\n<\/div><\/div><\/div><\/a><\/div><\/li>\n<\/ul><\/div><\/div><div class=\"clear\"><\/div><\/div><div class='flex_column av-4ubxv-213bc428d71aa730c5a18fbc0d9954c9 av_one_full  avia-builder-el-0  el_before_av_three_fourth  avia-builder-el-first  first flex_column_div'   ><section  class='av_textblock_section av-4bhe3-b5d2024edd0490f6b2ae124c64cf457e'  itemscope=\"itemscope\" itemtype=\"https:\/\/schema.org\/CreativeWork\" ><div class='avia_textblock'  itemprop=\"text\" ><h3>Polis v\u00fccut kameras\u0131 nedir\uff1f<\/h3>\n<p>Polis v\u00fccut kameras\u0131, kolluk kuvvetlerinin \u00fcniformas\u0131na veya ekipman\u0131na tak\u0131lan k\u00fc\u00e7\u00fck, giyilebilir bir kamerad\u0131r. Bu kamera, memurlar ve halk aras\u0131ndaki etkile\u015fimlerin ses ve video g\u00f6r\u00fcnt\u00fclerini kaydetmek i\u00e7in tasarlanm\u0131\u015ft\u0131r ve soru\u015fturmalarda ve mahkeme davalar\u0131nda kullan\u0131labilecek olaylar\u0131n objektif bir kayd\u0131n\u0131 sa\u011flar. Polis v\u00fccut kameralar\u0131 \u015feffafl\u0131\u011f\u0131, hesap verebilirli\u011fi ve halk\u0131n kolluk kuvvetlerine olan g\u00fcvenini art\u0131rmak i\u00e7in \u00f6nemli bir ara\u00e7t\u0131r. Ayr\u0131ca suistimallere kar\u015f\u0131 cayd\u0131r\u0131c\u0131 bir unsur olarak hizmet edebilir ve memurlar\u0131n kar\u0131\u015ft\u0131\u011f\u0131 olaylarda de\u011ferli kan\u0131tlar sa\u011flayabilirler. S\u00fcrekli d\u00f6ng\u00fc kayd\u0131 ve dayan\u0131kl\u0131 yap\u0131 gibi geli\u015fmi\u015f \u00f6zelliklere sahip olan polis v\u00fccut kameralar\u0131, operasyonlar\u0131n\u0131 iyile\u015ftirmek ve hem memurlar hem de siviller i\u00e7in g\u00fcvenli\u011fi art\u0131rmak isteyen kolluk kuvvetleri i\u00e7in de\u011ferli bir yat\u0131r\u0131md\u0131r.<\/p>\n<h3>Polis v\u00fccut kameralar\u0131 nas\u0131l \u00e7al\u0131\u015f\u0131r?<\/h3>\n<p>Polis v\u00fccut kameralar\u0131 bir kolluk g\u00f6revlisinin v\u00fccuduna tak\u0131l\u0131r ve halkla etkile\u015fimlerin ses ve video g\u00f6r\u00fcnt\u00fclerini kaydetmek i\u00e7in tasarlanm\u0131\u015ft\u0131r. Kameralar tipik olarak g\u00f6\u011fse veya omuza tak\u0131l\u0131r ve memur taraf\u0131ndan vardiyas\u0131n\u0131n ba\u015f\u0131nda veya bir \u00e7a\u011fr\u0131ya yan\u0131t verdi\u011finde etkinle\u015ftirilir.<\/p>\n<p>V\u00fccut kameralar\u0131 g\u00f6r\u00fcnt\u00fcleri yakalamak ve saklamak i\u00e7in donan\u0131m ve yaz\u0131l\u0131m\u0131n bir kombinasyonunu kullan\u0131r. Kameran\u0131n kendisi genellikle geni\u015f a\u00e7\u0131l\u0131 bir lens ve ger\u00e7ek zamanl\u0131 olarak video ve ses yakalayan y\u00fcksek \u00e7\u00f6z\u00fcn\u00fcrl\u00fckl\u00fc bir sens\u00f6r ile donat\u0131lm\u0131\u015ft\u0131r. G\u00f6r\u00fcnt\u00fcler daha sonra kameran\u0131n dahili belle\u011finde veya microSD kart gibi harici bir depolama cihaz\u0131nda saklan\u0131r.<\/p>\n<p>Bir\u00e7ok v\u00fccut kameras\u0131 gece g\u00f6r\u00fc\u015f\u00fc, g\u00f6r\u00fcnt\u00fc sabitleme ve GPS izleme gibi \u00f6zelliklerle donat\u0131lm\u0131\u015ft\u0131r, bu da kaydedilen g\u00f6r\u00fcnt\u00fcler hakk\u0131nda ek ba\u011flam ve bilgi sa\u011flayabilir. Kameralarda ayr\u0131ca g\u00f6r\u00fcnt\u00fcleri merkezi bir sunucuya veya depolama ve analiz i\u00e7in di\u011fer cihazlara aktarmak i\u00e7in kullan\u0131labilecek dahili Wi-Fi veya Bluetooth ba\u011flant\u0131s\u0131 da bulunabilir.<\/p>\n<p>Genel olarak, polis v\u00fccut kameralar\u0131 kolluk kuvvetleri i\u00e7in \u00f6nemli bir ara\u00e7t\u0131r; halkla etkile\u015fimlerinin g\u00fcvenilir ve objektif bir kayd\u0131n\u0131 sa\u011flar ve \u015feffafl\u0131\u011f\u0131, hesap verebilirli\u011fi ve kamu g\u00fcvenini art\u0131rmaya yard\u0131mc\u0131 olur.<\/p>\n<h3>Polis v\u00fccut kameralar\u0131n\u0131n avantajlar\u0131<\/h3>\n<ol>\n<li>Daha iyi hesap verebilirlik: V\u00fccut kameralar\u0131, polis memurlar\u0131 ve siviller aras\u0131ndaki etkile\u015fimlerin objektif bir kayd\u0131n\u0131 sa\u011flar ve bu da memurlar\u0131n eylemlerinden sorumlu tutulmalar\u0131 i\u00e7in kullan\u0131labilir. Bu, profesyonelli\u011fi ve departman politika ve prosed\u00fcrlerine ba\u011fl\u0131l\u0131\u011f\u0131 te\u015fvik edebilir.<\/li>\n<li>Artan \u015feffafl\u0131k: V\u00fccut kameralar\u0131n\u0131n kullan\u0131m\u0131, olaylar\u0131n net bir \u015fekilde kaydedilmesini sa\u011flayarak polislikte \u015feffafl\u0131\u011f\u0131 art\u0131rabilir. Bu da kolluk kuvvetleri ile hizmet ettikleri topluluklar aras\u0131nda g\u00fcven tesis edilmesine yard\u0131mc\u0131 olabilir.<\/li>\n<li>Suistimale kar\u015f\u0131 cayd\u0131r\u0131c\u0131l\u0131k: V\u00fccut kameralar\u0131n\u0131n varl\u0131\u011f\u0131, hareketlerinin kaydedildi\u011fini bilen memurlar\u0131 suiistimal veya k\u00f6t\u00fc davran\u0131\u015flarda bulunmaktan cayd\u0131rabilir.<\/li>\n<li>Kan\u0131t toplama: V\u00fccut kameralar\u0131 soru\u015fturmalarda ve mahkeme davalar\u0131nda de\u011ferli kan\u0131tlar sa\u011flayabilir. V\u00fccut kameralar\u0131 taraf\u0131ndan \u00e7ekilen g\u00f6r\u00fcnt\u00fcler, memurlar veya siviller taraf\u0131ndan yap\u0131lan iddialar\u0131 desteklemek veya \u00e7\u00fcr\u00fctmek i\u00e7in kullan\u0131labilir.<\/li>\n<li>Geli\u015ftirilmi\u015f memur g\u00fcvenli\u011fi: V\u00fccut kameralar\u0131 potansiyel olarak tehlikeli durumlar\u0131n kayd\u0131n\u0131 sa\u011flayarak memur g\u00fcvenli\u011fini art\u0131rabilir. Bu, olaylar\u0131n soru\u015fturulmas\u0131na yard\u0131mc\u0131 olabilir ve gelecekteki olaylar\u0131n meydana gelmesini \u00f6nlemeye yard\u0131mc\u0131 olabilir.<\/li>\n<li>E\u011fitim ve de\u011ferlendirme: V\u00fccut kameralar\u0131, memurlar\u0131n eylemlerini g\u00f6zden ge\u00e7irmelerine ve iyile\u015ftirme alanlar\u0131n\u0131 belirlemelerine olanak tan\u0131yarak e\u011fitim amac\u0131yla kullan\u0131labilir. Ayr\u0131ca de\u011ferlendirme amac\u0131yla da kullan\u0131labilir ve departmanlar\u0131n sorunlu davran\u0131\u015flar\u0131 tespit edip ele almas\u0131na olanak tan\u0131r. Genel olarak, polis v\u00fccut kameralar\u0131 kolluk kuvvetleri i\u00e7in \u00f6nemli bir ara\u00e7t\u0131r ve hesap verebilirli\u011fi, \u015feffafl\u0131\u011f\u0131 ve kamu g\u00fcvenini art\u0131rabilecek bir dizi fayda sa\u011flar.<\/li>\n<\/ol>\n<h3>Polis v\u00fccut kameralar\u0131n\u0131n maliyeti nedir?<\/h3>\n<p>Polis v\u00fccut kameralar\u0131n\u0131n fiyatlar\u0131 markaya, \u00f6zelliklere ve depolama kapasitesine ba\u011fl\u0131 olarak de\u011fi\u015fir. Fiyatlar kamera ba\u015f\u0131na birka\u00e7 y\u00fcz dolardan bin dolar\u0131n \u00fczerine kadar de\u011fi\u015febilir. Al\u00fcminyum veya paslanmaz \u00e7elik gibi malzemelerden yap\u0131lm\u0131\u015f dayan\u0131kl\u0131 ve y\u00fcksek kaliteli bir kamera se\u00e7mek \u00e7ok \u00f6nemlidir. Uzun \u00f6m\u00fcrl\u00fc pil \u00f6mr\u00fcne sahip kullan\u0131c\u0131 dostu bir kamera da \u00f6nemlidir. Kameran\u0131n bellek kart\u0131n\u0131n maksimum kapasitesinin yan\u0131 s\u0131ra s\u00fcrekli d\u00f6ng\u00fc kayd\u0131 veya \u00f6zel kay\u0131t s\u00fcresi olup olmad\u0131\u011f\u0131n\u0131 da g\u00f6z \u00f6n\u00fcnde bulundurun. B\u00fct\u00e7e dostu se\u00e7enekler mevcut olsa da, bunlar \u00fcst d\u00fczey modeller kadar iyi performans g\u00f6stermeyebilir.<\/p>\n<h3>G\u00fcvenilir polis v\u00fccut kameras\u0131 \u00fcreticisi bulun<\/h3>\n<p>Polis v\u00fccut kameralar\u0131 sat\u0131n almak s\u00f6z konusu oldu\u011funda, g\u00fcvenilir bir \u00fcretici se\u00e7mek \u00e7ok \u00f6nemlidir. D\u00fc\u015f\u00fck video kalitesi ve di\u011fer sorunlara neden olabilece\u011finden ucuza \u00fcretilmi\u015f bir \u00fcr\u00fcnle yetinmeyin. Ucuz kameralar genellikle d\u00fc\u015f\u00fck kaliteli g\u00f6r\u00fcnt\u00fc sens\u00f6rlerine, d\u00fc\u015f\u00fck kaliteli muhafazaya ve k\u0131r\u0131labilir montaj ara\u00e7lar\u0131na sahiptir. Bu nedenle, al\u00fcminyum veya paslanmaz \u00e7elik gibi y\u00fcksek kaliteli malzemelerden yap\u0131lm\u0131\u015f dayan\u0131kl\u0131 bir kameraya yat\u0131r\u0131m yapmak \u00f6nemlidir. Ayr\u0131ca, kullan\u0131m kolayl\u0131\u011f\u0131 ve optimum performans sa\u011flamak i\u00e7in kameran\u0131n lenslerini ve kullan\u0131c\u0131 aray\u00fcz\u00fcn\u00fc de g\u00f6z \u00f6n\u00fcnde bulundurun.<\/p>\n<p>Luview, polis v\u00fccut kameralar\u0131 da dahil olmak \u00fczere y\u00fcksek kaliteli ara\u00e7 elektronik \u00fcr\u00fcnleri tasarlama, geli\u015ftirme ve \u00fcretme konusunda 18 y\u0131ll\u0131k deneyime sahip g\u00fcvenilir bir \u00fcreticidir. \u00dcr\u00fcnlerimiz, kolluk kuvvetlerinin ihtiya\u00e7lar\u0131n\u0131 kar\u015f\u0131lamak ve sahada g\u00fcvenilir performans sa\u011flamak i\u00e7in tasarlanm\u0131\u015ft\u0131r.<\/p>\n<\/div><\/section><\/div><\/p>","protected":false},"excerpt":{"rendered":"","protected":false},"author":1,"featured_media":0,"parent":667,"menu_order":0,"comment_status":"closed","ping_status":"closed","template":"","meta":{"_monsterinsights_skip_tracking":false,"_monsterinsights_sitenote_active":false,"_monsterinsights_sitenote_note":"","_monsterinsights_sitenote_category":0,"footnotes":""},"class_list":["post-24623","page","type-page","status-publish","hentry"],"_links":{"self":[{"href":"https:\/\/luview.com\/tr\/wp-json\/wp\/v2\/pages\/24623","targetHints":{"allow":["GET"]}}],"collection":[{"href":"https:\/\/luview.com\/tr\/wp-json\/wp\/v2\/pages"}],"about":[{"href":"https:\/\/luview.com\/tr\/wp-json\/wp\/v2\/types\/page"}],"author":[{"embeddable":true,"href":"https:\/\/luview.com\/tr\/wp-json\/wp\/v2\/users\/1"}],"replies":[{"embeddable":true,"href":"https:\/\/luview.com\/tr\/wp-json\/wp\/v2\/comments?post=24623"}],"version-history":[{"count":3,"href":"https:\/\/luview.com\/tr\/wp-json\/wp\/v2\/pages\/24623\/revisions"}],"predecessor-version":[{"id":44528,"href":"https:\/\/luview.com\/tr\/wp-json\/wp\/v2\/pages\/24623\/revisions\/44528"}],"up":[{"embeddable":true,"href":"https:\/\/luview.com\/tr\/wp-json\/wp\/v2\/pages\/667"}],"wp:attachment":[{"href":"https:\/\/luview.com\/tr\/wp-json\/wp\/v2\/media?parent=24623"}],"curies":[{"name":"wp","href":"https:\/\/api.w.org\/{rel}","templated":true}]}}