{"id":631,"date":"2022-05-23T07:58:39","date_gmt":"2022-05-23T07:58:39","guid":{"rendered":"https:\/\/luview.com\/?page_id=631"},"modified":"2026-03-10T02:44:22","modified_gmt":"2026-03-10T02:44:22","slug":"plaka-kameralari","status":"publish","type":"page","link":"https:\/\/luview.com\/tr\/products\/cameras\/license-plate-cameras\/","title":{"rendered":"Plaka Kameralar\u0131"},"content":{"rendered":"<style type=\"text\/css\" data-created_by=\"avia_inline_auto\" id=\"style-css-av-l2y9d09l-37c459b1fe29d7efeee039a33e01dd4f\">\n.avia-section.av-l2y9d09l-37c459b1fe29d7efeee039a33e01dd4f{\nbackground-repeat:no-repeat;\nbackground-image:url(https:\/\/luview.com\/wp-content\/uploads\/2024\/11\/1111.jpg);\nbackground-position:50% 50%;\nbackground-attachment:scroll;\n}\n.avia-section.av-l2y9d09l-37c459b1fe29d7efeee039a33e01dd4f .av-section-color-overlay{\nopacity:0.8;\nbackground-color:#222222;\n}\n<\/style>\n<div id='av_section_1'  class='avia-section av-l2y9d09l-37c459b1fe29d7efeee039a33e01dd4f main_color avia-section-default avia-no-border-styling  avia-builder-el-0  el_before_av_one_full  avia-builder-el-first  titlebarbox avia-full-stretch avia-bg-style-scroll av-section-color-overlay-active container_wrap sidebar_left'  data-section-bg-repeat='stretch'><div class=\"av-section-color-overlay-wrap\"><div class=\"av-section-color-overlay\"><\/div><div class='container av-section-cont-open' ><main  role=\"main\" itemprop=\"mainContentOfPage\"  class='template-page content  av-content-small units'><div class='post-entry post-entry-type-page post-entry-631'><div class='entry-content-wrapper clearfix'>\n\n<style type=\"text\/css\" data-created_by=\"avia_inline_auto\" id=\"style-css-av-ro2v-a87e36abb91cc5e18f3d0098b40720d3\">\n.flex_column.av-ro2v-a87e36abb91cc5e18f3d0098b40720d3{\npadding:10% 0 10% 0;\n}\n<\/style>\n<div class='flex_column av-ro2v-a87e36abb91cc5e18f3d0098b40720d3 av_one_full  avia-builder-el-1  avia-builder-el-no-sibling  first flex_column_div'   ><style type=\"text\/css\" data-created_by=\"avia_inline_auto\" id=\"style-css-av-l2y9au29-bf07c75c092d3a9f62676db415f615f7\">\n#top .av_textblock_section.av-l2y9au29-bf07c75c092d3a9f62676db415f615f7 .avia_textblock{\ncolor:#ffffff;\ntext-align:center;\n}\n<\/style>\n<section  class='av_textblock_section av-l2y9au29-bf07c75c092d3a9f62676db415f615f7'  itemscope=\"itemscope\" itemtype=\"https:\/\/schema.org\/CreativeWork\" ><div class='avia_textblock av_inherit_color'  itemprop=\"text\" ><h1>Plaka Kameralar\u0131<\/h1>\n<\/div><\/section><br \/>\n<\/p><\/div>\n<\/div><\/div><\/main><!-- close content main element --><\/div><\/div><\/div><div id='after_section_1'  class='main_color av_default_container_wrap container_wrap sidebar_left'  ><div class='container av-section-cont-open' ><div class='template-page content  av-content-small units'><div class='post-entry post-entry-type-page post-entry-631'><div class='entry-content-wrapper clearfix'>\n<div class='flex_column av-6hmib-0f7b6fcf00f9273a80dfc45f533798fb av_one_full  avia-builder-el-4  el_after_av_section  el_before_av_one_full  avia-builder-el-first  first flex_column_div'   ><section  class='av_textblock_section av-l2y9squj-e76031f6dac70c55a963b220d7b8ed83'  itemscope=\"itemscope\" itemtype=\"https:\/\/schema.org\/CreativeWork\" ><div class='avia_textblock'  itemprop=\"text\" ><h3 style=\"font-weight: bold;\">T\u00fcm Plaka Kameralar\u0131<\/h3>\n<\/div><\/section><br \/>\n<section  class='av_textblock_section av-l2y9tm1e-80c30be322df05d44e75397a617f5c97'  itemscope=\"itemscope\" itemtype=\"https:\/\/schema.org\/CreativeWork\" ><div class='avia_textblock'  itemprop=\"text\" ><p>Installing one of our\u00a0license plate camera\u00a0in your vehicle improves the driver&#8217;s visibility\u00a0exponentially! With\u00a0options including\u00a0multiple views around the vehicle, night vision, waterproof durability, and 150-170\u00b0\u00a0field of vision, Luview manufacture high quality license plate cameras and rear view system to meet you &amp;\u00a0your fleet\u2019s needs. Consult us\u00a0by <a href=\"http:\/\/mailto:sales@luview.com\/\">sales@luview.com<\/a>\u00a0!<\/p>\n<\/div><\/section><br \/>\n<div  class='avia-button-wrap avia-button-left  avia-builder-el-7  el_after_av_textblock  avia-builder-el-last' ><a href='https:\/\/luview.com\/tr\/contact\/'  class='avia-button av-l2y9umzk-d16bac7bf4e11df2896cb79984c1e31c avia-icon_select-no avia-size-large avia-position-left avia-color-theme-color' ><span class='avia_iconbox_title' >\u015eimdi Sorgula<\/span><\/a><\/div><\/p><\/div>\n<div class='flex_column av-5hzen-23301fe4c356e81a47b358eb060165d1 av_one_full  avia-builder-el-8  el_after_av_one_full  el_before_av_one_full  first flex_column_div column-top-margin'   ><div  class='avia-product-slider-container av-l2y9wj0i-95e2f03cbb65345e10b02865878b62d3 template-shop avia-content-slider avia-content-grid-active shop_columns_3  avia-builder-el-9  avia-builder-el-no-sibling  myproducts avia-content-slider-odd  avia-builder-el-9  avia-builder-el-no-sibling  myproducts avia-product-slider1'  data-autoplay=''  data-interval='5'  data-animation='fade'  data-hoverpause='1' ><div class='avia-content-slider-inner'><ul class=\"products\"><li class=\"product type-product post-935 status-publish first instock product_cat-license-plate-camera has-post-thumbnail shipping-taxable product-type-simple\">\n\t<div class='inner_product main_color wrapped_style noLightbox  av-product-class-no_button'><a href=\"https:\/\/luview.com\/tr\/product\/jy-022a-license-plate-camera-with-ip69k-and-wide-view-angle\/\" class=\"woocommerce-LoopProduct-link woocommerce-loop-product__link\"><div class='thumbnail_container'><img decoding=\"async\" width=\"600\" height=\"600\" data-src=\"https:\/\/luview.com\/wp-content\/uploads\/2022\/06\/022A\u5e26\u57ab\u5708\u6b3e\u9996\u9875\u65b9\u5411-1-600x600.jpg\" class=\"wp-image-44063 avia-img-lazy-loading-44063 attachment-woocommerce_thumbnail size-woocommerce_thumbnail wp-post-image lazyload\"  data-srcset=\"https:\/\/luview.com\/wp-content\/uploads\/2022\/06\/022A\u5e26\u57ab\u5708\u6b3e\u9996\u9875\u65b9\u5411-1-600x600.jpg 600w, https:\/\/luview.com\/wp-content\/uploads\/2022\/06\/022A\u5e26\u57ab\u5708\u6b3e\u9996\u9875\u65b9\u5411-1-300x300.jpg 300w, https:\/\/luview.com\/wp-content\/uploads\/2022\/06\/022A\u5e26\u57ab\u5708\u6b3e\u9996\u9875\u65b9\u5411-1-80x80.jpg 80w, https:\/\/luview.com\/wp-content\/uploads\/2022\/06\/022A\u5e26\u57ab\u5708\u6b3e\u9996\u9875\u65b9\u5411-1-768x768.jpg 768w, https:\/\/luview.com\/wp-content\/uploads\/2022\/06\/022A\u5e26\u57ab\u5708\u6b3e\u9996\u9875\u65b9\u5411-1-12x12.jpg 12w, https:\/\/luview.com\/wp-content\/uploads\/2022\/06\/022A\u5e26\u57ab\u5708\u6b3e\u9996\u9875\u65b9\u5411-1-36x36.jpg 36w, https:\/\/luview.com\/wp-content\/uploads\/2022\/06\/022A\u5e26\u57ab\u5708\u6b3e\u9996\u9875\u65b9\u5411-1-180x180.jpg 180w, https:\/\/luview.com\/wp-content\/uploads\/2022\/06\/022A\u5e26\u57ab\u5708\u6b3e\u9996\u9875\u65b9\u5411-1-430x430.jpg 430w, https:\/\/luview.com\/wp-content\/uploads\/2022\/06\/022A\u5e26\u57ab\u5708\u6b3e\u9996\u9875\u65b9\u5411-1-630x630.jpg 630w, https:\/\/luview.com\/wp-content\/uploads\/2022\/06\/022A\u5e26\u57ab\u5708\u6b3e\u9996\u9875\u65b9\u5411-1-705x705.jpg 705w, https:\/\/luview.com\/wp-content\/uploads\/2022\/06\/022A\u5e26\u57ab\u5708\u6b3e\u9996\u9875\u65b9\u5411-1-321x321.jpg 321w, https:\/\/luview.com\/wp-content\/uploads\/2022\/06\/022A\u5e26\u57ab\u5708\u6b3e\u9996\u9875\u65b9\u5411-1-120x120.jpg 120w, https:\/\/luview.com\/wp-content\/uploads\/2022\/06\/022A\u5e26\u57ab\u5708\u6b3e\u9996\u9875\u65b9\u5411-1-450x450.jpg 450w, https:\/\/luview.com\/wp-content\/uploads\/2022\/06\/022A\u5e26\u57ab\u5708\u6b3e\u9996\u9875\u65b9\u5411-1-100x100.jpg 100w, https:\/\/luview.com\/wp-content\/uploads\/2022\/06\/022A\u5e26\u57ab\u5708\u6b3e\u9996\u9875\u65b9\u5411-1.jpg 800w\" data-sizes=\"(max-width: 600px) 100vw, 600px\" title=\"JY-022A IP69K ve geni\u015f g\u00f6r\u00fc\u015f a\u00e7\u0131s\u0131na sahip plaka kameras\u0131\u7f29\u7565\u56fe\" alt=\"JY-022A IP69K ve geni\u015f g\u00f6r\u00fc\u015f a\u00e7\u0131s\u0131na sahip plaka kameras\u0131\u7f29\u7565\u56fe\" src=\"data:image\/svg+xml;base64,PHN2ZyB3aWR0aD0iMSIgaGVpZ2h0PSIxIiB4bWxucz0iaHR0cDovL3d3dy53My5vcmcvMjAwMC9zdmciPjwvc3ZnPg==\" style=\"--smush-placeholder-width: 600px; --smush-placeholder-aspect-ratio: 600\/600;\" \/><span class='cart-loading'><\/span><\/div><div class='inner_product_header'><div class='avia-arrow'><\/div><div class='inner_product_header_table'><div class='inner_product_header_cell'><h2 class=\"woocommerce-loop-product__title\">JY-022A IP69K ve geni\u015f g\u00f6r\u00fc\u015f a\u00e7\u0131s\u0131na sahip plaka kameras\u0131<\/h2>\n<\/div><\/div><\/div><\/a><\/div><\/li>\n<\/ul><\/div><\/div><div class=\"clear\"><\/div><\/div><div class='flex_column av-4ubxv-213bc428d71aa730c5a18fbc0d9954c9 av_one_full  avia-builder-el-0  el_before_av_three_fourth  avia-builder-el-first  first flex_column_div'   ><section  class='av_textblock_section av-4bhe3-b5d2024edd0490f6b2ae124c64cf457e'  itemscope=\"itemscope\" itemtype=\"https:\/\/schema.org\/CreativeWork\" ><div class='avia_textblock'  itemprop=\"text\" ><h3>Plaka kameras\u0131 nedir<\/h3>\n<p>Plaka kameras\u0131, \u00f6zel otomobiller i\u00e7in bir t\u00fcr \u00f6zel arka g\u00f6r\u00fc\u015f kameras\u0131d\u0131r. Bu geri g\u00f6r\u00fc\u015f kameras\u0131, her model i\u00e7in en uygun montaj konumunu (\u00e7o\u011funlukla plaka lambas\u0131 veya bagaj kolu) \u00f6l\u00e7er ve kal\u0131p \u00fczerinde s\u00fcrekli olarak de\u011fi\u015ftirilir, b\u00f6ylece kamera ve t\u00fcm araba entegre olur ve \u00fcr\u00fcn piyasadaki araba markalar\u0131n\u0131n \u00e7o\u011funu (Honda, Toyota, Nissan, Hyundai, Kia, vb.) 400'den fazla model.<\/p>\n<h3>Plaka kameras\u0131 nas\u0131l \u00e7al\u0131\u015f\u0131r?<\/h3>\n<p>Arka g\u00f6r\u00fc\u015f plaka kameras\u0131 s\u00fcr\u00fcc\u00fcye arac\u0131n arkas\u0131nda ne oldu\u011funu 150-170 derece geni\u015fli\u011finde ve net bir \u015fekilde g\u00f6stererek s\u00fcr\u00fcc\u00fcn\u00fcn her t\u00fcrl\u00fc hava ko\u015fulunda g\u00fcvenli bir \u015fekilde geri gitmesini sa\u011flar. Bu geni\u015f g\u00f6r\u00fc\u015f alan\u0131 genellikle monit\u00f6rde bozuk bir \u201cbal\u0131k g\u00f6z\u00fc\u201d \u00e7\u0131kt\u0131s\u0131na neden olur, ancak iyi plaka kameralar\u0131 g\u00f6r\u00fcnt\u00fcy\u00fc d\u00fczeltmek ve d\u00fczg\u00fcn bir \u015fekilde g\u00f6stermek i\u00e7in dijital d\u00fczeltme teknolojisine sahiptir. Kullan\u0131\u015fl\u0131 ve basit tasar\u0131m\u0131 mevcut arka plakan\u0131z\u0131n \u00fczerine tak\u0131larak kameran\u0131n arac\u0131n mevcut plaka deliklerine monte edilmesini sa\u011flar. Minib\u00fcsler, SUV'lar, sedanlar, kamyonetler ve daha fazlas\u0131 i\u00e7in m\u00fckemmeldir.<\/p>\n<h3>Plaka kameras\u0131n\u0131n avantajlar\u0131<\/h3>\n<p><strong><b>HD kalite<\/b><\/strong><\/p>\n<p>Y\u00fcksek hassasiyetli cam mercekler kullan\u0131ld\u0131\u011f\u0131nda, y\u00fcksek veya d\u00fc\u015f\u00fck s\u0131cakl\u0131klarda bile deforme olmaz ve iyi \u0131\u015f\u0131k ge\u00e7irgenli\u011fi ve hassasiyetine sahip olarak daha istikrarl\u0131 bir g\u00f6r\u00fcnt\u00fc kalitesi sunar.<\/p>\n<p><strong><b>Su ge\u00e7irmez ve darbeye dayan\u0131kl\u0131<\/b><\/strong><\/p>\n<p>S\u0131k\u0131 su kabarc\u0131\u011f\u0131 ve titre\u015fim testinden sonra ince tutkal doldurma i\u015flemi kullan\u0131larak, kamera otomatik araba y\u0131kama makinesi, ya\u011fmur, t\u00fcrb\u00fclans ve di\u011fer yol ko\u015fullar\u0131nda normal \u015fekilde \u00e7al\u0131\u015fmaya devam edebilir.<\/p>\n<p><strong><b>170\u00b0 geni\u015f g\u00f6r\u00fc\u015f a\u00e7\u0131s\u0131<\/b><\/strong><\/p>\n<p>\u0130ste\u011fe ba\u011fl\u0131 170\u00b0 geni\u015f a\u00e7\u0131l\u0131 lens, daha geni\u015f g\u00f6r\u00fc\u015f alan\u0131, park etme, geri gitme daha g\u00fcvenli ve rahat.<\/p>\n<p><strong><b>N<\/b><\/strong><strong><b>G\u00d6R\u00dc\u015e <\/b><\/strong><strong><b>mevcut<\/b><\/strong><\/p>\n<p>\u0130ste\u011fe ba\u011fl\u0131 y\u00fcksek \u0131\u015f\u0131kl\u0131 LED yap\u0131land\u0131rmas\u0131, tam karanl\u0131kta bile keskin bir g\u00f6r\u00fcnt\u00fc sa\u011flar.<\/p>\n<h3>Plaka kameras\u0131 nas\u0131l kurulur<\/h3>\n<p>Se\u00e7ti\u011finiz kameraya ba\u011fl\u0131 olarak, kameray\u0131 arac\u0131n\u0131z\u0131n plakas\u0131na veya bagaj\u0131na monte edebilirsiniz. Kamera kurulduktan sonra, g\u00fc\u00e7 ve RCA kablolar\u0131n\u0131 arac\u0131n\u0131za ba\u011flaman\u0131z gerekecektir. Yeniden monte etmeden \u00f6nce kameray\u0131 test etti\u011finizden emin olun.<\/p>\n<p>Genel olarak bir plaka kameras\u0131n\u0131n kurulumu a\u015fa\u011f\u0131daki ad\u0131mlarla \u00f6zetlenebilir:<\/p>\n<ol>\n<li>Kameray\u0131 arac\u0131n\u0131z\u0131n plaka alan\u0131na, arka cam\u0131na veya ba\u015fka herhangi bir uygun yere monte edin.<\/li>\n<li>Kameran\u0131n lensini en iyi konuma ayarlay\u0131n.<\/li>\n<li>G\u00fc\u00e7 kablosunu (k\u0131rm\u0131z\u0131 ve siyah) arac\u0131n\u0131z\u0131n DC 12V g\u00fc\u00e7 sistemine ba\u011flay\u0131n.<\/li>\n<li>Kameran\u0131n video \u00e7\u0131k\u0131\u015f\u0131n\u0131 (sar\u0131 kablo) arac\u0131n\u0131zdaki ekrana ba\u011flay\u0131n.<\/li>\n<\/ol>\n<h3>Plaka kameras\u0131 ne kadara mal olur?<\/h3>\n<p>Plaka kameras\u0131 her t\u00fcrl\u00fc plakan\u0131n \u00fczerine kolayca monte edilebilir ve RCA jak\u0131 \u00fczerinden renkli video \u00e7\u0131k\u0131\u015f\u0131 sa\u011flar. Sistem, arkan\u0131zdaki her \u015feyi g\u00f6rmenizi sa\u011flayan \u00e7ok \u00e7e\u015fitli ekranlar ve monit\u00f6rlerle uyumludur. Genel olarak, tek bir plaka kameras\u0131n\u0131n fiyat\u0131 yakla\u015f\u0131k 15-150 ABD dolar\u0131d\u0131r. Daha iyi bir g\u00f6rsel deneyim ve her y\u00f6nde s\u00fcr\u00fc\u015f g\u00fcvenli\u011fini art\u0131rmak istiyorsan\u0131z, eksiksiz bir arka g\u00f6r\u00fc\u015f sistemi olu\u015fturmak i\u00e7in bir monit\u00f6r kullanmak daha iyidir. Fiyat\u0131 yakla\u015f\u0131k 200-300 ABD dolar\u0131d\u0131r.<\/p>\n<p>Toplu miktarda plaka kameras\u0131 sat\u0131n almak veya plaka kameralar\u0131n\u0131z\u0131 \u00f6zelle\u015ftirmek istiyorsan\u0131z, l\u00fctfen e-posta g\u00f6nderin <a href=\"mailto:sales@luview.com\"><u>sales@luview.com<\/u><\/a>\u00a0tam maliyet i\u00e7in.<\/p>\n<h3>G\u00fcvenilir plaka kameras\u0131 \u00fcreticisi bulun<\/h3>\n<p>\u0130\u015fte bir plaka kameras\u0131nda araman\u0131z gereken baz\u0131 \u00f6zellikler. G\u00fcvenilir bir \u00fcretici bu \u00f6zellikleri sunmal\u0131d\u0131r:<\/p>\n<p>Y\u00fcksek \u00e7\u00f6z\u00fcn\u00fcrl\u00fckl\u00fc kameralara bak\u0131n. Bu kameralar plakalar\u0131 net bir \u015fekilde yakalar ve \u00e7e\u015fitli boyutlarda mevcuttur. 2MP (1080p) bir kamera plakalar\u0131 13 feet'e kadar tan\u0131yabilir, ancak bu baz\u0131 durumlarda idealden daha az olabilir. Bu kameralardan baz\u0131lar\u0131n\u0131n \u00e7ok h\u0131zl\u0131 hareket etti\u011fi ya da \u00e7ok uzakta oldu\u011fu i\u00e7in bir plakay\u0131 ka\u00e7\u0131rabilece\u011fini anlamak \u00f6nemlidir. \u0130ster 1080p ister daha y\u00fcksek \u00e7\u00f6z\u00fcn\u00fcrl\u00fckl\u00fc bir kamera se\u00e7in, y\u00fcksek kaliteli m\u00fc\u015fteri deste\u011fine sahip bir \u015firket se\u00e7ti\u011finizden emin olun.<\/p>\n<p>If you need a high-resolution license plate camera, you can choose the long night vision security camera. Its night vision range is 13 meters, making it a superior choice among vehicle security products. Luview has 18 years of R &amp; D and production experience in the automotive electronics industry, providing various types of high-quality automotive camera products for global users, please feel free to consult us: <a href=\"http:\/\/mailto:sales@luview.com\/\">sales@luview.com<\/a>\u00a0.<\/p>\n<\/div><\/section><\/div><\/p>","protected":false},"excerpt":{"rendered":"","protected":false},"author":1,"featured_media":0,"parent":620,"menu_order":0,"comment_status":"closed","ping_status":"closed","template":"","meta":{"_monsterinsights_skip_tracking":false,"_monsterinsights_sitenote_active":false,"_monsterinsights_sitenote_note":"","_monsterinsights_sitenote_category":0,"footnotes":""},"class_list":["post-631","page","type-page","status-publish","hentry"],"_links":{"self":[{"href":"https:\/\/luview.com\/tr\/wp-json\/wp\/v2\/pages\/631","targetHints":{"allow":["GET"]}}],"collection":[{"href":"https:\/\/luview.com\/tr\/wp-json\/wp\/v2\/pages"}],"about":[{"href":"https:\/\/luview.com\/tr\/wp-json\/wp\/v2\/types\/page"}],"author":[{"embeddable":true,"href":"https:\/\/luview.com\/tr\/wp-json\/wp\/v2\/users\/1"}],"replies":[{"embeddable":true,"href":"https:\/\/luview.com\/tr\/wp-json\/wp\/v2\/comments?post=631"}],"version-history":[{"count":3,"href":"https:\/\/luview.com\/tr\/wp-json\/wp\/v2\/pages\/631\/revisions"}],"predecessor-version":[{"id":44504,"href":"https:\/\/luview.com\/tr\/wp-json\/wp\/v2\/pages\/631\/revisions\/44504"}],"up":[{"embeddable":true,"href":"https:\/\/luview.com\/tr\/wp-json\/wp\/v2\/pages\/620"}],"wp:attachment":[{"href":"https:\/\/luview.com\/tr\/wp-json\/wp\/v2\/media?parent=631"}],"curies":[{"name":"wp","href":"https:\/\/api.w.org\/{rel}","templated":true}]}}