{"id":644,"date":"2022-05-23T11:00:07","date_gmt":"2022-05-23T11:00:07","guid":{"rendered":"https:\/\/luview.com\/?page_id=644"},"modified":"2026-03-10T02:46:53","modified_gmt":"2026-03-10T02:46:53","slug":"4-adet-6-inc-monitor","status":"publish","type":"page","link":"https:\/\/luview.com\/tr\/products\/monitors\/4-6-inch-monitors\/","title":{"rendered":"4-6 \u0130n\u00e7 Monit\u00f6rler"},"content":{"rendered":"<style type=\"text\/css\" data-created_by=\"avia_inline_auto\" id=\"style-css-av-l2y9d09l-9a59c050fd7cc562363a6e26bd127e73\">\n.avia-section.av-l2y9d09l-9a59c050fd7cc562363a6e26bd127e73{\nbackground-repeat:no-repeat;\nbackground-image:url(https:\/\/luview.com\/wp-content\/uploads\/2024\/08\/0.jpg);\nbackground-position:50% 50%;\nbackground-attachment:scroll;\n}\n.avia-section.av-l2y9d09l-9a59c050fd7cc562363a6e26bd127e73 .av-section-color-overlay{\nopacity:0.8;\nbackground-color:#222222;\n}\n<\/style>\n<div id='av_section_1'  class='avia-section av-l2y9d09l-9a59c050fd7cc562363a6e26bd127e73 main_color avia-section-default avia-no-border-styling  avia-builder-el-0  el_before_av_one_full  avia-builder-el-first  titlebarbox avia-full-stretch avia-bg-style-scroll av-section-color-overlay-active container_wrap sidebar_left'  data-section-bg-repeat='stretch'><div class=\"av-section-color-overlay-wrap\"><div class=\"av-section-color-overlay\"><\/div><div class='container av-section-cont-open' ><main  role=\"main\" itemprop=\"mainContentOfPage\"  class='template-page content  av-content-small units'><div class='post-entry post-entry-type-page post-entry-644'><div class='entry-content-wrapper clearfix'>\n\n<style type=\"text\/css\" data-created_by=\"avia_inline_auto\" id=\"style-css-av-ro2v-a87e36abb91cc5e18f3d0098b40720d3\">\n.flex_column.av-ro2v-a87e36abb91cc5e18f3d0098b40720d3{\npadding:10% 0 10% 0;\n}\n<\/style>\n<div class='flex_column av-ro2v-a87e36abb91cc5e18f3d0098b40720d3 av_one_full  avia-builder-el-1  avia-builder-el-no-sibling  first flex_column_div'   ><style type=\"text\/css\" data-created_by=\"avia_inline_auto\" id=\"style-css-av-l2y9au29-bf07c75c092d3a9f62676db415f615f7\">\n#top .av_textblock_section.av-l2y9au29-bf07c75c092d3a9f62676db415f615f7 .avia_textblock{\ncolor:#ffffff;\ntext-align:center;\n}\n<\/style>\n<section  class='av_textblock_section av-l2y9au29-bf07c75c092d3a9f62676db415f615f7'  itemscope=\"itemscope\" itemtype=\"https:\/\/schema.org\/CreativeWork\" ><div class='avia_textblock av_inherit_color'  itemprop=\"text\" ><h1>4-6 \u0130n\u00e7 Monit\u00f6rler<\/h1>\n<\/div><\/section><br \/>\n<\/p><\/div>\n<\/div><\/div><\/main><!-- close content main element --><\/div><\/div><\/div><div id='after_section_1'  class='main_color av_default_container_wrap container_wrap sidebar_left'  ><div class='container av-section-cont-open' ><div class='template-page content  av-content-small units'><div class='post-entry post-entry-type-page post-entry-644'><div class='entry-content-wrapper clearfix'>\n<div class='flex_column av-6hmib-0f7b6fcf00f9273a80dfc45f533798fb av_one_full  avia-builder-el-4  el_after_av_section  el_before_av_one_full  avia-builder-el-first  first flex_column_div'   ><section  class='av_textblock_section av-l2y9squj-e76031f6dac70c55a963b220d7b8ed83'  itemscope=\"itemscope\" itemtype=\"https:\/\/schema.org\/CreativeWork\" ><div class='avia_textblock'  itemprop=\"text\" ><h3 style=\"font-weight: bold;\">T\u00fcm 4-6 \u0130n\u00e7 Monit\u00f6rler<\/h3>\n<\/div><\/section><br \/>\n<section  class='av_textblock_section av-l2y9tm1e-80c30be322df05d44e75397a617f5c97'  itemscope=\"itemscope\" itemtype=\"https:\/\/schema.org\/CreativeWork\" ><div class='avia_textblock'  itemprop=\"text\" ><p>Luview 4-6 in\u00e7 ara\u00e7 monit\u00f6rleri, geri vites izleme veya otob\u00fcslerde, metro trenlerinde vb. reklam i\u00e7in kullan\u0131labilen eksiksiz bir g\u00f6rsel izleme sistemi olu\u015fturmak i\u00e7in bir kamera ile birle\u015ftirilebilir. Piyasadaki 4-6 in\u00e7 monit\u00f6rler art\u0131k harici ses, okunabilir SD kart, USB ve di\u011fer i\u015flevlere sahiptir. 4-6 in\u00e7 monit\u00f6r kamyonlar, otob\u00fcsler, forkliftler, bi\u00e7erd\u00f6verler, itfaiye ara\u00e7lar\u0131, maden kamyonlar\u0131, kald\u0131rma kamyonlar\u0131, m\u00fchendislik ara\u00e7lar\u0131, buldozerler, \u00e7\u00f6p kamyonlar\u0131, yak\u0131t tankerleri, r\u00f6morklar, okul otob\u00fcsleri ve di\u011fer ara\u00e7lar i\u00e7in uygundur. Luview, ister perakendeci ister toptanc\u0131 olun, \u00c7in'den profesyonel bir yedek monit\u00f6r \u00fcreticisidir, bizden iyi bir fiyata en iyi 4-6 in\u00e7 yedek kameralar\u0131 sat\u0131n alabilirsiniz, bizimle ileti\u015fime ge\u00e7mekten memnuniyet duyar\u0131z. <a href=\"mailto:sales@luview.com\"><u>sales@luview.com<\/u><\/a>\u00a0.<\/p>\n<\/div><\/section><br \/>\n<div  class='avia-button-wrap avia-button-left  avia-builder-el-7  el_after_av_textblock  avia-builder-el-last' ><a href='https:\/\/luview.com\/tr\/contact\/'  class='avia-button av-l2y9umzk-d16bac7bf4e11df2896cb79984c1e31c avia-icon_select-no avia-size-large avia-position-left avia-color-theme-color' ><span class='avia_iconbox_title' >\u015eimdi Sorgula<\/span><\/a><\/div><\/p><\/div>\n<div class='flex_column av-5hzen-23301fe4c356e81a47b358eb060165d1 av_one_full  avia-builder-el-8  el_after_av_one_full  el_before_av_one_full  first flex_column_div column-top-margin'   ><div  class='avia-product-slider-container av-l2y9wj0i-73d20c12f8899ac2eb23aba17dec6b38 template-shop avia-content-slider avia-content-grid-active shop_columns_3  avia-builder-el-9  avia-builder-el-no-sibling  myproducts avia-content-slider-odd  avia-builder-el-9  avia-builder-el-no-sibling  myproducts avia-product-slider1'  data-autoplay=''  data-interval='5'  data-animation='fade'  data-hoverpause='1' ><div class='avia-content-slider-inner'><ul class=\"products\"><li class=\"product type-product post-44966 status-publish first instock product_cat-4-6-inch-monitors has-post-thumbnail shipping-taxable product-type-simple\">\n\t<div class='inner_product main_color wrapped_style noLightbox  av-product-class-no_button'><a href=\"https:\/\/luview.com\/tr\/product\/jy-m430w-4-3-inch-vehicle-split-screen-wireless-backup-monitor\/\" class=\"woocommerce-LoopProduct-link woocommerce-loop-product__link\"><div class='thumbnail_container'><img decoding=\"async\" width=\"600\" height=\"600\" data-src=\"https:\/\/luview.com\/wp-content\/uploads\/2024\/07\/M570W\u5185\u9875-1-600x600.jpg\" class=\"wp-image-36490 avia-img-lazy-loading-36490 attachment-woocommerce_thumbnail size-woocommerce_thumbnail wp-post-image lazyload\"  data-srcset=\"https:\/\/luview.com\/wp-content\/uploads\/2024\/07\/M570W\u5185\u9875-1-600x600.jpg 600w, https:\/\/luview.com\/wp-content\/uploads\/2024\/07\/M570W\u5185\u9875-1-100x100.jpg 100w, https:\/\/luview.com\/wp-content\/uploads\/2024\/07\/M570W\u5185\u9875-1-300x300.jpg 300w, https:\/\/luview.com\/wp-content\/uploads\/2024\/07\/M570W\u5185\u9875-1-80x80.jpg 80w, https:\/\/luview.com\/wp-content\/uploads\/2024\/07\/M570W\u5185\u9875-1-768x768.jpg 768w, https:\/\/luview.com\/wp-content\/uploads\/2024\/07\/M570W\u5185\u9875-1-36x36.jpg 36w, https:\/\/luview.com\/wp-content\/uploads\/2024\/07\/M570W\u5185\u9875-1-180x180.jpg 180w, https:\/\/luview.com\/wp-content\/uploads\/2024\/07\/M570W\u5185\u9875-1-430x430.jpg 430w, https:\/\/luview.com\/wp-content\/uploads\/2024\/07\/M570W\u5185\u9875-1-630x630.jpg 630w, https:\/\/luview.com\/wp-content\/uploads\/2024\/07\/M570W\u5185\u9875-1-705x705.jpg 705w, https:\/\/luview.com\/wp-content\/uploads\/2024\/07\/M570W\u5185\u9875-1-321x321.jpg 321w, https:\/\/luview.com\/wp-content\/uploads\/2024\/07\/M570W\u5185\u9875-1-120x120.jpg 120w, https:\/\/luview.com\/wp-content\/uploads\/2024\/07\/M570W\u5185\u9875-1-450x450.jpg 450w, https:\/\/luview.com\/wp-content\/uploads\/2024\/07\/M570W\u5185\u9875-1-500x500.jpg 500w, https:\/\/luview.com\/wp-content\/uploads\/2024\/07\/M570W\u5185\u9875-1.jpg 800w\" data-sizes=\"(max-width: 600px) 100vw, 600px\" title=\"JY-M430W 4,3 in\u00e7 ara\u00e7 b\u00f6l\u00fcnm\u00fc\u015f ekran kablosuz yedekleme monit\u00f6r\u00fc\u7f29\u7565\u56fe\" alt=\"JY-M430W 4,3 in\u00e7 ara\u00e7 b\u00f6l\u00fcnm\u00fc\u015f ekran kablosuz yedekleme monit\u00f6r\u00fc\u7f29\u7565\u56fe\" src=\"data:image\/svg+xml;base64,PHN2ZyB3aWR0aD0iMSIgaGVpZ2h0PSIxIiB4bWxucz0iaHR0cDovL3d3dy53My5vcmcvMjAwMC9zdmciPjwvc3ZnPg==\" style=\"--smush-placeholder-width: 600px; --smush-placeholder-aspect-ratio: 600\/600;\" \/><span class='cart-loading'><\/span><\/div><div class='inner_product_header'><div class='avia-arrow'><\/div><div class='inner_product_header_table'><div class='inner_product_header_cell'><h2 class=\"woocommerce-loop-product__title\">JY-M430W 4,3 in\u00e7 ara\u00e7 b\u00f6l\u00fcnm\u00fc\u015f ekran kablosuz yedekleme monit\u00f6r\u00fc<\/h2>\n<\/div><\/div><\/div><\/a><\/div><\/li>\n<li class=\"product type-product post-25902 status-publish instock product_cat-4-6-inch-monitors has-post-thumbnail shipping-taxable product-type-simple\">\n\t<div class='inner_product main_color wrapped_style noLightbox  av-product-class-no_button'><a href=\"https:\/\/luview.com\/tr\/product\/jy-m570w-5-inch-wireless-split-screen-rear-view-monitor\/\" class=\"woocommerce-LoopProduct-link woocommerce-loop-product__link\"><div class='thumbnail_container'><img decoding=\"async\" width=\"600\" height=\"600\" data-src=\"https:\/\/luview.com\/wp-content\/uploads\/2024\/07\/M570W\u9996\u9875\u65b9\u5411-1-600x600.jpg\" class=\"wp-image-36488 avia-img-lazy-loading-36488 attachment-woocommerce_thumbnail size-woocommerce_thumbnail wp-post-image lazyload\"  data-srcset=\"https:\/\/luview.com\/wp-content\/uploads\/2024\/07\/M570W\u9996\u9875\u65b9\u5411-1-600x600.jpg 600w, https:\/\/luview.com\/wp-content\/uploads\/2024\/07\/M570W\u9996\u9875\u65b9\u5411-1-100x100.jpg 100w, https:\/\/luview.com\/wp-content\/uploads\/2024\/07\/M570W\u9996\u9875\u65b9\u5411-1-300x300.jpg 300w, https:\/\/luview.com\/wp-content\/uploads\/2024\/07\/M570W\u9996\u9875\u65b9\u5411-1-80x80.jpg 80w, https:\/\/luview.com\/wp-content\/uploads\/2024\/07\/M570W\u9996\u9875\u65b9\u5411-1-768x768.jpg 768w, https:\/\/luview.com\/wp-content\/uploads\/2024\/07\/M570W\u9996\u9875\u65b9\u5411-1-36x36.jpg 36w, https:\/\/luview.com\/wp-content\/uploads\/2024\/07\/M570W\u9996\u9875\u65b9\u5411-1-180x180.jpg 180w, https:\/\/luview.com\/wp-content\/uploads\/2024\/07\/M570W\u9996\u9875\u65b9\u5411-1-430x430.jpg 430w, https:\/\/luview.com\/wp-content\/uploads\/2024\/07\/M570W\u9996\u9875\u65b9\u5411-1-630x630.jpg 630w, https:\/\/luview.com\/wp-content\/uploads\/2024\/07\/M570W\u9996\u9875\u65b9\u5411-1-705x705.jpg 705w, https:\/\/luview.com\/wp-content\/uploads\/2024\/07\/M570W\u9996\u9875\u65b9\u5411-1-321x321.jpg 321w, https:\/\/luview.com\/wp-content\/uploads\/2024\/07\/M570W\u9996\u9875\u65b9\u5411-1-120x120.jpg 120w, https:\/\/luview.com\/wp-content\/uploads\/2024\/07\/M570W\u9996\u9875\u65b9\u5411-1-450x450.jpg 450w, https:\/\/luview.com\/wp-content\/uploads\/2024\/07\/M570W\u9996\u9875\u65b9\u5411-1-500x500.jpg 500w, https:\/\/luview.com\/wp-content\/uploads\/2024\/07\/M570W\u9996\u9875\u65b9\u5411-1.jpg 800w\" data-sizes=\"(max-width: 600px) 100vw, 600px\" title=\"JY-M570W 5 in\u00e7 kablosuz b\u00f6l\u00fcnm\u00fc\u015f ekran arka g\u00f6r\u00fc\u015f monit\u00f6r\u00fc\u7f29\u7565\u56fe\" alt=\"JY-M570W 5 in\u00e7 kablosuz b\u00f6l\u00fcnm\u00fc\u015f ekran arka g\u00f6r\u00fc\u015f monit\u00f6r\u00fc\u7f29\u7565\u56fe\" src=\"data:image\/svg+xml;base64,PHN2ZyB3aWR0aD0iMSIgaGVpZ2h0PSIxIiB4bWxucz0iaHR0cDovL3d3dy53My5vcmcvMjAwMC9zdmciPjwvc3ZnPg==\" style=\"--smush-placeholder-width: 600px; --smush-placeholder-aspect-ratio: 600\/600;\" \/><span class='cart-loading'><\/span><\/div><div class='inner_product_header'><div class='avia-arrow'><\/div><div class='inner_product_header_table'><div class='inner_product_header_cell'><h2 class=\"woocommerce-loop-product__title\">JY-M570W 5 in\u00e7 kablosuz b\u00f6l\u00fcnm\u00fc\u015f ekran arka g\u00f6r\u00fc\u015f monit\u00f6r\u00fc<\/h2>\n<\/div><\/div><\/div><\/a><\/div><\/li>\n<li class=\"product type-product post-1362 status-publish last instock product_cat-4-6-inch-monitors has-post-thumbnail shipping-taxable product-type-simple\">\n\t<div class='inner_product main_color wrapped_style noLightbox  av-product-class-no_button'><a href=\"https:\/\/luview.com\/tr\/product\/jy-m500-5-inch-sunshade-2-channels-input-digital-tft-lcd-monitor\/\" class=\"woocommerce-LoopProduct-link woocommerce-loop-product__link\"><div class='thumbnail_container'><img decoding=\"async\" width=\"600\" height=\"600\" data-src=\"https:\/\/luview.com\/wp-content\/uploads\/2022\/06\/500-600x600.jpg\" class=\"wp-image-25778 avia-img-lazy-loading-25778 attachment-woocommerce_thumbnail size-woocommerce_thumbnail wp-post-image lazyload\"  data-srcset=\"https:\/\/luview.com\/wp-content\/uploads\/2022\/06\/500-600x600.jpg 600w, https:\/\/luview.com\/wp-content\/uploads\/2022\/06\/500-100x100.jpg 100w, https:\/\/luview.com\/wp-content\/uploads\/2022\/06\/500-300x300.jpg 300w, https:\/\/luview.com\/wp-content\/uploads\/2022\/06\/500-80x80.jpg 80w, https:\/\/luview.com\/wp-content\/uploads\/2022\/06\/500-768x768.jpg 768w, https:\/\/luview.com\/wp-content\/uploads\/2022\/06\/500-36x36.jpg 36w, https:\/\/luview.com\/wp-content\/uploads\/2022\/06\/500-180x180.jpg 180w, https:\/\/luview.com\/wp-content\/uploads\/2022\/06\/500-430x430.jpg 430w, https:\/\/luview.com\/wp-content\/uploads\/2022\/06\/500-630x630.jpg 630w, https:\/\/luview.com\/wp-content\/uploads\/2022\/06\/500-705x705.jpg 705w, https:\/\/luview.com\/wp-content\/uploads\/2022\/06\/500-321x321.jpg 321w, https:\/\/luview.com\/wp-content\/uploads\/2022\/06\/500-120x120.jpg 120w, https:\/\/luview.com\/wp-content\/uploads\/2022\/06\/500-450x450.jpg 450w, https:\/\/luview.com\/wp-content\/uploads\/2022\/06\/500.jpg 800w\" data-sizes=\"(max-width: 600px) 100vw, 600px\" title=\"JY-M500 5 in\u00e7 g\u00fcne\u015flik 2 kanal giri\u015fli dijital TFT LCD monit\u00f6r\u7f29\u7565\u56fe\" alt=\"JY-M500 5 in\u00e7 g\u00fcne\u015flik 2 kanal giri\u015fli dijital TFT LCD monit\u00f6r\u7f29\u7565\u56fe\" src=\"data:image\/svg+xml;base64,PHN2ZyB3aWR0aD0iMSIgaGVpZ2h0PSIxIiB4bWxucz0iaHR0cDovL3d3dy53My5vcmcvMjAwMC9zdmciPjwvc3ZnPg==\" style=\"--smush-placeholder-width: 600px; --smush-placeholder-aspect-ratio: 600\/600;\" \/><span class='cart-loading'><\/span><\/div><div class='inner_product_header'><div class='avia-arrow'><\/div><div class='inner_product_header_table'><div class='inner_product_header_cell'><h2 class=\"woocommerce-loop-product__title\">JY-M500 5 in\u00e7 g\u00fcne\u015flik 2 kanal giri\u015fli dijital TFT LCD monit\u00f6r<\/h2>\n<\/div><\/div><\/div><\/a><\/div><\/li>\n<li class=\"product type-product post-1203 status-publish first instock product_cat-4-6-inch-monitors product_cat-waterproof-monitors has-post-thumbnail shipping-taxable product-type-simple\">\n\t<div class='inner_product main_color wrapped_style noLightbox  av-product-class-no_button'><a href=\"https:\/\/luview.com\/tr\/product\/jy-m550-2-ch-5-inch-ip69k-waterproof-flipped-image-tft-monitor\/\" class=\"woocommerce-LoopProduct-link woocommerce-loop-product__link\"><div class='thumbnail_container'><img decoding=\"async\" width=\"600\" height=\"600\" data-src=\"https:\/\/luview.com\/wp-content\/uploads\/2022\/06\/M550\u9996\u9875\u65b9\u5411-1-1-600x600.jpg\" class=\"wp-image-35862 avia-img-lazy-loading-35862 attachment-woocommerce_thumbnail size-woocommerce_thumbnail wp-post-image lazyload\"  data-srcset=\"https:\/\/luview.com\/wp-content\/uploads\/2022\/06\/M550\u9996\u9875\u65b9\u5411-1-1-600x600.jpg 600w, https:\/\/luview.com\/wp-content\/uploads\/2022\/06\/M550\u9996\u9875\u65b9\u5411-1-1-100x100.jpg 100w, https:\/\/luview.com\/wp-content\/uploads\/2022\/06\/M550\u9996\u9875\u65b9\u5411-1-1-300x300.jpg 300w, https:\/\/luview.com\/wp-content\/uploads\/2022\/06\/M550\u9996\u9875\u65b9\u5411-1-1-80x80.jpg 80w, https:\/\/luview.com\/wp-content\/uploads\/2022\/06\/M550\u9996\u9875\u65b9\u5411-1-1-768x768.jpg 768w, https:\/\/luview.com\/wp-content\/uploads\/2022\/06\/M550\u9996\u9875\u65b9\u5411-1-1-36x36.jpg 36w, https:\/\/luview.com\/wp-content\/uploads\/2022\/06\/M550\u9996\u9875\u65b9\u5411-1-1-180x180.jpg 180w, https:\/\/luview.com\/wp-content\/uploads\/2022\/06\/M550\u9996\u9875\u65b9\u5411-1-1-430x430.jpg 430w, https:\/\/luview.com\/wp-content\/uploads\/2022\/06\/M550\u9996\u9875\u65b9\u5411-1-1-630x630.jpg 630w, https:\/\/luview.com\/wp-content\/uploads\/2022\/06\/M550\u9996\u9875\u65b9\u5411-1-1-705x705.jpg 705w, https:\/\/luview.com\/wp-content\/uploads\/2022\/06\/M550\u9996\u9875\u65b9\u5411-1-1-321x321.jpg 321w, https:\/\/luview.com\/wp-content\/uploads\/2022\/06\/M550\u9996\u9875\u65b9\u5411-1-1-120x120.jpg 120w, https:\/\/luview.com\/wp-content\/uploads\/2022\/06\/M550\u9996\u9875\u65b9\u5411-1-1-450x450.jpg 450w, https:\/\/luview.com\/wp-content\/uploads\/2022\/06\/M550\u9996\u9875\u65b9\u5411-1-1-500x500.jpg 500w, https:\/\/luview.com\/wp-content\/uploads\/2022\/06\/M550\u9996\u9875\u65b9\u5411-1-1.jpg 800w\" data-sizes=\"(max-width: 600px) 100vw, 600px\" title=\"JY-M550 2 CH 5 in\u00e7 IP69K su ge\u00e7irmez \u00e7evrilmi\u015f g\u00f6r\u00fcnt\u00fc TFT monit\u00f6r\u7f29\u7565\u56fe\" alt=\"JY-M550 2 CH 5 in\u00e7 IP69K su ge\u00e7irmez \u00e7evrilmi\u015f g\u00f6r\u00fcnt\u00fc TFT monit\u00f6r\u7f29\u7565\u56fe\" src=\"data:image\/svg+xml;base64,PHN2ZyB3aWR0aD0iMSIgaGVpZ2h0PSIxIiB4bWxucz0iaHR0cDovL3d3dy53My5vcmcvMjAwMC9zdmciPjwvc3ZnPg==\" style=\"--smush-placeholder-width: 600px; --smush-placeholder-aspect-ratio: 600\/600;\" \/><span class='cart-loading'><\/span><\/div><div class='inner_product_header'><div class='avia-arrow'><\/div><div class='inner_product_header_table'><div class='inner_product_header_cell'><h2 class=\"woocommerce-loop-product__title\">JY-M550 2 CH 5 in\u00e7 IP69K su ge\u00e7irmez ters \u00e7evrilmi\u015f g\u00f6r\u00fcnt\u00fc TFT monit\u00f6r<\/h2>\n<\/div><\/div><\/div><\/a><\/div><\/li>\n<\/ul><\/div><\/div><div class=\"clear\"><\/div><\/div><div class='flex_column av-4ubxv-213bc428d71aa730c5a18fbc0d9954c9 av_one_full  avia-builder-el-0  el_before_av_three_fourth  avia-builder-el-first  first flex_column_div'   ><section  class='av_textblock_section av-4bhe3-b5d2024edd0490f6b2ae124c64cf457e'  itemscope=\"itemscope\" itemtype=\"https:\/\/schema.org\/CreativeWork\" ><div class='avia_textblock'  itemprop=\"text\" ><h3>Luview 4-6 in\u00e7 ara\u00e7 LCD monit\u00f6r\u00fcn\u00fcn avantajlar\u0131<\/h3>\n<p><strong>Luview Arka G\u00f6r\u00fc\u015f \u0130zleme Sistemi ile uyumludur<\/strong><br \/>\nLuview 4-6 in\u00e7 LCD monit\u00f6r sistemi, y\u00fcksek \u00e7\u00f6z\u00fcn\u00fcrl\u00fckl\u00fc kamera ve dijital LCD monit\u00f6r\u00fc bir araya getirir. Bu iki bile\u015fen, s\u00fcr\u00fcc\u00fcn\u00fcn g\u00f6r\u00fc\u015f alan\u0131n\u0131 iyile\u015ftirmek i\u00e7in birlikte \u00e7al\u0131\u015f\u0131r. S\u00fcr\u00fcc\u00fcn\u00fcn g\u00f6r\u00fc\u015f alan\u0131n\u0131 geni\u015fleterek m\u00fckemmel bir geri d\u00f6n\u00fc\u015f g\u00f6r\u00fcnt\u00fcs\u00fc yakalamas\u0131n\u0131 ve olas\u0131 engelleri zaman\u0131nda tespit etmesini sa\u011flar. \u00c7ok katmanl\u0131 su ge\u00e7irmez tasar\u0131m\u0131 sayesinde Luview monit\u00f6r in\u015faat makinelerinde, bi\u00e7erd\u00f6verlerde, ekskavat\u00f6rlerde ve daha fazlas\u0131nda kullan\u0131labilir.<\/p>\n<p><strong>High quality &amp; waterproof<\/strong><br \/>\nLuview, \u00e7ok say\u0131da uygulama i\u00e7in y\u00fcksek \u00e7\u00f6z\u00fcn\u00fcrl\u00fckl\u00fc ara\u00e7 monit\u00f6rleri sa\u011flar. 4-6 in\u00e7 yedekleme monit\u00f6r\u00fcm\u00fcz ayn\u0131 zamanda \u00e7ok dilli men\u00fcler sunarak bir\u00e7ok \u00fclkede kullan\u0131m i\u00e7in uyumlu hale getirir. Bu monit\u00f6rler ayr\u0131ca toz ve titre\u015fim \u00f6nleme i\u015flevlerine ve y\u00fcksek ve d\u00fc\u015f\u00fck s\u0131cakl\u0131k direncine sahiptir, bu da onlar\u0131 en zorlu ko\u015fullarda kullan\u0131ma uygun hale getirir.<\/p>\n<h3>En iyi 4-6 in\u00e7 monit\u00f6r\u00fc se\u00e7erken aranacak \u00f6zellikler<\/h3>\n<p>2 video giri\u015fli 4-6 in\u00e7 ara\u00e7 monit\u00f6r\u00fc, geri vites \u00f6nceli\u011finin otomatik olarak de\u011fi\u015ftirilmesi, net efekt ve hassas g\u00f6r\u00fcnt\u00fc kalitesi. Geri vites i\u00e7in do\u011fru monit\u00f6r\u00fc bulamamak sizi hala rahats\u0131z m\u0131 ediyor? En iyi ara\u00e7 yedekleme monit\u00f6r\u00fc hangisidir? A\u015fa\u011f\u0131daki i\u015flevlere ve \u00f6zelliklere sahipse, se\u00e7iminiz do\u011fru olmal\u0131d\u0131r.<\/p>\n<ol>\n<li>2 kanal video giri\u015fi, bir kanal DVD, VCD, TV, GPS vb. i\u00e7in kullan\u0131labilir ve di\u011fer kanal videosu geri g\u00f6r\u00fc\u015f i\u00e7in kullan\u0131l\u0131r.<\/li>\n<li>Kameray\u0131 ba\u011flad\u0131ktan sonra, arka g\u00f6r\u00fc\u015f\u00fcn otomatik olarak de\u011fi\u015ftirilmesini ve otomatik uyand\u0131rma i\u015flevini ger\u00e7ekle\u015ftirebilir.<\/li>\n<li>Geri vites otomatik ge\u00e7i\u015fi: ara\u00e7 a\u00e7\u0131ld\u0131\u011f\u0131nda, geri giderken kamera taraf\u0131ndan g\u00f6r\u00fcnt\u00fclenen ekrana otomatik olarak ge\u00e7ecek ve geri gittikten sonra otomatik olarak daha \u00f6nce oynat\u0131lan ekrana geri d\u00f6necektir. Uyku modunda: Geri giderken, arac\u0131n arkas\u0131ndaki sahneyi g\u00f6r\u00fcnt\u00fclemek i\u00e7in otomatik olarak a\u00e7\u0131lacak ve geri gittikten sonra otomatik olarak kapanacakt\u0131r.<\/li>\n<li>\u00d6zel optik lens, ekran kapat\u0131ld\u0131ktan sonra orijinal dikiz aynas\u0131 olarak kullan\u0131labilir ve parlama \u00f6nleme i\u015flevine sahiptir.<\/li>\n<li>Kurulum basittir, demontaj uygundur, orijinal arabay\u0131 de\u011fi\u015ftirmeye gerek yoktur ve orijinal araban\u0131n tarz\u0131 tutarl\u0131d\u0131r.<\/li>\n<li>Tam fonksiyonlu uzaktan kumanda, OSD tam \u0130ngilizce men\u00fc.<\/li>\n<li>G\u00fczel g\u00f6r\u00fcn\u00fcm, istikrarl\u0131 performans, net g\u00f6r\u00fcnt\u00fc, parlak renk, basit kullan\u0131m<\/li>\n<li>Motorun y\u00fcksek frekansl\u0131 parazitini etkili bir \u015fekilde \u00f6nleyebilen orijinal ithal y\u00fcksek frekansl\u0131 d\u00fc\u015f\u00fck diren\u00e7li bile\u015fenler kullan\u0131l\u0131r.<\/li>\n<li>\u00dcr\u00fcn\u00fcn y\u00fcksek \u00e7\u00f6z\u00fcn\u00fcrl\u00fc\u011f\u00fcn\u00fc ve uzun kullan\u0131m \u00f6mr\u00fcn\u00fc iyile\u015ftirmek i\u00e7in y\u00fcksek kaliteli y\u00fcksek voltaj transformat\u00f6r\u00fc ve d\u00fc\u015f\u00fck g\u00fc\u00e7l\u00fc y\u00fcksek parlakl\u0131kl\u0131 arka \u0131\u015f\u0131k devresi benimseyin.<\/li>\n<li>Kabuk, ithal ABS hammadde plastikten yap\u0131lm\u0131\u015ft\u0131r, ithal orijinal a\u015f\u0131nmaya dayan\u0131kl\u0131 ve alkole dayan\u0131kl\u0131 boya ile p\u00fcsk\u00fcrt\u00fclm\u00fc\u015ft\u00fcr, b\u00f6ylece kabuk a\u015f\u0131nmaya dayan\u0131kl\u0131d\u0131r ve eskimesi kolay de\u011fildir.<\/li>\n<\/ol>\n<\/div><\/section><\/div><\/p>","protected":false},"excerpt":{"rendered":"","protected":false},"author":1,"featured_media":0,"parent":640,"menu_order":0,"comment_status":"closed","ping_status":"closed","template":"","meta":{"_monsterinsights_skip_tracking":false,"_monsterinsights_sitenote_active":false,"_monsterinsights_sitenote_note":"","_monsterinsights_sitenote_category":0,"footnotes":""},"class_list":["post-644","page","type-page","status-publish","hentry"],"_links":{"self":[{"href":"https:\/\/luview.com\/tr\/wp-json\/wp\/v2\/pages\/644","targetHints":{"allow":["GET"]}}],"collection":[{"href":"https:\/\/luview.com\/tr\/wp-json\/wp\/v2\/pages"}],"about":[{"href":"https:\/\/luview.com\/tr\/wp-json\/wp\/v2\/types\/page"}],"author":[{"embeddable":true,"href":"https:\/\/luview.com\/tr\/wp-json\/wp\/v2\/users\/1"}],"replies":[{"embeddable":true,"href":"https:\/\/luview.com\/tr\/wp-json\/wp\/v2\/comments?post=644"}],"version-history":[{"count":2,"href":"https:\/\/luview.com\/tr\/wp-json\/wp\/v2\/pages\/644\/revisions"}],"predecessor-version":[{"id":44510,"href":"https:\/\/luview.com\/tr\/wp-json\/wp\/v2\/pages\/644\/revisions\/44510"}],"up":[{"embeddable":true,"href":"https:\/\/luview.com\/tr\/wp-json\/wp\/v2\/pages\/640"}],"wp:attachment":[{"href":"https:\/\/luview.com\/tr\/wp-json\/wp\/v2\/media?parent=644"}],"curies":[{"name":"wp","href":"https:\/\/api.w.org\/{rel}","templated":true}]}}