{"id":661,"date":"2022-05-23T11:23:46","date_gmt":"2022-05-23T11:23:46","guid":{"rendered":"https:\/\/luview.com\/?page_id=661"},"modified":"2026-03-10T02:51:04","modified_gmt":"2026-03-10T02:51:04","slug":"dikiz-aynasi-monitorleri","status":"publish","type":"page","link":"https:\/\/luview.com\/tr\/products\/monitors\/rearview-mirror-monitors\/","title":{"rendered":"Dikiz Aynas\u0131 Monit\u00f6rleri"},"content":{"rendered":"<style type=\"text\/css\" data-created_by=\"avia_inline_auto\" id=\"style-css-av-l2y9d09l-9a59c050fd7cc562363a6e26bd127e73\">\n.avia-section.av-l2y9d09l-9a59c050fd7cc562363a6e26bd127e73{\nbackground-repeat:no-repeat;\nbackground-image:url(https:\/\/luview.com\/wp-content\/uploads\/2024\/08\/0.jpg);\nbackground-position:50% 50%;\nbackground-attachment:scroll;\n}\n.avia-section.av-l2y9d09l-9a59c050fd7cc562363a6e26bd127e73 .av-section-color-overlay{\nopacity:0.8;\nbackground-color:#222222;\n}\n<\/style>\n<div id='av_section_1'  class='avia-section av-l2y9d09l-9a59c050fd7cc562363a6e26bd127e73 main_color avia-section-default avia-no-border-styling  avia-builder-el-0  el_before_av_one_full  avia-builder-el-first  titlebarbox avia-full-stretch avia-bg-style-scroll av-section-color-overlay-active container_wrap sidebar_left'  data-section-bg-repeat='stretch'><div class=\"av-section-color-overlay-wrap\"><div class=\"av-section-color-overlay\"><\/div><div class='container av-section-cont-open' ><main  role=\"main\" itemprop=\"mainContentOfPage\"  class='template-page content  av-content-small units'><div class='post-entry post-entry-type-page post-entry-661'><div class='entry-content-wrapper clearfix'>\n\n<style type=\"text\/css\" data-created_by=\"avia_inline_auto\" id=\"style-css-av-ro2v-a87e36abb91cc5e18f3d0098b40720d3\">\n.flex_column.av-ro2v-a87e36abb91cc5e18f3d0098b40720d3{\npadding:10% 0 10% 0;\n}\n<\/style>\n<div class='flex_column av-ro2v-a87e36abb91cc5e18f3d0098b40720d3 av_one_full  avia-builder-el-1  avia-builder-el-no-sibling  first flex_column_div'   ><style type=\"text\/css\" data-created_by=\"avia_inline_auto\" id=\"style-css-av-l2y9au29-bf07c75c092d3a9f62676db415f615f7\">\n#top .av_textblock_section.av-l2y9au29-bf07c75c092d3a9f62676db415f615f7 .avia_textblock{\ncolor:#ffffff;\ntext-align:center;\n}\n<\/style>\n<section  class='av_textblock_section av-l2y9au29-bf07c75c092d3a9f62676db415f615f7'  itemscope=\"itemscope\" itemtype=\"https:\/\/schema.org\/CreativeWork\" ><div class='avia_textblock av_inherit_color'  itemprop=\"text\" ><h1>Dikiz Aynas\u0131 Monit\u00f6rleri<\/h1>\n<\/div><\/section><br \/>\n<\/p><\/div>\n<\/div><\/div><\/main><!-- close content main element --><\/div><\/div><\/div><div id='after_section_1'  class='main_color av_default_container_wrap container_wrap sidebar_left'  ><div class='container av-section-cont-open' ><div class='template-page content  av-content-small units'><div class='post-entry post-entry-type-page post-entry-661'><div class='entry-content-wrapper clearfix'>\n<div class='flex_column av-6hmib-0f7b6fcf00f9273a80dfc45f533798fb av_one_full  avia-builder-el-4  el_after_av_section  el_before_av_one_full  avia-builder-el-first  first flex_column_div'   ><section  class='av_textblock_section av-l2y9squj-e76031f6dac70c55a963b220d7b8ed83'  itemscope=\"itemscope\" itemtype=\"https:\/\/schema.org\/CreativeWork\" ><div class='avia_textblock'  itemprop=\"text\" ><h3 style=\"font-weight: bold;\">T\u00fcm Dikiz Aynas\u0131 Monit\u00f6rleri<\/h3>\n<\/div><\/section><br \/>\n<section  class='av_textblock_section av-l2y9tm1e-80c30be322df05d44e75397a617f5c97'  itemscope=\"itemscope\" itemtype=\"https:\/\/schema.org\/CreativeWork\" ><div class='avia_textblock'  itemprop=\"text\" ><p>Luview dikiz aynas\u0131 monit\u00f6r\u00fc, s\u00fcr\u00fcc\u00fclere yaln\u0131zca daha net ve daha geni\u015f bir arka g\u00f6r\u00fc\u015f g\u00f6r\u00fcnt\u00fcs\u00fc sa\u011flamakla kalmaz, ayn\u0131 zamanda s\u00fcr\u00fc\u015f\u00fc daha g\u00fcvenli hale getirmek i\u00e7in \u00e7ok say\u0131da ADAS i\u015flevini entegre eder; rafine tasar\u0131m, s\u00fcr\u00fckleme katsay\u0131s\u0131n\u0131 ve enerji t\u00fcketimini azaltabilen teknoloji ile doludur. Luview, d\u00fcnyan\u0131n d\u00f6rt bir yan\u0131ndaki toptanc\u0131lar ve perakendeciler i\u00e7in dikiz aynas\u0131 izleme \u00e7\u00f6z\u00fcmleri geli\u015ftirir, \u00fcretir ve tedarik eder, \u00e7e\u015fitli monit\u00f6r t\u00fcrleri \u00f6zelle\u015ftirilebilir, sormaktan memnuniyet duyar\u0131z\u00a0<a href=\"http:\/\/mailto:sales@luview.com\/\">sales@luview.com<\/a>\u00a0.<\/p>\n<\/div><\/section><br \/>\n<div  class='avia-button-wrap avia-button-left  avia-builder-el-7  el_after_av_textblock  avia-builder-el-last' ><a href='https:\/\/luview.com\/tr\/contact\/'  class='avia-button av-l2y9umzk-d16bac7bf4e11df2896cb79984c1e31c avia-icon_select-no avia-size-large avia-position-left avia-color-theme-color' ><span class='avia_iconbox_title' >\u015eimdi Sorgula<\/span><\/a><\/div><\/p><\/div>\n<div class='flex_column av-5hzen-23301fe4c356e81a47b358eb060165d1 av_one_full  avia-builder-el-8  el_after_av_one_full  el_before_av_one_full  first flex_column_div column-top-margin'   ><div  class='avia-product-slider-container av-l2y9wj0i-b8ed698bca1bc6b07e3ebd4481a6c00c template-shop avia-content-slider avia-content-grid-active shop_columns_3  avia-builder-el-9  avia-builder-el-no-sibling  myproducts avia-content-slider-odd  avia-builder-el-9  avia-builder-el-no-sibling  myproducts avia-product-slider1'  data-autoplay=''  data-interval='5'  data-animation='fade'  data-hoverpause='1' ><div class='avia-content-slider-inner'><ul class=\"products\"><li class=\"product type-product post-1192 status-publish first instock product_cat-7-inch-monitors product_cat-rearview-mirror-monitors has-post-thumbnail shipping-taxable product-type-simple\">\n\t<div class='inner_product main_color wrapped_style noLightbox  av-product-class-no_button'><a href=\"https:\/\/luview.com\/tr\/product\/jy-mr07-7-inch-hd-lcd-rearview-mirror-monitor-with-speaker\/\" class=\"woocommerce-LoopProduct-link woocommerce-loop-product__link\"><div class='thumbnail_container'><img decoding=\"async\" width=\"600\" height=\"600\" data-src=\"https:\/\/luview.com\/wp-content\/uploads\/2022\/06\/MR07\u9996\u9875\u65b9\u5411-1-600x600.jpg\" class=\"wp-image-36567 avia-img-lazy-loading-36567 attachment-woocommerce_thumbnail size-woocommerce_thumbnail wp-post-image lazyload\"  data-srcset=\"https:\/\/luview.com\/wp-content\/uploads\/2022\/06\/MR07\u9996\u9875\u65b9\u5411-1-600x600.jpg 600w, https:\/\/luview.com\/wp-content\/uploads\/2022\/06\/MR07\u9996\u9875\u65b9\u5411-1-100x100.jpg 100w, https:\/\/luview.com\/wp-content\/uploads\/2022\/06\/MR07\u9996\u9875\u65b9\u5411-1-300x300.jpg 300w, https:\/\/luview.com\/wp-content\/uploads\/2022\/06\/MR07\u9996\u9875\u65b9\u5411-1-80x80.jpg 80w, https:\/\/luview.com\/wp-content\/uploads\/2022\/06\/MR07\u9996\u9875\u65b9\u5411-1-768x768.jpg 768w, https:\/\/luview.com\/wp-content\/uploads\/2022\/06\/MR07\u9996\u9875\u65b9\u5411-1-36x36.jpg 36w, https:\/\/luview.com\/wp-content\/uploads\/2022\/06\/MR07\u9996\u9875\u65b9\u5411-1-180x180.jpg 180w, https:\/\/luview.com\/wp-content\/uploads\/2022\/06\/MR07\u9996\u9875\u65b9\u5411-1-430x430.jpg 430w, https:\/\/luview.com\/wp-content\/uploads\/2022\/06\/MR07\u9996\u9875\u65b9\u5411-1-630x630.jpg 630w, https:\/\/luview.com\/wp-content\/uploads\/2022\/06\/MR07\u9996\u9875\u65b9\u5411-1-705x705.jpg 705w, https:\/\/luview.com\/wp-content\/uploads\/2022\/06\/MR07\u9996\u9875\u65b9\u5411-1-321x321.jpg 321w, https:\/\/luview.com\/wp-content\/uploads\/2022\/06\/MR07\u9996\u9875\u65b9\u5411-1-120x120.jpg 120w, https:\/\/luview.com\/wp-content\/uploads\/2022\/06\/MR07\u9996\u9875\u65b9\u5411-1-450x450.jpg 450w, https:\/\/luview.com\/wp-content\/uploads\/2022\/06\/MR07\u9996\u9875\u65b9\u5411-1-500x500.jpg 500w, https:\/\/luview.com\/wp-content\/uploads\/2022\/06\/MR07\u9996\u9875\u65b9\u5411-1.jpg 800w\" data-sizes=\"(max-width: 600px) 100vw, 600px\" title=\"JY-MR07 Hoparl\u00f6rl\u00fc 7 in\u00e7 HD lcd dikiz aynas\u0131 monit\u00f6r\u00fc\u7f29\u7565\u56fe\" alt=\"JY-MR07 Hoparl\u00f6rl\u00fc 7 in\u00e7 HD lcd dikiz aynas\u0131 monit\u00f6r\u00fc\u7f29\u7565\u56fe\" src=\"data:image\/svg+xml;base64,PHN2ZyB3aWR0aD0iMSIgaGVpZ2h0PSIxIiB4bWxucz0iaHR0cDovL3d3dy53My5vcmcvMjAwMC9zdmciPjwvc3ZnPg==\" style=\"--smush-placeholder-width: 600px; --smush-placeholder-aspect-ratio: 600\/600;\" \/><span class='cart-loading'><\/span><\/div><div class='inner_product_header'><div class='avia-arrow'><\/div><div class='inner_product_header_table'><div class='inner_product_header_cell'><h2 class=\"woocommerce-loop-product__title\">JY-MR07 Hoparl\u00f6rl\u00fc 7 in\u00e7 HD lcd dikiz aynas\u0131 monit\u00f6r\u00fc<\/h2>\n<\/div><\/div><\/div><\/a><\/div><\/li>\n<\/ul><\/div><\/div><div class=\"clear\"><\/div><\/div><div class='flex_column av-4ubxv-213bc428d71aa730c5a18fbc0d9954c9 av_one_full  avia-builder-el-0  el_before_av_three_fourth  avia-builder-el-first  first flex_column_div'   ><section  class='av_textblock_section av-4bhe3-b5d2024edd0490f6b2ae124c64cf457e'  itemscope=\"itemscope\" itemtype=\"https:\/\/schema.org\/CreativeWork\" ><div class='avia_textblock'  itemprop=\"text\" ><h3>Dikiz aynas\u0131 monit\u00f6r\u00fc nedir<\/h3>\n<p>Dikiz aynas\u0131 monit\u00f6r sistemleri geleneksel dikiz aynas\u0131n\u0131 dijital \u00f6zelliklerle de\u011fi\u015ftirir. Yerle\u015fik yedek kameralar\u0131 olmayan otomobiller i\u00e7in m\u00fckemmel bir eklentidir. Bu kameralar s\u00fcr\u00fcc\u00fclerin trafik s\u0131k\u0131\u015f\u0131kl\u0131\u011f\u0131ndan ka\u00e7\u0131nmalar\u0131na ve daha g\u00fcvenli bir \u015fekilde geri geri gitmelerine yard\u0131mc\u0131 olmakla kalmaz, ayn\u0131 zamanda ara\u00e7lar\u0131n\u0131n arkas\u0131nda ne oldu\u011funu g\u00f6rmelerini sa\u011flayarak kazalar\u0131 \u00f6nlemeye de yard\u0131mc\u0131 olabilir. Monit\u00f6r, k\u00f6r noktalarda bulunan s\u00fcr\u00fcc\u00fcler i\u00e7in de yararl\u0131d\u0131r \u00e7\u00fcnk\u00fc dikiz aynas\u0131nda tehlikeleri ve di\u011fer ara\u00e7lar\u0131 g\u00f6rmelerine yard\u0131mc\u0131 olabilir.<\/p>\n<h3>Dikiz aynas\u0131 monit\u00f6r\u00fc nas\u0131l \u00e7al\u0131\u015f\u0131r?<\/h3>\n<p>Yak\u0131n zamanda arac\u0131n\u0131z i\u00e7in yeni bir dijital ayna monit\u00f6r sistemi sat\u0131n ald\u0131ysan\u0131z, muhtemelen nas\u0131l \u00e7al\u0131\u015ft\u0131\u011f\u0131n\u0131 merak ediyorsunuzdur.<\/p>\n<p>Geleneksel bir dikiz aynas\u0131n\u0131n aksine, dijital bir ayna arac\u0131n yan taraf\u0131na monte edilmi\u015f bir kameradan al\u0131nan video g\u00f6r\u00fcnt\u00fcs\u00fcn\u00fc g\u00f6sterir. Bu, s\u00fcr\u00fc\u015f s\u0131ras\u0131nda k\u00f6r noktalardan ka\u00e7\u0131nman\u0131za yard\u0131mc\u0131 olabilir ve hatta park etmeyi kolayla\u015ft\u0131rabilir. Monit\u00f6r \u00e7o\u011fu ara\u00e7 modeliyle uyumludur. Baz\u0131 ayna monit\u00f6r modelleri video g\u00f6r\u00fcnt\u00fcs\u00fcn\u00fcn modunu de\u011fi\u015ftirmenize olanak tan\u0131r. Baz\u0131 ayna monit\u00f6rlerinde uyarlanabilir s\u00fcr\u00fc\u015f modu bile vard\u0131r. Bu mod, s\u00fcr\u00fc\u015f g\u00f6reviniz i\u00e7in en uygun modu se\u00e7menize yard\u0131mc\u0131 olur.<\/p>\n<h3>Dikiz aynas\u0131 monit\u00f6r\u00fcn\u00fcn avantajlar\u0131<\/h3>\n<p>Dikiz aynas\u0131 monit\u00f6rleri s\u00fcr\u00fcc\u00fcler i\u00e7in bir\u00e7ok fayda sa\u011flar.<\/p>\n<ol>\n<li><b><\/b><strong><b>Reaksiyon h\u0131z\u0131n\u0131 art\u0131r\u0131n<\/b><\/strong><\/li>\n<\/ol>\n<p>Dikiz aynas\u0131 monit\u00f6rleri<strong><b>\u00a0<\/b><\/strong>s\u00fcr\u00fcc\u00fclerin arkalar\u0131nda ne oldu\u011funu izlemek i\u00e7in harcad\u0131klar\u0131 zaman\u0131 azalt\u0131r. Kameran\u0131n geni\u015f a\u00e7\u0131l\u0131 g\u00f6r\u00fc\u015f a\u00e7\u0131s\u0131 s\u00fcr\u00fcc\u00fclere m\u00fckemmel g\u00f6r\u00fc\u015f sa\u011flar.<\/p>\n<ol start=\"2\">\n<li><b><\/b><strong><b>gece s\u00fcr\u00fc\u015f\u00fc i\u00e7in uygun<\/b><\/strong><\/li>\n<\/ol>\n<p>Dikiz aynas\u0131n\u0131n dijital ekran\u0131 kristal netli\u011findedir ve arka farlar\u0131n neden oldu\u011fu parlamay\u0131 ortadan kald\u0131r\u0131r. Bu \u00f6zellik gece s\u00fcr\u00fc\u015f\u00fc i\u00e7in idealdir \u00e7\u00fcnk\u00fc etraf\u0131 kontrol etmek i\u00e7in aynay\u0131 kullanma ihtiyac\u0131n\u0131 ortadan kald\u0131r\u0131r.<\/p>\n<ol start=\"3\">\n<li><b><\/b><strong><b>Daha y\u00fcksek \u00e7\u00f6z\u00fcn\u00fcrl\u00fckl\u00fc bir g\u00f6r\u00fcn\u00fcm<\/b><\/strong><\/li>\n<\/ol>\n<p>Bir s\u00fcr\u00fcc\u00fcn\u00fcn g\u00f6rme yetisi zay\u0131fsa aynalar sak\u0131ncal\u0131d\u0131r. Aynalar mevcut nesnelerden gelen \u0131\u015f\u0131\u011f\u0131 yans\u0131t\u0131r ve s\u00fcr\u00fcc\u00fcn\u00fcn g\u00f6zlerine gitmesi gerekir. Sonu\u00e7 olarak, ya\u015fa ba\u011fl\u0131 miyop olanlar da dahil olmak \u00fczere bir\u00e7ok s\u00fcr\u00fcc\u00fcn\u00fcn g\u00f6rme yetene\u011fi zay\u0131ft\u0131r. Neyse ki bu sorun bir dikiz aynas\u0131 monit\u00f6r\u00fc ile \u00e7\u00f6z\u00fclmektedir. Bu cihaz g\u00f6r\u00fcnt\u00fcleri bir ekrana aktararak \u00e7ok daha yak\u0131n ve g\u00f6r\u00fcn\u00fcr hale getirir.<\/p>\n<ol start=\"4\">\n<li><b><\/b><strong><b>K\u00f6t\u00fc havalarda uygulanabilir<\/b><\/strong><\/li>\n<\/ol>\n<p>D\u00f6rd\u00fcnc\u00fc olarak, dikiz aynas\u0131 monit\u00f6r\u00fc k\u00f6t\u00fc hava ko\u015fullar\u0131nda s\u00fcr\u00fcc\u00fcler i\u00e7in daha fazla koruma sa\u011flar. Hasara kar\u015f\u0131 savunmas\u0131z olan aynalar\u0131n aksine, dijital versiyon her t\u00fcrl\u00fc hava ko\u015fulunda kullan\u0131labilir. Kamera arac\u0131n d\u0131\u015f\u0131na monte edildi\u011finden, sis veya ya\u011fmurun arkas\u0131n\u0131 g\u00f6rebilir. Dijital dikiz aynas\u0131 monit\u00f6r\u00fc, kar\u015f\u0131dan gelen trafi\u011fin net g\u00f6r\u00fcnt\u00fcs\u00fcn\u00fc yans\u0131tmak i\u00e7in ya\u011fmur ve kar\u0131 filtreleyebilen farkl\u0131 bir ekran t\u00fcr\u00fc kullan\u0131r. S\u00fcr\u00fcc\u00fc g\u00fcvenli\u011fi ve maliyet tasarrufu i\u00e7in harika bir se\u00e7enektir.<\/p>\n<h3>Dikiz aynas\u0131 monit\u00f6r\u00fc nas\u0131l kurulur<\/h3>\n<p>Bir dikiz aynas\u0131 monit\u00f6r\u00fc sat\u0131n al\u0131rken, kurulumu ve kullan\u0131m\u0131 kolay bir model se\u00e7ti\u011finizden emin olun. Baz\u0131 modellerin karma\u015f\u0131k bir kurulum s\u00fcreci vard\u0131r, bu da onlar\u0131 yeni ba\u015flayanlar i\u00e7in daha az uygun hale getirir. Kurulum i\u00e7in harcayacak \u00e7ok zaman\u0131n\u0131z yoksa, dikiz aynas\u0131 gibi tak\u0131lan basit bir \u00fcniteyi tercih edin. Yeni bir \u00fcnite sat\u0131n almadan \u00f6nce ekran \u00e7\u00f6z\u00fcn\u00fcrl\u00fc\u011f\u00fcn\u00fc ve ekran y\u00f6n\u00fcn\u00fc kontrol etmeniz tavsiye edilir.<\/p>\n<p>\u00dcreticinin kurulum i\u00e7in tam talimatlar sundu\u011fundan emin olun. Baz\u0131 sistemler programlama ve ek kurulum gerektirir. Bu \u00f6zellikleri kurmak i\u00e7in arac\u0131n\u0131z\u0131n elektrik sistemiyle \u00e7al\u0131\u015fman\u0131z gerekebilir. Dikiz aynas\u0131 monit\u00f6r sistemi kurman\u0131n bir kendin yap projesi oldu\u011funu ve biraz teknik bilgi gerektirece\u011fini unutmay\u0131n. Ancak monit\u00f6r\u00fc bir kez kurdu\u011funuzda, daha g\u00fcvenli ve daha rahat bir s\u00fcr\u00fc\u015f deneyimine giden yolda ilerlemi\u015f olacaks\u0131n\u0131z.<\/p>\n<p>Baz\u0131 durumlarda, sistem yedekleme sens\u00f6rleri veya yedekleme kameralar\u0131 gibi ek aksesuarlar gerektirebilir. Se\u00e7ti\u011finiz monit\u00f6r t\u00fcr\u00fc ne olursa olsun, t\u00fcm talimatlar\u0131 dikkatlice ve eksiksiz bir \u015fekilde takip etmelisiniz.<\/p>\n<h3>En iyi dikiz aynas\u0131 monit\u00f6r\u00fcn\u00fc se\u00e7erken aranacak \u00f6zellikler<\/h3>\n<p>Bir dikiz aynas\u0131 monit\u00f6r\u00fc i\u00e7in al\u0131\u015fveri\u015f yaparken aranacak \u00e7e\u015fitli \u00f6zellikler vard\u0131r. En iyi \u00fcnitelerden baz\u0131lar\u0131, aynan\u0131n d\u00fc\u011fmeleri arac\u0131l\u0131\u011f\u0131yla eri\u015filebilen bir dokunmatik ekrana sahiptir. Bu \u00fcnitelerdeki dokunmatik ekranlar yolu \u00e7ok daha iyi g\u00f6rmenizi sa\u011flar ve d\u00fc\u015f\u00fck \u0131\u015f\u0131k ko\u015fullar\u0131nda g\u00f6r\u00fc\u015f\u00fcn\u00fcz\u00fc iyile\u015ftirmek i\u00e7in ekran\u0131n parlakl\u0131\u011f\u0131n\u0131 ayarlaman\u0131za yard\u0131mc\u0131 olabilir.<\/p>\n<p>Baz\u0131lar\u0131 \u00e7oklu kamera \u00f6zelli\u011fine de sahiptir ve size daha da fazla se\u00e7enek sunar. Ayr\u0131ca resim i\u00e7inde resim veya tam ekran g\u00f6r\u00fcnt\u00fcleme \u00f6zelliklerine sahiptirler, bu da onlar\u0131 yoldaki s\u00fcr\u00fcc\u00fcler i\u00e7in m\u00fckemmel k\u0131lar.<\/p>\n<h3>Dikiz aynas\u0131 monit\u00f6r\u00fcn\u00fcn maliyeti nedir<\/h3>\n<p>Dikiz aynas\u0131 monit\u00f6rleri geleneksel aynalar\u0131 dijital \u00f6zelliklerle de\u011fi\u015ftiriyor. Hatta dikiz kamera sistemi olmayan ara\u00e7lara da eklenebiliyor. Bu yedek kameralar basit bir ayna de\u011fi\u015fiminden daha fazlas\u0131d\u0131r. S\u00fcr\u00fcc\u00fclerin etraflar\u0131nda ne oldu\u011funu g\u00f6rmelerine yard\u0131mc\u0131 olarak gecikme ve kazalardan ka\u00e7\u0131nmalar\u0131n\u0131 sa\u011flar. Ayr\u0131ca s\u00fcr\u00fcc\u00fclerin k\u00f6r noktalara kar\u015f\u0131 uyan\u0131k kalmalar\u0131na da yard\u0131mc\u0131 olurlar. Peki bir dikiz aynas\u0131 monit\u00f6r\u00fcn\u00fcn maliyeti nedir? \u00d6\u011frenmek i\u00e7in okumaya devam edin!<\/p>\n<p>Bir dikiz aynas\u0131 monit\u00f6r sisteminin fiyat\u0131, i\u00e7erdi\u011fi \u00f6zelliklerin say\u0131s\u0131na ba\u011fl\u0131d\u0131r. Baz\u0131 modeller yedekleme sens\u00f6rleri veya yedekleme kameralar\u0131 ile birlikte gelir. Di\u011ferlerinde ise sadece dikiz aynas\u0131 bulunur. Kurulum karma\u015f\u0131k olabilir ancak ekstra maliyete de\u011fer. Bir dikiz aynas\u0131 monit\u00f6r sistemi sat\u0131n almadan \u00f6nce talimatlar\u0131 okudu\u011funuzdan emin olun. Baz\u0131 sistemlerin d\u00fczg\u00fcn \u00e7al\u0131\u015fmas\u0131 i\u00e7in ek programlama veya kurulum gerekir. Bu y\u00fckseltme i\u00e7in para harcamadan \u00f6nce yerel bayinize dan\u0131\u015fman\u0131z \u00f6nemlidir.<\/p>\n<p>\u00c7o\u011fu dikiz aynas\u0131 monit\u00f6r\u00fc bir video kamera kullan\u0131r. \u0130htiya\u00e7lar\u0131n\u0131z\u0131n ne oldu\u011funa ba\u011fl\u0131 olarak, \u00e7e\u015fitli model t\u00fcrleri mevcuttur. \u00c7o\u011fu modelde yerle\u015fik bir kamera bulunurken, di\u011ferleri do\u011frudan aynaya monte edilir. Kamera t\u00fcm a\u00e7\u0131lardan video \u00e7ekebilmelidir. Gereksinimlerinize ba\u011fl\u0131 olarak, k\u0131sa bir kablo almad\u0131\u011f\u0131n\u0131zdan emin olmak i\u00e7in kablonun uzunlu\u011funu g\u00f6z \u00f6n\u00fcnde bulundurmak isteyebilirsiniz.<\/p>\n<p>Dikiz aynas\u0131 ekranlar\u0131 \u00e7ok ucuz modellerden pahal\u0131 olanlara kadar \u00e7e\u015fitlilik g\u00f6sterebilir. $100'den daha az bir fiyata dokunmatik kontrollere sahip iyi bir LCD ekran alabilirsiniz. Bunlar muhtemelen mevcut aynan\u0131za uyacakt\u0131r ve baz\u0131lar\u0131nda ara\u00e7 kameras\u0131 da bulunur. Di\u011fer ekranlar daha fazla \u00f6zelli\u011fe sahiptir ve size yakla\u015f\u0131k $200 veya daha fazlas\u0131na mal olacakt\u0131r. Bu \u00fcnitelerin bir\u00e7o\u011funda \u015ferit yard\u0131m\u0131, park \u00e7izgisi yard\u0131m sistemi ve daha fazlas\u0131 bulunur. G\u00f6sterdikleri video kalitesi ihtiya\u00e7lar\u0131n\u0131za ba\u011fl\u0131 olacakt\u0131r, ancak yine de direksiyon ba\u015f\u0131nda daha g\u00fcvenli ve kendinden emin hissetmenizi sa\u011flayacakt\u0131r.<\/p>\n<\/div><\/section><\/div><\/p>","protected":false},"excerpt":{"rendered":"","protected":false},"author":1,"featured_media":0,"parent":640,"menu_order":0,"comment_status":"closed","ping_status":"closed","template":"","meta":{"_monsterinsights_skip_tracking":false,"_monsterinsights_sitenote_active":false,"_monsterinsights_sitenote_note":"","_monsterinsights_sitenote_category":0,"footnotes":""},"class_list":["post-661","page","type-page","status-publish","hentry"],"_links":{"self":[{"href":"https:\/\/luview.com\/tr\/wp-json\/wp\/v2\/pages\/661","targetHints":{"allow":["GET"]}}],"collection":[{"href":"https:\/\/luview.com\/tr\/wp-json\/wp\/v2\/pages"}],"about":[{"href":"https:\/\/luview.com\/tr\/wp-json\/wp\/v2\/types\/page"}],"author":[{"embeddable":true,"href":"https:\/\/luview.com\/tr\/wp-json\/wp\/v2\/users\/1"}],"replies":[{"embeddable":true,"href":"https:\/\/luview.com\/tr\/wp-json\/wp\/v2\/comments?post=661"}],"version-history":[{"count":3,"href":"https:\/\/luview.com\/tr\/wp-json\/wp\/v2\/pages\/661\/revisions"}],"predecessor-version":[{"id":44516,"href":"https:\/\/luview.com\/tr\/wp-json\/wp\/v2\/pages\/661\/revisions\/44516"}],"up":[{"embeddable":true,"href":"https:\/\/luview.com\/tr\/wp-json\/wp\/v2\/pages\/640"}],"wp:attachment":[{"href":"https:\/\/luview.com\/tr\/wp-json\/wp\/v2\/media?parent=661"}],"curies":[{"name":"wp","href":"https:\/\/api.w.org\/{rel}","templated":true}]}}