{"id":679,"date":"2022-05-24T04:57:45","date_gmt":"2022-05-24T04:57:45","guid":{"rendered":"https:\/\/luview.com\/?page_id=679"},"modified":"2026-03-10T02:58:15","modified_gmt":"2026-03-10T02:58:15","slug":"360-surround-kamera-sistemi","status":"publish","type":"page","link":"https:\/\/luview.com\/tr\/products\/rear-view-system\/360-surround-camera-system\/","title":{"rendered":"360 Surround Kamera Sistemi"},"content":{"rendered":"<style type=\"text\/css\" data-created_by=\"avia_inline_auto\" id=\"style-css-av-l2y9d09l-dba2ddc1697532ae540078bc5bf8a8e6\">\n.avia-section.av-l2y9d09l-dba2ddc1697532ae540078bc5bf8a8e6{\nbackground-repeat:no-repeat;\nbackground-image:url(https:\/\/luview.com\/wp-content\/uploads\/2024\/11\/\u540e\u89c6.jpg);\nbackground-position:50% 50%;\nbackground-attachment:scroll;\n}\n.avia-section.av-l2y9d09l-dba2ddc1697532ae540078bc5bf8a8e6 .av-section-color-overlay{\nopacity:0.8;\nbackground-color:#222222;\n}\n<\/style>\n<div id='av_section_1'  class='avia-section av-l2y9d09l-dba2ddc1697532ae540078bc5bf8a8e6 main_color avia-section-default avia-no-border-styling  avia-builder-el-0  el_before_av_one_full  avia-builder-el-first  titlebarbox avia-full-stretch avia-bg-style-scroll av-section-color-overlay-active container_wrap sidebar_left'  data-section-bg-repeat='stretch'><div class=\"av-section-color-overlay-wrap\"><div class=\"av-section-color-overlay\"><\/div><div class='container av-section-cont-open' ><main  role=\"main\" itemprop=\"mainContentOfPage\"  class='template-page content  av-content-small units'><div class='post-entry post-entry-type-page post-entry-679'><div class='entry-content-wrapper clearfix'>\n\n<style type=\"text\/css\" data-created_by=\"avia_inline_auto\" id=\"style-css-av-ro2v-a87e36abb91cc5e18f3d0098b40720d3\">\n.flex_column.av-ro2v-a87e36abb91cc5e18f3d0098b40720d3{\npadding:10% 0 10% 0;\n}\n<\/style>\n<div class='flex_column av-ro2v-a87e36abb91cc5e18f3d0098b40720d3 av_one_full  avia-builder-el-1  avia-builder-el-no-sibling  first flex_column_div'   ><style type=\"text\/css\" data-created_by=\"avia_inline_auto\" id=\"style-css-av-l2y9au29-bf07c75c092d3a9f62676db415f615f7\">\n#top .av_textblock_section.av-l2y9au29-bf07c75c092d3a9f62676db415f615f7 .avia_textblock{\ncolor:#ffffff;\ntext-align:center;\n}\n<\/style>\n<section  class='av_textblock_section av-l2y9au29-bf07c75c092d3a9f62676db415f615f7'  itemscope=\"itemscope\" itemtype=\"https:\/\/schema.org\/CreativeWork\" ><div class='avia_textblock av_inherit_color'  itemprop=\"text\" ><h1>360 Surround Kamera Sistemi<\/h1>\n<\/div><\/section><br \/>\n<\/p><\/div>\n<\/div><\/div><\/main><!-- close content main element --><\/div><\/div><\/div><div id='after_section_1'  class='main_color av_default_container_wrap container_wrap sidebar_left'  ><div class='container av-section-cont-open' ><div class='template-page content  av-content-small units'><div class='post-entry post-entry-type-page post-entry-679'><div class='entry-content-wrapper clearfix'>\n<div class='flex_column av-6hmib-0f7b6fcf00f9273a80dfc45f533798fb av_one_full  avia-builder-el-4  el_after_av_section  el_before_av_one_full  avia-builder-el-first  first flex_column_div'   ><section  class='av_textblock_section av-l2y9squj-e76031f6dac70c55a963b220d7b8ed83'  itemscope=\"itemscope\" itemtype=\"https:\/\/schema.org\/CreativeWork\" ><div class='avia_textblock'  itemprop=\"text\" ><h3 style=\"font-weight: bold;\">T\u00fcm 360 Surround Kamera Sistemi<\/h3>\n<\/div><\/section><br \/>\n<section  class='av_textblock_section av-l2y9tm1e-80c30be322df05d44e75397a617f5c97'  itemscope=\"itemscope\" itemtype=\"https:\/\/schema.org\/CreativeWork\" ><div class='avia_textblock'  itemprop=\"text\" ><p>Luview 360\u00b0 \u00e7evresel g\u00f6r\u00fc\u015f kamera sistemi, s\u00fcr\u00fcc\u00fcye arac\u0131n d\u0131\u015f\u0131ndaki 4 kamera arac\u0131l\u0131\u011f\u0131yla arac\u0131n etraf\u0131ndaki yol ko\u015fullar\u0131n\u0131n 360\u00b0 g\u00f6r\u00fcnt\u00fcs\u00fcn\u00fc g\u00f6sterebilir ve s\u00fcr\u00fcc\u00fcn\u00fcn dar yol b\u00f6l\u00fcmlerinde ve ters park senaryolar\u0131nda k\u00f6r noktalar\u0131n neden oldu\u011fu kazalardan ka\u00e7\u0131nmas\u0131na yard\u0131mc\u0131 olabilir. Luview, \u00c7in'den profesyonel bir 360 derece surround g\u00f6r\u00fc\u015f kamera sistemi \u00fcreticisi ve \u00e7\u00f6z\u00fcm tedarik\u00e7isidir, bizimle ileti\u015fime ge\u00e7mekten memnuniyet duyar\u0131z <a href=\"mailto:sales@luview.com\"><u>sales@luview.com<\/u><\/a>\u00a0herhangi bir sorunuz varsa.<\/p>\n<\/div><\/section><br \/>\n<div  class='avia-button-wrap avia-button-left  avia-builder-el-7  el_after_av_textblock  avia-builder-el-last' ><a href='https:\/\/luview.com\/tr\/contact\/'  class='avia-button av-l2y9umzk-d16bac7bf4e11df2896cb79984c1e31c avia-icon_select-no avia-size-large avia-position-left avia-color-theme-color' ><span class='avia_iconbox_title' >\u015eimdi Sorgula<\/span><\/a><\/div><\/p><\/div>\n<div class='flex_column av-5hzen-23301fe4c356e81a47b358eb060165d1 av_one_full  avia-builder-el-8  el_after_av_one_full  el_before_av_one_full  first flex_column_div column-top-margin'   ><div  class='avia-product-slider-container av-l2y9wj0i-13495f0fae3907e4dfba74992f90dcda template-shop avia-content-slider avia-content-grid-active shop_columns_3  avia-builder-el-9  avia-builder-el-no-sibling  myproducts avia-content-slider-odd  avia-builder-el-9  avia-builder-el-no-sibling  myproducts avia-product-slider1'  data-autoplay=''  data-interval='5'  data-animation='fade'  data-hoverpause='1' ><div class='avia-content-slider-inner'><ul class=\"products\"><li class=\"product type-product post-25961 status-publish first instock product_cat-360-surround-view-system product_cat-hot-product has-post-thumbnail shipping-taxable product-type-simple\">\n\t<div class='inner_product main_color wrapped_style noLightbox  av-product-class-no_button'><a href=\"https:\/\/luview.com\/tr\/product\/jy-fv04-360-degree-panoramic-radar-surveillance-system-with-intelligent-ai-alert\/\" class=\"woocommerce-LoopProduct-link woocommerce-loop-product__link\"><div class='thumbnail_container'><img decoding=\"async\" width=\"600\" height=\"600\" data-src=\"https:\/\/luview.com\/wp-content\/uploads\/2024\/07\/8-1-600x600.jpg\" class=\"wp-image-25963 avia-img-lazy-loading-25963 attachment-woocommerce_thumbnail size-woocommerce_thumbnail wp-post-image lazyload\"  data-srcset=\"https:\/\/luview.com\/wp-content\/uploads\/2024\/07\/8-1-600x600.jpg 600w, https:\/\/luview.com\/wp-content\/uploads\/2024\/07\/8-1-100x100.jpg 100w, https:\/\/luview.com\/wp-content\/uploads\/2024\/07\/8-1-300x300.jpg 300w, https:\/\/luview.com\/wp-content\/uploads\/2024\/07\/8-1-80x80.jpg 80w, https:\/\/luview.com\/wp-content\/uploads\/2024\/07\/8-1-768x768.jpg 768w, https:\/\/luview.com\/wp-content\/uploads\/2024\/07\/8-1-36x36.jpg 36w, https:\/\/luview.com\/wp-content\/uploads\/2024\/07\/8-1-180x180.jpg 180w, https:\/\/luview.com\/wp-content\/uploads\/2024\/07\/8-1-430x430.jpg 430w, https:\/\/luview.com\/wp-content\/uploads\/2024\/07\/8-1-630x630.jpg 630w, https:\/\/luview.com\/wp-content\/uploads\/2024\/07\/8-1-705x705.jpg 705w, https:\/\/luview.com\/wp-content\/uploads\/2024\/07\/8-1-321x321.jpg 321w, https:\/\/luview.com\/wp-content\/uploads\/2024\/07\/8-1-120x120.jpg 120w, https:\/\/luview.com\/wp-content\/uploads\/2024\/07\/8-1-450x450.jpg 450w, https:\/\/luview.com\/wp-content\/uploads\/2024\/07\/8-1.jpg 800w\" data-sizes=\"(max-width: 600px) 100vw, 600px\" title=\"JY-FV04 360 derece panoramik radar g\u00f6zetim sistemi ile ak\u0131ll\u0131 yapay zeka uyar\u0131s\u0131\u7f29\u7565\u56fe\" alt=\"JY-FV04 360 derece panoramik radar g\u00f6zetim sistemi ile ak\u0131ll\u0131 yapay zeka uyar\u0131s\u0131\u7f29\u7565\u56fe\" src=\"data:image\/svg+xml;base64,PHN2ZyB3aWR0aD0iMSIgaGVpZ2h0PSIxIiB4bWxucz0iaHR0cDovL3d3dy53My5vcmcvMjAwMC9zdmciPjwvc3ZnPg==\" style=\"--smush-placeholder-width: 600px; --smush-placeholder-aspect-ratio: 600\/600;\" \/><span class='cart-loading'><\/span><\/div><div class='inner_product_header'><div class='avia-arrow'><\/div><div class='inner_product_header_table'><div class='inner_product_header_cell'><h2 class=\"woocommerce-loop-product__title\">JY-FV04 Ak\u0131ll\u0131 yapay zeka uyar\u0131s\u0131na sahip 360 derece panoramik radar g\u00f6zetim sistemi<\/h2>\n<\/div><\/div><\/div><\/a><\/div><\/li>\n<li class=\"product type-product post-1278 status-publish instock product_cat-360-surround-view-system has-post-thumbnail shipping-taxable product-type-simple\">\n\t<div class='inner_product main_color wrapped_style noLightbox  av-product-class-no_button'><a href=\"https:\/\/luview.com\/tr\/product\/jy-bv360-360-degree-panoramic-image-surround-view-backup-camera-system\/\" class=\"woocommerce-LoopProduct-link woocommerce-loop-product__link\"><div class='thumbnail_container'><img decoding=\"async\" width=\"600\" height=\"600\" data-src=\"https:\/\/luview.com\/wp-content\/uploads\/2022\/06\/8-600x600.jpg\" class=\"wp-image-25975 avia-img-lazy-loading-25975 attachment-woocommerce_thumbnail size-woocommerce_thumbnail wp-post-image lazyload\"  data-srcset=\"https:\/\/luview.com\/wp-content\/uploads\/2022\/06\/8-600x600.jpg 600w, https:\/\/luview.com\/wp-content\/uploads\/2022\/06\/8-100x100.jpg 100w, https:\/\/luview.com\/wp-content\/uploads\/2022\/06\/8-300x300.jpg 300w, https:\/\/luview.com\/wp-content\/uploads\/2022\/06\/8-80x80.jpg 80w, https:\/\/luview.com\/wp-content\/uploads\/2022\/06\/8-768x768.jpg 768w, https:\/\/luview.com\/wp-content\/uploads\/2022\/06\/8-36x36.jpg 36w, https:\/\/luview.com\/wp-content\/uploads\/2022\/06\/8-180x180.jpg 180w, https:\/\/luview.com\/wp-content\/uploads\/2022\/06\/8-430x430.jpg 430w, https:\/\/luview.com\/wp-content\/uploads\/2022\/06\/8-630x630.jpg 630w, https:\/\/luview.com\/wp-content\/uploads\/2022\/06\/8-705x705.jpg 705w, https:\/\/luview.com\/wp-content\/uploads\/2022\/06\/8-321x321.jpg 321w, https:\/\/luview.com\/wp-content\/uploads\/2022\/06\/8-120x120.jpg 120w, https:\/\/luview.com\/wp-content\/uploads\/2022\/06\/8-450x450.jpg 450w, https:\/\/luview.com\/wp-content\/uploads\/2022\/06\/8.jpg 800w\" data-sizes=\"(max-width: 600px) 100vw, 600px\" title=\"JY-BV360 360 Derece panoramik g\u00f6r\u00fcnt\u00fc surround g\u00f6r\u00fcn\u00fcm yedek kamera sistemi\u7f29\u7565\u56fe\" alt=\"JY-BV360 360 Derece panoramik g\u00f6r\u00fcnt\u00fc surround g\u00f6r\u00fcn\u00fcm yedek kamera sistemi\u7f29\u7565\u56fe\" src=\"data:image\/svg+xml;base64,PHN2ZyB3aWR0aD0iMSIgaGVpZ2h0PSIxIiB4bWxucz0iaHR0cDovL3d3dy53My5vcmcvMjAwMC9zdmciPjwvc3ZnPg==\" style=\"--smush-placeholder-width: 600px; --smush-placeholder-aspect-ratio: 600\/600;\" \/><span class='cart-loading'><\/span><\/div><div class='inner_product_header'><div class='avia-arrow'><\/div><div class='inner_product_header_table'><div class='inner_product_header_cell'><h2 class=\"woocommerce-loop-product__title\">JY-BV360 360 Derece panoramik g\u00f6r\u00fcnt\u00fc surround g\u00f6r\u00fcn\u00fcml\u00fc yedek kamera sistemi<\/h2>\n<\/div><\/div><\/div><\/a><\/div><\/li>\n<\/ul><\/div><\/div><div class=\"clear\"><\/div><\/div><div class='flex_column av-4ubxv-213bc428d71aa730c5a18fbc0d9954c9 av_one_full  avia-builder-el-0  el_before_av_three_fourth  avia-builder-el-first  first flex_column_div'   ><section  class='av_textblock_section av-4bhe3-b5d2024edd0490f6b2ae124c64cf457e'  itemscope=\"itemscope\" itemtype=\"https:\/\/schema.org\/CreativeWork\" ><div class='avia_textblock'  itemprop=\"text\" ><h3>360 \u00e7evresel g\u00f6r\u00fc\u015f kamera sistemi nedir<\/h3>\n<p>360 derece \u00e7evresel g\u00f6r\u00fc\u015f kamera sistemi nedir? Ad\u0131ndan da anla\u015f\u0131laca\u011f\u0131 gibi, 360 derece sistemi d\u00f6rt kamera kullan\u0131r - her yan aynan\u0131n alt\u0131nda bir kamera, dikiz aynas\u0131n\u0131n arkas\u0131nda bir kamera ve bir yedek kamera. Bu kameralar birlikte arac\u0131n\u0131z\u0131n 360 derecelik sanal bir g\u00f6r\u00fcnt\u00fcs\u00fcn\u00fc sa\u011flar. Bu kameralar, di\u011fer ara\u00e7lar\u0131n arkas\u0131na gizlenmi\u015f olabilecek tehlikeleri tespit etmenize yard\u0131mc\u0131 olabilir. Bu sistemin bir\u00e7ok avantaj\u0131 vard\u0131r.<\/p>\n<p>Bir 360 derece kamera sisteminin arkas\u0131ndaki teknoloji d\u00f6rt kamera i\u00e7erir: h\u00fck\u00fcmet d\u00fczenlemeleri taraf\u0131ndan zorunlu tutulan bir arka g\u00f6r\u00fc\u015f kameras\u0131, d\u0131\u015f dikiz aynalar\u0131na monte edilmi\u015f bir yan g\u00f6r\u00fc\u015f kameras\u0131 ve bir \u00f6n fasya kameras\u0131. Bu d\u00f6rt kamera daha sonra yaz\u0131l\u0131m kullan\u0131larak bir araya getirilir. \u00c7o\u011fu durumda, g\u00f6r\u00fcnt\u00fcler genellikle bilgi-e\u011flence sistemi olan tek bir ekranda g\u00f6r\u00fcnt\u00fclenir.<\/p>\n<p>Sat\u0131\u015f sonras\u0131 360 derece kamera sistemleri bir otomobilin i\u00e7 k\u0131sm\u0131na monte edilebilir, bu da kurulumu daha kolay ve daha ucuz hale getirir. Bir\u00e7ok yeni ara\u00e7 bu teknolojiyle birlikte gelirken, 360 derece \u00e7evresel g\u00f6r\u00fc\u015f sistemi olmayan ara\u00e7lara sat\u0131\u015f sonras\u0131 sistemler eklenebilir. Bir kez kurulduktan sonra 360 derece kamera sistemi standart bir ara\u00e7 DVR'\u0131 gibi \u00e7al\u0131\u015fabilir. Kameralar, kayd\u0131 tetikleyen bir \u015fok sens\u00f6r\u00fc taraf\u0131ndan kontrol edilir.<\/p>\n<h3>360 \u00e7evre g\u00f6r\u00fc\u015fl\u00fc kamera sisteminin avantajlar\u0131<\/h3>\n<p>Bir 360 \u00e7evresel g\u00f6r\u00fc\u015f kameras\u0131 sisteminin en b\u00fcy\u00fck avantajlar\u0131ndan biri, s\u00fcr\u00fcc\u00fclerin k\u00f6r noktalardan ka\u00e7\u0131nmas\u0131na yard\u0131mc\u0131 olmas\u0131d\u0131r. Arac\u0131n 360 derecelik bir g\u00f6r\u00fcnt\u00fcs\u00fcn\u00fc sa\u011flayarak s\u00fcr\u00fcc\u00fcler k\u00f6r noktalardan kolayca ka\u00e7\u0131nabilir ve s\u00fcr\u00fc\u015f verimliliklerini art\u0131rabilirler.<\/p>\n<p>Ayr\u0131ca s\u00fcr\u00fcc\u00fcn\u00fcn i\u015f y\u00fck\u00fcn\u00fc azalt\u0131rlar. K\u00f6r noktalar\u0131 ortadan kald\u0131ran bu sistemler paralel park etme ve dar park alanlar\u0131na girme konusunda da faydal\u0131d\u0131r. Dikiz aynan\u0131z\u0131n g\u00f6r\u00fc\u015f\u00fcn\u00fc engellemeden \u00f6n\u00fcn\u00fczdeki yolun tamam\u0131n\u0131 g\u00f6rmenize yard\u0131mc\u0131 olurlar.<\/p>\n<h3>360 \u00e7evresel g\u00f6r\u00fc\u015f kamera sisteminin maliyeti nedir<\/h3>\n<p>360 derece \u00e7evresel g\u00f6r\u00fc\u015f kamera sisteminin maliyeti nedir? Fabrikada kurulan bir sistemin maliyeti $3.000'e yak\u0131nd\u0131r, ancak baz\u0131 istisnalar vard\u0131r. Sat\u0131\u015f sonras\u0131 sistemler fabrika montajl\u0131 olanlar kadar iyi de\u011fildir. Fabrika sistemleri, m\u00fchendislerin kameralar\u0131 belirli bir model i\u00e7in \u00f6zelle\u015ftirmesinden yararlan\u0131rken, sat\u0131\u015f sonras\u0131 sistemler belirli bir araca uyacak \u015fekilde \u00f6zelle\u015ftirilemez. \u00c7o\u011fu sat\u0131\u015f sonras\u0131 kiti d\u00f6rt kamera ve gerekli kablolar\u0131 i\u00e7erir. Ayr\u0131ca bir ekran ve uzaktan kumanda ile birlikte gelebilirler. Fiyatlar $200 ila $900 aras\u0131nda de\u011fi\u015fir, ancak \u00fc\u00e7\u00fcnc\u00fc taraf kurulumu $300 veya $500 daha ekleyebilir.<\/p>\n<h3>360 \u00e7evre g\u00f6r\u00fc\u015fl\u00fc kamera sistemi nas\u0131l kurulur<\/h3>\n<p>Arac\u0131n\u0131za bir 360 \u00e7evresel g\u00f6r\u00fc\u015f kameras\u0131 sistemi eklemek istiyorsan\u0131z, \u00fcniteyi nas\u0131l kuraca\u011f\u0131n\u0131z\u0131 bilmeniz gerekir. Ara\u00e7 sistemleri hakk\u0131nda temel bir anlay\u0131\u015fa sahip oldu\u011funuz s\u00fcrece bu asl\u0131nda \u00e7ok kolay bir s\u00fcre\u00e7tir.<\/p>\n<p>\u0130lk ad\u0131m yan aynalar\u0131 s\u00f6kmektir. Kamera sistemini takmadan \u00f6nce bunlar\u0131n fi\u015fini \u00e7ekmeniz gerekecektir.<\/p>\n<p>Ard\u0131ndan, kameralar\u0131 monte etmek i\u00e7in bir lastik halka tak\u0131n. D\u00fcz bir halka veya 15 derece e\u011fimli bir halka alabilirsiniz.<\/p>\n<p>Ard\u0131ndan sistem, her bir kameradan gelen g\u00f6r\u00fcnt\u00fcy\u00fc yorumlamak ve arac\u0131n\u0131z\u0131n bilgi-e\u011flence ekran\u0131nda bir resim olu\u015fturmak i\u00e7in bunlar\u0131 bir araya getirmek \u00fczere bir yaz\u0131l\u0131m kullan\u0131r.<\/p>\n<h3>En iyi 360 \u00e7evresel g\u00f6r\u00fc\u015f kamera sistemi \u00fcreticisi<\/h3>\n<p>Luview 360 surround g\u00f6r\u00fcnt\u00fcleme sistemi, s\u00fcr\u00fcc\u00fclerin arac\u0131n \u00e7evresini kolayca kontrol etmelerine yard\u0131mc\u0131 olmak i\u00e7in karavanlar, okul otob\u00fcsleri, otob\u00fcsler, kamyonlar ve di\u011fer ara\u00e7lar i\u00e7in kullan\u0131labilir. Kullan\u0131m ihtiya\u00e7lar\u0131na g\u00f6re farkl\u0131 g\u00f6r\u00fc\u015f a\u00e7\u0131lar\u0131 aras\u0131nda ge\u00e7i\u015f yapabilir ve arac\u0131n her iki taraf\u0131ndaki g\u00f6r\u00fcnt\u00fcleri ayn\u0131 anda g\u00f6r\u00fcnt\u00fcleyebilir. Arac\u0131n \u00f6n, arka, sol ve sa\u011f\u0131ndaki g\u00f6rsel k\u00f6r noktalar bir bak\u0131\u015fta netle\u015fir ve ara\u00e7 \u00e7al\u0131\u015ft\u0131\u011f\u0131nda gizli g\u00fcvenlik tehlikelerini etkili bir \u015fekilde ortadan kald\u0131r\u0131r.<\/p>\n<p>Sistem, araca 4 bal\u0131kg\u00f6z\u00fc kamera takarak ve ara\u00e7 g\u00f6rsel efektlerini ve \u00fc\u00e7 boyutlu surround g\u00f6r\u00fcn\u00fcml\u00fc panoramik g\u00f6r\u00fcnt\u00fcleri ger\u00e7ekle\u015ftirmek i\u00e7in yaz\u0131l\u0131m algoritmalar\u0131 kullanarak ger\u00e7ek zamanl\u0131 birle\u015ftirme ve sentez i\u015fleme uygular. \u00c7e\u015fitli park yerlerinde ve dar \u015feritlerde s\u00fcr\u00fc\u015f g\u00fcvenli\u011fini ve rahatl\u0131\u011f\u0131n\u0131 etkili bir \u015fekilde art\u0131r\u0131r.<\/p>\n<p>Luview is one of the first companies to apply 360\u00b0 surround view camera system\u00a0to vehicles. Since its establishment, it has adhered to independent research and development and technological innovation, and has established a research and development center in the field of 360 panoramic and ADAS systems. It has a team of more than 30 people with high quality.\u00a0After years of development and accumulation, the R\u00a0&amp;\u00a0D team has applied for more than 30 patents and software copyrights, and the cumulative sales of 360 surround viewing systems\u00a0have exceeded 500,000 units.\u00a0If you want to improve driving safety and purchase 360 monitoring systems in bulk, please contact us\u00a0by <a href=\"mailto:sales@luview.com\"><u>sales@luview.com<\/u><\/a>\u00a0.<\/p>\n<\/div><\/section><\/div><\/p>","protected":false},"excerpt":{"rendered":"","protected":false},"author":1,"featured_media":0,"parent":689,"menu_order":0,"comment_status":"closed","ping_status":"closed","template":"","meta":{"_monsterinsights_skip_tracking":false,"_monsterinsights_sitenote_active":false,"_monsterinsights_sitenote_note":"","_monsterinsights_sitenote_category":0,"footnotes":""},"class_list":["post-679","page","type-page","status-publish","hentry"],"_links":{"self":[{"href":"https:\/\/luview.com\/tr\/wp-json\/wp\/v2\/pages\/679","targetHints":{"allow":["GET"]}}],"collection":[{"href":"https:\/\/luview.com\/tr\/wp-json\/wp\/v2\/pages"}],"about":[{"href":"https:\/\/luview.com\/tr\/wp-json\/wp\/v2\/types\/page"}],"author":[{"embeddable":true,"href":"https:\/\/luview.com\/tr\/wp-json\/wp\/v2\/users\/1"}],"replies":[{"embeddable":true,"href":"https:\/\/luview.com\/tr\/wp-json\/wp\/v2\/comments?post=679"}],"version-history":[{"count":2,"href":"https:\/\/luview.com\/tr\/wp-json\/wp\/v2\/pages\/679\/revisions"}],"predecessor-version":[{"id":44540,"href":"https:\/\/luview.com\/tr\/wp-json\/wp\/v2\/pages\/679\/revisions\/44540"}],"up":[{"embeddable":true,"href":"https:\/\/luview.com\/tr\/wp-json\/wp\/v2\/pages\/689"}],"wp:attachment":[{"href":"https:\/\/luview.com\/tr\/wp-json\/wp\/v2\/media?parent=679"}],"curies":[{"name":"wp","href":"https:\/\/api.w.org\/{rel}","templated":true}]}}