{"id":152,"date":"2022-05-05T03:44:05","date_gmt":"2022-05-05T03:44:05","guid":{"rendered":"https:\/\/luview.com\/?page_id=152"},"modified":"2025-11-26T06:46:57","modified_gmt":"2025-11-26T06:46:57","slug":"ve-chung-toi","status":"publish","type":"page","link":"https:\/\/luview.com\/vi\/about-us\/","title":{"rendered":"Gi\u1edbi thi\u1ec7u v\u1ec1 ch\u00fang t\u00f4i"},"content":{"rendered":"<style type=\"text\/css\" data-created_by=\"avia_inline_auto\" id=\"style-css-av-18z5gw-eb31f3fad6e168ed721b1dc613a163ac\">\n.avia-section.av-18z5gw-eb31f3fad6e168ed721b1dc613a163ac{\nbackground-repeat:no-repeat;\nbackground-image:url(https:\/\/luview.com\/wp-content\/uploads\/2023\/12\/con-us-2.jpg);\nbackground-position:0% 0%;\nbackground-attachment:scroll;\n}\n.avia-section.av-18z5gw-eb31f3fad6e168ed721b1dc613a163ac .av-section-color-overlay{\nopacity:0.8;\nbackground-color:#222222;\n}\n<\/style>\n<div id='av_section_1'  class='avia-section av-18z5gw-eb31f3fad6e168ed721b1dc613a163ac main_color avia-section-default avia-no-border-styling  avia-builder-el-0  el_before_av_one_full  avia-builder-el-first  titlebarbox avia-bg-style-scroll av-section-color-overlay-active container_wrap sidebar_left'  data-section-bg-repeat='no-repeat'><div class=\"av-section-color-overlay-wrap\"><div class=\"av-section-color-overlay\"><\/div><div class='container av-section-cont-open' ><main  role=\"main\" itemprop=\"mainContentOfPage\"  class='template-page content  av-content-small units'><div class='post-entry post-entry-type-page post-entry-152'><div class='entry-content-wrapper clearfix'>\n\n<style type=\"text\/css\" data-created_by=\"avia_inline_auto\" id=\"style-css-av-1521zs-f76749d04838b68ec1c420eb2583ac0b\">\n.flex_column.av-1521zs-f76749d04838b68ec1c420eb2583ac0b{\npadding:10% 0 10% 0;\n}\n<\/style>\n<div class='flex_column av-1521zs-f76749d04838b68ec1c420eb2583ac0b av_one_full  avia-builder-el-1  avia-builder-el-no-sibling  first flex_column_div'   ><style type=\"text\/css\" data-created_by=\"avia_inline_auto\" id=\"style-css-av-l2sgt1ph-700bbb6893565c08fc2e803faf810ebc\">\n#top .av_textblock_section.av-l2sgt1ph-700bbb6893565c08fc2e803faf810ebc .avia_textblock{\ncolor:#ffffff;\ntext-align:center;\n}\n<\/style>\n<section  class='av_textblock_section av-l2sgt1ph-700bbb6893565c08fc2e803faf810ebc'  itemscope=\"itemscope\" itemtype=\"https:\/\/schema.org\/CreativeWork\" ><div class='avia_textblock av_inherit_color'  itemprop=\"text\" ><h1>Gi\u1edbi thi\u1ec7u<\/h1>\n<\/div><\/section><br \/>\n\n<style type=\"text\/css\" data-created_by=\"avia_inline_auto\" id=\"style-css-av-l2sgtr0i-7d783ce11f71ad1d611d63fd2462a3f3\">\n#top .av_textblock_section.av-l2sgtr0i-7d783ce11f71ad1d611d63fd2462a3f3 .avia_textblock{\ncolor:#ffffff;\ntext-align:center;\n}\n<\/style>\n<section  class='av_textblock_section av-l2sgtr0i-7d783ce11f71ad1d611d63fd2462a3f3'  itemscope=\"itemscope\" itemtype=\"https:\/\/schema.org\/CreativeWork\" ><div class='avia_textblock av_inherit_color'  itemprop=\"text\" ><h3 style=\"margin-bottom: 20px;\">Nh\u00e0 s\u1ea3n xu\u1ea5t thi\u1ebft b\u1ecb \u0111i\u1ec7n t\u1eed an to\u00e0n cho ph\u01b0\u01a1ng ti\u1ec7n giao th\u00f4ng chuy\u00ean nghi\u1ec7p<\/h3>\n<\/div><\/section><br \/>\n<\/p><\/div>\n<\/div><\/div><\/main><!-- close content main element --><\/div><\/div><\/div><div id='after_section_1'  class='main_color av_default_container_wrap container_wrap sidebar_left'  ><div class='container av-section-cont-open' ><div class='template-page content  av-content-small units'><div class='post-entry post-entry-type-page post-entry-152'><div class='entry-content-wrapper clearfix'>\n<div class='flex_column av-2sqns-341806a2eab79928a2ec385a2e6e734f av_one_full  avia-builder-el-5  el_after_av_section  avia-builder-el-no-sibling  first flex_column_div'   ><section  class='av_textblock_section av-l0y48-a4ac6d8bdc78c59d2e7b425b71c91999'  itemscope=\"itemscope\" itemtype=\"https:\/\/schema.org\/CreativeWork\" ><div class='avia_textblock'  itemprop=\"text\" ><p style=\"text-align: justify; text-justify: inter-ideograph;\">C\u00f4ng ty TNHH Luview \u0111\u01b0\u1ee3c th\u00e0nh l\u1eadp v\u00e0o n\u0103m 2006. \u0110\u00e2y l\u00e0 m\u1ed9t doanh nghi\u1ec7p c\u00f4ng ngh\u1ec7 cao chuy\u00ean v\u1ec1 nghi\u00ean c\u1ee9u v\u00e0 ph\u00e1t tri\u1ec3n (R&amp;D), s\u1ea3n xu\u1ea5t v\u00e0 kinh doanh. Nh\u00e0 m\u00e1y c\u00f3 di\u1ec7n t\u00edch h\u01a1n 9.000 m\u00e9t vu\u00f4ng v\u00e0 s\u1edf h\u1eefu \u0111\u1ed9i ng\u0169 h\u01a1n 200 nh\u00e2n vi\u00ean. T\u1eadp trung v\u00e0o l\u0129nh v\u1ef1c \u0111i\u1ec7n t\u1eed \u00f4 t\u00f4, c\u00e1c s\u1ea3n ph\u1ea9m ch\u00ednh bao g\u1ed3m: camera \u00f4 t\u00f4, m\u00e0n h\u00ecnh \u00f4 t\u00f4, \u0111\u1ea7u ghi h\u00ecnh \u00f4 t\u00f4 MDVR, h\u1ec7 th\u1ed1ng camera l\u00f9i, h\u1ec7 th\u1ed1ng ph\u00e1t hi\u1ec7n radar, g\u01b0\u01a1ng chi\u1ebfu h\u1eadu \u0111i\u1ec7n t\u1eed, \u0111\u1ea7u ghi h\u00e0nh tr\u00ecnh, h\u1ec7 th\u1ed1ng quan s\u00e1t 360 \u0111\u1ed9, c\u1ea3m bi\u1ebfn h\u00ecnh \u1ea3nh, m\u00f4-\u0111un camera, h\u1ec7 th\u1ed1ng h\u1ed7 tr\u1ee3 l\u00e1i xe t\u1ef1 \u0111\u1ed9ng, ADAS, DMS, BSD, v.v.<\/p>\n<p style=\"text-align: justify; text-justify: inter-ideograph;\">C\u00f4ng ty \u0111\u00e3 \u0111\u1ea1t ch\u1ee9ng nh\u1eadn doanh nghi\u1ec7p c\u00f4ng ngh\u1ec7 cao c\u1ea5p qu\u1ed1c gia v\u00e0 \u0111\u00e3 \u0111\u1ea1t ti\u00eau chu\u1ea9n IATF 16949<!-- -->:2016<!-- --> ch\u1ee9ng nh\u1eadn ISO 9001:2015, ch\u1ee9ng nh\u1eadn BSCI v\u00e0 s\u1edf h\u1eefu c\u00e1c b\u1eb1ng s\u00e1ng ch\u1ebf v\u1ec1 ph\u00e1t minh s\u1ea3n ph\u1ea9m, b\u1eb1ng s\u00e1ng ch\u1ebf m\u00f4 h\u00ecnh h\u1eefu \u00edch, b\u1eb1ng s\u00e1ng ch\u1ebf ki\u1ec3u d\u00e1ng c\u00f4ng nghi\u1ec7p, b\u1ea3n quy\u1ec1n ph\u1ea7n m\u1ec1m c\u00f9ng c\u00e1c lo\u1ea1i b\u1eb1ng s\u00e1ng ch\u1ebf kh\u00e1c; c\u00e1c s\u1ea3n ph\u1ea9m \u0111\u00e3 \u0111\u1ea1t ch\u1ee9ng nh\u1eadn CE, FCC, EMARK, DOT, SAE c\u0169ng nh\u01b0 v\u01b0\u1ee3t qua c\u00e1c b\u00e0i ki\u1ec3m tra ch\u1ed1ng th\u1ea5m n\u01b0\u1edbc, ch\u1ed1ng s\u1ed1c, phun mu\u1ed1i, nhi\u1ec7t \u0111\u1ed9 cao v\u00e0 th\u1ea5p c\u00f9ng c\u00e1c b\u00e0i ki\u1ec3m tra kh\u00e1c, nh\u1eb1m cung c\u1ea5p cho kh\u00e1ch h\u00e0ng to\u00e0n c\u1ea7u c\u00e1c d\u1ecbch v\u1ee5 chuy\u00ean nghi\u1ec7p OEM &amp; ODM ch\u1ea5t l\u01b0\u1ee3ng cao v\u1edbi c\u00f4ng ngh\u1ec7 ti\u00ean ti\u1ebfn.<\/p>\n<\/div><\/section><br \/>\n\n<style type=\"text\/css\" data-created_by=\"avia_inline_auto\" id=\"style-css-av-ha3y8-65b3b593e59cc27dbd0e63dac904fccf\">\n#top .hr.hr-invisible.av-ha3y8-65b3b593e59cc27dbd0e63dac904fccf{\nheight:20px;\n}\n<\/style>\n<div  class='hr av-ha3y8-65b3b593e59cc27dbd0e63dac904fccf hr-invisible  avia-builder-el-7  el_after_av_textblock  el_before_av_video'><span class='hr-inner'><span class=\"hr-inner-style\"><\/span><\/span><\/div><br \/>\n<div  class='avia-video av-l2sgxvem-11bfc0edf99e967076bd593bf867b5b2 avia-video-16-9 av-no-preview-image avia-video-load-always av-lazyload-immediate av-lazyload-video-embed'  itemprop=\"video\" itemtype=\"https:\/\/schema.org\/VideoObject\"  data-original_url='https:\/\/youtu.be\/NOzJOntZuYk'><script type='text\/html' class='av-video-tmpl'><div class='avia-iframe-wrap'><iframe title=\"Luview Profile: Your Professional Rearview Vision System Manufacturer &amp; Solution Expert\" width=\"1500\" height=\"844\" data-src=\"https:\/\/www.youtube.com\/embed\/NOzJOntZuYk?feature=oembed&autoplay=0&loop=0&controls=1&mute=0\" frameborder=\"0\" allow=\"accelerometer; autoplay; clipboard-write; encrypted-media; gyroscope; picture-in-picture; web-share\" referrerpolicy=\"strict-origin-when-cross-origin\" allowfullscreen src=\"data:image\/svg+xml;base64,PHN2ZyB3aWR0aD0iMSIgaGVpZ2h0PSIxIiB4bWxucz0iaHR0cDovL3d3dy53My5vcmcvMjAwMC9zdmciPjwvc3ZnPg==\" class=\"lazyload\" data-load-mode=\"1\"><\/iframe><\/div><\/script><div class='av-click-to-play-overlay'><div class=\"avia_playpause_icon\"><\/div><\/div><\/div><br \/>\n\n<style type=\"text\/css\" data-created_by=\"avia_inline_auto\" id=\"style-css-av-1239c-0448895aeb8b19ef5d3855c12257dac2\">\n#top .hr.hr-invisible.av-1239c-0448895aeb8b19ef5d3855c12257dac2{\nheight:20px;\n}\n<\/style>\n<div  class='hr av-1239c-0448895aeb8b19ef5d3855c12257dac2 hr-invisible  avia-builder-el-9  el_after_av_video  el_before_av_textblock'><span class='hr-inner'><span class=\"hr-inner-style\"><\/span><\/span><\/div><br \/>\n<section  class='av_textblock_section av-l2sgwdyj-9fa154f9d4595c816b48c5ef92850446'  itemscope=\"itemscope\" itemtype=\"https:\/\/schema.org\/CreativeWork\" ><div class='avia_textblock'  itemprop=\"text\" ><h3 style=\"font-weight: bold; font-size: 2em; text-align: center;\">Th\u1ecb tr\u01b0\u1eddng to\u00e0n c\u1ea7u c\u1ee7a LUVIEW<\/h3>\n<\/div><\/section><br \/>\n\n<style type=\"text\/css\" data-created_by=\"avia_inline_auto\" id=\"style-css-av-l2sgydfi-f114b604842833327c13a9748bf32f7e\">\n#top .hr.hr-invisible.av-l2sgydfi-f114b604842833327c13a9748bf32f7e{\nheight:20px;\n}\n<\/style>\n<div  class='hr av-l2sgydfi-f114b604842833327c13a9748bf32f7e hr-invisible  avia-builder-el-11  el_after_av_textblock  el_before_av_image'><span class='hr-inner'><span class=\"hr-inner-style\"><\/span><\/span><\/div><br \/>\n\n<style type=\"text\/css\" data-created_by=\"avia_inline_auto\" id=\"style-css-av-l2sgzp8u-13f9b826f8d3e13300d04a8874dba21a\">\n.avia-image-container.av-l2sgzp8u-13f9b826f8d3e13300d04a8874dba21a .av-image-caption-overlay-center{\ncolor:#ffffff;\n}\n<\/style>\n<div  class='avia-image-container av-l2sgzp8u-13f9b826f8d3e13300d04a8874dba21a av-styling- avia-align-center  avia-builder-el-12  el_after_av_hr  avia-builder-el-last'  itemprop=\"image\" itemscope=\"itemscope\" itemtype=\"https:\/\/schema.org\/ImageObject\" ><div class=\"avia-image-container-inner\"><div class=\"avia-image-overlay-wrap\"><img decoding=\"async\" class='wp-image-43247 avia-img-lazy-loading-not-43247 avia_image lazyload' data-src=\"https:\/\/luview.com\/wp-content\/uploads\/2025\/11\/LUVIEWs-Global-Market-10.png\"    height=\"869\" width=\"1747\"  itemprop=\"thumbnailUrl\" data-srcset=\"https:\/\/luview.com\/wp-content\/uploads\/2025\/11\/LUVIEWs-Global-Market-10.png 1747w, https:\/\/luview.com\/wp-content\/uploads\/2025\/11\/LUVIEWs-Global-Market-10-300x149.png 300w, https:\/\/luview.com\/wp-content\/uploads\/2025\/11\/LUVIEWs-Global-Market-10-1030x512.png 1030w, https:\/\/luview.com\/wp-content\/uploads\/2025\/11\/LUVIEWs-Global-Market-10-768x382.png 768w, https:\/\/luview.com\/wp-content\/uploads\/2025\/11\/LUVIEWs-Global-Market-10-1536x764.png 1536w, https:\/\/luview.com\/wp-content\/uploads\/2025\/11\/LUVIEWs-Global-Market-10-18x9.png 18w, https:\/\/luview.com\/wp-content\/uploads\/2025\/11\/LUVIEWs-Global-Market-10-864x430.png 864w, https:\/\/luview.com\/wp-content\/uploads\/2025\/11\/LUVIEWs-Global-Market-10-1267x630.png 1267w, https:\/\/luview.com\/wp-content\/uploads\/2025\/11\/LUVIEWs-Global-Market-10-1500x746.png 1500w, https:\/\/luview.com\/wp-content\/uploads\/2025\/11\/LUVIEWs-Global-Market-10-705x351.png 705w, https:\/\/luview.com\/wp-content\/uploads\/2025\/11\/LUVIEWs-Global-Market-10-645x321.png 645w, https:\/\/luview.com\/wp-content\/uploads\/2025\/11\/LUVIEWs-Global-Market-10-450x224.png 450w, https:\/\/luview.com\/wp-content\/uploads\/2025\/11\/LUVIEWs-Global-Market-10-800x398.png 800w\" data-sizes=\"(max-width: 1747px) 100vw, 1747px\" title=\"About Us\u63d2\u56fe\" alt=\"About Us\u63d2\u56fe\" src=\"data:image\/svg+xml;base64,PHN2ZyB3aWR0aD0iMSIgaGVpZ2h0PSIxIiB4bWxucz0iaHR0cDovL3d3dy53My5vcmcvMjAwMC9zdmciPjwvc3ZnPg==\" style=\"--smush-placeholder-width: 1747px; --smush-placeholder-aspect-ratio: 1747\/869;\" \/><\/div><\/div><\/div><\/p><\/div>","protected":false},"excerpt":{"rendered":"","protected":false},"author":1,"featured_media":0,"parent":0,"menu_order":0,"comment_status":"closed","ping_status":"closed","template":"","meta":{"_monsterinsights_skip_tracking":false,"_monsterinsights_sitenote_active":false,"_monsterinsights_sitenote_note":"","_monsterinsights_sitenote_category":0,"footnotes":""},"class_list":["post-152","page","type-page","status-publish","hentry"],"_links":{"self":[{"href":"https:\/\/luview.com\/vi\/wp-json\/wp\/v2\/pages\/152","targetHints":{"allow":["GET"]}}],"collection":[{"href":"https:\/\/luview.com\/vi\/wp-json\/wp\/v2\/pages"}],"about":[{"href":"https:\/\/luview.com\/vi\/wp-json\/wp\/v2\/types\/page"}],"author":[{"embeddable":true,"href":"https:\/\/luview.com\/vi\/wp-json\/wp\/v2\/users\/1"}],"replies":[{"embeddable":true,"href":"https:\/\/luview.com\/vi\/wp-json\/wp\/v2\/comments?post=152"}],"version-history":[{"count":5,"href":"https:\/\/luview.com\/vi\/wp-json\/wp\/v2\/pages\/152\/revisions"}],"predecessor-version":[{"id":43773,"href":"https:\/\/luview.com\/vi\/wp-json\/wp\/v2\/pages\/152\/revisions\/43773"}],"wp:attachment":[{"href":"https:\/\/luview.com\/vi\/wp-json\/wp\/v2\/media?parent=152"}],"curies":[{"name":"wp","href":"https:\/\/api.w.org\/{rel}","templated":true}]}}