{"id":23,"date":"2022-04-28T05:23:41","date_gmt":"2022-04-28T05:23:41","guid":{"rendered":"https:\/\/luview.com\/?page_id=23"},"modified":"2026-01-08T03:47:53","modified_gmt":"2026-01-08T03:47:53","slug":"du-an-2","status":"publish","type":"page","link":"https:\/\/luview.com\/vi\/projects\/","title":{"rendered":"D\u1ef1 \u00e1n"},"content":{"rendered":"<style type=\"text\/css\" data-created_by=\"avia_inline_auto\" id=\"style-css-av-l2w0a77v-c2c72e6e74149c27dfae6594cce68ede\">\n.avia-section.av-l2w0a77v-c2c72e6e74149c27dfae6594cce68ede{\nbackground-repeat:no-repeat;\nbackground-image:url(https:\/\/luview.com\/wp-content\/uploads\/2024\/05\/666.jpg);\nbackground-position:0% 0%;\nbackground-attachment:scroll;\n}\n.avia-section.av-l2w0a77v-c2c72e6e74149c27dfae6594cce68ede .av-section-color-overlay{\nopacity:0.8;\nbackground-color:#222222;\n}\n<\/style>\n<div id='av_section_1'  class='avia-section av-l2w0a77v-c2c72e6e74149c27dfae6594cce68ede main_color avia-section-default avia-no-border-styling  avia-builder-el-0  el_before_av_one_full  avia-builder-el-first  titlebarbox avia-bg-style-scroll av-section-color-overlay-active container_wrap sidebar_left'  data-section-bg-repeat='no-repeat'><div class=\"av-section-color-overlay-wrap\"><div class=\"av-section-color-overlay\"><\/div><div class='container av-section-cont-open' ><main  role=\"main\" itemprop=\"mainContentOfPage\"  class='template-page content  av-content-small units'><div class='post-entry post-entry-type-page post-entry-23'><div class='entry-content-wrapper clearfix'>\n\n<style type=\"text\/css\" data-created_by=\"avia_inline_auto\" id=\"style-css-av-2ug23-29046d9cdd7cf6f34abd75d04440b140\">\n.flex_column.av-2ug23-29046d9cdd7cf6f34abd75d04440b140{\npadding:10% 0 10% 0;\n}\n<\/style>\n<div class='flex_column av-2ug23-29046d9cdd7cf6f34abd75d04440b140 av_one_full  avia-builder-el-1  avia-builder-el-no-sibling  first flex_column_div'   ><style type=\"text\/css\" data-created_by=\"avia_inline_auto\" id=\"style-css-av-l2w0afjv-22ec81b9b1d74bb2596921f337bd96f5\">\n#top .av_textblock_section.av-l2w0afjv-22ec81b9b1d74bb2596921f337bd96f5 .avia_textblock{\ncolor:#ffffff;\ntext-align:center;\n}\n<\/style>\n<section  class='av_textblock_section av-l2w0afjv-22ec81b9b1d74bb2596921f337bd96f5'  itemscope=\"itemscope\" itemtype=\"https:\/\/schema.org\/CreativeWork\" ><div class='avia_textblock av_inherit_color'  itemprop=\"text\" ><h1>D\u1ef1 \u00e1n<\/h1>\n<\/div><\/section><br \/>\n\n<style type=\"text\/css\" data-created_by=\"avia_inline_auto\" id=\"style-css-av-24saj-ef390ff01d35179224b29e522fd8203a\">\n#top .av_textblock_section.av-24saj-ef390ff01d35179224b29e522fd8203a .avia_textblock{\ncolor:#ffffff;\ntext-align:center;\n}\n<\/style>\n<section  class='av_textblock_section av-24saj-ef390ff01d35179224b29e522fd8203a'  itemscope=\"itemscope\" itemtype=\"https:\/\/schema.org\/CreativeWork\" ><div class='avia_textblock av_inherit_color'  itemprop=\"text\" ><h3 style=\"margin-bottom: 20px;\">Nh\u00e0 s\u1ea3n xu\u1ea5t thi\u1ebft b\u1ecb \u0111i\u1ec7n t\u1eed an to\u00e0n cho ph\u01b0\u01a1ng ti\u1ec7n giao th\u00f4ng chuy\u00ean nghi\u1ec7p<\/h3>\n<\/div><\/section><br \/>\n<\/p><\/div>\n<\/div><\/div><\/main><!-- close content main element --><\/div><\/div><\/div><div id='after_section_1'  class='main_color av_default_container_wrap container_wrap sidebar_left'  ><div class='container av-section-cont-open' ><div class='template-page content  av-content-small units'><div class='post-entry post-entry-type-page post-entry-23'><div class='entry-content-wrapper clearfix'>\n<div class='flex_column av-vu8j-a9ae9d9f4cde365fc8997c04a428d172 av_one_full  avia-builder-el-5  el_after_av_section  avia-builder-el-no-sibling  first flex_column_div'   ><style type=\"text\/css\" data-created_by=\"avia_inline_auto\" id=\"style-css-av-l7m2qsw3-080fc44d1b6b2aba33756e02fbc81a38\">\n#top .av_textblock_section.av-l7m2qsw3-080fc44d1b6b2aba33756e02fbc81a38 .avia_textblock{\ntext-align:center;\n}\n<\/style>\n<section  class='av_textblock_section av-l7m2qsw3-080fc44d1b6b2aba33756e02fbc81a38'  itemscope=\"itemscope\" itemtype=\"https:\/\/schema.org\/CreativeWork\" ><div class='avia_textblock'  itemprop=\"text\" ><p style=\"margin-bottom: 20px;\">Trong h\u01a1n 20 n\u0103m qua, ch\u00fang t\u00f4i \u0111\u00e3 kh\u00f4ng ng\u1eebng n\u1ed7 l\u1ef1c \u0111\u1ec3 cung c\u1ea5p c\u00e1c s\u1ea3n ph\u1ea9m v\u00e0 gi\u1ea3i ph\u00e1p an to\u00e0n quan s\u00e1t ph\u00eda sau \u0111\u00e1ng tin c\u1eady cho kh\u00e1ch h\u00e0ng tr\u00ean to\u00e0n th\u1ebf gi\u1edbi. H\u00e3y tham kh\u1ea3o m\u1ed9t s\u1ed1 d\u1ef1 \u00e1n ti\u00eau bi\u1ec3u c\u1ee7a ch\u00fang t\u00f4i \u0111\u1ec3 hi\u1ec3u c\u00e1ch ch\u00fang t\u00f4i ph\u1ee5c v\u1ee5 kh\u00e1ch h\u00e0ng v\u00e0 t\u00ecm ki\u1ebfm c\u01a1 h\u1ed9i th\u00e0nh c\u00f4ng nh\u01b0 nh\u1eefng kh\u00e1ch h\u00e0ng kh\u00e1c. Vui l\u00f2ng g\u1eedi email \u0111\u1ebfn sales@luview.com \u0111\u1ec3 xem th\u00eam c\u00e1c d\u1ef1 \u00e1n tham kh\u1ea3o t\u1ea1i qu\u1ed1c gia ho\u1eb7c khu v\u1ef1c c\u1ee7a qu\u00fd v\u1ecb.<\/p>\n<\/div><\/section><br \/>\n<div  id=\"av-sc-portfolio-1\"  class=\"av-portfolio-grid-sorting-container\"><div class='sort_width_container  av-sort-yes' data-portfolio-id='1' ><div id='js_sort_items' ><div class='sort_by_cat hidden'><a href=\"#\" data-filter=\"all_sort\" class=\"all_sort_button active_sort\"><span class=\"inner_sort_button\"><span>T\u1ea5t c\u1ea3<\/span><small class=\"av-cat-count\"> 8 <\/small><\/span><\/a><span class=\"text-sep projects_sort_sep\">\/<\/span><a href=\"#\" data-filter=\"projects_sort\" class=\"projects_sort_button\" ><span class=\"inner_sort_button\"><span>D\u1ef1 \u00e1n<\/span><small class=\"av-cat-count\"> 8 <\/small><\/span><\/a><\/div><\/div><\/div><div  class='myprojects grid-sort-container isotope   no_margin-container with-excerpt-container grid-total-even grid-col-4 grid-links-' data-portfolio-id='1'><div data-ajax-id='560' class='grid-entry flex_column isotope-item all_sort no_margin post-entry post-entry-560 grid-entry-overview grid-loop-1 grid-parity-odd  finished-projects_sort projects_sort  av_one_fourth first default_av_fullwidth'><article class='main_color inner-entry'  itemscope=\"itemscope\" itemtype=\"https:\/\/schema.org\/CreativeWork\" ><a href=\"https:\/\/luview.com\/vi\/project\/100pcs-cvbs-rearview-shutter-camera-for-rear-view-system-in-kielce-poland\/\" title='100 chi\u1ebfc camera l\u00f9i c\u00f3 m\u00e0n tr\u1eadp CVBS cho h\u1ec7 th\u1ed1ng camera l\u00f9i t\u1ea1i Kielce, Ba Lan'  data-rel='grid-1' class='grid-image avia-hover-fx'> <img decoding=\"async\" width=\"800\" height=\"684\" data-src=\"https:\/\/luview.com\/wp-content\/uploads\/2022\/06\/JY-678-rear-view-camera-for-trucks-engineering-vehicles-other-large-vehicles-800x684.jpg\" class=\"wp-image-1012 avia-img-lazy-loading-not-1012 attachment-gallery size-gallery wp-post-image lazyload\" alt=\"Camera l\u00f9i JY-678 IP68 c\u00f3 t\u00ednh n\u0103ng \u0111\u00f3ng m\u1edf t\u1ef1 \u0111\u1ed9ng v\u1edbi c\u1ea3m bi\u1ebfn AHD\" title=\"100 chi\u1ebfc camera l\u00f9i c\u00f3 m\u00e0n tr\u1eadp CVBS cho h\u1ec7 th\u1ed1ng camera l\u00f9i t\u1ea1i Kielce, Ba Lan - H\u00ecnh thu nh\u1ecf\" src=\"data:image\/svg+xml;base64,PHN2ZyB3aWR0aD0iMSIgaGVpZ2h0PSIxIiB4bWxucz0iaHR0cDovL3d3dy53My5vcmcvMjAwMC9zdmciPjwvc3ZnPg==\" style=\"--smush-placeholder-width: 800px; --smush-placeholder-aspect-ratio: 800\/684;\" \/><\/a><div class='grid-content'><div class='avia-arrow'><\/div><header class=\"entry-content-header\"><h3 class='grid-entry-title entry-title'  itemprop=\"headline\" ><a href='https:\/\/luview.com\/vi\/project\/100pcs-cvbs-rearview-shutter-camera-for-rear-view-system-in-kielce-poland\/' title='100 chi\u1ebfc camera l\u00f9i c\u00f3 m\u00e0n tr\u1eadp CVBS cho h\u1ec7 th\u1ed1ng camera l\u00f9i t\u1ea1i Kielce, Ba Lan'>100 chi\u1ebfc camera l\u00f9i c\u00f3 m\u00e0n tr\u1eadp CVBS cho h\u1ec7 th\u1ed1ng camera l\u00f9i t\u1ea1i Kielce, Ba Lan<\/a><\/h3><\/header><\/div><footer class=\"entry-footer\"><\/footer><\/article><\/div><div data-ajax-id='616' class='grid-entry flex_column isotope-item all_sort no_margin post-entry post-entry-616 grid-entry-overview grid-loop-2 grid-parity-even  on-going-projects_sort projects_sort  av_one_fourth  default_av_fullwidth'><article class='main_color inner-entry'  itemscope=\"itemscope\" itemtype=\"https:\/\/schema.org\/CreativeWork\" ><a href=\"https:\/\/luview.com\/vi\/project\/2mp-explosion-proof-camera-for-fuel-and-oil-truck-in-london-uk\/\" title='Camera ch\u1ed1ng ch\u00e1y n\u1ed5 2MP d\u00e0nh cho xe t\u1ea3i ch\u1edf nhi\u00ean li\u1ec7u v\u00e0 d\u1ea7u t\u1ea1i London, V\u01b0\u01a1ng qu\u1ed1c Anh'  data-rel='grid-1' class='grid-image avia-hover-fx'> <img decoding=\"async\" width=\"800\" height=\"684\" data-src=\"https:\/\/luview.com\/wp-content\/uploads\/2022\/06\/JY-EX01-explosion-proof-camera-for-fuel-tanker-fire-truck-coal-mining-military-application-800x684.jpg\" class=\"wp-image-1084 avia-img-lazy-loading-not-1084 attachment-gallery size-gallery wp-post-image lazyload\" alt=\"M\u00e1y \u1ea3nh ch\u1ed1ng ch\u00e1y n\u1ed5 JY-EX01 v\u1edbi v\u1ecf b\u1eb1ng th\u00e9p kh\u00f4ng g\u1ec9 v\u00e0 \u0111\u00e8n LED h\u1ed3ng ngo\u1ea1i.\" title=\"H\u00ecnh thu nh\u1ecf c\u1ee7a camera ch\u1ed1ng ch\u00e1y n\u1ed5 2MP d\u00e0nh cho xe t\u1ea3i ch\u1edf nhi\u00ean li\u1ec7u v\u00e0 d\u1ea7u t\u1ea1i London, V\u01b0\u01a1ng qu\u1ed1c Anh\" src=\"data:image\/svg+xml;base64,PHN2ZyB3aWR0aD0iMSIgaGVpZ2h0PSIxIiB4bWxucz0iaHR0cDovL3d3dy53My5vcmcvMjAwMC9zdmciPjwvc3ZnPg==\" style=\"--smush-placeholder-width: 800px; --smush-placeholder-aspect-ratio: 800\/684;\" \/><\/a><div class='grid-content'><div class='avia-arrow'><\/div><header class=\"entry-content-header\"><h3 class='grid-entry-title entry-title'  itemprop=\"headline\" ><a href='https:\/\/luview.com\/vi\/project\/2mp-explosion-proof-camera-for-fuel-and-oil-truck-in-london-uk\/' title='Camera ch\u1ed1ng ch\u00e1y n\u1ed5 2MP d\u00e0nh cho xe t\u1ea3i ch\u1edf nhi\u00ean li\u1ec7u v\u00e0 d\u1ea7u t\u1ea1i London, V\u01b0\u01a1ng qu\u1ed1c Anh'>Camera ch\u1ed1ng ch\u00e1y n\u1ed5 2MP d\u00e0nh cho xe t\u1ea3i ch\u1edf nhi\u00ean li\u1ec7u v\u00e0 d\u1ea7u t\u1ea1i London, V\u01b0\u01a1ng qu\u1ed1c Anh<\/a><\/h3><\/header><\/div><footer class=\"entry-footer\"><\/footer><\/article><\/div><div data-ajax-id='601' class='grid-entry flex_column isotope-item all_sort no_margin post-entry post-entry-601 grid-entry-overview grid-loop-3 grid-parity-odd  on-going-projects_sort projects_sort  av_one_fourth  default_av_fullwidth'><article class='main_color inner-entry'  itemscope=\"itemscope\" itemtype=\"https:\/\/schema.org\/CreativeWork\" ><a href=\"https:\/\/luview.com\/vi\/project\/1000pcs-waterproof-rear-view-system-for-importer-from-england\/\" title='1000 b\u1ed9 H\u1ec7 th\u1ed1ng quan s\u00e1t ph\u00eda sau ch\u1ed1ng n\u01b0\u1edbc d\u00e0nh cho nh\u00e0 nh\u1eadp kh\u1ea9u t\u1eeb Anh Qu\u1ed1c'  data-rel='grid-1' class='grid-image avia-hover-fx'> <img decoding=\"async\" width=\"800\" height=\"684\" data-src=\"https:\/\/luview.com\/wp-content\/uploads\/2022\/06\/side-view-of-JY-M755-rearview-mirror-monitor-for-car-truck-long-trailer-RV-school-bus-800x684.jpg\" class=\"wp-image-1205 avia-img-lazy-loading-not-1205 attachment-gallery size-gallery wp-post-image lazyload\" title=\"1000 b\u1ed9 H\u1ec7 th\u1ed1ng quan s\u00e1t ph\u00eda sau ch\u1ed1ng n\u01b0\u1edbc cho nh\u00e0 nh\u1eadp kh\u1ea9u t\u1eeb Anh Qu\u1ed1c (H\u00ecnh thu nh\u1ecf)\" alt=\"1000 b\u1ed9 H\u1ec7 th\u1ed1ng quan s\u00e1t ph\u00eda sau ch\u1ed1ng n\u01b0\u1edbc cho nh\u00e0 nh\u1eadp kh\u1ea9u t\u1eeb Anh Qu\u1ed1c (H\u00ecnh thu nh\u1ecf)\" src=\"data:image\/svg+xml;base64,PHN2ZyB3aWR0aD0iMSIgaGVpZ2h0PSIxIiB4bWxucz0iaHR0cDovL3d3dy53My5vcmcvMjAwMC9zdmciPjwvc3ZnPg==\" style=\"--smush-placeholder-width: 800px; --smush-placeholder-aspect-ratio: 800\/684;\" \/><\/a><div class='grid-content'><div class='avia-arrow'><\/div><header class=\"entry-content-header\"><h3 class='grid-entry-title entry-title'  itemprop=\"headline\" ><a href='https:\/\/luview.com\/vi\/project\/1000pcs-waterproof-rear-view-system-for-importer-from-england\/' title='1000 b\u1ed9 H\u1ec7 th\u1ed1ng quan s\u00e1t ph\u00eda sau ch\u1ed1ng n\u01b0\u1edbc d\u00e0nh cho nh\u00e0 nh\u1eadp kh\u1ea9u t\u1eeb Anh Qu\u1ed1c'>1000 b\u1ed9 H\u1ec7 th\u1ed1ng quan s\u00e1t ph\u00eda sau ch\u1ed1ng n\u01b0\u1edbc d\u00e0nh cho nh\u00e0 nh\u1eadp kh\u1ea9u t\u1eeb Anh Qu\u1ed1c<\/a><\/h3><\/header><\/div><footer class=\"entry-footer\"><\/footer><\/article><\/div><div data-ajax-id='614' class='grid-entry flex_column isotope-item all_sort no_margin post-entry post-entry-614 grid-entry-overview grid-loop-4 grid-parity-even  finished-projects_sort projects_sort  av_one_fourth  default_av_fullwidth'><article class='main_color inner-entry'  itemscope=\"itemscope\" itemtype=\"https:\/\/schema.org\/CreativeWork\" ><a href=\"https:\/\/luview.com\/vi\/project\/500pcs-ip68-waterproof-side-view-cameras-for-western-cape-south-africa\/\" title='500 chi\u1ebfc camera quan s\u00e1t g\u00f3c b\u00ean ch\u1ed1ng n\u01b0\u1edbc IP68 cho t\u1ec9nh Western Cape, Nam Phi'  data-rel='grid-1' class='grid-image avia-hover-fx'> <img decoding=\"async\" width=\"800\" height=\"684\" data-src=\"https:\/\/luview.com\/wp-content\/uploads\/2022\/06\/JY-688-side-view-camera-800x684.jpg\" class=\"wp-image-24139 avia-img-lazy-loading-not-24139 attachment-gallery size-gallery wp-post-image lazyload\" alt=\"500 chi\u1ebfc camera quan s\u00e1t g\u00f3c b\u00ean ch\u1ed1ng n\u01b0\u1edbc IP68 cho t\u1ec9nh Western Cape, Nam Phi\" title=\"500 chi\u1ebfc camera quan s\u00e1t b\u00ean h\u00f4ng ch\u1ed1ng n\u01b0\u1edbc chu\u1ea9n IP68 d\u00e0nh cho t\u1ec9nh Western Cape, Nam Phi - H\u00ecnh thu nh\u1ecf\" src=\"data:image\/svg+xml;base64,PHN2ZyB3aWR0aD0iMSIgaGVpZ2h0PSIxIiB4bWxucz0iaHR0cDovL3d3dy53My5vcmcvMjAwMC9zdmciPjwvc3ZnPg==\" style=\"--smush-placeholder-width: 800px; --smush-placeholder-aspect-ratio: 800\/684;\" \/><\/a><div class='grid-content'><div class='avia-arrow'><\/div><header class=\"entry-content-header\"><h3 class='grid-entry-title entry-title'  itemprop=\"headline\" ><a href='https:\/\/luview.com\/vi\/project\/500pcs-ip68-waterproof-side-view-cameras-for-western-cape-south-africa\/' title='500 chi\u1ebfc camera quan s\u00e1t g\u00f3c b\u00ean ch\u1ed1ng n\u01b0\u1edbc IP68 cho t\u1ec9nh Western Cape, Nam Phi'>500 chi\u1ebfc camera quan s\u00e1t g\u00f3c b\u00ean ch\u1ed1ng n\u01b0\u1edbc IP68 cho t\u1ec9nh Western Cape, Nam Phi<\/a><\/h3><\/header><\/div><footer class=\"entry-footer\"><\/footer><\/article><\/div><div data-ajax-id='612' class='grid-entry flex_column isotope-item all_sort no_margin post-entry post-entry-612 grid-entry-overview grid-loop-5 grid-parity-odd  on-going-projects_sort projects_sort  av_one_fourth first default_av_fullwidth'><article class='main_color inner-entry'  itemscope=\"itemscope\" itemtype=\"https:\/\/schema.org\/CreativeWork\" ><a href=\"https:\/\/luview.com\/vi\/project\/2mp-1080p-g-sensor-wifi-universal-dash-cam-for-dubai-united-arab-emirates\/\" title='Camera h\u00e0nh tr\u00ecnh \u0111a n\u0103ng 2MP 1080P c\u00f3 c\u1ea3m bi\u1ebfn G v\u00e0 k\u1ebft n\u1ed1i WiFi d\u00e0nh cho Dubai, C\u00e1c Ti\u1ec3u v\u01b0\u01a1ng qu\u1ed1c \u1ea2 R\u1eadp Th\u1ed1ng nh\u1ea5t'  data-rel='grid-1' class='grid-image avia-hover-fx'> <img decoding=\"async\" width=\"800\" height=\"684\" data-src=\"https:\/\/luview.com\/wp-content\/uploads\/2022\/06\/A970-universal-dash-cam-for-car--800x684.jpg\" class=\"wp-image-1230 avia-img-lazy-loading-not-1230 attachment-gallery size-gallery wp-post-image lazyload\" alt=\"A970 - Camera h\u00e0nh tr\u00ecnh \u0111a n\u0103ng h\u1ed7 tr\u1ee3 ph\u00e1t video 1080p\" title=\"Camera h\u00e0nh tr\u00ecnh \u0111a n\u0103ng 2MP 1080P v\u1edbi c\u1ea3m bi\u1ebfn G v\u00e0 WiFi cho Dubai, C\u00e1c Ti\u1ec3u v\u01b0\u01a1ng qu\u1ed1c \u1ea2 R\u1eadp Th\u1ed1ng nh\u1ea5t (UAE) - H\u00ecnh thu nh\u1ecf\" src=\"data:image\/svg+xml;base64,PHN2ZyB3aWR0aD0iMSIgaGVpZ2h0PSIxIiB4bWxucz0iaHR0cDovL3d3dy53My5vcmcvMjAwMC9zdmciPjwvc3ZnPg==\" style=\"--smush-placeholder-width: 800px; --smush-placeholder-aspect-ratio: 800\/684;\" \/><\/a><div class='grid-content'><div class='avia-arrow'><\/div><header class=\"entry-content-header\"><h3 class='grid-entry-title entry-title'  itemprop=\"headline\" ><a href='https:\/\/luview.com\/vi\/project\/2mp-1080p-g-sensor-wifi-universal-dash-cam-for-dubai-united-arab-emirates\/' title='Camera h\u00e0nh tr\u00ecnh \u0111a n\u0103ng 2MP 1080P c\u00f3 c\u1ea3m bi\u1ebfn G v\u00e0 k\u1ebft n\u1ed1i WiFi d\u00e0nh cho Dubai, C\u00e1c Ti\u1ec3u v\u01b0\u01a1ng qu\u1ed1c \u1ea2 R\u1eadp Th\u1ed1ng nh\u1ea5t'>Camera h\u00e0nh tr\u00ecnh \u0111a n\u0103ng 2MP 1080P c\u00f3 c\u1ea3m bi\u1ebfn G v\u00e0 k\u1ebft n\u1ed1i WiFi d\u00e0nh cho Dubai, C\u00e1c Ti\u1ec3u v\u01b0\u01a1ng qu\u1ed1c \u1ea2 R\u1eadp Th\u1ed1ng nh\u1ea5t<\/a><\/h3><\/header><\/div><footer class=\"entry-footer\"><\/footer><\/article><\/div><div data-ajax-id='618' class='grid-entry flex_column isotope-item all_sort no_margin post-entry post-entry-618 grid-entry-overview grid-loop-6 grid-parity-even  finished-projects_sort projects_sort  av_one_fourth  default_av_fullwidth'><article class='main_color inner-entry'  itemscope=\"itemscope\" itemtype=\"https:\/\/schema.org\/CreativeWork\" ><a href=\"https:\/\/luview.com\/vi\/project\/15-sets-2mp-waterproof-car-reversing-system-for-mercedez-benz-in-santiago-chile\/\" title='15 b\u1ed9 h\u1ec7 th\u1ed1ng l\u00f9i xe \u00f4 t\u00f4 2MP cho Mercedes-Benz t\u1ea1i Santiago, Chile'  data-rel='grid-1' class='grid-image avia-hover-fx'> <img decoding=\"async\" width=\"800\" height=\"684\" data-src=\"https:\/\/luview.com\/wp-content\/uploads\/2022\/06\/JY-680-third-brake-light-camera-for-Mercedes-Benz-Sprinter-Volkswagen-Crafter-van-800x684.jpg\" class=\"wp-image-838 avia-img-lazy-loading-not-838 attachment-gallery size-gallery wp-post-image lazyload\" alt=\"Camera \u0111\u00e8n phanh th\u1ee9 ba JY-680 d\u00e0nh cho Mercedes-Benz Sprinter (2007-2022), Freightliner Sprinter (2001-2021) v\u00e0 VW Crafter (2007-2016).\" title=\"15 b\u1ed9 h\u1ec7 th\u1ed1ng l\u00f9i xe 2MP d\u00e0nh cho Mercedes-Benz t\u1ea1i Santiago, Chile (H\u00ecnh thu nh\u1ecf)\" src=\"data:image\/svg+xml;base64,PHN2ZyB3aWR0aD0iMSIgaGVpZ2h0PSIxIiB4bWxucz0iaHR0cDovL3d3dy53My5vcmcvMjAwMC9zdmciPjwvc3ZnPg==\" style=\"--smush-placeholder-width: 800px; --smush-placeholder-aspect-ratio: 800\/684;\" \/><\/a><div class='grid-content'><div class='avia-arrow'><\/div><header class=\"entry-content-header\"><h3 class='grid-entry-title entry-title'  itemprop=\"headline\" ><a href='https:\/\/luview.com\/vi\/project\/15-sets-2mp-waterproof-car-reversing-system-for-mercedez-benz-in-santiago-chile\/' title='15 b\u1ed9 h\u1ec7 th\u1ed1ng l\u00f9i xe \u00f4 t\u00f4 2MP cho Mercedes-Benz t\u1ea1i Santiago, Chile'>15 b\u1ed9 h\u1ec7 th\u1ed1ng l\u00f9i xe \u00f4 t\u00f4 2MP cho Mercedes-Benz t\u1ea1i Santiago, Chile<\/a><\/h3><\/header><\/div><footer class=\"entry-footer\"><\/footer><\/article><\/div><div data-ajax-id='608' class='grid-entry flex_column isotope-item all_sort no_margin post-entry post-entry-608 grid-entry-overview grid-loop-7 grid-parity-odd  finished-projects_sort projects_sort  av_one_fourth  default_av_fullwidth'><article class='main_color inner-entry'  itemscope=\"itemscope\" itemtype=\"https:\/\/schema.org\/CreativeWork\" ><a href=\"https:\/\/luview.com\/vi\/project\/1400-pcs-5-inch-waterproof-digital-lcd-monitor-jy-m550-for-bern-switzerland\/\" title='1.400 chi\u1ebfc m\u00e0n h\u00ecnh LCD k\u1ef9 thu\u1eadt s\u1ed1 ch\u1ed1ng n\u01b0\u1edbc 5 inch JY-M550 d\u00e0nh cho Bern, Th\u1ee5y S\u0129'  data-rel='grid-1' class='grid-image avia-hover-fx'> <img decoding=\"async\" width=\"800\" height=\"684\" data-src=\"https:\/\/luview.com\/wp-content\/uploads\/2022\/06\/JY-M550-2-CH-5-inch-IP69K-waterproof-flipped-image-TFT-monitor-800x684.jpg\" class=\"wp-image-24109 avia-img-lazy-loading-not-24109 attachment-gallery size-gallery wp-post-image lazyload\" alt=\"JY-M550 2 k\u00eanh, m\u00e0n h\u00ecnh TFT 5 inch ch\u1ed1ng n\u01b0\u1edbc IP69K v\u1edbi h\u00ecnh \u1ea3nh \u0111\u1ea3o ng\u01b0\u1ee3c\" title=\"1.400 chi\u1ebfc M\u00e0n h\u00ecnh LCD k\u1ef9 thu\u1eadt s\u1ed1 ch\u1ed1ng n\u01b0\u1edbc 5 inch JY-M550 cho Bern, Th\u1ee5y S\u0129 (h\u00ecnh thu nh\u1ecf)\" src=\"data:image\/svg+xml;base64,PHN2ZyB3aWR0aD0iMSIgaGVpZ2h0PSIxIiB4bWxucz0iaHR0cDovL3d3dy53My5vcmcvMjAwMC9zdmciPjwvc3ZnPg==\" style=\"--smush-placeholder-width: 800px; --smush-placeholder-aspect-ratio: 800\/684;\" \/><\/a><div class='grid-content'><div class='avia-arrow'><\/div><header class=\"entry-content-header\"><h3 class='grid-entry-title entry-title'  itemprop=\"headline\" ><a href='https:\/\/luview.com\/vi\/project\/1400-pcs-5-inch-waterproof-digital-lcd-monitor-jy-m550-for-bern-switzerland\/' title='1.400 chi\u1ebfc m\u00e0n h\u00ecnh LCD k\u1ef9 thu\u1eadt s\u1ed1 ch\u1ed1ng n\u01b0\u1edbc 5 inch JY-M550 d\u00e0nh cho Bern, Th\u1ee5y S\u0129'>1.400 chi\u1ebfc m\u00e0n h\u00ecnh LCD k\u1ef9 thu\u1eadt s\u1ed1 ch\u1ed1ng n\u01b0\u1edbc 5 inch JY-M550 d\u00e0nh cho Bern, Th\u1ee5y S\u0129<\/a><\/h3><\/header><\/div><footer class=\"entry-footer\"><\/footer><\/article><\/div><div data-ajax-id='606' class='grid-entry flex_column isotope-item all_sort no_margin post-entry post-entry-606 grid-entry-overview grid-loop-8 grid-parity-even  post-entry-last  finished-projects_sort projects_sort  av_one_fourth  default_av_fullwidth'><article class='main_color inner-entry'  itemscope=\"itemscope\" itemtype=\"https:\/\/schema.org\/CreativeWork\" ><a href=\"https:\/\/luview.com\/vi\/project\/200-sets-360-bird-view-forklift-camera-system-for-saudi-arabia\/\" title='200 b\u1ed9 h\u1ec7 th\u1ed1ng camera quan s\u00e1t to\u00e0n c\u1ea3nh 360 \u0111\u1ed9 cho xe n\u00e2ng t\u1ea1i \u1ea2 R\u1eadp X\u00ea \u00dat'  data-rel='grid-1' class='grid-image avia-hover-fx'> <img decoding=\"async\" width=\"800\" height=\"684\" data-src=\"https:\/\/luview.com\/wp-content\/uploads\/2022\/06\/360-surround-view-system-for-vehicle--800x684.jpg\" class=\"wp-image-1280 avia-img-lazy-loading-not-1280 attachment-gallery size-gallery wp-post-image lazyload\" alt=\"H\u1ec7 th\u1ed1ng camera l\u00f9i quan s\u00e1t to\u00e0n c\u1ea3nh 360 \u0111\u1ed9 JY-BV360\" title=\"200 b\u1ed9 h\u1ec7 th\u1ed1ng camera quan s\u00e1t 360 \u0111\u1ed9 cho xe n\u00e2ng t\u1ea1i \u1ea2 R\u1eadp X\u00ea \u00dat (H\u00ecnh thu nh\u1ecf)\" src=\"data:image\/svg+xml;base64,PHN2ZyB3aWR0aD0iMSIgaGVpZ2h0PSIxIiB4bWxucz0iaHR0cDovL3d3dy53My5vcmcvMjAwMC9zdmciPjwvc3ZnPg==\" style=\"--smush-placeholder-width: 800px; --smush-placeholder-aspect-ratio: 800\/684;\" \/><\/a><div class='grid-content'><div class='avia-arrow'><\/div><header class=\"entry-content-header\"><h3 class='grid-entry-title entry-title'  itemprop=\"headline\" ><a href='https:\/\/luview.com\/vi\/project\/200-sets-360-bird-view-forklift-camera-system-for-saudi-arabia\/' title='200 b\u1ed9 h\u1ec7 th\u1ed1ng camera quan s\u00e1t to\u00e0n c\u1ea3nh 360 \u0111\u1ed9 cho xe n\u00e2ng t\u1ea1i \u1ea2 R\u1eadp X\u00ea \u00dat'>200 b\u1ed9 h\u1ec7 th\u1ed1ng camera quan s\u00e1t to\u00e0n c\u1ea3nh 360 \u0111\u1ed9 cho xe n\u00e2ng t\u1ea1i \u1ea2 R\u1eadp X\u00ea \u00dat<\/a><\/h3><\/header><\/div><footer class=\"entry-footer\"><\/footer><\/article><\/div><\/div><\/div>   <!--   class=\"av-portfolio-grid-sorting-container\"  --><\/p><\/div>","protected":false},"excerpt":{"rendered":"","protected":false},"author":1,"featured_media":0,"parent":0,"menu_order":0,"comment_status":"closed","ping_status":"closed","template":"","meta":{"_monsterinsights_skip_tracking":false,"_monsterinsights_sitenote_active":false,"_monsterinsights_sitenote_note":"","_monsterinsights_sitenote_category":0,"footnotes":""},"class_list":["post-23","page","type-page","status-publish","hentry"],"_links":{"self":[{"href":"https:\/\/luview.com\/vi\/wp-json\/wp\/v2\/pages\/23","targetHints":{"allow":["GET"]}}],"collection":[{"href":"https:\/\/luview.com\/vi\/wp-json\/wp\/v2\/pages"}],"about":[{"href":"https:\/\/luview.com\/vi\/wp-json\/wp\/v2\/types\/page"}],"author":[{"embeddable":true,"href":"https:\/\/luview.com\/vi\/wp-json\/wp\/v2\/users\/1"}],"replies":[{"embeddable":true,"href":"https:\/\/luview.com\/vi\/wp-json\/wp\/v2\/comments?post=23"}],"version-history":[{"count":2,"href":"https:\/\/luview.com\/vi\/wp-json\/wp\/v2\/pages\/23\/revisions"}],"predecessor-version":[{"id":43771,"href":"https:\/\/luview.com\/vi\/wp-json\/wp\/v2\/pages\/23\/revisions\/43771"}],"wp:attachment":[{"href":"https:\/\/luview.com\/vi\/wp-json\/wp\/v2\/media?parent=23"}],"curies":[{"name":"wp","href":"https:\/\/api.w.org\/{rel}","templated":true}]}}