{"id":23270,"date":"2022-07-11T10:47:18","date_gmt":"2022-07-11T10:47:18","guid":{"rendered":"https:\/\/luview.com\/?page_id=23270"},"modified":"2025-08-08T03:04:31","modified_gmt":"2025-08-08T03:04:31","slug":"xe-nong-nghiep","status":"publish","type":"page","link":"https:\/\/luview.com\/vi\/solutions\/agricultural-vehicles\/","title":{"rendered":"Xe n\u00f4ng nghi\u1ec7p"},"content":{"rendered":"<style type=\"text\/css\" data-created_by=\"avia_inline_auto\" id=\"style-css-av-l2mxefv0-35bb32fcfe7f503a8ac259e0986fd26a\">\n.avia-section.av-l2mxefv0-35bb32fcfe7f503a8ac259e0986fd26a{\nbackground-repeat:no-repeat;\nbackground-image:url(https:\/\/luview.com\/wp-content\/uploads\/2022\/05\/solution-head.jpg);\nbackground-position:50% 50%;\nbackground-attachment:scroll;\n}\n.avia-section.av-l2mxefv0-35bb32fcfe7f503a8ac259e0986fd26a .av-section-color-overlay{\nopacity:0.8;\nbackground-color:#222222;\n}\n<\/style>\n<div id='av_section_1'  class='avia-section av-l2mxefv0-35bb32fcfe7f503a8ac259e0986fd26a main_color avia-section-default avia-no-border-styling  avia-builder-el-0  el_before_av_one_full  avia-builder-el-first  titlebarbox avia-bg-style-scroll av-section-color-overlay-active container_wrap sidebar_left'  data-section-bg-repeat='no-repeat'><div class=\"av-section-color-overlay-wrap\"><div class=\"av-section-color-overlay\"><\/div><div class='container av-section-cont-open' ><main  role=\"main\" itemprop=\"mainContentOfPage\"  class='template-page content  av-content-small units'><div class='post-entry post-entry-type-page post-entry-23270'><div class='entry-content-wrapper clearfix'>\n\n<style type=\"text\/css\" data-created_by=\"avia_inline_auto\" id=\"style-css-av-l2mxr7wy-b4eaf1ebf22700ba8c0e3ddaf64fafea\">\n.flex_column.av-l2mxr7wy-b4eaf1ebf22700ba8c0e3ddaf64fafea{\npadding:10% 0 10% 0;\n}\n<\/style>\n<div class='flex_column av-l2mxr7wy-b4eaf1ebf22700ba8c0e3ddaf64fafea av_one_full  avia-builder-el-1  avia-builder-el-no-sibling  first flex_column_div'   ><style type=\"text\/css\" data-created_by=\"avia_inline_auto\" id=\"style-css-av-l2mxewun-812b60f9f631bff3f3cece738bb226b9\">\n#top .av_textblock_section.av-l2mxewun-812b60f9f631bff3f3cece738bb226b9 .avia_textblock{\ncolor:#ffffff;\ntext-align:center;\n}\n<\/style>\n<section  class='av_textblock_section av-l2mxewun-812b60f9f631bff3f3cece738bb226b9'  itemscope=\"itemscope\" itemtype=\"https:\/\/schema.org\/CreativeWork\" ><div class='avia_textblock av_inherit_color'  itemprop=\"text\" ><h1>Gi\u1ea3i ph\u00e1p cho ph\u01b0\u01a1ng ti\u1ec7n n\u00f4ng nghi\u1ec7p<\/h1>\n<\/div><\/section><br \/>\n<\/p><\/div>\n<\/div><\/div><\/main><!-- close content main element --><\/div><\/div><\/div><div id='after_section_1'  class='main_color av_default_container_wrap container_wrap sidebar_left'  ><div class='container av-section-cont-open' ><div class='template-page content  av-content-small units'><div class='post-entry post-entry-type-page post-entry-23270'><div class='entry-content-wrapper clearfix'>\n<div class='flex_column av-zn923-2998580518e3833d33293177f79d69a5 av_one_full  avia-builder-el-4  el_after_av_section  el_before_av_one_third  avia-builder-el-first  first flex_column_div'   ><section  class='av_textblock_section av-l2vl9sc8-321202df39fd446ec8d30e8813d0d1d6'  itemscope=\"itemscope\" itemtype=\"https:\/\/schema.org\/CreativeWork\" ><div class='avia_textblock'  itemprop=\"text\" ><h2>Agricultural Vehicles Backup Camera System &amp; Solution<\/h2>\n<\/div><\/section><br \/>\n<section  class='av_textblock_section av-l2vla2no-02a9d235c6ee455249ee410d4d085d73'  itemscope=\"itemscope\" itemtype=\"https:\/\/schema.org\/CreativeWork\" ><div class='avia_textblock'  itemprop=\"text\" ><p>Camera l\u00f9i l\u00e0 thi\u1ebft b\u1ecb quan tr\u1ecdng \u0111\u1ed1i v\u1edbi m\u00e1y m\u00f3c n\u00f4ng nghi\u1ec7p v\u00ec ch\u00fang gi\u00fap n\u00f4ng d\u00e2n \u0111\u1ea3m b\u1ea3o an to\u00e0n v\u00e0 hi\u1ec7u qu\u1ea3 trong qu\u00e1 tr\u00ecnh l\u00e0m vi\u1ec7c. H\u00e3y \u0111\u1ea3m b\u1ea3o r\u1eb1ng b\u1ea1n mua camera t\u1eeb nh\u00e0 s\u1ea3n xu\u1ea5t uy t\u00edn ho\u1eb7c \u0111\u1ea1i l\u00fd \u0111\u01b0\u1ee3c \u1ee7y quy\u1ec1n. Luview c\u00f3 h\u01a1n 18 n\u0103m kinh nghi\u1ec7m trong ng\u00e0nh gi\u00e1m s\u00e1t ph\u01b0\u01a1ng ti\u1ec7n giao th\u00f4ng. H\u00e3y li\u00ean h\u1ec7 v\u1edbi ch\u00fang t\u00f4i b\u1ea5t c\u1ee9 l\u00fac n\u00e0o n\u1ebfu b\u1ea1n quan t\u00e2m \u0111\u1ebfn c\u00e1c thi\u1ebft b\u1ecb gi\u00e1m s\u00e1t ho\u1eb7c camera cho ph\u01b0\u01a1ng ti\u1ec7n n\u00f4ng nghi\u1ec7p. <a href=\"mailto:sales@luview.com\"><u>sales@luview.com<\/u><\/a>\u00a0.<\/p>\n<\/div><\/section><\/p><\/div>\n<div class='flex_column av-2ps3aj-3e87c5f96607d28e3a55d1356f20c5cd av_one_third  avia-builder-el-7  el_after_av_one_full  el_before_av_one_third  first flex_column_div column-top-margin'   ><p>\n<style type=\"text\/css\" data-created_by=\"avia_inline_auto\" id=\"style-css-av-l2vl5f5x-3eaea5845ae42f5b48e4d80b5d090aeb\">\n.avia-image-container.av-l2vl5f5x-3eaea5845ae42f5b48e4d80b5d090aeb .av-image-caption-overlay-center{\ncolor:#ffffff;\n}\n<\/style>\n<div  class='avia-image-container av-l2vl5f5x-3eaea5845ae42f5b48e4d80b5d090aeb av-styling- avia-align-center  avia-builder-el-8  el_before_av_textblock  avia-builder-el-first'  itemprop=\"image\" itemscope=\"itemscope\" itemtype=\"https:\/\/schema.org\/ImageObject\" ><div class=\"avia-image-container-inner\"><div class=\"avia-image-overlay-wrap\"><a href=\"https:\/\/luview.com\/vi\/solutions\/agricultural-vehicles\/cotton-picker-camera-solution\/\" class='avia_image' ><img decoding=\"async\" class='wp-image-23289 avia-img-lazy-loading-not-23289 avia_image lazyload' data-src=\"https:\/\/luview.com\/wp-content\/uploads\/2022\/07\/Cotton-Picker-Camera-Solution.jpg\" alt='Gi\u1ea3i ph\u00e1p camera cho m\u00e1y h\u00e1i b\u00f4ng' title='Gi\u1ea3i ph\u00e1p camera cho m\u00e1y h\u00e1i b\u00f4ng'  height=\"400\" width=\"400\"  itemprop=\"thumbnailUrl\" data-srcset=\"https:\/\/luview.com\/wp-content\/uploads\/2022\/07\/Cotton-Picker-Camera-Solution.jpg 400w, https:\/\/luview.com\/wp-content\/uploads\/2022\/07\/Cotton-Picker-Camera-Solution-100x100.jpg 100w, https:\/\/luview.com\/wp-content\/uploads\/2022\/07\/Cotton-Picker-Camera-Solution-300x300.jpg 300w, https:\/\/luview.com\/wp-content\/uploads\/2022\/07\/Cotton-Picker-Camera-Solution-80x80.jpg 80w, https:\/\/luview.com\/wp-content\/uploads\/2022\/07\/Cotton-Picker-Camera-Solution-36x36.jpg 36w, https:\/\/luview.com\/wp-content\/uploads\/2022\/07\/Cotton-Picker-Camera-Solution-180x180.jpg 180w\" data-sizes=\"(max-width: 400px) 100vw, 400px\" src=\"data:image\/svg+xml;base64,PHN2ZyB3aWR0aD0iMSIgaGVpZ2h0PSIxIiB4bWxucz0iaHR0cDovL3d3dy53My5vcmcvMjAwMC9zdmciPjwvc3ZnPg==\" style=\"--smush-placeholder-width: 400px; --smush-placeholder-aspect-ratio: 400\/400;\" \/><\/a><\/div><\/div><\/div><br \/>\n\n<style type=\"text\/css\" data-created_by=\"avia_inline_auto\" id=\"style-css-av-2m67d7-f8b3e92bddd972c8958c08357236f45c\">\n#top .av_textblock_section.av-2m67d7-f8b3e92bddd972c8958c08357236f45c .avia_textblock{\ntext-align:center;\n}\n<\/style>\n<section  class='av_textblock_section av-2m67d7-f8b3e92bddd972c8958c08357236f45c'  itemscope=\"itemscope\" itemtype=\"https:\/\/schema.org\/CreativeWork\" ><div class='avia_textblock'  itemprop=\"text\" ><h4 style=\"text-align: center;\"><a href=\"https:\/\/luview.com\/solutions\/agricultural-vehicles\/cotton-picker-camera-solution\/\">Gi\u1ea3i ph\u00e1p camera cho m\u00e1y h\u00e1i b\u00f4ng<\/a><\/h4>\n<\/div><\/section><\/p><\/div>\n<div class='flex_column av-2ejarf-e202d8942680281a68fcdb041db7e656 av_one_third  avia-builder-el-10  el_after_av_one_third  el_before_av_one_third  flex_column_div column-top-margin'   ><p>\n<style type=\"text\/css\" data-created_by=\"avia_inline_auto\" id=\"style-css-av-l2vl5vyn-a65e4bf80fe233ae3f4522879a9c0f0c\">\n.avia-image-container.av-l2vl5vyn-a65e4bf80fe233ae3f4522879a9c0f0c .av-image-caption-overlay-center{\ncolor:#ffffff;\n}\n<\/style>\n<div  class='avia-image-container av-l2vl5vyn-a65e4bf80fe233ae3f4522879a9c0f0c av-styling- avia-align-center  avia-builder-el-11  el_before_av_textblock  avia-builder-el-first'  itemprop=\"image\" itemscope=\"itemscope\" itemtype=\"https:\/\/schema.org\/ImageObject\" ><div class=\"avia-image-container-inner\"><div class=\"avia-image-overlay-wrap\"><a href=\"https:\/\/luview.com\/vi\/solutions\/agricultural-vehicles\/combine-harvester-camera-system\/\" class='avia_image' ><img decoding=\"async\" class='wp-image-23295 avia-img-lazy-loading-not-23295 avia_image lazyload' data-src=\"https:\/\/luview.com\/wp-content\/uploads\/2022\/07\/Combine-Harvester-Camera-Solution.jpg\" alt='Gi\u1ea3i ph\u00e1p camera cho m\u00e1y g\u1eb7t \u0111\u1eadp li\u00ean h\u1ee3p' title='Gi\u1ea3i ph\u00e1p camera cho m\u00e1y g\u1eb7t \u0111\u1eadp li\u00ean h\u1ee3p'  height=\"400\" width=\"400\"  itemprop=\"thumbnailUrl\" data-srcset=\"https:\/\/luview.com\/wp-content\/uploads\/2022\/07\/Combine-Harvester-Camera-Solution.jpg 400w, https:\/\/luview.com\/wp-content\/uploads\/2022\/07\/Combine-Harvester-Camera-Solution-100x100.jpg 100w, https:\/\/luview.com\/wp-content\/uploads\/2022\/07\/Combine-Harvester-Camera-Solution-300x300.jpg 300w, https:\/\/luview.com\/wp-content\/uploads\/2022\/07\/Combine-Harvester-Camera-Solution-80x80.jpg 80w, https:\/\/luview.com\/wp-content\/uploads\/2022\/07\/Combine-Harvester-Camera-Solution-36x36.jpg 36w, https:\/\/luview.com\/wp-content\/uploads\/2022\/07\/Combine-Harvester-Camera-Solution-180x180.jpg 180w\" data-sizes=\"(max-width: 400px) 100vw, 400px\" src=\"data:image\/svg+xml;base64,PHN2ZyB3aWR0aD0iMSIgaGVpZ2h0PSIxIiB4bWxucz0iaHR0cDovL3d3dy53My5vcmcvMjAwMC9zdmciPjwvc3ZnPg==\" style=\"--smush-placeholder-width: 400px; --smush-placeholder-aspect-ratio: 400\/400;\" \/><\/a><\/div><\/div><\/div><br \/>\n\n<style type=\"text\/css\" data-created_by=\"avia_inline_auto\" id=\"style-css-av-2ame8b-12b496c1614357556a4c7bab706be968\">\n#top .av_textblock_section.av-2ame8b-12b496c1614357556a4c7bab706be968 .avia_textblock{\ntext-align:center;\n}\n<\/style>\n<section  class='av_textblock_section av-2ame8b-12b496c1614357556a4c7bab706be968'  itemscope=\"itemscope\" itemtype=\"https:\/\/schema.org\/CreativeWork\" ><div class='avia_textblock'  itemprop=\"text\" ><h4 style=\"text-align: center;\"><a href=\"https:\/\/luview.com\/solutions\/agricultural-vehicles\/combine-harvester-camera-system\/\">Gi\u1ea3i ph\u00e1p camera cho m\u00e1y g\u1eb7t \u0111\u1eadp li\u00ean h\u1ee3p<\/a><\/h4>\n<\/div><\/section><\/p><\/div>\n<div class='flex_column av-33x9jf-1c424f85e815b2819914c47335725612 av_one_third  avia-builder-el-13  el_after_av_one_third  el_before_av_one_full  flex_column_div column-top-margin'   ><p>\n<style type=\"text\/css\" data-created_by=\"avia_inline_auto\" id=\"style-css-av-l2vl2xqc-ca1ff57c34fbb4b9a55d8d001c949e68\">\n.avia-image-container.av-l2vl2xqc-ca1ff57c34fbb4b9a55d8d001c949e68 .av-image-caption-overlay-center{\ncolor:#ffffff;\n}\n<\/style>\n<div  class='avia-image-container av-l2vl2xqc-ca1ff57c34fbb4b9a55d8d001c949e68 av-styling- avia-align-center  avia-builder-el-14  el_before_av_textblock  avia-builder-el-first'  itemprop=\"image\" itemscope=\"itemscope\" itemtype=\"https:\/\/schema.org\/ImageObject\" ><div class=\"avia-image-container-inner\"><div class=\"avia-image-overlay-wrap\"><a href=\"https:\/\/luview.com\/vi\/solutions\/agricultural-vehicles\/tractor-camera-system\/\" class='avia_image' ><img decoding=\"async\" class='wp-image-23299 avia-img-lazy-loading-not-23299 avia_image lazyload' data-src=\"https:\/\/luview.com\/wp-content\/uploads\/2022\/07\/tractor-camera-solution.jpg\" alt='Gi\u1ea3i ph\u00e1p camera cho m\u00e1y k\u00e9o' title='Gi\u1ea3i ph\u00e1p camera cho m\u00e1y k\u00e9o'  height=\"400\" width=\"400\"  itemprop=\"thumbnailUrl\" data-srcset=\"https:\/\/luview.com\/wp-content\/uploads\/2022\/07\/tractor-camera-solution.jpg 400w, https:\/\/luview.com\/wp-content\/uploads\/2022\/07\/tractor-camera-solution-100x100.jpg 100w, https:\/\/luview.com\/wp-content\/uploads\/2022\/07\/tractor-camera-solution-300x300.jpg 300w, https:\/\/luview.com\/wp-content\/uploads\/2022\/07\/tractor-camera-solution-80x80.jpg 80w, https:\/\/luview.com\/wp-content\/uploads\/2022\/07\/tractor-camera-solution-36x36.jpg 36w, https:\/\/luview.com\/wp-content\/uploads\/2022\/07\/tractor-camera-solution-180x180.jpg 180w\" data-sizes=\"(max-width: 400px) 100vw, 400px\" src=\"data:image\/svg+xml;base64,PHN2ZyB3aWR0aD0iMSIgaGVpZ2h0PSIxIiB4bWxucz0iaHR0cDovL3d3dy53My5vcmcvMjAwMC9zdmciPjwvc3ZnPg==\" style=\"--smush-placeholder-width: 400px; --smush-placeholder-aspect-ratio: 400\/400;\" \/><\/a><\/div><\/div><\/div><br \/>\n\n<style type=\"text\/css\" data-created_by=\"avia_inline_auto\" id=\"style-css-av-l2vl44qd-a9fd2e80f8564808c6bd161526b1aaa5\">\n#top .av_textblock_section.av-l2vl44qd-a9fd2e80f8564808c6bd161526b1aaa5 .avia_textblock{\ntext-align:center;\n}\n<\/style>\n<section  class='av_textblock_section av-l2vl44qd-a9fd2e80f8564808c6bd161526b1aaa5'  itemscope=\"itemscope\" itemtype=\"https:\/\/schema.org\/CreativeWork\" ><div class='avia_textblock'  itemprop=\"text\" ><h4 style=\"text-align: center;\"><a href=\"https:\/\/luview.com\/solutions\/agricultural-vehicles\/tractor-camera-system\/\">Gi\u1ea3i ph\u00e1p camera cho m\u00e1y k\u00e9o<\/a><\/h4>\n<\/div><\/section><\/p><\/div>\n<div class='flex_column av-j7nreu-37fedc3633114c898c27014cb7dad2dc av_one_full  avia-builder-el-16  el_after_av_one_third  el_before_av_one_full  first flex_column_div column-top-margin'   ><section  class='av_textblock_section av-l7lqpzq7-df90a396a7f5b19c5b232bf636be8403'  itemscope=\"itemscope\" itemtype=\"https:\/\/schema.org\/CreativeWork\" ><div class='avia_textblock'  itemprop=\"text\" ><h3>Camera l\u00f9i l\u00e0 thi\u1ebft b\u1ecb h\u1eefu \u00edch cho c\u00e1c ph\u01b0\u01a1ng ti\u1ec7n n\u00f4ng nghi\u1ec7p.<\/h3>\n<\/div><\/section><br \/>\n<section  class='av_textblock_section av-l7lqqs71-3392582c8581c781815662db2fcc1c62'  itemscope=\"itemscope\" itemtype=\"https:\/\/schema.org\/CreativeWork\" ><div class='avia_textblock'  itemprop=\"text\" ><p>C\u00e1c ph\u01b0\u01a1ng ti\u1ec7n n\u00f4ng nghi\u1ec7p \u0111\u01b0\u1ee3c s\u1eed d\u1ee5ng trong c\u00e1c ho\u1ea1t \u0111\u1ed9ng n\u00f4ng nghi\u1ec7p ng\u00e0y c\u00e0ng tr\u1edf n\u00ean l\u1edbn h\u01a1n m\u1ed7i n\u0103m, \u0111i\u1ec1u n\u00e0y c\u00f3 ngh\u0129a l\u00e0 c\u00e1c \u0111i\u1ec3m m\u00f9 v\u00e0 c\u00e1c nguy hi\u1ec3m kh\u00e1c c\u00f3 kh\u1ea3 n\u0103ng xu\u1ea5t hi\u1ec7n cao h\u01a1n. Vi\u1ec7c l\u1eafp \u0111\u1eb7t camera l\u00f9i c\u00f3 th\u1ec3 mang l\u1ea1i s\u1ef1 kh\u00e1c bi\u1ec7t l\u1edbn v\u1ec1 an to\u00e0n cho ng\u01b0\u1eddi lao \u0111\u1ed9ng v\u00e0 c\u00e1c th\u00e0nh vi\u00ean trong gia \u0111\u00ecnh. Camera l\u00f9i s\u1ebd cho ph\u00e9p ng\u01b0\u1eddi v\u1eadn h\u00e0nh ki\u1ec3m tra c\u00e1c \u0111i\u1ec3m m\u00f9 m\u00e0 kh\u00f4ng c\u1ea7n ph\u1ea3i ra kh\u1ecfi ph\u01b0\u01a1ng ti\u1ec7n.<\/p>\n<p>C\u00e1c camera do Luview cung c\u1ea5p \u0111\u01b0\u1ee3c thi\u1ebft k\u1ebf v\u1edbi c\u00e1c t\u00ednh n\u0103ng \u0111\u1eb7c bi\u1ec7t gi\u00fap b\u1ea3o v\u1ec7 t\u1ea7m nh\u00ecn. Luview cung c\u1ea5p \u0111\u1ea7y \u0111\u1ee7 c\u00e1c h\u1ec7 th\u1ed1ng camera h\u1ed7 tr\u1ee3 cho n\u00f4ng nghi\u1ec7p. C\u00e1c s\u1ea3n ph\u1ea9m n\u00e0y bao g\u1ed3m camera, h\u1ec7 th\u1ed1ng m\u00e0n h\u00ecnh v\u00e0 c\u00e1c m\u00e0n h\u00ecnh c\u00f4ng ngh\u1ec7 cao. Ch\u00fang c\u0169ng \u0111\u01b0\u1ee3c trang b\u1ecb h\u1ec7 th\u1ed1ng d\u00e2y d\u1eabn an to\u00e0n, b\u1ed9 d\u00e2y c\u00e1p ch\u1ed1ng th\u1eddi ti\u1ebft v\u00e0 c\u00e1c ph\u1ee5 ki\u1ec7n g\u1eafn k\u1ebft ch\u1ed1ng s\u1ed1c.<\/p>\n<\/div><\/section><br \/>\n<section  class='av_textblock_section av-l7lqr5dk-1a9e0707455c4ff198082c53f42277f9'  itemscope=\"itemscope\" itemtype=\"https:\/\/schema.org\/CreativeWork\" ><div class='avia_textblock'  itemprop=\"text\" ><h3>T\u00ecm nh\u00e0 s\u1ea3n xu\u1ea5t camera l\u00f9i \u0111\u00e1ng tin c\u1eady cho xe n\u00f4ng nghi\u1ec7p.<\/h3>\n<\/div><\/section><br \/>\n<section  class='av_textblock_section av-l7lqs88o-e3d32fe85a143d481f18e307923dfef6'  itemscope=\"itemscope\" itemtype=\"https:\/\/schema.org\/CreativeWork\" ><div class='avia_textblock'  itemprop=\"text\" ><p>Khi mua camera l\u00f9i cho xe n\u00f4ng nghi\u1ec7p c\u1ee7a b\u1ea1n, b\u1ea1n c\u1ea7n t\u00ecm m\u1ed9t nh\u00e0 s\u1ea3n xu\u1ea5t uy t\u00edn. B\u1ea1n c\u00f3 th\u1ec3 xem x\u00e9t h\u1ec7 th\u1ed1ng camera l\u00f9i Luview. \u0110\u00e2y l\u00e0 m\u1ed9t trong nh\u1eefng l\u1ef1a ch\u1ecdn t\u1ed1t nh\u1ea5t tr\u00ean th\u1ecb tr\u01b0\u1eddng v\u00ec Luview c\u00f3 t\u1ef7 l\u1ec7 h\u00e0i l\u00f2ng c\u1ee7a kh\u00e1ch h\u00e0ng cao nh\u1ea5t trong ng\u00e0nh, cung c\u1ea5p d\u1ecbch v\u1ee5 giao h\u00e0ng nhanh ch\u00f3ng v\u00e0 b\u1ea3o h\u00e0nh m\u1ed9t n\u0103m.<\/p>\n<\/div><\/section><\/p><\/div>\n\n<style type=\"text\/css\" data-created_by=\"avia_inline_auto\" id=\"style-css-av-l2vletd8-6873c757f85d604bdfa88a557a400ac2\">\n.flex_column.av-l2vletd8-6873c757f85d604bdfa88a557a400ac2{\nborder-radius:15px 15px 15px 15px;\n-webkit-border-radius:15px 15px 15px 15px;\n-moz-border-radius:15px 15px 15px 15px;\npadding:50px 50px 50px 50px;\nbox-shadow:0 0 10px 0 #e0e0e0;\n-webkit-box-shadow:0 0 10px 0 #e0e0e0;\n-moz-box-shadow:0 0 10px 0 #e0e0e0;\nbackground-color:#ffffff;\n}\n<\/style>\n<div class='flex_column av-l2vletd8-6873c757f85d604bdfa88a557a400ac2 av_one_full  avia-builder-el-21  el_after_av_one_full  avia-builder-el-last  first flex_column_div column-top-margin'   ><style type=\"text\/css\" data-created_by=\"avia_inline_auto\" id=\"style-css-av-1pn56r-c5797cae44e1194cd88c41e4e080c4a0\">\n#top .av_textblock_section.av-1pn56r-c5797cae44e1194cd88c41e4e080c4a0 .avia_textblock{\ntext-align:center;\n}\n<\/style>\n<section  class='av_textblock_section av-1pn56r-c5797cae44e1194cd88c41e4e080c4a0'  itemscope=\"itemscope\" itemtype=\"https:\/\/schema.org\/CreativeWork\" ><div class='avia_textblock'  itemprop=\"text\" ><h2 style=\"text-transform: uppercase;\">B\u00e1o gi\u00e1 theo y\u00eau c\u1ea7u<\/h2>\n<\/div><\/section><br \/>\n\n<style type=\"text\/css\" data-created_by=\"avia_inline_auto\" id=\"style-css-av-1me14z-8350f34feb640d6e4b487e997fe59277\">\n#top .hr.hr-invisible.av-1me14z-8350f34feb640d6e4b487e997fe59277{\nheight:30px;\n}\n<\/style>\n<div  class='hr av-1me14z-8350f34feb640d6e4b487e997fe59277 hr-invisible  avia-builder-el-23  el_after_av_textblock  el_before_av_codeblock'><span class='hr-inner'><span class=\"hr-inner-style\"><\/span><\/span><\/div><br \/>\n<\/p><\/div>","protected":false},"excerpt":{"rendered":"","protected":false},"author":1,"featured_media":0,"parent":387,"menu_order":0,"comment_status":"closed","ping_status":"closed","template":"","meta":{"_monsterinsights_skip_tracking":false,"_monsterinsights_sitenote_active":false,"_monsterinsights_sitenote_note":"","_monsterinsights_sitenote_category":0,"footnotes":""},"class_list":["post-23270","page","type-page","status-publish","hentry"],"_links":{"self":[{"href":"https:\/\/luview.com\/vi\/wp-json\/wp\/v2\/pages\/23270","targetHints":{"allow":["GET"]}}],"collection":[{"href":"https:\/\/luview.com\/vi\/wp-json\/wp\/v2\/pages"}],"about":[{"href":"https:\/\/luview.com\/vi\/wp-json\/wp\/v2\/types\/page"}],"author":[{"embeddable":true,"href":"https:\/\/luview.com\/vi\/wp-json\/wp\/v2\/users\/1"}],"replies":[{"embeddable":true,"href":"https:\/\/luview.com\/vi\/wp-json\/wp\/v2\/comments?post=23270"}],"version-history":[{"count":0,"href":"https:\/\/luview.com\/vi\/wp-json\/wp\/v2\/pages\/23270\/revisions"}],"up":[{"embeddable":true,"href":"https:\/\/luview.com\/vi\/wp-json\/wp\/v2\/pages\/387"}],"wp:attachment":[{"href":"https:\/\/luview.com\/vi\/wp-json\/wp\/v2\/media?parent=23270"}],"curies":[{"name":"wp","href":"https:\/\/api.w.org\/{rel}","templated":true}]}}