{"id":23281,"date":"2022-07-11T12:13:00","date_gmt":"2022-07-11T12:13:00","guid":{"rendered":"https:\/\/luview.com\/?page_id=23281"},"modified":"2025-08-07T07:42:15","modified_gmt":"2025-08-07T07:42:15","slug":"trailer","status":"publish","type":"page","link":"https:\/\/luview.com\/vi\/solutions\/trailers\/","title":{"rendered":"Trailer"},"content":{"rendered":"<style type=\"text\/css\" data-created_by=\"avia_inline_auto\" id=\"style-css-av-l2mxefv0-35bb32fcfe7f503a8ac259e0986fd26a\">\n.avia-section.av-l2mxefv0-35bb32fcfe7f503a8ac259e0986fd26a{\nbackground-repeat:no-repeat;\nbackground-image:url(https:\/\/luview.com\/wp-content\/uploads\/2022\/05\/solution-head.jpg);\nbackground-position:50% 50%;\nbackground-attachment:scroll;\n}\n.avia-section.av-l2mxefv0-35bb32fcfe7f503a8ac259e0986fd26a .av-section-color-overlay{\nopacity:0.8;\nbackground-color:#222222;\n}\n<\/style>\n<div id='av_section_1'  class='avia-section av-l2mxefv0-35bb32fcfe7f503a8ac259e0986fd26a main_color avia-section-default avia-no-border-styling  avia-builder-el-0  el_before_av_one_full  avia-builder-el-first  titlebarbox avia-bg-style-scroll av-section-color-overlay-active container_wrap sidebar_left'  data-section-bg-repeat='no-repeat'><div class=\"av-section-color-overlay-wrap\"><div class=\"av-section-color-overlay\"><\/div><div class='container av-section-cont-open' ><main  role=\"main\" itemprop=\"mainContentOfPage\"  class='template-page content  av-content-small units'><div class='post-entry post-entry-type-page post-entry-23281'><div class='entry-content-wrapper clearfix'>\n\n<style type=\"text\/css\" data-created_by=\"avia_inline_auto\" id=\"style-css-av-l2mxr7wy-b4eaf1ebf22700ba8c0e3ddaf64fafea\">\n.flex_column.av-l2mxr7wy-b4eaf1ebf22700ba8c0e3ddaf64fafea{\npadding:10% 0 10% 0;\n}\n<\/style>\n<div class='flex_column av-l2mxr7wy-b4eaf1ebf22700ba8c0e3ddaf64fafea av_one_full  avia-builder-el-1  avia-builder-el-no-sibling  first flex_column_div'   ><style type=\"text\/css\" data-created_by=\"avia_inline_auto\" id=\"style-css-av-l2mxewun-812b60f9f631bff3f3cece738bb226b9\">\n#top .av_textblock_section.av-l2mxewun-812b60f9f631bff3f3cece738bb226b9 .avia_textblock{\ncolor:#ffffff;\ntext-align:center;\n}\n<\/style>\n<section  class='av_textblock_section av-l2mxewun-812b60f9f631bff3f3cece738bb226b9'  itemscope=\"itemscope\" itemtype=\"https:\/\/schema.org\/CreativeWork\" ><div class='avia_textblock av_inherit_color'  itemprop=\"text\" ><h1>Gi\u1ea3i ph\u00e1p cho xe k\u00e9o<\/h1>\n<\/div><\/section><br \/>\n<\/p><\/div>\n<\/div><\/div><\/main><!-- close content main element --><\/div><\/div><\/div><div id='after_section_1'  class='main_color av_default_container_wrap container_wrap sidebar_left'  ><div class='container av-section-cont-open' ><div class='template-page content  av-content-small units'><div class='post-entry post-entry-type-page post-entry-23281'><div class='entry-content-wrapper clearfix'>\n<div class='flex_column av-36otn7-68283b50c5d531435b3089733b837bd2 av_one_full  avia-builder-el-4  el_after_av_section  el_before_av_one_third  avia-builder-el-first  first flex_column_div'   ><section  class='av_textblock_section av-l2vl0whv-9e31ed8ef585d492647868c52b55fc1a'  itemscope=\"itemscope\" itemtype=\"https:\/\/schema.org\/CreativeWork\" ><div class='avia_textblock av_inherit_color'  itemprop=\"text\" ><h2>Trailer Backup Camera System &amp; Solution<\/h2>\n<\/div><\/section><br \/>\n<section  class='av_textblock_section av-l7lmt3fq-34e92edf71da2a0cf28358b328ee61b9'  itemscope=\"itemscope\" itemtype=\"https:\/\/schema.org\/CreativeWork\" ><div class='avia_textblock'  itemprop=\"text\" ><p>Camera l\u00f9i cho r\u01a1-mo\u00f3c Luview c\u00f3 thi\u1ebft k\u1ebf nh\u1ecf g\u1ecdn v\u00e0 linh ho\u1ea1t, v\u1edbi g\u00f3c nh\u00ecn si\u00eau r\u1ed9ng, ph\u00f9 h\u1ee3p v\u1edbi nhi\u1ec1u lo\u1ea1i r\u01a1-mo\u00f3c. Nh\u1edd g\u00f3c nh\u00ecn r\u1ed9ng, t\u00e0i x\u1ebf c\u00f3 th\u1ec3 quan s\u00e1t r\u00f5 r\u00e0ng ph\u00eda sau xe, gi\u00fap gi\u1ea3m thi\u1ec3u nguy c\u01a1 tai n\u1ea1n do \u0111i\u1ec3m m\u00f9. Vui l\u00f2ng li\u00ean h\u1ec7 v\u1edbi ch\u00fang t\u00f4i \u0111\u1ec3 bi\u1ebft th\u00eam th\u00f4ng tin:\u00a0<a href=\"mailto:sales@luview.com\"><u>sales@luview.com<\/u><\/a>\u00a0.<\/p>\n<\/div><\/section><\/p><\/div>\n<div class='flex_column av-33x9jf-e10ac7798202578726eb5ecc177ef91a av_one_third  avia-builder-el-7  el_after_av_one_full  el_before_av_one_third  first flex_column_div column-top-margin'   ><p>\n<style type=\"text\/css\" data-created_by=\"avia_inline_auto\" id=\"style-css-av-l2vl2xqc-21cfbd5a119269e6fc127c19ecbbc188\">\n.avia-image-container.av-l2vl2xqc-21cfbd5a119269e6fc127c19ecbbc188 .av-image-caption-overlay-center{\ncolor:#ffffff;\n}\n<\/style>\n<div  class='avia-image-container av-l2vl2xqc-21cfbd5a119269e6fc127c19ecbbc188 av-styling- avia-align-center  avia-builder-el-8  el_before_av_textblock  avia-builder-el-first'  itemprop=\"image\" itemscope=\"itemscope\" itemtype=\"https:\/\/schema.org\/ImageObject\" ><div class=\"avia-image-container-inner\"><div class=\"avia-image-overlay-wrap\"><a href=\"https:\/\/luview.com\/vi\/solutions\/trailers\/auto-hauler-trailer-camera-system\/\" class='avia_image' ><img decoding=\"async\" class='wp-image-23575 avia-img-lazy-loading-not-23575 avia_image lazyload' data-src=\"https:\/\/luview.com\/wp-content\/uploads\/2022\/08\/Auto-Hauler-Trailer-Camera-Solution.jpg\" alt='Gi\u1ea3i ph\u00e1p camera cho xe k\u00e9o ch\u1edf \u00f4 t\u00f4' title='Gi\u1ea3i ph\u00e1p camera cho xe k\u00e9o ch\u1edf \u00f4 t\u00f4'  height=\"400\" width=\"400\"  itemprop=\"thumbnailUrl\" data-srcset=\"https:\/\/luview.com\/wp-content\/uploads\/2022\/08\/Auto-Hauler-Trailer-Camera-Solution.jpg 400w, https:\/\/luview.com\/wp-content\/uploads\/2022\/08\/Auto-Hauler-Trailer-Camera-Solution-100x100.jpg 100w, https:\/\/luview.com\/wp-content\/uploads\/2022\/08\/Auto-Hauler-Trailer-Camera-Solution-300x300.jpg 300w, https:\/\/luview.com\/wp-content\/uploads\/2022\/08\/Auto-Hauler-Trailer-Camera-Solution-80x80.jpg 80w, https:\/\/luview.com\/wp-content\/uploads\/2022\/08\/Auto-Hauler-Trailer-Camera-Solution-36x36.jpg 36w, https:\/\/luview.com\/wp-content\/uploads\/2022\/08\/Auto-Hauler-Trailer-Camera-Solution-180x180.jpg 180w\" data-sizes=\"(max-width: 400px) 100vw, 400px\" src=\"data:image\/svg+xml;base64,PHN2ZyB3aWR0aD0iMSIgaGVpZ2h0PSIxIiB4bWxucz0iaHR0cDovL3d3dy53My5vcmcvMjAwMC9zdmciPjwvc3ZnPg==\" style=\"--smush-placeholder-width: 400px; --smush-placeholder-aspect-ratio: 400\/400;\" \/><\/a><\/div><\/div><\/div><br \/>\n\n<style type=\"text\/css\" data-created_by=\"avia_inline_auto\" id=\"style-css-av-l2vl44qd-a9fd2e80f8564808c6bd161526b1aaa5\">\n#top .av_textblock_section.av-l2vl44qd-a9fd2e80f8564808c6bd161526b1aaa5 .avia_textblock{\ntext-align:center;\n}\n<\/style>\n<section  class='av_textblock_section av-l2vl44qd-a9fd2e80f8564808c6bd161526b1aaa5'  itemscope=\"itemscope\" itemtype=\"https:\/\/schema.org\/CreativeWork\" ><div class='avia_textblock'  itemprop=\"text\" ><h4 style=\"text-align: center;\"><a href=\"https:\/\/luview.com\/solutions\/trailers\/auto-hauler-trailer-camera-system\/\">Gi\u1ea3i ph\u00e1p camera cho xe k\u00e9o ch\u1edf \u00f4 t\u00f4<\/a><\/h4>\n<\/div><\/section><\/p><\/div>\n<div class='flex_column av-2ps3aj-2fccb6e6f8cd448db3793e8bca89f319 av_one_third  avia-builder-el-10  el_after_av_one_third  el_before_av_one_third  flex_column_div column-top-margin'   ><p>\n<style type=\"text\/css\" data-created_by=\"avia_inline_auto\" id=\"style-css-av-l2vl5f5x-7ca9aaf3947bc0f20c70f03d372b0abf\">\n.avia-image-container.av-l2vl5f5x-7ca9aaf3947bc0f20c70f03d372b0abf .av-image-caption-overlay-center{\ncolor:#ffffff;\n}\n<\/style>\n<div  class='avia-image-container av-l2vl5f5x-7ca9aaf3947bc0f20c70f03d372b0abf av-styling- avia-align-center  avia-builder-el-11  el_before_av_textblock  avia-builder-el-first'  itemprop=\"image\" itemscope=\"itemscope\" itemtype=\"https:\/\/schema.org\/ImageObject\" ><div class=\"avia-image-container-inner\"><div class=\"avia-image-overlay-wrap\"><a href=\"https:\/\/luview.com\/vi\/solutions\/trailers\/boat-trailer-camera-system\/\" class='avia_image' ><img decoding=\"async\" class='wp-image-23579 avia-img-lazy-loading-not-23579 avia_image lazyload' data-src=\"https:\/\/luview.com\/wp-content\/uploads\/2022\/08\/Boat-Trailer-Camera-Solution.jpg\" alt='Gi\u1ea3i ph\u00e1p camera cho xe k\u00e9o thuy\u1ec1n' title='Gi\u1ea3i ph\u00e1p camera cho xe k\u00e9o thuy\u1ec1n'  height=\"400\" width=\"400\"  itemprop=\"thumbnailUrl\" data-srcset=\"https:\/\/luview.com\/wp-content\/uploads\/2022\/08\/Boat-Trailer-Camera-Solution.jpg 400w, https:\/\/luview.com\/wp-content\/uploads\/2022\/08\/Boat-Trailer-Camera-Solution-100x100.jpg 100w, https:\/\/luview.com\/wp-content\/uploads\/2022\/08\/Boat-Trailer-Camera-Solution-300x300.jpg 300w, https:\/\/luview.com\/wp-content\/uploads\/2022\/08\/Boat-Trailer-Camera-Solution-80x80.jpg 80w, https:\/\/luview.com\/wp-content\/uploads\/2022\/08\/Boat-Trailer-Camera-Solution-36x36.jpg 36w, https:\/\/luview.com\/wp-content\/uploads\/2022\/08\/Boat-Trailer-Camera-Solution-180x180.jpg 180w\" data-sizes=\"(max-width: 400px) 100vw, 400px\" src=\"data:image\/svg+xml;base64,PHN2ZyB3aWR0aD0iMSIgaGVpZ2h0PSIxIiB4bWxucz0iaHR0cDovL3d3dy53My5vcmcvMjAwMC9zdmciPjwvc3ZnPg==\" style=\"--smush-placeholder-width: 400px; --smush-placeholder-aspect-ratio: 400\/400;\" \/><\/a><\/div><\/div><\/div><br \/>\n\n<style type=\"text\/css\" data-created_by=\"avia_inline_auto\" id=\"style-css-av-2m67d7-f8b3e92bddd972c8958c08357236f45c\">\n#top .av_textblock_section.av-2m67d7-f8b3e92bddd972c8958c08357236f45c .avia_textblock{\ntext-align:center;\n}\n<\/style>\n<section  class='av_textblock_section av-2m67d7-f8b3e92bddd972c8958c08357236f45c'  itemscope=\"itemscope\" itemtype=\"https:\/\/schema.org\/CreativeWork\" ><div class='avia_textblock'  itemprop=\"text\" ><h4 style=\"text-align: center;\"><a href=\"https:\/\/luview.com\/solutions\/trailers\/boat-trailer-camera-system\/\">Gi\u1ea3i ph\u00e1p camera cho xe k\u00e9o thuy\u1ec1n<\/a><\/h4>\n<\/div><\/section><\/p><\/div>\n<div class='flex_column av-2ejarf-e202d8942680281a68fcdb041db7e656 av_one_third  avia-builder-el-13  el_after_av_one_third  el_before_av_one_third  flex_column_div column-top-margin'   ><p>\n<style type=\"text\/css\" data-created_by=\"avia_inline_auto\" id=\"style-css-av-l2vl5vyn-513c4ba398b60654fa3c628b3772fe72\">\n.avia-image-container.av-l2vl5vyn-513c4ba398b60654fa3c628b3772fe72 .av-image-caption-overlay-center{\ncolor:#ffffff;\n}\n<\/style>\n<div  class='avia-image-container av-l2vl5vyn-513c4ba398b60654fa3c628b3772fe72 av-styling- avia-align-center  avia-builder-el-14  el_before_av_textblock  avia-builder-el-first'  itemprop=\"image\" itemscope=\"itemscope\" itemtype=\"https:\/\/schema.org\/ImageObject\" ><div class=\"avia-image-container-inner\"><div class=\"avia-image-overlay-wrap\"><a href=\"https:\/\/luview.com\/vi\/solutions\/trailers\/flatbed-trailer-camera-system\/\" class='avia_image' ><img decoding=\"async\" class='wp-image-23583 avia-img-lazy-loading-not-23583 avia_image lazyload' data-src=\"https:\/\/luview.com\/wp-content\/uploads\/2022\/08\/Flatbed-Trailer-Camera-Solution.jpg\" alt='Gi\u1ea3i ph\u00e1p camera cho xe mo\u00f3c s\u00e0n ph\u1eb3ng' title='Gi\u1ea3i ph\u00e1p camera cho xe mo\u00f3c s\u00e0n ph\u1eb3ng'  height=\"400\" width=\"400\"  itemprop=\"thumbnailUrl\" data-srcset=\"https:\/\/luview.com\/wp-content\/uploads\/2022\/08\/Flatbed-Trailer-Camera-Solution.jpg 400w, https:\/\/luview.com\/wp-content\/uploads\/2022\/08\/Flatbed-Trailer-Camera-Solution-100x100.jpg 100w, https:\/\/luview.com\/wp-content\/uploads\/2022\/08\/Flatbed-Trailer-Camera-Solution-300x300.jpg 300w, https:\/\/luview.com\/wp-content\/uploads\/2022\/08\/Flatbed-Trailer-Camera-Solution-80x80.jpg 80w, https:\/\/luview.com\/wp-content\/uploads\/2022\/08\/Flatbed-Trailer-Camera-Solution-36x36.jpg 36w, https:\/\/luview.com\/wp-content\/uploads\/2022\/08\/Flatbed-Trailer-Camera-Solution-180x180.jpg 180w\" data-sizes=\"(max-width: 400px) 100vw, 400px\" src=\"data:image\/svg+xml;base64,PHN2ZyB3aWR0aD0iMSIgaGVpZ2h0PSIxIiB4bWxucz0iaHR0cDovL3d3dy53My5vcmcvMjAwMC9zdmciPjwvc3ZnPg==\" style=\"--smush-placeholder-width: 400px; --smush-placeholder-aspect-ratio: 400\/400;\" \/><\/a><\/div><\/div><\/div><br \/>\n\n<style type=\"text\/css\" data-created_by=\"avia_inline_auto\" id=\"style-css-av-2ame8b-12b496c1614357556a4c7bab706be968\">\n#top .av_textblock_section.av-2ame8b-12b496c1614357556a4c7bab706be968 .avia_textblock{\ntext-align:center;\n}\n<\/style>\n<section  class='av_textblock_section av-2ame8b-12b496c1614357556a4c7bab706be968'  itemscope=\"itemscope\" itemtype=\"https:\/\/schema.org\/CreativeWork\" ><div class='avia_textblock'  itemprop=\"text\" ><h4 style=\"text-align: center;\"><a href=\"https:\/\/luview.com\/solutions\/trailers\/flatbed-trailer-camera-system\/\">Gi\u1ea3i ph\u00e1p camera cho xe mo\u00f3c s\u00e0n ph\u1eb3ng<\/a><\/h4>\n<\/div><\/section><\/p><\/div>\n<div class='flex_column av-1w0job-f7b39fefdc55abed3e88101aa0d2c13e av_one_third  avia-builder-el-16  el_after_av_one_third  el_before_av_one_third  first flex_column_div column-top-margin'   ><p>\n<style type=\"text\/css\" data-created_by=\"avia_inline_auto\" id=\"style-css-av-l2vl6wsn-23bcf3c421a9e19a595ad018a6b7c5d5\">\n.avia-image-container.av-l2vl6wsn-23bcf3c421a9e19a595ad018a6b7c5d5 .av-image-caption-overlay-center{\ncolor:#ffffff;\n}\n<\/style>\n<div  class='avia-image-container av-l2vl6wsn-23bcf3c421a9e19a595ad018a6b7c5d5 av-styling- avia-align-center  avia-builder-el-17  el_before_av_textblock  avia-builder-el-first'  itemprop=\"image\" itemscope=\"itemscope\" itemtype=\"https:\/\/schema.org\/ImageObject\" ><div class=\"avia-image-container-inner\"><div class=\"avia-image-overlay-wrap\"><a href=\"https:\/\/luview.com\/vi\/solutions\/trailers\/semi-trailer-camera-system\/\" class='avia_image' ><img decoding=\"async\" class='wp-image-23587 avia-img-lazy-loading-not-23587 avia_image lazyload' data-src=\"https:\/\/luview.com\/wp-content\/uploads\/2022\/08\/Semi-Trailer-Camera-Solution.jpg\" alt='Gi\u1ea3i ph\u00e1p camera cho r\u01a1-mo\u00f3c b\u00e1n t\u1ea3i' title='Gi\u1ea3i ph\u00e1p camera cho r\u01a1-mo\u00f3c b\u00e1n t\u1ea3i'  height=\"400\" width=\"400\"  itemprop=\"thumbnailUrl\" data-srcset=\"https:\/\/luview.com\/wp-content\/uploads\/2022\/08\/Semi-Trailer-Camera-Solution.jpg 400w, https:\/\/luview.com\/wp-content\/uploads\/2022\/08\/Semi-Trailer-Camera-Solution-100x100.jpg 100w, https:\/\/luview.com\/wp-content\/uploads\/2022\/08\/Semi-Trailer-Camera-Solution-300x300.jpg 300w, https:\/\/luview.com\/wp-content\/uploads\/2022\/08\/Semi-Trailer-Camera-Solution-80x80.jpg 80w, https:\/\/luview.com\/wp-content\/uploads\/2022\/08\/Semi-Trailer-Camera-Solution-36x36.jpg 36w, https:\/\/luview.com\/wp-content\/uploads\/2022\/08\/Semi-Trailer-Camera-Solution-180x180.jpg 180w\" data-sizes=\"(max-width: 400px) 100vw, 400px\" src=\"data:image\/svg+xml;base64,PHN2ZyB3aWR0aD0iMSIgaGVpZ2h0PSIxIiB4bWxucz0iaHR0cDovL3d3dy53My5vcmcvMjAwMC9zdmciPjwvc3ZnPg==\" style=\"--smush-placeholder-width: 400px; --smush-placeholder-aspect-ratio: 400\/400;\" \/><\/a><\/div><\/div><\/div><br \/>\n\n<style type=\"text\/css\" data-created_by=\"avia_inline_auto\" id=\"style-css-av-1p19dn-a970b6d55ba0d86edd4047305c5de9ec\">\n#top .av_textblock_section.av-1p19dn-a970b6d55ba0d86edd4047305c5de9ec .avia_textblock{\ntext-align:center;\n}\n<\/style>\n<section  class='av_textblock_section av-1p19dn-a970b6d55ba0d86edd4047305c5de9ec'  itemscope=\"itemscope\" itemtype=\"https:\/\/schema.org\/CreativeWork\" ><div class='avia_textblock'  itemprop=\"text\" ><h4 style=\"text-align: center;\"><a href=\"https:\/\/luview.com\/solutions\/trailers\/semi-trailer-camera-system\/\">Gi\u1ea3i ph\u00e1p camera cho r\u01a1-mo\u00f3c b\u00e1n t\u1ea3i<\/a><\/h4>\n<\/div><\/section><\/p><\/div>\n<div class='flex_column av-24fj2z-0669ea80cabb754ad49006ee03e9e755 av_one_third  avia-builder-el-19  el_after_av_one_third  el_before_av_one_full  flex_column_div column-top-margin'   ><p>\n<style type=\"text\/css\" data-created_by=\"avia_inline_auto\" id=\"style-css-av-l2vl6a2o-3b86b688972e2562905330092a55eefc\">\n.avia-image-container.av-l2vl6a2o-3b86b688972e2562905330092a55eefc .av-image-caption-overlay-center{\ncolor:#ffffff;\n}\n<\/style>\n<div  class='avia-image-container av-l2vl6a2o-3b86b688972e2562905330092a55eefc av-styling- avia-align-center  avia-builder-el-20  el_before_av_textblock  avia-builder-el-first'  itemprop=\"image\" itemscope=\"itemscope\" itemtype=\"https:\/\/schema.org\/ImageObject\" ><div class=\"avia-image-container-inner\"><div class=\"avia-image-overlay-wrap\"><a href=\"https:\/\/luview.com\/vi\/solutions\/trailers\/teardrop-trailer-camera-system\/\" class='avia_image' ><img decoding=\"async\" class='wp-image-23592 avia-img-lazy-loading-not-23592 avia_image lazyload' data-src=\"https:\/\/luview.com\/wp-content\/uploads\/2022\/08\/Teardrop-Trailer-Camera-Solution.jpg\" alt='Gi\u1ea3i ph\u00e1p camera cho xe k\u00e9o h\u00ecnh gi\u1ecdt n\u01b0\u1edbc' title='Gi\u1ea3i ph\u00e1p camera cho xe k\u00e9o h\u00ecnh gi\u1ecdt n\u01b0\u1edbc'  height=\"400\" width=\"400\"  itemprop=\"thumbnailUrl\" data-srcset=\"https:\/\/luview.com\/wp-content\/uploads\/2022\/08\/Teardrop-Trailer-Camera-Solution.jpg 400w, https:\/\/luview.com\/wp-content\/uploads\/2022\/08\/Teardrop-Trailer-Camera-Solution-100x100.jpg 100w, https:\/\/luview.com\/wp-content\/uploads\/2022\/08\/Teardrop-Trailer-Camera-Solution-300x300.jpg 300w, https:\/\/luview.com\/wp-content\/uploads\/2022\/08\/Teardrop-Trailer-Camera-Solution-80x80.jpg 80w, https:\/\/luview.com\/wp-content\/uploads\/2022\/08\/Teardrop-Trailer-Camera-Solution-36x36.jpg 36w, https:\/\/luview.com\/wp-content\/uploads\/2022\/08\/Teardrop-Trailer-Camera-Solution-180x180.jpg 180w\" data-sizes=\"(max-width: 400px) 100vw, 400px\" src=\"data:image\/svg+xml;base64,PHN2ZyB3aWR0aD0iMSIgaGVpZ2h0PSIxIiB4bWxucz0iaHR0cDovL3d3dy53My5vcmcvMjAwMC9zdmciPjwvc3ZnPg==\" style=\"--smush-placeholder-width: 400px; --smush-placeholder-aspect-ratio: 400\/400;\" \/><\/a><\/div><\/div><\/div><br \/>\n\n<style type=\"text\/css\" data-created_by=\"avia_inline_auto\" id=\"style-css-av-l2vl6kaz-600c655cf69a56eca0cd7d73b7dced5c\">\n#top .av_textblock_section.av-l2vl6kaz-600c655cf69a56eca0cd7d73b7dced5c .avia_textblock{\ntext-align:center;\n}\n<\/style>\n<section  class='av_textblock_section av-l2vl6kaz-600c655cf69a56eca0cd7d73b7dced5c'  itemscope=\"itemscope\" itemtype=\"https:\/\/schema.org\/CreativeWork\" ><div class='avia_textblock'  itemprop=\"text\" ><h4 style=\"text-align: center;\"><a href=\"https:\/\/luview.com\/solutions\/trailers\/teardrop-trailer-camera-system\/\">Gi\u1ea3i ph\u00e1p camera cho xe k\u00e9o h\u00ecnh gi\u1ecdt n\u01b0\u1edbc<\/a><\/h4>\n<\/div><\/section><\/p><\/div>\n<div class='flex_column av-zn923-2998580518e3833d33293177f79d69a5 av_one_full  avia-builder-el-22  el_after_av_one_third  el_before_av_one_full  first flex_column_div column-top-margin'   ><section  class='av_textblock_section av-l2vl9sc8-321202df39fd446ec8d30e8813d0d1d6'  itemscope=\"itemscope\" itemtype=\"https:\/\/schema.org\/CreativeWork\" ><div class='avia_textblock'  itemprop=\"text\" ><h3>T\u1ea1i sao camera l\u00f9i l\u1ea1i quan tr\u1ecdng \u0111\u1ed1i v\u1edbi r\u01a1-mo\u00f3c?<\/h3>\n<\/div><\/section><br \/>\n<section  class='av_textblock_section av-l7lmv7ce-d317a08a474f5e2086a9c8cb7d352862'  itemscope=\"itemscope\" itemtype=\"https:\/\/schema.org\/CreativeWork\" ><div class='avia_textblock'  itemprop=\"text\" ><p>Camera l\u00f9i l\u00e0 c\u00e1ch t\u1ed1t nh\u1ea5t \u0111\u1ec3 tr\u00e1nh va ch\u1ea1m v\u1edbi c\u00e1c v\u1eadt c\u1ea3n khi l\u00f9i xe. Nh\u1eefng ph\u01b0\u01a1ng ti\u1ec7n d\u00e0i v\u00e0 n\u1eb7ng n\u00e0y r\u1ea5t kh\u00f3 l\u00f9i xe ch\u1ec9 b\u1eb1ng g\u01b0\u01a1ng chi\u1ebfu h\u1eadu, khi\u1ebfn camera l\u00f9i tr\u1edf th\u00e0nh thi\u1ebft b\u1ecb kh\u00f4ng th\u1ec3 thi\u1ebfu. Camera l\u00f9i c\u0169ng gi\u00fap vi\u1ec7c l\u00f9i xe tr\u1edf n\u00ean d\u1ec5 d\u00e0ng v\u00e0 an to\u00e0n. Nh\u1eefng camera n\u00e0y d\u1ec5 l\u1eafp \u0111\u1eb7t v\u00e0 s\u1eed d\u1ee5ng, gi\u00fap qu\u00e1 tr\u00ecnh tr\u1edf n\u00ean \u0111\u01a1n gi\u1ea3n.<\/p>\n<\/div><\/section><br \/>\n<section  class='av_textblock_section av-l7lmvibg-81b587128d656a42ccdc73fd3329555b'  itemscope=\"itemscope\" itemtype=\"https:\/\/schema.org\/CreativeWork\" ><div class='avia_textblock'  itemprop=\"text\" ><h3>T\u00ecm nh\u00e0 s\u1ea3n xu\u1ea5t camera l\u00f9i cho xe k\u00e9o ph\u00f9 h\u1ee3p<\/h3>\n<\/div><\/section><br \/>\n<section  class='av_textblock_section av-l2vla2no-02a9d235c6ee455249ee410d4d085d73'  itemscope=\"itemscope\" itemtype=\"https:\/\/schema.org\/CreativeWork\" ><div class='avia_textblock'  itemprop=\"text\" ><p>Khi mua camera l\u00f9i cho xe k\u00e9o, tr\u01b0\u1edbc ti\u00ean h\u00e3y ch\u1ecdn m\u1ed9t nh\u00e0 s\u1ea3n xu\u1ea5t uy t\u00edn nh\u01b0 Luview. C\u00f3 h\u00e0ng tr\u0103m l\u1ef1a ch\u1ecdn gi\u00e1 r\u1ebb t\u1eeb c\u00e1c nh\u00e0 s\u1ea3n xu\u1ea5t kh\u00f4ng r\u00f5 ngu\u1ed3n g\u1ed1c. C\u00e1c m\u1eabu n\u00e0y c\u00f3 th\u1ec3 kh\u00f3 h\u1ed7 tr\u1ee3 ho\u1eb7c y\u00eau c\u1ea7u b\u1ea3o h\u00e0nh. H\u00e3y t\u00ecm ki\u1ebfm th\u01b0\u01a1ng hi\u1ec7u n\u1ed5i ti\u1ebfng ho\u1eb7c c\u00f4ng ty c\u00f3 uy t\u00edn. Luview \u0111\u00e3 ho\u1ea1t \u0111\u1ed9ng trong l\u0129nh v\u1ef1c camera \u00f4 t\u00f4 v\u00e0 an to\u00e0n l\u00f9i xe trong 18 n\u0103m, c\u00f3 kh\u1ea3 n\u0103ng cung c\u1ea5p ngu\u1ed3n l\u1ef1c v\u00e0 chuy\u00ean m\u00f4n \u0111\u1ec3 h\u1ed7 tr\u1ee3 b\u1ea1n. \u0110i\u1ec1u \u0111\u00f3 c\u00f3 ngh\u0129a l\u00e0 b\u1ea1n c\u00f3 th\u1ec3 mua \u0111\u01b0\u1ee3c camera l\u00f9i ch\u1ea5t l\u01b0\u1ee3ng cao cho xe k\u00e9o c\u1ee7a m\u00ecnh.<\/p>\n<\/div><\/section><\/p><\/div>\n\n<style type=\"text\/css\" data-created_by=\"avia_inline_auto\" id=\"style-css-av-l2vletd8-6873c757f85d604bdfa88a557a400ac2\">\n.flex_column.av-l2vletd8-6873c757f85d604bdfa88a557a400ac2{\nborder-radius:15px 15px 15px 15px;\n-webkit-border-radius:15px 15px 15px 15px;\n-moz-border-radius:15px 15px 15px 15px;\npadding:50px 50px 50px 50px;\nbox-shadow:0 0 10px 0 #e0e0e0;\n-webkit-box-shadow:0 0 10px 0 #e0e0e0;\n-moz-box-shadow:0 0 10px 0 #e0e0e0;\nbackground-color:#ffffff;\n}\n<\/style>\n<div class='flex_column av-l2vletd8-6873c757f85d604bdfa88a557a400ac2 av_one_full  avia-builder-el-27  el_after_av_one_full  avia-builder-el-last  first flex_column_div column-top-margin'   ><style type=\"text\/css\" data-created_by=\"avia_inline_auto\" id=\"style-css-av-1pn56r-c5797cae44e1194cd88c41e4e080c4a0\">\n#top .av_textblock_section.av-1pn56r-c5797cae44e1194cd88c41e4e080c4a0 .avia_textblock{\ntext-align:center;\n}\n<\/style>\n<section  class='av_textblock_section av-1pn56r-c5797cae44e1194cd88c41e4e080c4a0'  itemscope=\"itemscope\" itemtype=\"https:\/\/schema.org\/CreativeWork\" ><div class='avia_textblock'  itemprop=\"text\" ><h2 style=\"text-transform: uppercase;\">B\u00e1o gi\u00e1 theo y\u00eau c\u1ea7u<\/h2>\n<\/div><\/section><br \/>\n\n<style type=\"text\/css\" data-created_by=\"avia_inline_auto\" id=\"style-css-av-1me14z-8350f34feb640d6e4b487e997fe59277\">\n#top .hr.hr-invisible.av-1me14z-8350f34feb640d6e4b487e997fe59277{\nheight:30px;\n}\n<\/style>\n<div  class='hr av-1me14z-8350f34feb640d6e4b487e997fe59277 hr-invisible  avia-builder-el-29  el_after_av_textblock  el_before_av_codeblock'><span class='hr-inner'><span class=\"hr-inner-style\"><\/span><\/span><\/div><br \/>\n<\/p><\/div>","protected":false},"excerpt":{"rendered":"","protected":false},"author":1,"featured_media":0,"parent":387,"menu_order":0,"comment_status":"closed","ping_status":"closed","template":"","meta":{"_monsterinsights_skip_tracking":false,"_monsterinsights_sitenote_active":false,"_monsterinsights_sitenote_note":"","_monsterinsights_sitenote_category":0,"footnotes":""},"class_list":["post-23281","page","type-page","status-publish","hentry"],"_links":{"self":[{"href":"https:\/\/luview.com\/vi\/wp-json\/wp\/v2\/pages\/23281","targetHints":{"allow":["GET"]}}],"collection":[{"href":"https:\/\/luview.com\/vi\/wp-json\/wp\/v2\/pages"}],"about":[{"href":"https:\/\/luview.com\/vi\/wp-json\/wp\/v2\/types\/page"}],"author":[{"embeddable":true,"href":"https:\/\/luview.com\/vi\/wp-json\/wp\/v2\/users\/1"}],"replies":[{"embeddable":true,"href":"https:\/\/luview.com\/vi\/wp-json\/wp\/v2\/comments?post=23281"}],"version-history":[{"count":0,"href":"https:\/\/luview.com\/vi\/wp-json\/wp\/v2\/pages\/23281\/revisions"}],"up":[{"embeddable":true,"href":"https:\/\/luview.com\/vi\/wp-json\/wp\/v2\/pages\/387"}],"wp:attachment":[{"href":"https:\/\/luview.com\/vi\/wp-json\/wp\/v2\/media?parent=23281"}],"curies":[{"name":"wp","href":"https:\/\/api.w.org\/{rel}","templated":true}]}}