{"id":23561,"date":"2022-08-24T10:28:08","date_gmt":"2022-08-24T10:28:08","guid":{"rendered":"https:\/\/luview.com\/?page_id=23561"},"modified":"2025-08-07T07:42:07","modified_gmt":"2025-08-07T07:42:07","slug":"fifth-wheel-camper-camera-system","status":"publish","type":"page","link":"https:\/\/luview.com\/vi\/solutions\/rvs\/fifth-wheel-camper-camera-system\/","title":{"rendered":"H\u1ec7 th\u1ed1ng camera cho xe k\u00e9o l\u1ec1u Fifth Wheel"},"content":{"rendered":"<style type=\"text\/css\" data-created_by=\"avia_inline_auto\" id=\"style-css-av-l2mxefv0-35bb32fcfe7f503a8ac259e0986fd26a\">\n.avia-section.av-l2mxefv0-35bb32fcfe7f503a8ac259e0986fd26a{\nbackground-repeat:no-repeat;\nbackground-image:url(https:\/\/luview.com\/wp-content\/uploads\/2022\/05\/solution-head.jpg);\nbackground-position:50% 50%;\nbackground-attachment:scroll;\n}\n.avia-section.av-l2mxefv0-35bb32fcfe7f503a8ac259e0986fd26a .av-section-color-overlay{\nopacity:0.8;\nbackground-color:#222222;\n}\n<\/style>\n<div id='av_section_1'  class='avia-section av-l2mxefv0-35bb32fcfe7f503a8ac259e0986fd26a main_color avia-section-default avia-no-border-styling  avia-builder-el-0  el_before_av_one_full  avia-builder-el-first  titlebarbox avia-bg-style-scroll av-section-color-overlay-active container_wrap sidebar_left'  data-section-bg-repeat='no-repeat'><div class=\"av-section-color-overlay-wrap\"><div class=\"av-section-color-overlay\"><\/div><div class='container av-section-cont-open' ><main  role=\"main\" itemprop=\"mainContentOfPage\"  class='template-page content  av-content-small units'><div class='post-entry post-entry-type-page post-entry-23561'><div class='entry-content-wrapper clearfix'>\n\n<style type=\"text\/css\" data-created_by=\"avia_inline_auto\" id=\"style-css-av-l2mxr7wy-b4eaf1ebf22700ba8c0e3ddaf64fafea\">\n.flex_column.av-l2mxr7wy-b4eaf1ebf22700ba8c0e3ddaf64fafea{\npadding:10% 0 10% 0;\n}\n<\/style>\n<div class='flex_column av-l2mxr7wy-b4eaf1ebf22700ba8c0e3ddaf64fafea av_one_full  avia-builder-el-1  avia-builder-el-no-sibling  first flex_column_div'   ><style type=\"text\/css\" data-created_by=\"avia_inline_auto\" id=\"style-css-av-l2mxewun-812b60f9f631bff3f3cece738bb226b9\">\n#top .av_textblock_section.av-l2mxewun-812b60f9f631bff3f3cece738bb226b9 .avia_textblock{\ncolor:#ffffff;\ntext-align:center;\n}\n<\/style>\n<section  class='av_textblock_section av-l2mxewun-812b60f9f631bff3f3cece738bb226b9'  itemscope=\"itemscope\" itemtype=\"https:\/\/schema.org\/CreativeWork\" ><div class='avia_textblock av_inherit_color'  itemprop=\"text\" ><h1>H\u1ec7 th\u1ed1ng camera cho xe k\u00e9o l\u1ec1u Fifth Wheel<\/h1>\n<\/div><\/section><br \/>\n<\/p><\/div>\n<\/div><\/div><\/main><!-- close content main element --><\/div><\/div><\/div><div id='after_section_1'  class='main_color av_default_container_wrap container_wrap sidebar_left'  ><div class='container av-section-cont-open' ><div class='template-page content  av-content-small units'><div class='post-entry post-entry-type-page post-entry-23561'><div class='entry-content-wrapper clearfix'>\n<div class='flex_column av-36otn7-68283b50c5d531435b3089733b837bd2 av_one_full  avia-builder-el-4  el_after_av_section  el_before_av_two_third  avia-builder-el-first  first flex_column_div'   ><style type=\"text\/css\" data-created_by=\"avia_inline_auto\" id=\"style-css-av-l2vl0whv-12c18fcd60407881c4a552325390afb9\">\n#top .av_textblock_section.av-l2vl0whv-12c18fcd60407881c4a552325390afb9 .avia_textblock{\ncolor:#333333;\n}\n<\/style>\n<section  class='av_textblock_section av-l2vl0whv-12c18fcd60407881c4a552325390afb9'  itemscope=\"itemscope\" itemtype=\"https:\/\/schema.org\/CreativeWork\" ><div class='avia_textblock av_inherit_color'  itemprop=\"text\" ><h3>Gi\u1ea3i ph\u00e1p camera cho xe c\u1eafm tr\u1ea1i lo\u1ea1i Fifth Wheel<\/h3>\n<\/div><\/section><br \/>\n<section  class='av_textblock_section av-l6tgj0he-99e9f8273172b315d83a09d5deeb5b7b'  itemscope=\"itemscope\" itemtype=\"https:\/\/schema.org\/CreativeWork\" ><div class='avia_textblock'  itemprop=\"text\" ><p>Due to the special structure of the fifth wheel camper, there are many safety problems when the vehicle is moving forward and reversing. Luview fifth wheel camper camera system can effectively solve accidents caused by blind spots. Feel free to contact us for more information: <a href=\"mailto:sales@luview.com\">sales@luview.com<\/a> .<\/p>\n<\/div><\/section><br \/>\n\n<style type=\"text\/css\" data-created_by=\"avia_inline_auto\" id=\"style-css-av-l2vl2xqc-3e4d894aea0113ad77945d4f6a664a1d\">\n.avia-image-container.av-l2vl2xqc-3e4d894aea0113ad77945d4f6a664a1d .av-image-caption-overlay-center{\ncolor:#ffffff;\n}\n<\/style>\n<div  class='avia-image-container av-l2vl2xqc-3e4d894aea0113ad77945d4f6a664a1d av-styling- avia-align-center  avia-builder-el-7  el_after_av_textblock  avia-builder-el-last'  itemprop=\"image\" itemscope=\"itemscope\" itemtype=\"https:\/\/schema.org\/ImageObject\" ><div class=\"avia-image-container-inner\"><div class=\"avia-image-overlay-wrap\"><img decoding=\"async\" class='wp-image-23562 avia-img-lazy-loading-not-23562 avia_image lazyload' data-src=\"https:\/\/luview.com\/wp-content\/uploads\/2022\/08\/Fifth-Wheel-Camper-Camera-System.jpg\" alt='H\u1ec7 th\u1ed1ng camera cho xe k\u00e9o l\u1ec1u Fifth Wheel' title='H\u1ec7 th\u1ed1ng camera cho xe k\u00e9o l\u1ec1u Fifth Wheel'  height=\"510\" width=\"1061\"  itemprop=\"thumbnailUrl\" data-srcset=\"https:\/\/luview.com\/wp-content\/uploads\/2022\/08\/Fifth-Wheel-Camper-Camera-System.jpg 1061w, https:\/\/luview.com\/wp-content\/uploads\/2022\/08\/Fifth-Wheel-Camper-Camera-System-800x385.jpg 800w, https:\/\/luview.com\/wp-content\/uploads\/2022\/08\/Fifth-Wheel-Camper-Camera-System-300x144.jpg 300w, https:\/\/luview.com\/wp-content\/uploads\/2022\/08\/Fifth-Wheel-Camper-Camera-System-1030x495.jpg 1030w, https:\/\/luview.com\/wp-content\/uploads\/2022\/08\/Fifth-Wheel-Camper-Camera-System-768x369.jpg 768w, https:\/\/luview.com\/wp-content\/uploads\/2022\/08\/Fifth-Wheel-Camper-Camera-System-705x339.jpg 705w, https:\/\/luview.com\/wp-content\/uploads\/2022\/08\/Fifth-Wheel-Camper-Camera-System-600x288.jpg 600w\" data-sizes=\"(max-width: 1061px) 100vw, 1061px\" src=\"data:image\/svg+xml;base64,PHN2ZyB3aWR0aD0iMSIgaGVpZ2h0PSIxIiB4bWxucz0iaHR0cDovL3d3dy53My5vcmcvMjAwMC9zdmciPjwvc3ZnPg==\" style=\"--smush-placeholder-width: 1061px; --smush-placeholder-aspect-ratio: 1061\/510;\" \/><\/div><\/div><\/div><\/p><\/div>\n<div class='flex_column_table av-l2vuent2-113f0c374e6e63ea3bcfcd112cd4ec3d sc-av_two_third av-equal-height-column-flextable'><div class='flex_column av-l2vuent2-113f0c374e6e63ea3bcfcd112cd4ec3d av_two_third  avia-builder-el-8  el_after_av_one_full  el_before_av_one_third  first flex_column_table_cell av-equal-height-column av-align-middle column-top-margin'   ><style type=\"text\/css\" data-created_by=\"avia_inline_auto\" id=\"style-css-av-l2vucuj8-ccab866384f21b62ed7daf286d2eabda\">\n#top .av_textblock_section.av-l2vucuj8-ccab866384f21b62ed7daf286d2eabda .avia_textblock{\ncolor:#333333;\n}\n<\/style>\n<section  class='av_textblock_section av-l2vucuj8-ccab866384f21b62ed7daf286d2eabda'  itemscope=\"itemscope\" itemtype=\"https:\/\/schema.org\/CreativeWork\" ><div class='avia_textblock av_inherit_color'  itemprop=\"text\" ><h2>How does fifth wheel camper camera work<\/h2>\n<\/div><\/section><br \/>\n<section  class='av_textblock_section av-l2vucyq1-7aafae540286fe3356a0a7f87fe1c1d5'  itemscope=\"itemscope\" itemtype=\"https:\/\/schema.org\/CreativeWork\" ><div class='avia_textblock'  itemprop=\"text\" ><p>If you&#8217;re in the market for a new fifth wheel, one of the most popular options is a camera system. Usually the fifth wheel camper\u00a0camera system uses two video cameras mounted back-to-back behind the fifth wheel. When the truck is in reverse, the in-cab monitor displays video from the rear-facing camera. A driver can see what&#8217;s going on around the fifth wheel, and if something&#8217;s wrong, they can intervene before it&#8217;s too late.<\/p>\n<p>The rear view camera is located above the full-width rear window, while the side view cameras are mounted shoulder-high forward of the cross-over storage doors. The wiring for the rear camera runs across the roof of the fifth wheel, held down by Decor, and enters a corner molding. Once inside, it follows the frame of the fifth wheel to the front storage compartment. The wires for the side view cameras go through the front storage compartment, where they are zip-tied to a 7-way cable.<\/p>\n<\/div><\/section><\/p><\/div>\n<div class='av-flex-placeholder'><\/div><div class='flex_column av-33x9jf-1c424f85e815b2819914c47335725612 av_one_third  avia-builder-el-11  el_after_av_two_third  el_before_av_one_full  flex_column_table_cell av-equal-height-column av-align-middle column-top-margin'   ><style type=\"text\/css\" data-created_by=\"avia_inline_auto\" id=\"style-css-av-4bt46-73c61440af8d19801478e4762920687e\">\n.avia-image-container.av-4bt46-73c61440af8d19801478e4762920687e .av-image-caption-overlay-center{\ncolor:#ffffff;\n}\n<\/style>\n<div  class='avia-image-container av-4bt46-73c61440af8d19801478e4762920687e av-styling- avia-align-center  avia-builder-el-12  avia-builder-el-no-sibling'  itemprop=\"image\" itemscope=\"itemscope\" itemtype=\"https:\/\/schema.org\/ImageObject\" ><div class=\"avia-image-container-inner\"><div class=\"avia-image-overlay-wrap\"><img decoding=\"async\" class='wp-image-23563 avia-img-lazy-loading-not-23563 avia_image lazyload' data-src=\"https:\/\/luview.com\/wp-content\/uploads\/2022\/08\/Fifth-Wheel-Camper-Camera-Solution.jpg\" alt='Gi\u1ea3i ph\u00e1p camera cho xe c\u1eafm tr\u1ea1i lo\u1ea1i Fifth Wheel' title='Gi\u1ea3i ph\u00e1p camera cho xe c\u1eafm tr\u1ea1i lo\u1ea1i Fifth Wheel'  height=\"400\" width=\"400\"  itemprop=\"thumbnailUrl\" data-srcset=\"https:\/\/luview.com\/wp-content\/uploads\/2022\/08\/Fifth-Wheel-Camper-Camera-Solution.jpg 400w, https:\/\/luview.com\/wp-content\/uploads\/2022\/08\/Fifth-Wheel-Camper-Camera-Solution-100x100.jpg 100w, https:\/\/luview.com\/wp-content\/uploads\/2022\/08\/Fifth-Wheel-Camper-Camera-Solution-300x300.jpg 300w, https:\/\/luview.com\/wp-content\/uploads\/2022\/08\/Fifth-Wheel-Camper-Camera-Solution-80x80.jpg 80w, https:\/\/luview.com\/wp-content\/uploads\/2022\/08\/Fifth-Wheel-Camper-Camera-Solution-36x36.jpg 36w, https:\/\/luview.com\/wp-content\/uploads\/2022\/08\/Fifth-Wheel-Camper-Camera-Solution-180x180.jpg 180w\" data-sizes=\"(max-width: 400px) 100vw, 400px\" src=\"data:image\/svg+xml;base64,PHN2ZyB3aWR0aD0iMSIgaGVpZ2h0PSIxIiB4bWxucz0iaHR0cDovL3d3dy53My5vcmcvMjAwMC9zdmciPjwvc3ZnPg==\" style=\"--smush-placeholder-width: 400px; --smush-placeholder-aspect-ratio: 400\/400;\" \/><\/div><\/div><\/div><\/div><\/div><!--close column table wrapper. Autoclose: 1 -->\n<div class='flex_column av-vg8j76-f671cbd66d0afc4262e7300d1137b03c av_one_full  avia-builder-el-13  el_after_av_one_third  el_before_av_one_third  first flex_column_div column-top-margin'   ><style type=\"text\/css\" data-created_by=\"avia_inline_auto\" id=\"style-css-av-l6texmjs-77543e287af0038bc9d5eaf2d697f507\">\n#top .av_textblock_section.av-l6texmjs-77543e287af0038bc9d5eaf2d697f507 .avia_textblock{\ncolor:#333333;\n}\n<\/style>\n<section  class='av_textblock_section av-l6texmjs-77543e287af0038bc9d5eaf2d697f507'  itemscope=\"itemscope\" itemtype=\"https:\/\/schema.org\/CreativeWork\" ><div class='avia_textblock av_inherit_color'  itemprop=\"text\" ><h2 style=\"text-align: center;\">How many cameras should a fifth wheel camper have<\/h2>\n<\/div><\/section><br \/>\n<section  class='av_textblock_section av-l6texz40-4c77d4073ca1b54a7332860a10763364'  itemscope=\"itemscope\" itemtype=\"https:\/\/schema.org\/CreativeWork\" ><div class='avia_textblock'  itemprop=\"text\" ><p>Depending on what type of camera you are interested in, fifth wheel campers can have anywhere from one to three. We suggest\u00a0a fifth wheel equipped with\u00a0three cameras &#8211; one rear view camera mounted outside over the full width of the rear window and two side view cameras on the forward side of the cross-over storage doors.<\/p>\n<\/div><\/section><\/p><\/div>\n<div class='flex_column av-zah7a-ba1830be2d4d11e4983aa8cca0b036ad av_one_third  avia-builder-el-16  el_after_av_one_full  el_before_av_one_third  first flex_column_div column-top-margin'   ><p>\n<style type=\"text\/css\" data-created_by=\"avia_inline_auto\" id=\"style-css-av-l2vucd71-8b97d8b9af1aee551fa68d2b4e6549e6\">\n.avia-image-container.av-l2vucd71-8b97d8b9af1aee551fa68d2b4e6549e6 .av-image-caption-overlay-center{\ncolor:#ffffff;\n}\n<\/style>\n<div  class='avia-image-container av-l2vucd71-8b97d8b9af1aee551fa68d2b4e6549e6 av-styling- avia-align-center  avia-builder-el-17  el_before_av_textblock  avia-builder-el-first'  itemprop=\"image\" itemscope=\"itemscope\" itemtype=\"https:\/\/schema.org\/ImageObject\" ><div class=\"avia-image-container-inner\"><div class=\"avia-image-overlay-wrap\"><a href=\"https:\/\/luview.com\/vi\/product\/jy-027-mini-camera-with-sony-starlight-wide-dynamic-sensor\/\" class='avia_image' ><img decoding=\"async\" class='wp-image-955 avia-img-lazy-loading-not-955 avia_image lazyload' data-src=\"https:\/\/luview.com\/wp-content\/uploads\/2022\/06\/JY-027-mini-camera.jpg\" alt='M\u00e1y quay mini JY-027 v\u1edbi c\u1ea3m bi\u1ebfn Sony Starlight c\u00f3 d\u1ea3i \u0111\u1ed9ng r\u1ed9ng' title='M\u00e1y quay mini JY-027 v\u1edbi c\u1ea3m bi\u1ebfn Sony Starlight c\u00f3 d\u1ea3i \u0111\u1ed9ng r\u1ed9ng'  height=\"800\" width=\"800\"  itemprop=\"thumbnailUrl\" data-srcset=\"https:\/\/luview.com\/wp-content\/uploads\/2022\/06\/JY-027-mini-camera.jpg 800w, https:\/\/luview.com\/wp-content\/uploads\/2022\/06\/JY-027-mini-camera-600x600.jpg 600w, https:\/\/luview.com\/wp-content\/uploads\/2022\/06\/JY-027-mini-camera-100x100.jpg 100w, https:\/\/luview.com\/wp-content\/uploads\/2022\/06\/JY-027-mini-camera-300x300.jpg 300w, https:\/\/luview.com\/wp-content\/uploads\/2022\/06\/JY-027-mini-camera-80x80.jpg 80w, https:\/\/luview.com\/wp-content\/uploads\/2022\/06\/JY-027-mini-camera-768x768.jpg 768w, https:\/\/luview.com\/wp-content\/uploads\/2022\/06\/JY-027-mini-camera-36x36.jpg 36w, https:\/\/luview.com\/wp-content\/uploads\/2022\/06\/JY-027-mini-camera-180x180.jpg 180w, https:\/\/luview.com\/wp-content\/uploads\/2022\/06\/JY-027-mini-camera-705x705.jpg 705w\" data-sizes=\"(max-width: 800px) 100vw, 800px\" src=\"data:image\/svg+xml;base64,PHN2ZyB3aWR0aD0iMSIgaGVpZ2h0PSIxIiB4bWxucz0iaHR0cDovL3d3dy53My5vcmcvMjAwMC9zdmciPjwvc3ZnPg==\" style=\"--smush-placeholder-width: 800px; --smush-placeholder-aspect-ratio: 800\/800;\" \/><\/a><\/div><\/div><\/div><br \/>\n\n<style type=\"text\/css\" data-created_by=\"avia_inline_auto\" id=\"style-css-av-l2vugtbd-f5ebea5a4705b3b5018cc5728b8d05be\">\n#top .av_textblock_section.av-l2vugtbd-f5ebea5a4705b3b5018cc5728b8d05be .avia_textblock{\ntext-align:center;\n}\n<\/style>\n<section  class='av_textblock_section av-l2vugtbd-f5ebea5a4705b3b5018cc5728b8d05be'  itemscope=\"itemscope\" itemtype=\"https:\/\/schema.org\/CreativeWork\" ><div class='avia_textblock av_inherit_color'  itemprop=\"text\" ><p style=\"text-align: center;\">JY-027 Camera quan s\u00e1t ph\u00eda sau<\/p>\n<\/div><\/section><\/p><\/div>\n<div class='flex_column av-r4xau-359a78e09f788191996619a375f594d1 av_one_third  avia-builder-el-19  el_after_av_one_third  el_before_av_one_third  flex_column_div column-top-margin'   ><p>\n<style type=\"text\/css\" data-created_by=\"avia_inline_auto\" id=\"style-css-av-l2vullqs-75bae672a2936677bff3eb2a2f46d806\">\n.avia-image-container.av-l2vullqs-75bae672a2936677bff3eb2a2f46d806 .av-image-caption-overlay-center{\ncolor:#ffffff;\n}\n<\/style>\n<div  class='avia-image-container av-l2vullqs-75bae672a2936677bff3eb2a2f46d806 av-styling- avia-align-center  avia-builder-el-20  el_before_av_textblock  avia-builder-el-first'  itemprop=\"image\" itemscope=\"itemscope\" itemtype=\"https:\/\/schema.org\/ImageObject\" ><div class=\"avia-image-container-inner\"><div class=\"avia-image-overlay-wrap\"><a href=\"https:\/\/luview.com\/vi\/product\/jy-831-960p-wdr-ip69k-waterproof-mini-side-view-camera\/\" class='avia_image' ><img decoding=\"async\" class='wp-image-1069 avia-img-lazy-loading-not-1069 avia_image lazyload' data-src=\"https:\/\/luview.com\/wp-content\/uploads\/2022\/06\/JY-831-side-view-camera-for-various-large-vehicles.jpg\" alt='JY-831 960P WDR IP69K ch\u1ed1ng n\u01b0\u1edbc camera mini g\u00f3c nh\u00ecn b\u00ean' title='JY-831 960P WDR IP69K ch\u1ed1ng n\u01b0\u1edbc camera mini g\u00f3c nh\u00ecn b\u00ean'  height=\"800\" width=\"800\"  itemprop=\"thumbnailUrl\" data-srcset=\"https:\/\/luview.com\/wp-content\/uploads\/2022\/06\/JY-831-side-view-camera-for-various-large-vehicles.jpg 800w, https:\/\/luview.com\/wp-content\/uploads\/2022\/06\/JY-831-side-view-camera-for-various-large-vehicles-600x600.jpg 600w, https:\/\/luview.com\/wp-content\/uploads\/2022\/06\/JY-831-side-view-camera-for-various-large-vehicles-100x100.jpg 100w, https:\/\/luview.com\/wp-content\/uploads\/2022\/06\/JY-831-side-view-camera-for-various-large-vehicles-300x300.jpg 300w, https:\/\/luview.com\/wp-content\/uploads\/2022\/06\/JY-831-side-view-camera-for-various-large-vehicles-80x80.jpg 80w, https:\/\/luview.com\/wp-content\/uploads\/2022\/06\/JY-831-side-view-camera-for-various-large-vehicles-768x768.jpg 768w, https:\/\/luview.com\/wp-content\/uploads\/2022\/06\/JY-831-side-view-camera-for-various-large-vehicles-36x36.jpg 36w, https:\/\/luview.com\/wp-content\/uploads\/2022\/06\/JY-831-side-view-camera-for-various-large-vehicles-180x180.jpg 180w, https:\/\/luview.com\/wp-content\/uploads\/2022\/06\/JY-831-side-view-camera-for-various-large-vehicles-705x705.jpg 705w\" data-sizes=\"(max-width: 800px) 100vw, 800px\" src=\"data:image\/svg+xml;base64,PHN2ZyB3aWR0aD0iMSIgaGVpZ2h0PSIxIiB4bWxucz0iaHR0cDovL3d3dy53My5vcmcvMjAwMC9zdmciPjwvc3ZnPg==\" style=\"--smush-placeholder-width: 800px; --smush-placeholder-aspect-ratio: 800\/800;\" \/><\/a><\/div><\/div><\/div><br \/>\n\n<style type=\"text\/css\" data-created_by=\"avia_inline_auto\" id=\"style-css-av-l2vulpvz-99f04c506acff7143dcb9a13782c9583\">\n#top .av_textblock_section.av-l2vulpvz-99f04c506acff7143dcb9a13782c9583 .avia_textblock{\ntext-align:center;\n}\n<\/style>\n<section  class='av_textblock_section av-l2vulpvz-99f04c506acff7143dcb9a13782c9583'  itemscope=\"itemscope\" itemtype=\"https:\/\/schema.org\/CreativeWork\" ><div class='avia_textblock av_inherit_color'  itemprop=\"text\" ><p style=\"text-align: center;\">Camera quan s\u00e1t b\u00ean h\u00f4ng JY-831<\/p>\n<\/div><\/section><\/p><\/div>\n<div class='flex_column av-ln2m6-e9165f1890d6f956d9e1b9257fbac0a3 av_one_third  avia-builder-el-22  el_after_av_one_third  el_before_av_one_full  flex_column_div column-top-margin'   ><p>\n<style type=\"text\/css\" data-created_by=\"avia_inline_auto\" id=\"style-css-av-l2vum8bl-c736d867137af1cd2c847c8d31e4006a\">\n.avia-image-container.av-l2vum8bl-c736d867137af1cd2c847c8d31e4006a .av-image-caption-overlay-center{\ncolor:#ffffff;\n}\n<\/style>\n<div  class='avia-image-container av-l2vum8bl-c736d867137af1cd2c847c8d31e4006a av-styling- avia-align-center  avia-builder-el-23  el_before_av_textblock  avia-builder-el-first'  itemprop=\"image\" itemscope=\"itemscope\" itemtype=\"https:\/\/schema.org\/ImageObject\" ><div class=\"avia-image-container-inner\"><div class=\"avia-image-overlay-wrap\"><a href=\"https:\/\/luview.com\/vi\/product\/jy-pt08-ultrasonic-parking-sensor-system-with-parking-sensors-backup-cameras-monitor\/\" class='avia_image' ><img decoding=\"async\" class='wp-image-1305 avia-img-lazy-loading-not-1305 avia_image lazyload' data-src=\"https:\/\/luview.com\/wp-content\/uploads\/2022\/06\/PT08-parking-sensor-for-truck.jpg\" alt='H\u1ec7 th\u1ed1ng c\u1ea3m bi\u1ebfn \u0111\u1ed7 xe si\u00eau \u00e2m JY-PT08 v\u1edbi c\u1ea3m bi\u1ebfn \u0111\u1ed7 xe, camera l\u00f9i v\u00e0 m\u00e0n h\u00ecnh hi\u1ec3n th\u1ecb.' title='H\u1ec7 th\u1ed1ng c\u1ea3m bi\u1ebfn \u0111\u1ed7 xe si\u00eau \u00e2m JY-PT08 v\u1edbi c\u1ea3m bi\u1ebfn \u0111\u1ed7 xe, camera l\u00f9i v\u00e0 m\u00e0n h\u00ecnh hi\u1ec3n th\u1ecb.'  height=\"800\" width=\"800\"  itemprop=\"thumbnailUrl\" data-srcset=\"https:\/\/luview.com\/wp-content\/uploads\/2022\/06\/PT08-parking-sensor-for-truck.jpg 800w, https:\/\/luview.com\/wp-content\/uploads\/2022\/06\/PT08-parking-sensor-for-truck-600x600.jpg 600w, https:\/\/luview.com\/wp-content\/uploads\/2022\/06\/PT08-parking-sensor-for-truck-100x100.jpg 100w, https:\/\/luview.com\/wp-content\/uploads\/2022\/06\/PT08-parking-sensor-for-truck-300x300.jpg 300w, https:\/\/luview.com\/wp-content\/uploads\/2022\/06\/PT08-parking-sensor-for-truck-80x80.jpg 80w, https:\/\/luview.com\/wp-content\/uploads\/2022\/06\/PT08-parking-sensor-for-truck-768x768.jpg 768w, https:\/\/luview.com\/wp-content\/uploads\/2022\/06\/PT08-parking-sensor-for-truck-36x36.jpg 36w, https:\/\/luview.com\/wp-content\/uploads\/2022\/06\/PT08-parking-sensor-for-truck-180x180.jpg 180w, https:\/\/luview.com\/wp-content\/uploads\/2022\/06\/PT08-parking-sensor-for-truck-705x705.jpg 705w\" data-sizes=\"(max-width: 800px) 100vw, 800px\" src=\"data:image\/svg+xml;base64,PHN2ZyB3aWR0aD0iMSIgaGVpZ2h0PSIxIiB4bWxucz0iaHR0cDovL3d3dy53My5vcmcvMjAwMC9zdmciPjwvc3ZnPg==\" style=\"--smush-placeholder-width: 800px; --smush-placeholder-aspect-ratio: 800\/800;\" \/><\/a><\/div><\/div><\/div><br \/>\n\n<style type=\"text\/css\" data-created_by=\"avia_inline_auto\" id=\"style-css-av-l2vumcyv-7ed320688919b7591f187670d5c75687\">\n#top .av_textblock_section.av-l2vumcyv-7ed320688919b7591f187670d5c75687 .avia_textblock{\ntext-align:center;\n}\n<\/style>\n<section  class='av_textblock_section av-l2vumcyv-7ed320688919b7591f187670d5c75687'  itemscope=\"itemscope\" itemtype=\"https:\/\/schema.org\/CreativeWork\" ><div class='avia_textblock av_inherit_color'  itemprop=\"text\" ><p style=\"text-align: center;\">H\u1ec7 th\u1ed1ng c\u1ea3m bi\u1ebfn \u0111\u1ed7 xe si\u00eau \u00e2m JY-PT08<\/p>\n<\/div><\/section><\/p><\/div>\n<div class='flex_column_table av-ptt5ef-e4db29735c5bd79bb3b23a382b83e0e1 sc-av_one_full av-equal-height-column-flextable'><div class='flex_column av-ptt5ef-e4db29735c5bd79bb3b23a382b83e0e1 av_one_full  avia-builder-el-25  el_after_av_one_third  el_before_av_one_full  first flex_column_table_cell av-equal-height-column av-align-middle column-top-margin'   ><style type=\"text\/css\" data-created_by=\"avia_inline_auto\" id=\"style-css-av-l5gv95n1-52962a14e1f5ce04f6420ca585b86a9c\">\n#top .av_textblock_section.av-l5gv95n1-52962a14e1f5ce04f6420ca585b86a9c .avia_textblock{\ncolor:#333333;\n}\n<\/style>\n<section  class='av_textblock_section av-l5gv95n1-52962a14e1f5ce04f6420ca585b86a9c'  itemscope=\"itemscope\" itemtype=\"https:\/\/schema.org\/CreativeWork\" ><div class='avia_textblock av_inherit_color'  itemprop=\"text\" ><h2>Cost of fifth wheel camper camera system<\/h2>\n<\/div><\/section><br \/>\n<section  class='av_textblock_section av-l5gv9hgg-59d30e6d59d4377f5e6e2c8ec147cd2f'  itemscope=\"itemscope\" itemtype=\"https:\/\/schema.org\/CreativeWork\" ><div class='avia_textblock'  itemprop=\"text\" ><p>H\u1ec7 th\u1ed1ng camera cho xe c\u1eafm tr\u1ea1i lo\u1ea1i fifth wheel c\u00f3 th\u1ec3 \u0111\u01b0\u1ee3c mua v\u00ec nhi\u1ec1u l\u00fd do kh\u00e1c nhau. M\u1ed9t trong nh\u1eefng l\u00fd do quan tr\u1ecdng nh\u1ea5t l\u00e0 an ninh. S\u1eed d\u1ee5ng camera \u0111\u1ec3 gi\u00e1m s\u00e1t xe c\u1eafm tr\u1ea1i lo\u1ea1i fifth wheel l\u00e0 m\u1ed9t c\u00e1ch th\u00f4ng minh \u0111\u1ec3 b\u1ea3o v\u1ec7 t\u00e0i s\u1ea3n c\u1ee7a b\u1ea1n. Kh\u00f4ng ch\u1ec9 gi\u00fap b\u1ea3o v\u1ec7 t\u00e0i s\u1ea3n c\u00e1 nh\u00e2n, h\u1ec7 th\u1ed1ng n\u00e0y c\u00f2n c\u1ea3nh b\u00e1o b\u1ea1n v\u1ec1 c\u00e1c nguy hi\u1ec3m ti\u1ec1m \u1ea9n khi l\u00f9i xe. Ngo\u00e0i ra, camera c\u00f3 th\u1ec3 ghi l\u1ea1i c\u00e1c s\u1ef1 c\u1ed1 \u0111\u1ec3 ph\u1ee5c v\u1ee5 m\u1ee5c \u0111\u00edch ph\u00e1p l\u00fd. Chi ph\u00ed cho h\u1ec7 th\u1ed1ng camera d\u00e0nh cho xe c\u1eafm tr\u1ea1i lo\u1ea1i fifth wheel dao \u0111\u1ed9ng t\u1eeb 100$ \u0111\u1ebfn 200$ v\u00e0 \u0111\u00e2y l\u00e0 m\u1ed9t kho\u1ea3n \u0111\u1ea7u t\u01b0 \u0111\u00e1ng gi\u00e1.<\/p>\n<\/div><\/section><\/p><\/div><\/div><!--close column table wrapper. Autoclose: 1 -->\n\n<style type=\"text\/css\" data-created_by=\"avia_inline_auto\" id=\"style-css-av-l2vletd8-6873c757f85d604bdfa88a557a400ac2\">\n.flex_column.av-l2vletd8-6873c757f85d604bdfa88a557a400ac2{\nborder-radius:15px 15px 15px 15px;\n-webkit-border-radius:15px 15px 15px 15px;\n-moz-border-radius:15px 15px 15px 15px;\npadding:50px 50px 50px 50px;\nbox-shadow:0 0 10px 0 #e0e0e0;\n-webkit-box-shadow:0 0 10px 0 #e0e0e0;\n-moz-box-shadow:0 0 10px 0 #e0e0e0;\nbackground-color:#ffffff;\n}\n<\/style>\n<div class='flex_column av-l2vletd8-6873c757f85d604bdfa88a557a400ac2 av_one_full  avia-builder-el-28  el_after_av_one_full  avia-builder-el-last  first flex_column_div column-top-margin'   ><style type=\"text\/css\" data-created_by=\"avia_inline_auto\" id=\"style-css-av-1pn56r-c5797cae44e1194cd88c41e4e080c4a0\">\n#top .av_textblock_section.av-1pn56r-c5797cae44e1194cd88c41e4e080c4a0 .avia_textblock{\ntext-align:center;\n}\n<\/style>\n<section  class='av_textblock_section av-1pn56r-c5797cae44e1194cd88c41e4e080c4a0'  itemscope=\"itemscope\" itemtype=\"https:\/\/schema.org\/CreativeWork\" ><div class='avia_textblock'  itemprop=\"text\" ><h2 style=\"text-transform: uppercase;\">B\u00e1o gi\u00e1 theo y\u00eau c\u1ea7u<\/h2>\n<\/div><\/section><br \/>\n\n<style type=\"text\/css\" data-created_by=\"avia_inline_auto\" id=\"style-css-av-1me14z-8350f34feb640d6e4b487e997fe59277\">\n#top .hr.hr-invisible.av-1me14z-8350f34feb640d6e4b487e997fe59277{\nheight:30px;\n}\n<\/style>\n<div  class='hr av-1me14z-8350f34feb640d6e4b487e997fe59277 hr-invisible  avia-builder-el-30  el_after_av_textblock  el_before_av_codeblock'><span class='hr-inner'><span class=\"hr-inner-style\"><\/span><\/span><\/div><br \/>\n<\/p><\/div>","protected":false},"excerpt":{"rendered":"","protected":false},"author":1,"featured_media":0,"parent":23279,"menu_order":0,"comment_status":"closed","ping_status":"closed","template":"","meta":{"_monsterinsights_skip_tracking":false,"_monsterinsights_sitenote_active":false,"_monsterinsights_sitenote_note":"","_monsterinsights_sitenote_category":0,"footnotes":""},"class_list":["post-23561","page","type-page","status-publish","hentry"],"_links":{"self":[{"href":"https:\/\/luview.com\/vi\/wp-json\/wp\/v2\/pages\/23561","targetHints":{"allow":["GET"]}}],"collection":[{"href":"https:\/\/luview.com\/vi\/wp-json\/wp\/v2\/pages"}],"about":[{"href":"https:\/\/luview.com\/vi\/wp-json\/wp\/v2\/types\/page"}],"author":[{"embeddable":true,"href":"https:\/\/luview.com\/vi\/wp-json\/wp\/v2\/users\/1"}],"replies":[{"embeddable":true,"href":"https:\/\/luview.com\/vi\/wp-json\/wp\/v2\/comments?post=23561"}],"version-history":[{"count":0,"href":"https:\/\/luview.com\/vi\/wp-json\/wp\/v2\/pages\/23561\/revisions"}],"up":[{"embeddable":true,"href":"https:\/\/luview.com\/vi\/wp-json\/wp\/v2\/pages\/23279"}],"wp:attachment":[{"href":"https:\/\/luview.com\/vi\/wp-json\/wp\/v2\/media?parent=23561"}],"curies":[{"name":"wp","href":"https:\/\/api.w.org\/{rel}","templated":true}]}}