{"id":348,"date":"2022-05-06T09:18:57","date_gmt":"2022-05-06T09:18:57","guid":{"rendered":"https:\/\/luview.com\/?page_id=348"},"modified":"2026-04-08T08:16:51","modified_gmt":"2026-04-08T08:16:51","slug":"cot-moc","status":"publish","type":"page","link":"https:\/\/luview.com\/vi\/about-us\/milestone\/","title":{"rendered":"C\u1ed9t m\u1ed1c"},"content":{"rendered":"<style type=\"text\/css\" data-created_by=\"avia_inline_auto\" id=\"style-css-av-18z5gw-d3cb0968a7a182e73214c3d3fb97ba75\">\n.avia-section.av-18z5gw-d3cb0968a7a182e73214c3d3fb97ba75{\nbackground-color:#8cb823;\nbackground-image:url(https:\/\/luview.com\/wp-content\/uploads\/2026\/01\/Development-Journey-of-the-Luview.jpg);\nbackground-repeat:no-repeat;\nbackground-position:50% 50%;\nbackground-attachment:scroll;\n}\n.avia-section.av-18z5gw-d3cb0968a7a182e73214c3d3fb97ba75 .av-section-color-overlay{\nopacity:0.8;\nbackground-color:#222222;\n}\n<\/style>\n<div id='av_section_1'  class='avia-section av-18z5gw-d3cb0968a7a182e73214c3d3fb97ba75 main_color avia-section-default avia-no-border-styling  avia-builder-el-0  el_before_av_one_full  avia-builder-el-first  titlebarbox avia-full-contain avia-bg-style-scroll av-section-color-overlay-active container_wrap sidebar_left'  data-section-bg-repeat='contain'><div class=\"av-section-color-overlay-wrap\"><div class=\"av-section-color-overlay\"><\/div><div class='container av-section-cont-open' ><main  role=\"main\" itemprop=\"mainContentOfPage\"  class='template-page content  av-content-small units'><div class='post-entry post-entry-type-page post-entry-348'><div class='entry-content-wrapper clearfix'>\n\n<style type=\"text\/css\" data-created_by=\"avia_inline_auto\" id=\"style-css-av-1521zs-f76749d04838b68ec1c420eb2583ac0b\">\n.flex_column.av-1521zs-f76749d04838b68ec1c420eb2583ac0b{\npadding:10% 0 10% 0;\n}\n<\/style>\n<div class='flex_column av-1521zs-f76749d04838b68ec1c420eb2583ac0b av_one_full  avia-builder-el-1  avia-builder-el-no-sibling  first flex_column_div'   ><style type=\"text\/css\" data-created_by=\"avia_inline_auto\" id=\"style-css-av-l2sgt1ph-700bbb6893565c08fc2e803faf810ebc\">\n#top .av_textblock_section.av-l2sgt1ph-700bbb6893565c08fc2e803faf810ebc .avia_textblock{\ncolor:#ffffff;\ntext-align:center;\n}\n<\/style>\n<section  class='av_textblock_section av-l2sgt1ph-700bbb6893565c08fc2e803faf810ebc'  itemscope=\"itemscope\" itemtype=\"https:\/\/schema.org\/CreativeWork\" ><div class='avia_textblock av_inherit_color'  itemprop=\"text\" ><h1>C\u1ed9t m\u1ed1c<\/h1>\n<\/div><\/section><br \/>\n\n<style type=\"text\/css\" data-created_by=\"avia_inline_auto\" id=\"style-css-av-l2sgtr0i-7d783ce11f71ad1d611d63fd2462a3f3\">\n#top .av_textblock_section.av-l2sgtr0i-7d783ce11f71ad1d611d63fd2462a3f3 .avia_textblock{\ncolor:#ffffff;\ntext-align:center;\n}\n<\/style>\n<section  class='av_textblock_section av-l2sgtr0i-7d783ce11f71ad1d611d63fd2462a3f3'  itemscope=\"itemscope\" itemtype=\"https:\/\/schema.org\/CreativeWork\" ><div class='avia_textblock av_inherit_color'  itemprop=\"text\" ><h3 style=\"margin-bottom: 20px;\">Nh\u00e0 s\u1ea3n xu\u1ea5t thi\u1ebft b\u1ecb \u0111i\u1ec7n t\u1eed an to\u00e0n cho ph\u01b0\u01a1ng ti\u1ec7n giao th\u00f4ng chuy\u00ean nghi\u1ec7p<\/h3>\n<\/div><\/section><br \/>\n<\/p><\/div>\n<\/div><\/div><\/main><!-- close content main element --><\/div><\/div><\/div><div id='after_section_1'  class='main_color av_default_container_wrap container_wrap sidebar_left'  ><div class='container av-section-cont-open' ><div class='template-page content  av-content-small units'><div class='post-entry post-entry-type-page post-entry-348'><div class='entry-content-wrapper clearfix'>\n<div class='flex_column av-59i05-cc3e90031a9c0698033cabf4ba20ccd4 av_one_full  avia-builder-el-5  el_after_av_section  el_before_av_one_full  avia-builder-el-first  first flex_column_div'   ><style type=\"text\/css\" data-created_by=\"avia_inline_auto\" id=\"style-css-av-18lxil-0fee5068079ef881947562621f70d3df\">\n#top .av_textblock_section.av-18lxil-0fee5068079ef881947562621f70d3df .avia_textblock{\ncolor:#85b61c;\ntext-align:center;\n}\n<\/style>\n<section  class='av_textblock_section av-18lxil-0fee5068079ef881947562621f70d3df'  itemscope=\"itemscope\" itemtype=\"https:\/\/schema.org\/CreativeWork\" ><div class='avia_textblock av_inherit_color'  itemprop=\"text\" ><h3>C\u1ed9t m\u1ed1c<\/h3>\n<\/div><\/section><\/div>\n\n<style type=\"text\/css\" data-created_by=\"avia_inline_auto\" id=\"style-css-av-l2u81g9b-9cdcfa5e97aca6cf78f3b9390f6d46cd\">\n#top .flex_column.av-l2u81g9b-9cdcfa5e97aca6cf78f3b9390f6d46cd{\nmargin-top:0px;\nmargin-bottom:0px;\n}\n.responsive #top #wrap_all .flex_column.av-l2u81g9b-9cdcfa5e97aca6cf78f3b9390f6d46cd{\nmargin-top:0px;\nmargin-bottom:0px;\n}\n<\/style>\n<div class='flex_column av-l2u81g9b-9cdcfa5e97aca6cf78f3b9390f6d46cd av_one_full  avia-builder-el-7  el_after_av_one_full  avia-builder-el-last  first flex_column_div column-top-margin'   ><div  id=\"avia-timeline-1\"  class='avia-timeline-container av-l2u93jns-9059b97ac2d3c2cc53c14b148be4c33b  avia-builder-el-8  avia-builder-el-no-sibling' ><ul class='avia-timeline avia-timeline-vertical av-milestone-placement-alternate avia-timeline-boxshadow avia_animate_when_almost_visible avia-timeline-animate'>\n<li  class='av-milestone av-l2u925j0-471997ebe35da94d3b3bd8528dbbe956 av-animated-generic fade-in av-milestone-valign-baseline av-milestone-odd'><h2 class='av-milestone-date' id='milestone-luview-in-2006'><strong>LUVIEW v\u00e0o n\u0103m 2006<span class='av-milestone-indicator'><\/span><\/strong><\/h2><div class=\"av-milestone-icon-wrap\"><span class='av-milestone-icon milestone_icon'><span class='av-milestone-icon-inner milestone_inner'><span class='milestone_number'>1<\/span><\/span><\/span><\/div><article class='av-milestone-content-wrap'><div class='av-milestone-contentbox'><div class='av-milestone-content'><div>\u00b7Luview was founded in 2006<\/div>\n<\/div><\/div><footer class='av-milestone-article-footer entry-footer'><\/footer><\/article><\/li>\n<li  class='av-milestone av-l2u925j0-15-24348a29b86c81f0b4c2d4784008e4b2 av-animated-generic fade-in av-milestone-valign-baseline av-milestone-even'><h2 class='av-milestone-date' id='milestone-luview-in-2007'><strong>LUVIEW v\u00e0o n\u0103m 2007<span class='av-milestone-indicator'><\/span><\/strong><\/h2><article class='av-milestone-content-wrap'><div class='av-milestone-contentbox'><div class='av-milestone-content'><p style=\"text-align: left;\">Luview c\u00f3 tr\u1ee5 s\u1edf t\u1ea1i Th\u00e2m Quy\u1ebfn, v\u1edbi s\u1ee9 m\u1ec7nh doanh nghi\u1ec7p l\u00e0 \u201cl\u00e0m cho vi\u1ec7c l\u00e1i xe an to\u00e0n h\u01a1n\u201d, t\u1eadp trung v\u00e0o l\u0129nh v\u1ef1c \u0111i\u1ec7n t\u1eed \u00f4 t\u00f4.<\/p>\n<\/div><\/div><footer class='av-milestone-article-footer entry-footer'><\/footer><\/article><div class=\"av-milestone-icon-wrap\"><span class='av-milestone-icon milestone_icon'><span class='av-milestone-icon-inner milestone_inner'><span class='milestone_number'>2<\/span><\/span><\/span><\/div><h2 class='av-milestone-date' id='milestone-luview-in-2007'><strong>LUVIEW v\u00e0o n\u0103m 2007<span class='av-milestone-indicator'><\/span><\/strong><\/h2><\/li>\n<li  class='av-milestone av-l2u925j0-14-f811b95b1e308bbb2757f32ea830e8c0 av-animated-generic fade-in av-milestone-valign-baseline av-milestone-odd'><h2 class='av-milestone-date' id='milestone-luview-in-2008'><strong>LUVIEW v\u00e0o n\u0103m 2008<span class='av-milestone-indicator'><\/span><\/strong><\/h2><div class=\"av-milestone-icon-wrap\"><span class='av-milestone-icon milestone_icon'><span class='av-milestone-icon-inner milestone_inner'><span class='milestone_number'>3<\/span><\/span><\/span><\/div><article class='av-milestone-content-wrap'><div class='av-milestone-contentbox'><div class='av-milestone-content'><p>V\u1edbi c\u00e1c gi\u00e1 tr\u1ecb \u201cchuy\u00ean nghi\u1ec7p, h\u1ee3p t\u00e1c, hi\u1ec7u qu\u1ea3, s\u00e1ng t\u1ea1o\u201d v\u00e0 kh\u00e1i ni\u1ec7m ph\u00e1t tri\u1ec3n \u201ct\u1eed t\u1ebf v\u1edbi ng\u01b0\u1eddi kh\u00e1c v\u00e0 s\u1ee9c m\u1ea1nh c\u1ee7a s\u01b0 t\u1eed\u201d, \u0111\u1ed9i ng\u0169 LUVIEW \u0111\u00e3 d\u1ea7n ph\u00e1t tri\u1ec3n v\u00e0 l\u1edbn m\u1ea1nh trong hai n\u0103m k\u1ec3 t\u1eeb khi th\u00e0nh l\u1eadp.<\/p>\n<\/div><\/div><footer class='av-milestone-article-footer entry-footer'><\/footer><\/article><\/li>\n<li  class='av-milestone av-l2u925j0-13-bced26b8a3cfd98cf12fc58cc24c037e av-animated-generic fade-in av-milestone-valign-baseline av-milestone-even'><h2 class='av-milestone-date' id='milestone-luview-in-2009'><strong>LUVIEW v\u00e0o n\u0103m 2009<span class='av-milestone-indicator'><\/span><\/strong><\/h2><article class='av-milestone-content-wrap'><div class='av-milestone-contentbox'><div class='av-milestone-content'><p style=\"text-align: left;\">N\u0103m 2009, ch\u00fang t\u00f4i \u0111\u00e3 th\u00e0nh c\u00f4ng trong vi\u1ec7c ph\u00e1t tri\u1ec3n camera h\u00e0nh tr\u00ecnh v\u00e0 tr\u1edf th\u00e0nh m\u1ed9t trong nh\u1eefng c\u00f4ng ty \u0111\u1ea7u ti\u00ean tham gia v\u00e0o ng\u00e0nh c\u00f4ng nghi\u1ec7p n\u00e0y, t\u1ea1o n\u1ec1n t\u1ea3ng v\u1eefng ch\u1eafc cho s\u1ef1 ph\u00e1t tri\u1ec3n t\u01b0\u01a1ng lai c\u1ee7a doanh nghi\u1ec7p.<\/p>\n<\/div><\/div><footer class='av-milestone-article-footer entry-footer'><\/footer><\/article><div class=\"av-milestone-icon-wrap\"><span class='av-milestone-icon milestone_icon'><span class='av-milestone-icon-inner milestone_inner'><span class='milestone_number'>4<\/span><\/span><\/span><\/div><h2 class='av-milestone-date' id='milestone-luview-in-2009'><strong>LUVIEW v\u00e0o n\u0103m 2009<span class='av-milestone-indicator'><\/span><\/strong><\/h2><\/li>\n<li  class='av-milestone av-l2u925j0-12-8e5bb0295f10a4f8d477b493bea07e82 av-animated-generic fade-in av-milestone-valign-baseline av-milestone-odd'><h2 class='av-milestone-date' id='milestone-luview-in-2010'><strong>LUVIEW v\u00e0o n\u0103m 2010<span class='av-milestone-indicator'><\/span><\/strong><\/h2><div class=\"av-milestone-icon-wrap\"><span class='av-milestone-icon milestone_icon'><span class='av-milestone-icon-inner milestone_inner'><span class='milestone_number'>5<\/span><\/span><\/span><\/div><article class='av-milestone-content-wrap'><div class='av-milestone-contentbox'><div class='av-milestone-content'><div>\u00b7Obtained ISO9001 certificate in 2010<\/div>\n<\/div><\/div><footer class='av-milestone-article-footer entry-footer'><\/footer><\/article><\/li>\n<li  class='av-milestone av-l2u925j0-11-fae63933ecbac75bac8e0a2c94725370 av-animated-generic fade-in av-milestone-valign-baseline av-milestone-even'><h2 class='av-milestone-date' id='milestone-luview-in-2011'><strong>LUVIEW v\u00e0o n\u0103m 2011<span class='av-milestone-indicator'><\/span><\/strong><\/h2><article class='av-milestone-content-wrap'><div class='av-milestone-contentbox'><div class='av-milestone-content'><p style=\"text-align: left;\">N\u0103m 2011, ho\u1ea1t \u0111\u1ed9ng kinh doanh c\u1ee7a c\u00f4ng ty \u0111\u00e3 m\u1edf r\u1ed9ng ra to\u00e0n c\u1ea7u, c\u01a1 b\u1ea3n ho\u00e0n th\u00e0nh vi\u1ec7c thi\u1ebft l\u1eadp m\u1ea1ng l\u01b0\u1edbi to\u00e0n c\u1ea7u.<\/p>\n<\/div><\/div><footer class='av-milestone-article-footer entry-footer'><\/footer><\/article><div class=\"av-milestone-icon-wrap\"><span class='av-milestone-icon milestone_icon'><span class='av-milestone-icon-inner milestone_inner'><span class='milestone_number'>6<\/span><\/span><\/span><\/div><h2 class='av-milestone-date' id='milestone-luview-in-2011'><strong>LUVIEW v\u00e0o n\u0103m 2011<span class='av-milestone-indicator'><\/span><\/strong><\/h2><\/li>\n<li  class='av-milestone av-l2u925j0-10-6c8d1b85947de043b7f8f3cae375e5fe av-animated-generic fade-in av-milestone-valign-baseline av-milestone-odd'><h2 class='av-milestone-date' id='milestone-luview-in-2012'><strong>LUVIEW v\u00e0o n\u0103m 2012<span class='av-milestone-indicator'><\/span><\/strong><\/h2><div class=\"av-milestone-icon-wrap\"><span class='av-milestone-icon milestone_icon'><span class='av-milestone-icon-inner milestone_inner'><span class='milestone_number'>7<\/span><\/span><\/span><\/div><article class='av-milestone-content-wrap'><div class='av-milestone-contentbox'><div class='av-milestone-content'><p>N\u0103m 2012, m\u00e0n h\u00ecnh ch\u1ed1ng n\u01b0\u1edbc IP69K 7 inch c\u1ee7a ch\u00fang t\u00f4i \u0111\u00e3 \u0111\u01b0\u1ee3c ph\u00e1t tri\u1ec3n th\u00e0nh c\u00f4ng v\u00e0 \u0111\u01b0a ra th\u1ecb tr\u01b0\u1eddng. S\u1ea3n ph\u1ea9m c\u1ee7a c\u00f4ng ty \u0111\u00e3 \u0111\u01b0\u1ee3c c\u1ea3i ti\u1ebfn th\u00eam, v\u00e0 ch\u00fang t\u00f4i \u0111\u00e3 t\u00edch l\u0169y \u0111\u01b0\u1ee3c nhi\u1ec1u kh\u00e1ch h\u00e0ng trung th\u00e0nh nh\u1edd ch\u1ea5t l\u01b0\u1ee3ng s\u1ea3n ph\u1ea9m \u0111\u00e3 \u0111\u01b0\u1ee3c th\u1ecb tr\u01b0\u1eddng ki\u1ec3m ch\u1ee9ng.<\/p>\n<\/div><\/div><footer class='av-milestone-article-footer entry-footer'><\/footer><\/article><\/li>\n<li  class='av-milestone av-l2u925j0-9-fd7db60d84af04873935113d95faef33 av-animated-generic fade-in av-milestone-valign-baseline av-milestone-even'><h2 class='av-milestone-date' id='milestone-luview-in-2013'><strong>LUVIEW v\u00e0o n\u0103m 2013<span class='av-milestone-indicator'><\/span><\/strong><\/h2><article class='av-milestone-content-wrap'><div class='av-milestone-contentbox'><div class='av-milestone-content'><p style=\"text-align: left;\">N\u0103m 2013, c\u00f4ng ty \u0111\u00e3 th\u00e0nh c\u00f4ng trong vi\u1ec7c tri\u1ec3n khai h\u1ec7 th\u1ed1ng qu\u1ea3n l\u00fd ERP v\u00e0 \u00e1p d\u1ee5ng m\u00f4 h\u00ecnh v\u1eadn h\u00e0nh qu\u1ea3n l\u00fd doanh nghi\u1ec7p hi\u1ec7n \u0111\u1ea1i nh\u1eb1m t\u1ed1i \u01b0u h\u00f3a l\u1ee3i \u00edch t\u00e0i nguy\u00ean v\u00e0 n\u00e2ng cao hi\u1ec7u qu\u1ea3 qu\u1ea3n l\u00fd v\u00e0 s\u1ea3n xu\u1ea5t th\u00f4ng qua vi\u1ec7c t\u1ed1i \u01b0u h\u00f3a t\u00e0i nguy\u00ean doanh nghi\u1ec7p.<\/p>\n<\/div><\/div><footer class='av-milestone-article-footer entry-footer'><\/footer><\/article><div class=\"av-milestone-icon-wrap\"><span class='av-milestone-icon milestone_icon'><span class='av-milestone-icon-inner milestone_inner'><span class='milestone_number'>8<\/span><\/span><\/span><\/div><h2 class='av-milestone-date' id='milestone-luview-in-2013'><strong>LUVIEW v\u00e0o n\u0103m 2013<span class='av-milestone-indicator'><\/span><\/strong><\/h2><\/li>\n<li  class='av-milestone av-l2u925j0-8-147e1581e831fa9785dc493f3d6f2f9a av-animated-generic fade-in av-milestone-valign-baseline av-milestone-odd'><h2 class='av-milestone-date' id='milestone-luview-in-2014'><strong>LUVIEW v\u00e0o n\u0103m 2014<span class='av-milestone-indicator'><\/span><\/strong><\/h2><div class=\"av-milestone-icon-wrap\"><span class='av-milestone-icon milestone_icon'><span class='av-milestone-icon-inner milestone_inner'><span class='milestone_number'>9<\/span><\/span><\/span><\/div><article class='av-milestone-content-wrap'><div class='av-milestone-contentbox'><div class='av-milestone-content'><div>\u00b7High-tech enterprise and passed<\/div>\n<div>\u00b7IATF16949 system certification<\/div>\n<\/div><\/div><footer class='av-milestone-article-footer entry-footer'><\/footer><\/article><\/li>\n<li  class='av-milestone av-l2u925j0-7-d4ae41b95c5feea1fc0e6fb25fe6b245 av-animated-generic fade-in av-milestone-valign-baseline av-milestone-even'><h2 class='av-milestone-date' id='milestone-luview-in-2015'><strong>LUVIEW v\u00e0o n\u0103m 2015<span class='av-milestone-indicator'><\/span><\/strong><\/h2><article class='av-milestone-content-wrap'><div class='av-milestone-contentbox'><div class='av-milestone-content'><p style=\"text-align: left;\">M\u00e1y ghi h\u00ecnh l\u00e1i xe chuy\u00ean d\u1ee5ng Luview v\u00e0 m\u00e1y ghi h\u00ecnh l\u00e1i xe \u0111a n\u0103ng \u0111\u00e3 nh\u1eadn \u0111\u01b0\u1ee3c nhi\u1ec1u \u0111\u00e1nh gi\u00e1 t\u00edch c\u1ef1c t\u1eeb th\u1ecb tr\u01b0\u1eddng trung v\u00e0 cao c\u1ea5p trong n\u01b0\u1edbc. Luview \u0111\u00e3 b\u1eaft \u0111\u1ea7u m\u1edf r\u1ed9ng th\u1ecb tr\u01b0\u1eddng qu\u1ed1c t\u1ebf \u0111\u1ec3 \u0111\u00e1p \u1ee9ng nhu c\u1ea7u c\u1ee7a nhi\u1ec1u ng\u01b0\u1eddi d\u00f9ng h\u01a1n.<\/p>\n<\/div><\/div><footer class='av-milestone-article-footer entry-footer'><\/footer><\/article><div class=\"av-milestone-icon-wrap\"><span class='av-milestone-icon milestone_icon'><span class='av-milestone-icon-inner milestone_inner'><span class='milestone_number'>10<\/span><\/span><\/span><\/div><h2 class='av-milestone-date' id='milestone-luview-in-2015'><strong>LUVIEW v\u00e0o n\u0103m 2015<span class='av-milestone-indicator'><\/span><\/strong><\/h2><\/li>\n<li  class='av-milestone av-l2u925j0-6-a4ce308d7281095c4534d895db6bd43a av-animated-generic fade-in av-milestone-valign-baseline av-milestone-odd'><h2 class='av-milestone-date' id='milestone-luview-in-2016'><strong>LUVIEW v\u00e0o n\u0103m 2016<span class='av-milestone-indicator'><\/span><\/strong><\/h2><div class=\"av-milestone-icon-wrap\"><span class='av-milestone-icon milestone_icon'><span class='av-milestone-icon-inner milestone_inner'><span class='milestone_number'>11<\/span><\/span><\/span><\/div><article class='av-milestone-content-wrap'><div class='av-milestone-contentbox'><div class='av-milestone-content'><p>N\u0103m 2016, ch\u00fang t\u00f4i \u0111\u00e3 gia nh\u1eadp Li\u00ean \u0111o\u00e0n C\u00f4ng \u0111o\u00e0n Th\u00e2m Quy\u1ebfn v\u00e0 th\u00e0nh l\u1eadp C\u00f4ng \u0111o\u00e0n Doanh nghi\u1ec7p LUVIEW, v\u1edbi quy\u1ebft t\u00e2m ph\u1ee5c v\u1ee5 ng\u01b0\u1eddi lao \u0111\u1ed9ng, nh\u00e2n d\u00e2n v\u00e0 x\u00e3 h\u1ed9i. Ch\u00fang t\u00f4i hy v\u1ecdng r\u1eb1ng trong qu\u00e1 tr\u00ecnh th\u00fac \u0111\u1ea9y s\u1ef1 ph\u00e1t tri\u1ec3n c\u1ee7a doanh nghi\u1ec7p, ch\u00fang t\u00f4i c\u0169ng ch\u00fa tr\u1ecdng \u0111\u1ebfn s\u1ef1 c\u1ed9ng sinh, h\u00e0i h\u00f2a v\u00e0 ph\u00e1t tri\u1ec3n b\u1ec1n v\u1eefng gi\u1eefa con ng\u01b0\u1eddi v\u00e0 m\u00f4i tr\u01b0\u1eddng.<\/p>\n<\/div><\/div><footer class='av-milestone-article-footer entry-footer'><\/footer><\/article><\/li>\n<li  class='av-milestone av-l2u925j0-5-97afad0faed69b7fea4c77e8a4785b27 av-animated-generic fade-in av-milestone-valign-baseline av-milestone-even'><h2 class='av-milestone-date' id='milestone-luview-in-2017'><strong>LUVIEW v\u00e0o n\u0103m 2017<span class='av-milestone-indicator'><\/span><\/strong><\/h2><article class='av-milestone-content-wrap'><div class='av-milestone-contentbox'><div class='av-milestone-content'><div style=\"text-align: left;\">\u00b7High-tech enterprise and passed<\/div>\n<div style=\"text-align: left;\">\u00b7IATF16949 system certification<\/div>\n<\/div><\/div><footer class='av-milestone-article-footer entry-footer'><\/footer><\/article><div class=\"av-milestone-icon-wrap\"><span class='av-milestone-icon milestone_icon'><span class='av-milestone-icon-inner milestone_inner'><span class='milestone_number'>12<\/span><\/span><\/span><\/div><h2 class='av-milestone-date' id='milestone-luview-in-2017'><strong>LUVIEW v\u00e0o n\u0103m 2017<span class='av-milestone-indicator'><\/span><\/strong><\/h2><\/li>\n<li  class='av-milestone av-l2u925j0-4-ae482b877816173d0081500120063c05 av-animated-generic fade-in av-milestone-valign-baseline av-milestone-odd'><h2 class='av-milestone-date' id='milestone-luview-in-2018'><strong>LUVIEW v\u00e0o n\u0103m 2018<span class='av-milestone-indicator'><\/span><\/strong><\/h2><div class=\"av-milestone-icon-wrap\"><span class='av-milestone-icon milestone_icon'><span class='av-milestone-icon-inner milestone_inner'><span class='milestone_number'>13<\/span><\/span><\/span><\/div><article class='av-milestone-content-wrap'><div class='av-milestone-contentbox'><div class='av-milestone-content'><p>N\u0103m 2018, v\u1edbi nhi\u1ec1u n\u0103m kinh nghi\u1ec7m trong ng\u00e0nh v\u00e0 chu\u1ed7i cung \u1ee9ng s\u1ea3n ph\u1ea9m ch\u1ea5t l\u01b0\u1ee3ng cao, LUVIEW \u0111\u00e3 kh\u1eb3ng \u0111\u1ecbnh \u0111\u01b0\u1ee3c uy t\u00edn tr\u00ean tr\u01b0\u1eddng qu\u1ed1c t\u1ebf v\u00e0 th\u00e0nh c\u00f4ng tham gia Tri\u1ec3n l\u00e3m \u0110i\u1ec7n t\u1eed Shenzhen Jiuzhou.<\/p>\n<\/div><\/div><footer class='av-milestone-article-footer entry-footer'><\/footer><\/article><\/li>\n<li  class='av-milestone av-l2u925j0-3-0d6f98879819a8def0e9aaa84d4473fa av-animated-generic fade-in av-milestone-valign-baseline av-milestone-even'><h2 class='av-milestone-date' id='milestone-luview-in-2019'><strong>LUVIEW v\u00e0o n\u0103m 2019<span class='av-milestone-indicator'><\/span><\/strong><\/h2><article class='av-milestone-content-wrap'><div class='av-milestone-contentbox'><div class='av-milestone-content'><p style=\"text-align: left;\">N\u0103m 2019, ch\u00fang t\u00f4i \u0111\u00e3 th\u00e0nh c\u00f4ng trong vi\u1ec7c ph\u00e1t tri\u1ec3n camera h\u00e0nh tr\u00ecnh 4G v\u00e0 camera h\u00e0nh tr\u00ecnh cho xe m\u00e1y, \u0111\u1ed3ng th\u1eddi s\u1ed1 l\u01b0\u1ee3ng nh\u00e2n vi\u00ean c\u1ee7a c\u00f4ng ty \u0111\u00e3 v\u01b0\u1ee3t qu\u00e1 200 ng\u01b0\u1eddi. \u0110\u1ec3 x\u00e2y d\u1ef1ng m\u1ed9t \u0111\u1ed9i ng\u0169 doanh nghi\u1ec7p \u0111o\u00e0n k\u1ebft h\u01a1n v\u00e0 ph\u1ee5c v\u1ee5 kh\u00e1ch h\u00e0ng t\u1ed1t h\u01a1n, ch\u00fang t\u00f4i \u0111\u00e3 t\u1ed5 ch\u1ee9c cho t\u1ea5t c\u1ea3 nh\u00e2n vi\u00ean c\u00f4ng ty tham gia c\u00e1c ho\u1ea1t \u0111\u1ed9ng x\u00e2y d\u1ef1ng \u0111\u1ed9i nh\u00f3m ngo\u00e0i tr\u1eddi.<\/p>\n<\/div><\/div><footer class='av-milestone-article-footer entry-footer'><\/footer><\/article><div class=\"av-milestone-icon-wrap\"><span class='av-milestone-icon milestone_icon'><span class='av-milestone-icon-inner milestone_inner'><span class='milestone_number'>14<\/span><\/span><\/span><\/div><h2 class='av-milestone-date' id='milestone-luview-in-2019'><strong>LUVIEW v\u00e0o n\u0103m 2019<span class='av-milestone-indicator'><\/span><\/strong><\/h2><\/li>\n<li  class='av-milestone av-l2u925j0-2-1c0a205c3d43d5887f3c51888707faa8 av-animated-generic fade-in av-milestone-valign-baseline av-milestone-odd'><h2 class='av-milestone-date' id='milestone-luview-in-2020'><strong>LUVIEW v\u00e0o n\u0103m 2020<span class='av-milestone-indicator'><\/span><\/strong><\/h2><div class=\"av-milestone-icon-wrap\"><span class='av-milestone-icon milestone_icon'><span class='av-milestone-icon-inner milestone_inner'><span class='milestone_number'>15<\/span><\/span><\/span><\/div><article class='av-milestone-content-wrap'><div class='av-milestone-contentbox'><div class='av-milestone-content'><div>\u00b7Factory relocation to expand production capacity<\/div>\n<div>\u00b7200 employees<\/div>\n<\/div><\/div><footer class='av-milestone-article-footer entry-footer'><\/footer><\/article><\/li>\n<li  class='av-milestone av-l2u925j0-1-00b10d2187ed443408d982bccd815336 av-animated-generic fade-in av-milestone-valign-baseline av-milestone-even'><h2 class='av-milestone-date' id='milestone-luview-in-2021'><strong>LUVIEW v\u00e0o n\u0103m 2021<span class='av-milestone-indicator'><\/span><\/strong><\/h2><article class='av-milestone-content-wrap'><div class='av-milestone-contentbox'><div class='av-milestone-content'><p style=\"text-align: left;\">Luview \u0111\u00e3 chuy\u1ec3n \u0111\u1ebfn Khu c\u00f4ng nghi\u1ec7p Liwei, c\u00f3 di\u1ec7n t\u00edch h\u01a1n 16.000 m\u00e9t vu\u00f4ng.<\/p>\n<\/div><\/div><footer class='av-milestone-article-footer entry-footer'><\/footer><\/article><div class=\"av-milestone-icon-wrap\"><span class='av-milestone-icon milestone_icon'><span class='av-milestone-icon-inner milestone_inner'><span class='milestone_number'>16<\/span><\/span><\/span><\/div><h2 class='av-milestone-date' id='milestone-luview-in-2021'><strong>LUVIEW v\u00e0o n\u0103m 2021<span class='av-milestone-indicator'><\/span><\/strong><\/h2><\/li>\n<li  class='av-milestone av-l2u925j0-1-1-903ba7f6ccadff3dd9f33418c4926297 av-animated-generic fade-in av-milestone-valign-baseline av-milestone-odd'><h2 class='av-milestone-date' id='milestone-luview-in-2023'><strong>LUVIEW v\u00e0o n\u0103m 2023<span class='av-milestone-indicator'><\/span><\/strong><\/h2><div class=\"av-milestone-icon-wrap\"><span class='av-milestone-icon milestone_icon'><span class='av-milestone-icon-inner milestone_inner'><span class='milestone_number'>17<\/span><\/span><\/span><\/div><article class='av-milestone-content-wrap'><div class='av-milestone-contentbox'><div class='av-milestone-content'><div>\u00b7Establishment of a dedicatedin-house Al algorithm team<\/div>\n<\/div><\/div><footer class='av-milestone-article-footer entry-footer'><\/footer><\/article><\/li>\n<li  class='av-milestone av-l2u925j0-1-1-1-a3b3fed44091dee80bac98b770e5fbd8 av-animated-generic fade-in av-milestone-valign-baseline av-milestone-even'><h2 class='av-milestone-date' id='milestone-luview-in-2025'><strong>LUVIEW v\u00e0o n\u0103m 2025<span class='av-milestone-indicator'><\/span><\/strong><\/h2><article class='av-milestone-content-wrap'><div class='av-milestone-contentbox'><div class='av-milestone-content'><div style=\"text-align: left;\">\u00b7Malaysia factory in production<\/div>\n<\/div><\/div><footer class='av-milestone-article-footer entry-footer'><\/footer><\/article><div class=\"av-milestone-icon-wrap\"><span class='av-milestone-icon milestone_icon'><span class='av-milestone-icon-inner milestone_inner'><span class='milestone_number'>18<\/span><\/span><\/span><\/div><h2 class='av-milestone-date' id='milestone-luview-in-2025'><strong>LUVIEW v\u00e0o n\u0103m 2025<span class='av-milestone-indicator'><\/span><\/strong><\/h2><\/li>\n<li  class='av-milestone av-l2u925j0-1-1-1-1-f3f592f7fa398f5a3b1018c30c5fbf49 av-animated-generic fade-in av-milestone-valign-baseline av-milestone-odd'><h2 class='av-milestone-date' id='milestone-luview-in-2026'><strong>LUVIEW v\u00e0o n\u0103m 2026<span class='av-milestone-indicator'><\/span><\/strong><\/h2><div class=\"av-milestone-icon-wrap\"><span class='av-milestone-icon milestone_icon'><span class='av-milestone-icon-inner milestone_inner'><span class='milestone_number'>19<\/span><\/span><\/span><\/div><article class='av-milestone-content-wrap'><div class='av-milestone-contentbox'><div class='av-milestone-content'><div>\u00b7Luview&#8217;s 20th anniversary<\/div>\n<\/div><\/div><footer class='av-milestone-article-footer entry-footer'><\/footer><\/article><\/li>\n<\/ul><\/div><\/div>","protected":false},"excerpt":{"rendered":"","protected":false},"author":1,"featured_media":0,"parent":152,"menu_order":0,"comment_status":"closed","ping_status":"closed","template":"","meta":{"_monsterinsights_skip_tracking":false,"_monsterinsights_sitenote_active":false,"_monsterinsights_sitenote_note":"","_monsterinsights_sitenote_category":0,"footnotes":""},"class_list":["post-348","page","type-page","status-publish","hentry"],"_links":{"self":[{"href":"https:\/\/luview.com\/vi\/wp-json\/wp\/v2\/pages\/348","targetHints":{"allow":["GET"]}}],"collection":[{"href":"https:\/\/luview.com\/vi\/wp-json\/wp\/v2\/pages"}],"about":[{"href":"https:\/\/luview.com\/vi\/wp-json\/wp\/v2\/types\/page"}],"author":[{"embeddable":true,"href":"https:\/\/luview.com\/vi\/wp-json\/wp\/v2\/users\/1"}],"replies":[{"embeddable":true,"href":"https:\/\/luview.com\/vi\/wp-json\/wp\/v2\/comments?post=348"}],"version-history":[{"count":5,"href":"https:\/\/luview.com\/vi\/wp-json\/wp\/v2\/pages\/348\/revisions"}],"predecessor-version":[{"id":45113,"href":"https:\/\/luview.com\/vi\/wp-json\/wp\/v2\/pages\/348\/revisions\/45113"}],"up":[{"embeddable":true,"href":"https:\/\/luview.com\/vi\/wp-json\/wp\/v2\/pages\/152"}],"wp:attachment":[{"href":"https:\/\/luview.com\/vi\/wp-json\/wp\/v2\/media?parent=348"}],"curies":[{"name":"wp","href":"https:\/\/api.w.org\/{rel}","templated":true}]}}