{"id":365,"date":"2022-05-06T18:43:22","date_gmt":"2022-05-06T18:43:22","guid":{"rendered":"https:\/\/luview.com\/?page_id=365"},"modified":"2026-01-07T09:23:41","modified_gmt":"2026-01-07T09:23:41","slug":"khai-niem-ve-tai-nang","status":"publish","type":"page","link":"https:\/\/luview.com\/vi\/about-us\/talent-concept\/","title":{"rendered":"Kh\u00e1i ni\u1ec7m v\u1ec1 t\u00e0i n\u0103ng"},"content":{"rendered":"<style type=\"text\/css\" data-created_by=\"avia_inline_auto\" id=\"style-css-av-18z5gw-80867b087a1e5d2535a21a4a09287ecb\">\n.avia-section.av-18z5gw-80867b087a1e5d2535a21a4a09287ecb{\nbackground-repeat:no-repeat;\nbackground-image:url(https:\/\/luview.com\/wp-content\/uploads\/2022\/05\/Talent_Concept.jpg);\nbackground-position:50% 50%;\nbackground-attachment:scroll;\n}\n.avia-section.av-18z5gw-80867b087a1e5d2535a21a4a09287ecb .av-section-color-overlay{\nopacity:0.8;\nbackground-color:#222222;\n}\n<\/style>\n<div id='av_section_1'  class='avia-section av-18z5gw-80867b087a1e5d2535a21a4a09287ecb main_color avia-section-default avia-no-border-styling  avia-builder-el-0  el_before_av_one_full  avia-builder-el-first  titlebarbox avia-bg-style-scroll av-section-color-overlay-active container_wrap sidebar_left'  data-section-bg-repeat='no-repeat'><div class=\"av-section-color-overlay-wrap\"><div class=\"av-section-color-overlay\"><\/div><div class='container av-section-cont-open' ><main  role=\"main\" itemprop=\"mainContentOfPage\"  class='template-page content  av-content-small units'><div class='post-entry post-entry-type-page post-entry-365'><div class='entry-content-wrapper clearfix'>\n\n<style type=\"text\/css\" data-created_by=\"avia_inline_auto\" id=\"style-css-av-1521zs-f76749d04838b68ec1c420eb2583ac0b\">\n.flex_column.av-1521zs-f76749d04838b68ec1c420eb2583ac0b{\npadding:10% 0 10% 0;\n}\n<\/style>\n<div class='flex_column av-1521zs-f76749d04838b68ec1c420eb2583ac0b av_one_full  avia-builder-el-1  avia-builder-el-no-sibling  first flex_column_div'   ><style type=\"text\/css\" data-created_by=\"avia_inline_auto\" id=\"style-css-av-l2sgt1ph-700bbb6893565c08fc2e803faf810ebc\">\n#top .av_textblock_section.av-l2sgt1ph-700bbb6893565c08fc2e803faf810ebc .avia_textblock{\ncolor:#ffffff;\ntext-align:center;\n}\n<\/style>\n<section  class='av_textblock_section av-l2sgt1ph-700bbb6893565c08fc2e803faf810ebc'  itemscope=\"itemscope\" itemtype=\"https:\/\/schema.org\/CreativeWork\" ><div class='avia_textblock av_inherit_color'  itemprop=\"text\" ><h1>Kh\u00e1i ni\u1ec7m v\u1ec1 t\u00e0i n\u0103ng<\/h1>\n<\/div><\/section><br \/>\n\n<style type=\"text\/css\" data-created_by=\"avia_inline_auto\" id=\"style-css-av-l2sgtr0i-7d783ce11f71ad1d611d63fd2462a3f3\">\n#top .av_textblock_section.av-l2sgtr0i-7d783ce11f71ad1d611d63fd2462a3f3 .avia_textblock{\ncolor:#ffffff;\ntext-align:center;\n}\n<\/style>\n<section  class='av_textblock_section av-l2sgtr0i-7d783ce11f71ad1d611d63fd2462a3f3'  itemscope=\"itemscope\" itemtype=\"https:\/\/schema.org\/CreativeWork\" ><div class='avia_textblock av_inherit_color'  itemprop=\"text\" ><h3 style=\"margin-bottom: 20px;\">Nh\u00e0 s\u1ea3n xu\u1ea5t thi\u1ebft b\u1ecb \u0111i\u1ec7n t\u1eed an to\u00e0n cho ph\u01b0\u01a1ng ti\u1ec7n giao th\u00f4ng chuy\u00ean nghi\u1ec7p<\/h3>\n<\/div><\/section><br \/>\n<\/p><\/div>\n<\/div><\/div><\/main><!-- close content main element --><\/div><\/div><\/div><div id='after_section_1'  class='main_color av_default_container_wrap container_wrap sidebar_left'  ><div class='container av-section-cont-open' ><div class='template-page content  av-content-small units'><div class='post-entry post-entry-type-page post-entry-365'><div class='entry-content-wrapper clearfix'>\n<div class='flex_column av-59i05-cc3e90031a9c0698033cabf4ba20ccd4 av_one_full  avia-builder-el-5  el_after_av_section  el_before_av_one_full  avia-builder-el-first  first flex_column_div'   ><style type=\"text\/css\" data-created_by=\"avia_inline_auto\" id=\"style-css-av-18lxil-c62731705958e65422ab23543ad824b4\">\n#top .av_textblock_section.av-18lxil-c62731705958e65422ab23543ad824b4 .avia_textblock{\ncolor:#85b61c;\n}\n<\/style>\n<section  class='av_textblock_section av-18lxil-c62731705958e65422ab23543ad824b4'  itemscope=\"itemscope\" itemtype=\"https:\/\/schema.org\/CreativeWork\" ><div class='avia_textblock av_inherit_color'  itemprop=\"text\" ><h3>Kh\u00e1i ni\u1ec7m t\u00e0i n\u0103ng LUVIEW<\/h3>\n<\/div><\/section><\/div>\n\n<style type=\"text\/css\" data-created_by=\"avia_inline_auto\" id=\"style-css-av-l2u81g9b-7150e202c18e5266f51484820fd9b855\">\n#top .flex_column.av-l2u81g9b-7150e202c18e5266f51484820fd9b855{\nmargin-top:0px;\nmargin-bottom:20px;\n}\n.responsive #top #wrap_all .flex_column.av-l2u81g9b-7150e202c18e5266f51484820fd9b855{\nmargin-top:0px;\nmargin-bottom:20px;\n}\n<\/style>\n<div class='flex_column av-l2u81g9b-7150e202c18e5266f51484820fd9b855 av_one_full  avia-builder-el-7  el_after_av_one_full  el_before_av_one_half  first flex_column_div column-top-margin'   ><section  class='av_textblock_section av-l2usfclr-2c55607af1831f09c1ea7fe3849f1dae'  itemscope=\"itemscope\" itemtype=\"https:\/\/schema.org\/CreativeWork\" ><div class='avia_textblock'  itemprop=\"text\" ><p style=\"text-align: justify; text-justify: inter-ideograph;\">Nh\u1eefng t\u00e0i n\u0103ng xu\u1ea5t s\u1eafc l\u00e0 n\u1ec1n t\u1ea3ng \u0111\u1ec3 \u0111\u1ea1t \u0111\u01b0\u1ee3c c\u00e1c m\u1ee5c ti\u00eau chi\u1ebfn l\u01b0\u1ee3c c\u1ee7a doanh nghi\u1ec7p v\u00e0 l\u00e0 \u0111\u1ed9ng l\u1ef1c cho s\u1ef1 ph\u00e1t tri\u1ec3n b\u1ec1n v\u1eefng c\u1ee7a n\u00f3. Ti\u00eau chu\u1ea9n tuy\u1ec3n d\u1ee5ng m\u00e0 LUVIEW \u0111\u1ec1 cao l\u00e0 k\u1ebft h\u1ee3p gi\u1eefa ph\u1ea9m ch\u1ea5t ch\u00ednh tr\u1ecb v\u00e0 t\u00e0i n\u0103ng, l\u1ea5y \u0111\u1ee9c l\u00e0m \u0111\u1ea7u, tuy\u1ec3n ch\u1ecdn nh\u1eefng t\u00e0i n\u0103ng xu\u1ea5t s\u1eafc, s\u1eed d\u1ee5ng d\u0169ng c\u1ea3m v\u00e0 ph\u00e1t huy t\u1ed1i \u0111a vai tr\u00f2 c\u1ee7a t\u00e0i n\u0103ng. B\u1eb1ng c\u00e1ch cung c\u1ea5p nhi\u1ec1u n\u1ec1n t\u1ea3ng \u0111\u1ec3 th\u1ec3 hi\u1ec7n t\u00e0i n\u0103ng c\u1ee7a t\u1eebng nh\u00e2n vi\u00ean; t\u1ed5 ch\u1ee9c c\u00e1c ho\u1ea1t \u0111\u1ed9ng th\u1ec3 ch\u1ea5t v\u00e0 tinh th\u1ea7n c\u00f3 l\u1ee3i, ph\u00e1t huy h\u1ee3p l\u00fd kh\u1ea3 n\u0103ng c\u1ee7a t\u1eebng nh\u00e2n vi\u00ean, v\u00e0 th\u1ef1c s\u1ef1 hi\u1ec7n th\u1ef1c h\u00f3a gi\u00e1 tr\u1ecb c\u00e1 nh\u00e2n v\u00e0 n\u1ed5i b\u1eadt kh\u1ea3 n\u0103ng.<\/p>\n<\/div><\/section><\/div>\n<div class='flex_column_table av-l2usizjh-5b83700b315486e7b38f6dcbdba5dec0 sc-av_one_half av-equal-height-column-flextable'>\n<style type=\"text\/css\" data-created_by=\"avia_inline_auto\" id=\"style-css-av-l2usizjh-5b83700b315486e7b38f6dcbdba5dec0\">\n#top .flex_column_table.av-equal-height-column-flextable.av-l2usizjh-5b83700b315486e7b38f6dcbdba5dec0{\nmargin-top:0px;\nmargin-bottom:0px;\n}\n<\/style>\n<div class='flex_column av-l2usizjh-5b83700b315486e7b38f6dcbdba5dec0 av_one_half  avia-builder-el-9  el_after_av_one_full  el_before_av_one_half  first flex_column_table_cell av-equal-height-column av-align-middle column-top-margin'   ><section  class='av_textblock_section av-l2ushjix-36a0d4351a9c6aa0aee96f64a008e035'  itemscope=\"itemscope\" itemtype=\"https:\/\/schema.org\/CreativeWork\" ><div class='avia_textblock'  itemprop=\"text\" ><p><strong>\u0110\u1eb7t \u0111\u1ee9c h\u1ea1nh l\u00ean h\u00e0ng \u0111\u1ea7u v\u00e0 tr\u1edf th\u00e0nh ng\u01b0\u1eddi v\u1eeba c\u00f3 \u0111\u1ee9c h\u1ea1nh v\u1eeba c\u00f3 n\u0103ng l\u1ef1c.<\/strong><\/p>\n<p style=\"text-align: justify; text-justify: inter-ideograph;\">LUVIEW l\u00e0 m\u1ed9t doanh nghi\u1ec7p c\u00f4ng ngh\u1ec7 cao t\u1ea1i Th\u00e2m Quy\u1ebfn, \u0111\u00e3 \u0111\u1ea1t ch\u1ee9ng nh\u1eadn ISO\/TS16949. Ch\u00fang t\u00f4i c\u00f3 20 n\u0103m kinh nghi\u1ec7m trong l\u0129nh v\u1ef1c ph\u00e1t tri\u1ec3n, thi\u1ebft k\u1ebf, qu\u1ea3n l\u00fd ch\u1ea5t l\u01b0\u1ee3ng v\u00e0 s\u1ea3n xu\u1ea5t trong ng\u00e0nh \u0111i\u1ec7n t\u1eed \u00f4 t\u00f4, \u0111\u1ea3m b\u1ea3o c\u00f4ng ty c\u00f3 th\u1ec3 \u0111\u00e1p \u1ee9ng nhu c\u1ea7u \u0111a d\u1ea1ng c\u1ee7a ch\u1ee7 xe v\u00e0 cung c\u1ea5p cho kh\u00e1ch h\u00e0ng nh\u1eefng s\u1ea3n ph\u1ea9m v\u00e0 d\u1ecbch v\u1ee5 ch\u1ea5t l\u01b0\u1ee3ng cao. Ch\u00fang t\u00f4i c\u00f3 \u0111\u1ed9i ng\u0169 nghi\u00ean c\u1ee9u v\u00e0 ph\u00e1t tri\u1ec3n (R&amp;D) chuy\u00ean nghi\u1ec7p, bao g\u1ed3m g\u1ea7n 40 k\u1ef9 s\u01b0 R&amp;D.<\/p>\n<\/div><\/section><\/div><div class='av-flex-placeholder'><\/div>\n<style type=\"text\/css\" data-created_by=\"avia_inline_auto\" id=\"style-css-av-juen9-d723f6cfbc9b54571d6da18c0664ec6f\">\n#top .flex_column_table.av-equal-height-column-flextable.av-juen9-d723f6cfbc9b54571d6da18c0664ec6f{\nmargin-top:0px;\nmargin-bottom:0px;\n}\n<\/style>\n<div class='flex_column av-juen9-d723f6cfbc9b54571d6da18c0664ec6f av_one_half  avia-builder-el-11  el_after_av_one_half  el_before_av_one_half  flex_column_table_cell av-equal-height-column av-align-middle column-top-margin'   ><style type=\"text\/css\" data-created_by=\"avia_inline_auto\" id=\"style-css-av-l2usik90-0e75e170de611e254f02703d250e912c\">\n.avia-image-container.av-l2usik90-0e75e170de611e254f02703d250e912c .av-image-caption-overlay-center{\ncolor:#ffffff;\n}\n<\/style>\n<div  class='avia-image-container av-l2usik90-0e75e170de611e254f02703d250e912c av-styling- avia-align-center  avia-builder-el-12  avia-builder-el-no-sibling'  itemprop=\"image\" itemscope=\"itemscope\" itemtype=\"https:\/\/schema.org\/ImageObject\" ><div class=\"avia-image-container-inner\"><div class=\"avia-image-overlay-wrap\"><img decoding=\"async\" class='wp-image-372 avia-img-lazy-loading-not-372 avia_image lazyload' data-src=\"https:\/\/luview.com\/wp-content\/uploads\/2022\/05\/Talent-Concept1.jpg\"  title='Kh\u00e1i ni\u1ec7m v\u1ec1 t\u00e0i n\u0103ng 1'  height=\"314\" width=\"437\"  itemprop=\"thumbnailUrl\" data-srcset=\"https:\/\/luview.com\/wp-content\/uploads\/2022\/05\/Talent-Concept1.jpg 437w, https:\/\/luview.com\/wp-content\/uploads\/2022\/05\/Talent-Concept1-300x216.jpg 300w\" data-sizes=\"(max-width: 437px) 100vw, 437px\" alt=\"Talent Concept\u63d2\u56fe\" src=\"data:image\/svg+xml;base64,PHN2ZyB3aWR0aD0iMSIgaGVpZ2h0PSIxIiB4bWxucz0iaHR0cDovL3d3dy53My5vcmcvMjAwMC9zdmciPjwvc3ZnPg==\" style=\"--smush-placeholder-width: 437px; --smush-placeholder-aspect-ratio: 437\/314;\" \/><\/div><\/div><\/div><\/div><\/div><!--close column table wrapper. Autoclose: 1 --><\/p>\n<div class='flex_column_table av-l2uskh8l-7bc4c46e29dede0a2b11177ce52b9893 sc-av_one_half av-equal-height-column-flextable'>\n<style type=\"text\/css\" data-created_by=\"avia_inline_auto\" id=\"style-css-av-l2uskh8l-7bc4c46e29dede0a2b11177ce52b9893\">\n#top .flex_column_table.av-equal-height-column-flextable.av-l2uskh8l-7bc4c46e29dede0a2b11177ce52b9893{\nmargin-top:0px;\nmargin-bottom:0px;\n}\n<\/style>\n<div class='flex_column av-l2uskh8l-7bc4c46e29dede0a2b11177ce52b9893 av_one_half  avia-builder-el-13  el_after_av_one_half  el_before_av_one_half  first flex_column_table_cell av-equal-height-column av-align-middle column-top-margin'   ><style type=\"text\/css\" data-created_by=\"avia_inline_auto\" id=\"style-css-av-l2uskstw-78bbb541d61dc7e5be6f15972596f9c0\">\n.avia-image-container.av-l2uskstw-78bbb541d61dc7e5be6f15972596f9c0 .av-image-caption-overlay-center{\ncolor:#ffffff;\n}\n<\/style>\n<div  class='avia-image-container av-l2uskstw-78bbb541d61dc7e5be6f15972596f9c0 av-styling- avia-align-center  avia-builder-el-14  avia-builder-el-no-sibling'  itemprop=\"image\" itemscope=\"itemscope\" itemtype=\"https:\/\/schema.org\/ImageObject\" ><div class=\"avia-image-container-inner\"><div class=\"avia-image-overlay-wrap\"><img decoding=\"async\" class='wp-image-378 avia-img-lazy-loading-not-378 avia_image lazyload' data-src=\"https:\/\/luview.com\/wp-content\/uploads\/2022\/05\/Talent-Concept2.jpg\"  title='Kh\u00e1i ni\u1ec7m T\u00e0i n\u0103ng 2'  height=\"314\" width=\"437\"  itemprop=\"thumbnailUrl\" data-srcset=\"https:\/\/luview.com\/wp-content\/uploads\/2022\/05\/Talent-Concept2.jpg 437w, https:\/\/luview.com\/wp-content\/uploads\/2022\/05\/Talent-Concept2-300x216.jpg 300w\" data-sizes=\"(max-width: 437px) 100vw, 437px\" alt=\"Talent Concept\u63d2\u56fe1\" src=\"data:image\/svg+xml;base64,PHN2ZyB3aWR0aD0iMSIgaGVpZ2h0PSIxIiB4bWxucz0iaHR0cDovL3d3dy53My5vcmcvMjAwMC9zdmciPjwvc3ZnPg==\" style=\"--smush-placeholder-width: 437px; --smush-placeholder-aspect-ratio: 437\/314;\" \/><\/div><\/div><\/div><\/div>\n<div class='av-flex-placeholder'><\/div>\n<style type=\"text\/css\" data-created_by=\"avia_inline_auto\" id=\"style-css-av-hrsot-ede235c2c8411f45df1a109ec393e351\">\n#top .flex_column_table.av-equal-height-column-flextable.av-hrsot-ede235c2c8411f45df1a109ec393e351{\nmargin-top:0px;\nmargin-bottom:0px;\n}\n<\/style>\n<div class='flex_column av-hrsot-ede235c2c8411f45df1a109ec393e351 av_one_half  avia-builder-el-15  el_after_av_one_half  el_before_av_one_half  flex_column_table_cell av-equal-height-column av-align-middle column-top-margin'   ><section  class='av_textblock_section av-l2uslh4i-145a849de9c62391ce1d53c68c8a8f00'  itemscope=\"itemscope\" itemtype=\"https:\/\/schema.org\/CreativeWork\" ><div class='avia_textblock'  itemprop=\"text\" ><p><strong>Con ng\u01b0\u1eddi t\u1eadn d\u1ee5ng t\u1ed1i \u0111a t\u00e0i n\u0103ng c\u1ee7a m\u00ecnh.<br \/>\n<\/strong><\/p>\n<p style=\"text-align: justify; text-justify: inter-ideograph;\">T\u1ea1i LUVIEW, m\u1ed7i nh\u00e2n vi\u00ean \u0111\u1ec1u c\u00f3 th\u1ec3 ph\u00e1t huy t\u1ed1i \u0111a t\u00e0i n\u0103ng v\u00e0 kh\u1ea3 n\u0103ng c\u1ee7a m\u00ecnh, t\u1eeb \u0111\u00f3 t\u1eadn d\u1ee5ng th\u1ebf m\u1ea1nh v\u00e0 tr\u00e1nh nh\u1eefng \u0111i\u1ec3m y\u1ebfu, \u0111\u1ed3ng th\u1eddi \u0111\u1ea3m b\u1ea3o ng\u01b0\u1eddi ph\u00f9 h\u1ee3p s\u1ebd l\u00e0m vi\u1ec7c ph\u00f9 h\u1ee3p. C\u00f4ng ty x\u00e1c \u0111\u1ecbnh r\u00f5 tr\u00e1ch nhi\u1ec7m c\u1ee7a t\u1eebng v\u1ecb tr\u00ed, ti\u1ebfn h\u00e0nh tuy\u1ec3n ch\u1ecdn v\u00e0 b\u1ed5 nhi\u1ec7m m\u1ed9t c\u00e1ch khoa h\u1ecdc, \u0111\u1ea3m b\u1ea3o n\u0103ng l\u1ef1c c\u00e1 nh\u00e2n v\u00e0 c\u00f4ng ngh\u1ec7 chuy\u00ean m\u00f4n ph\u00f9 h\u1ee3p v\u1edbi v\u1ecb tr\u00ed, \u0111\u1ed3ng th\u1eddi \u0111i\u1ec1u ch\u1ec9nh v\u1ecb tr\u00ed c\u00f4ng t\u00e1c theo nh\u1eefng thay \u0111\u1ed5i th\u1ef1c t\u1ebf.<\/p>\n<\/div><\/section><\/div><\/div><!--close column table wrapper. Autoclose: 1 -->\n<div class='flex_column_table av-l2usm0kt-3b4cf32c0dfbd60848c3c952e41fda58 sc-av_one_half av-equal-height-column-flextable'>\n<style type=\"text\/css\" data-created_by=\"avia_inline_auto\" id=\"style-css-av-l2usm0kt-3b4cf32c0dfbd60848c3c952e41fda58\">\n#top .flex_column_table.av-equal-height-column-flextable.av-l2usm0kt-3b4cf32c0dfbd60848c3c952e41fda58{\nmargin-top:0px;\nmargin-bottom:0px;\n}\n<\/style>\n<div class='flex_column av-l2usm0kt-3b4cf32c0dfbd60848c3c952e41fda58 av_one_half  avia-builder-el-17  el_after_av_one_half  el_before_av_one_half  first flex_column_table_cell av-equal-height-column av-align-middle column-top-margin'   ><section  class='av_textblock_section av-l2usmjpc-0d9cbe7ef18a6f415cb38467a761303e'  itemscope=\"itemscope\" itemtype=\"https:\/\/schema.org\/CreativeWork\" ><div class='avia_textblock'  itemprop=\"text\" ><p><strong>Ch\u1ecdn nh\u1eefng \u0111i\u1ec3m m\u1ea1nh c\u1ee7a con ng\u01b0\u1eddi v\u00e0 ch\u1ea5p nh\u1eadn nh\u1eefng kh\u00e1c bi\u1ec7t c\u1ee7a h\u1ecd.<\/strong><\/p>\n<p style=\"text-align: justify; text-justify: inter-ideograph;\">T\u1ea5t c\u1ea3 c\u00e1c con s\u00f4ng \u0111\u1ec1u ch\u1ea3y ra bi\u1ec3n. T\u00e2m h\u1ed3n v\u00e0 t\u01b0 duy c\u1ee7a m\u1ed9t ng\u01b0\u1eddi c\u00e0ng r\u1ed9ng l\u1edbn, th\u00e0nh t\u1ef1u c\u1ee7a h\u1ecd c\u00e0ng v\u0129 \u0111\u1ea1i. M\u1ed7i ng\u01b0\u1eddi \u0111\u1ec1u c\u00f3 c\u1ea3 \u0111i\u1ec3m m\u1ea1nh v\u00e0 \u0111i\u1ec3m y\u1ebfu. N\u1ebfu b\u1ea1n gi\u1ecfi trong m\u1ed9t l\u0129nh v\u1ef1c n\u00e0o \u0111\u00f3, ch\u1eafc ch\u1eafn b\u1ea1n s\u1ebd thi\u1ebfu s\u00f3t \u1edf m\u1ed9t kh\u00eda c\u1ea1nh kh\u00e1c. R\u1eebng r\u1eadm ph\u00e1t tri\u1ec3n nh\u1edd s\u1ef1 \u0111a d\u1ea1ng c\u1ee7a cu\u1ed9c s\u1ed1ng, v\u00e0 s\u1ef1 ph\u00e1t tri\u1ec3n s\u1ef1 nghi\u1ec7p ph\u1ee5 thu\u1ed9c v\u00e0o s\u1ef1 \u0111a d\u1ea1ng c\u1ee7a t\u00e0i n\u0103ng. Ch\u00fang t\u00f4i tin r\u1eb1ng b\u1eb1ng c\u00e1ch t\u1eadp h\u1ee3p tr\u00ed tu\u1ec7 c\u1ee7a m\u1ecdi ng\u01b0\u1eddi, \u0111\u1ed9i ng\u0169 s\u1ebd tr\u1edf n\u00ean m\u1ea1nh m\u1ebd h\u01a1n v\u00e0 doanh nghi\u1ec7p s\u1ebd ph\u00e1t tri\u1ec3n th\u1ecbnh v\u01b0\u1ee3ng h\u01a1n.<\/p>\n<\/div><\/section><\/div>\n<div class='av-flex-placeholder'><\/div>\n<style type=\"text\/css\" data-created_by=\"avia_inline_auto\" id=\"style-css-av-85tfx-65353a521752f43ed81898a9f765c4e9\">\n#top .flex_column_table.av-equal-height-column-flextable.av-85tfx-65353a521752f43ed81898a9f765c4e9{\nmargin-top:0px;\nmargin-bottom:0px;\n}\n<\/style>\n<div class='flex_column av-85tfx-65353a521752f43ed81898a9f765c4e9 av_one_half  avia-builder-el-19  el_after_av_one_half  avia-builder-el-last  flex_column_table_cell av-equal-height-column av-align-middle column-top-margin'   ><style type=\"text\/css\" data-created_by=\"avia_inline_auto\" id=\"style-css-av-l2usmsbv-28fcd2226a327d01c0dfe51e36145b5c\">\n.avia-image-container.av-l2usmsbv-28fcd2226a327d01c0dfe51e36145b5c .av-image-caption-overlay-center{\ncolor:#ffffff;\n}\n<\/style>\n<div  class='avia-image-container av-l2usmsbv-28fcd2226a327d01c0dfe51e36145b5c av-styling- avia-align-center  avia-builder-el-20  avia-builder-el-no-sibling'  itemprop=\"image\" itemscope=\"itemscope\" itemtype=\"https:\/\/schema.org\/ImageObject\" ><div class=\"avia-image-container-inner\"><div class=\"avia-image-overlay-wrap\"><img decoding=\"async\" class='wp-image-379 avia-img-lazy-loading-not-379 avia_image lazyload' data-src=\"https:\/\/luview.com\/wp-content\/uploads\/2022\/05\/Talent-Concept3.jpg\"  title='Kh\u00e1i ni\u1ec7m T\u00e0i n\u0103ng 3'  height=\"314\" width=\"437\"  itemprop=\"thumbnailUrl\" data-srcset=\"https:\/\/luview.com\/wp-content\/uploads\/2022\/05\/Talent-Concept3.jpg 437w, https:\/\/luview.com\/wp-content\/uploads\/2022\/05\/Talent-Concept3-300x216.jpg 300w\" data-sizes=\"(max-width: 437px) 100vw, 437px\" alt=\"Talent Concept\u63d2\u56fe2\" src=\"data:image\/svg+xml;base64,PHN2ZyB3aWR0aD0iMSIgaGVpZ2h0PSIxIiB4bWxucz0iaHR0cDovL3d3dy53My5vcmcvMjAwMC9zdmciPjwvc3ZnPg==\" style=\"--smush-placeholder-width: 437px; --smush-placeholder-aspect-ratio: 437\/314;\" \/><\/div><\/div><\/div><\/div><\/div><!--close column table wrapper. Autoclose: 1 -->","protected":false},"excerpt":{"rendered":"","protected":false},"author":1,"featured_media":0,"parent":152,"menu_order":0,"comment_status":"closed","ping_status":"closed","template":"","meta":{"_monsterinsights_skip_tracking":false,"_monsterinsights_sitenote_active":false,"_monsterinsights_sitenote_note":"","_monsterinsights_sitenote_category":0,"footnotes":""},"class_list":["post-365","page","type-page","status-publish","hentry"],"_links":{"self":[{"href":"https:\/\/luview.com\/vi\/wp-json\/wp\/v2\/pages\/365","targetHints":{"allow":["GET"]}}],"collection":[{"href":"https:\/\/luview.com\/vi\/wp-json\/wp\/v2\/pages"}],"about":[{"href":"https:\/\/luview.com\/vi\/wp-json\/wp\/v2\/types\/page"}],"author":[{"embeddable":true,"href":"https:\/\/luview.com\/vi\/wp-json\/wp\/v2\/users\/1"}],"replies":[{"embeddable":true,"href":"https:\/\/luview.com\/vi\/wp-json\/wp\/v2\/comments?post=365"}],"version-history":[{"count":2,"href":"https:\/\/luview.com\/vi\/wp-json\/wp\/v2\/pages\/365\/revisions"}],"predecessor-version":[{"id":43755,"href":"https:\/\/luview.com\/vi\/wp-json\/wp\/v2\/pages\/365\/revisions\/43755"}],"up":[{"embeddable":true,"href":"https:\/\/luview.com\/vi\/wp-json\/wp\/v2\/pages\/152"}],"wp:attachment":[{"href":"https:\/\/luview.com\/vi\/wp-json\/wp\/v2\/media?parent=365"}],"curies":[{"name":"wp","href":"https:\/\/api.w.org\/{rel}","templated":true}]}}