{"id":36625,"date":"2025-05-28T06:48:22","date_gmt":"2025-05-28T06:48:22","guid":{"rendered":"https:\/\/luview.com\/?page_id=36625"},"modified":"2025-08-07T06:23:23","modified_gmt":"2025-08-07T06:23:23","slug":"thuong-hieu-rieng-lien-he-voi-chung-toi","status":"publish","type":"page","link":"https:\/\/luview.com\/vi\/custom-brand-contact-us\/","title":{"rendered":"Li\u00ean h\u1ec7 v\u1edbi ch\u00fang t\u00f4i \u0111\u1ec3 \u0111\u1eb7t h\u00e0ng theo y\u00eau c\u1ea7u"},"content":{"rendered":"<style type=\"text\/css\" data-created_by=\"avia_inline_auto\" id=\"style-css-av-mb7nv23h-2a3b1c50c7cba6b9885b5268f5fbc8bd\">\n#top .av-special-heading.av-mb7nv23h-2a3b1c50c7cba6b9885b5268f5fbc8bd{\npadding-bottom:10px;\n}\nbody .av-special-heading.av-mb7nv23h-2a3b1c50c7cba6b9885b5268f5fbc8bd .av-special-heading-tag .heading-char{\nfont-size:25px;\n}\n.av-special-heading.av-mb7nv23h-2a3b1c50c7cba6b9885b5268f5fbc8bd .av-subheading{\nfont-size:15px;\n}\n<\/style>\n<div  class='av-special-heading av-mb7nv23h-2a3b1c50c7cba6b9885b5268f5fbc8bd av-special-heading-h2 blockquote elegant-quote elegant-centered  avia-builder-el-0  el_before_av_section  avia-builder-el-no-sibling'><h2 class='av-special-heading-tag'  itemprop=\"headline\"  ><span class=\"heading-wrap\">Th\u01b0\u01a1ng hi\u1ec7u t\u00f9y ch\u1ec9nh<\/span><\/h2><div class=\"special-heading-border\"><div class=\"special-heading-inner-border\"><\/div><\/div><\/div>\n<\/div><\/div><\/div><!-- close content main div --><\/div><\/div><div id='av_section_1'  class='avia-section av-29jvddd-565555dfb29d844ebeff3a39c04c7905 main_color avia-section-default avia-no-border-styling  avia-builder-el-1  el_after_av_heading  el_before_av_three_fifth  avia-bg-style-scroll container_wrap sidebar_left'  ><div class='container av-section-cont-open' ><div class='template-page content  av-content-small units'><div class='post-entry post-entry-type-page post-entry-36625'><div class='entry-content-wrapper clearfix'>\n<div class='flex_column av-1sjj1ox-8ee948047f17367929f6c4098bea8a07 av_one_half  avia-builder-el-2  el_before_av_one_half  avia-builder-el-first  first flex_column_div'   ><div  class='av-hotspot-image-container av-mb7m0ehr-dbe7468479d9f682455edaad01846776  avia-builder-el-3  avia-builder-el-no-sibling  av-hotspot-numbered av-mobile-fallback-active  av-non-fullwidth-hotspot-image'  itemprop=\"image\" itemscope=\"itemscope\" itemtype=\"https:\/\/schema.org\/ImageObject\" ><div class='av-hotspot-container'><div class='av-hotspot-container-inner-cell'><div class='av-hotspot-container-inner-wrap'><img decoding=\"async\" class='wp-image-32093 avia-img-lazy-loading-not-32093 avia_image lazyload' data-src=\"https:\/\/luview.com\/wp-content\/uploads\/2025\/04\/10.2-1.jpg\"  title='10.2'  height=\"430\" width=\"764\"  itemprop=\"thumbnailUrl\" data-srcset=\"https:\/\/luview.com\/wp-content\/uploads\/2025\/04\/10.2-1.jpg 764w, https:\/\/luview.com\/wp-content\/uploads\/2025\/04\/10.2-1-300x169.jpg 300w, https:\/\/luview.com\/wp-content\/uploads\/2025\/04\/10.2-1-705x397.jpg 705w, https:\/\/luview.com\/wp-content\/uploads\/2025\/04\/10.2-1-570x321.jpg 570w, https:\/\/luview.com\/wp-content\/uploads\/2025\/04\/10.2-1-450x253.jpg 450w, https:\/\/luview.com\/wp-content\/uploads\/2025\/04\/10.2-1-600x338.jpg 600w, https:\/\/luview.com\/wp-content\/uploads\/2025\/04\/10.2-1-500x281.jpg 500w\" data-sizes=\"(max-width: 764px) 100vw, 764px\" alt=\"Custom Brand contact us\u63d2\u56fe\" src=\"data:image\/svg+xml;base64,PHN2ZyB3aWR0aD0iMSIgaGVpZ2h0PSIxIiB4bWxucz0iaHR0cDovL3d3dy53My5vcmcvMjAwMC9zdmciPjwvc3ZnPg==\" style=\"--smush-placeholder-width: 764px; --smush-placeholder-aspect-ratio: 764\/430;\" \/><\/div><\/div><\/div><\/div><\/div><div class='flex_column av-puevap-c4a228d7207e12e0009a2bcf3a5dda3f av_one_half  avia-builder-el-4  el_after_av_one_half  avia-builder-el-last  flex_column_div'   ><section  class='av_textblock_section av-mb7mh3a0-7ad7f3227737d9723b7d479806a4faa7'  itemscope=\"itemscope\" itemtype=\"https:\/\/schema.org\/CreativeWork\" ><div class='avia_textblock'  itemprop=\"text\" ><p>K\u00ednh g\u1eedi c\u00e1c ch\u1ee7 s\u1edf h\u1eefu th\u01b0\u01a1ng hi\u1ec7u c\u00e1 nh\u00e2n h\u00f3a,<\/p>\n<p>Nh\u00e0 m\u00e1y c\u1ee7a ch\u00fang t\u00f4i chuy\u00ean cung c\u1ea5p c\u00e1c gi\u1ea3i ph\u00e1p m\u00e0n h\u00ecnh gi\u00e1m s\u00e1t \u0111i\u1ec3m m\u00f9 OEM cho c\u00e1c th\u01b0\u01a1ng hi\u1ec7u \u00f4 t\u00f4, \u0111\u00e1p \u1ee9ng c\u00e1c y\u00eau c\u1ea7u sau:<\/p>\n<p>D\u1ecbch v\u1ee5 ODM linh ho\u1ea1t: h\u1ed7 tr\u1ee3 to\u00e0n b\u1ed9 quy tr\u00ecnh t\u1eeb thi\u1ebft k\u1ebf ID \u2192 x\u00e1c \u0111\u1ecbnh ch\u1ee9c n\u0103ng \u2192 s\u1ea3n xu\u1ea5t h\u00e0ng lo\u1ea1t v\u00e0 giao h\u00e0ng<\/p>\n<p>\u0110i\u1ec3m m\u1ea1nh c\u1ea1nh tranh kh\u00e1c bi\u1ec7t:<\/p>\n<p>H\u1ed7 tr\u1ee3 t\u00f9y ch\u1ec9nh s\u00e2u giao di\u1ec7n ng\u01b0\u1eddi d\u00f9ng c\u1ee7a th\u01b0\u01a1ng hi\u1ec7u (h\u00ecnh \u1ea3nh kh\u1edfi \u0111\u1ed9ng\/giao di\u1ec7n v\u1eadn h\u00e0nh)<br \/>\nThi\u1ebft k\u1ebf m\u00f4-\u0111un cho ph\u00e9p t\u00edch h\u1ee3p ch\u1ee9c n\u0103ng hi\u1ec3n th\u1ecb c\u1ea3nh b\u00e1o ADAS t\u00f9y ch\u1ecdn<br \/>\nCung c\u1ea5p c\u00e1c b\u00e1o c\u00e1o v\u1ec1 xu h\u01b0\u1edbng th\u1ecb tr\u01b0\u1eddng v\u00e0 h\u1ed7 tr\u1ee3 ph\u00e2n t\u00edch s\u1ea3n ph\u1ea9m c\u1ea1nh tranh<br \/>\nC\u00e1c m\u1eabu ti\u00eau chu\u1ea9n hi\u1ec7n c\u00f3 \u0111\u00e3 \u0111\u1ea1t c\u00e1c ch\u1ee9ng nh\u1eadn FCC\/CE\/ROHS\/E-MARK v\u00e0 c\u00e1c ch\u1ee9ng nh\u1eadn kh\u00e1c, \u0111\u1ed3ng th\u1eddi c\u00f3 th\u1ec3 ho\u00e0n t\u1ea5t s\u1ea3n xu\u1ea5t h\u00e0ng lo\u1ea1t theo y\u00eau c\u1ea7u trong th\u1eddi gian nhanh nh\u1ea5t l\u00e0 45 ng\u00e0y. M\u1eddi qu\u00fd kh\u00e1ch li\u00ean h\u1ec7 \u0111\u1ec3 nh\u1eadn k\u1ebf ho\u1ea1ch h\u1ee3p t\u00e1c th\u01b0\u01a1ng hi\u1ec7u c\u1ee7a ch\u00fang t\u00f4i.<\/p>\n<\/div><\/section><\/div>\n<\/div><\/div><\/div><!-- close content main div --><\/div><\/div><div id='after_section_1'  class='main_color av_default_container_wrap container_wrap sidebar_left'  ><div class='container av-section-cont-open' ><div class='template-page content  av-content-small units'><div class='post-entry post-entry-type-page post-entry-36625'><div class='entry-content-wrapper clearfix'>\n<div class='flex_column av-1k96qgh-b37a22c4a00a51d11c7a411a57845c90 av_three_fifth  avia-builder-el-6  el_after_av_section  el_before_av_two_fifth  avia-builder-el-first  first flex_column_div'   ><style type=\"text\/css\" data-created_by=\"avia_inline_auto\" id=\"style-css-av-l2x2jvi5-53096efea5a8635596624628bd21645d\">\n#top .av_textblock_section.av-l2x2jvi5-53096efea5a8635596624628bd21645d .avia_textblock{\ncolor:#333333;\n}\n<\/style>\n<section  class='av_textblock_section av-l2x2jvi5-53096efea5a8635596624628bd21645d'  itemscope=\"itemscope\" itemtype=\"https:\/\/schema.org\/CreativeWork\" ><div class='avia_textblock av_inherit_color'  itemprop=\"text\" ><h3>Li\u00ean h\u1ec7 v\u1edbi b\u1ea1n<\/h3>\n<\/div><\/section><br \/>\n<\/p><\/div><div class='flex_column av-4t0tr4h-a8cf6a0b6a71f3d36c583b3990cf9d61 av_two_fifth  avia-builder-el-9  el_after_av_three_fifth  avia-builder-el-last  flex_column_div'   ><style type=\"text\/css\" data-created_by=\"avia_inline_auto\" id=\"style-css-av-l0qq4x-9537a8e7728b2c5e0cd9418cf5648812\">\n#top .av_textblock_section.av-l0qq4x-9537a8e7728b2c5e0cd9418cf5648812 .avia_textblock{\ncolor:#333333;\n}\n<\/style>\n<section  class='av_textblock_section av-l0qq4x-9537a8e7728b2c5e0cd9418cf5648812'  itemscope=\"itemscope\" itemtype=\"https:\/\/schema.org\/CreativeWork\" ><div class='avia_textblock av_inherit_color'  itemprop=\"text\" ><h3>Li\u00ean h\u1ec7 v\u1edbi ch\u00fang t\u00f4i<\/h3>\n<\/div><\/section><br \/>\n\n<style type=\"text\/css\" data-created_by=\"avia_inline_auto\" id=\"style-css-av-fjdj3l-96c37e27a93aba22407726e7e303b5fd\">\n@keyframes av_sonarEffect_av-fjdj3l-96c37e27a93aba22407726e7e303b5fd {\n  0% {opacity: 0.3;}\n 40% {opacity: 0.5; box-shadow: 0 0 0 2px rgba(255,255,255,0.1), 0 0 10px 10px #ffffff, 0 0 0 10px rgba(255,255,255,0.5);}\n100% {opacity: 0; box-shadow: 0 0 0 2px rgba(255,255,255,0.1), 0 0 10px 10px #ffffff, 0 0 0 10px rgba(255,255,255,0.5); -webkit-transform: scale(1.5); transform: scale(1.5);}\n}\n@-webkit-keyframes av_sonarEffect_av-fjdj3l-96c37e27a93aba22407726e7e303b5fd {\n  0% {opacity: 0.3;}\n 40% {opacity: 0.5; box-shadow: 0 0 0 2px rgba(255,255,255,0.1), 0 0 10px 10px #ffffff, 0 0 0 10px rgba(255,255,255,0.5);}\n100% {opacity: 0; box-shadow: 0 0 0 2px rgba(255,255,255,0.1), 0 0 10px 10px #ffffff, 0 0 0 10px rgba(255,255,255,0.5); -webkit-transform: scale(1.5); transform: scale(1.5);}\n}\n#top .avia-icon-list-container.av-fjdj3l-96c37e27a93aba22407726e7e303b5fd .iconlist_icon:hover:after{\nanimation:av_sonarEffect_av-fjdj3l-96c37e27a93aba22407726e7e303b5fd 1s ease-in-out .1s infinite;\n-webkit-animation:av_sonarEffect_av-fjdj3l-96c37e27a93aba22407726e7e303b5fd 1s ease-in-out .1s infinite;\n-moz-animation:av_sonarEffect_av-fjdj3l-96c37e27a93aba22407726e7e303b5fd 1s ease-in-out .1s infinite;\n-o-animation:av_sonarEffect_av-fjdj3l-96c37e27a93aba22407726e7e303b5fd 1s ease-in-out .1s infinite;\n}\n<\/style>\n<div  id=\"contactinfo\"  class='avia-icon-list-container av-fjdj3l-96c37e27a93aba22407726e7e303b5fd  avia-builder-el-11  el_after_av_textblock  avia-builder-el-last'><ul class='avia-icon-list avia_animate_when_almost_visible avia-icon-list-left av-iconlist-big av-fjdj3l-96c37e27a93aba22407726e7e303b5fd avia-iconlist-animate avia-sonar-shadow'>\n<li><div class='iconlist_icon av-2dxcivl-c65d67950ffab3bf484d38660525ea49 avia-font-fontello'><span class='iconlist-char' aria-hidden='true' data-av_icon='\ue800' data-av_iconfont='fontello'><\/span><\/div><article class=\"article-icon-entry\"  itemscope=\"itemscope\" itemtype=\"https:\/\/schema.org\/CreativeWork\" ><div class=\"iconlist_content_wrap\"><header class=\"entry-content-header\"><h4 class='av_iconlist_title iconlist_title'  itemprop=\"headline\" >Th\u01b0 \u0111i\u1ec7n t\u1eed<\/h4><\/header><div class='iconlist_content'  itemprop=\"text\" ><p><a href=\"mailto:sales@luview.com\">sales@luview.com<\/a><\/p>\n<\/div><\/div><footer class=\"entry-footer\"><\/footer><\/article><div class=\"iconlist-timeline\"><\/div><\/li>\n<li><div class='iconlist_icon av-3hemi6p-4b5291235455f5696d6765d3b776c27a avia-font-fontello'><span class='iconlist-char' aria-hidden='true' data-av_icon='\ue802' data-av_iconfont='fontello'><\/span><\/div><article class=\"article-icon-entry\"  itemscope=\"itemscope\" itemtype=\"https:\/\/schema.org\/CreativeWork\" ><div class=\"iconlist_content_wrap\"><header class=\"entry-content-header\"><h4 class='av_iconlist_title iconlist_title'  itemprop=\"headline\" >\u0110i\u1ec7n tho\u1ea1i<\/h4><\/header><div class='iconlist_content'  itemprop=\"text\" ><p>+86 (755) 27042170<\/p>\n<\/div><\/div><footer class=\"entry-footer\"><\/footer><\/article><div class=\"iconlist-timeline\"><\/div><\/li>\n<li><div class='iconlist_icon av-310wnht-e5e708a773019b204ee017bd2d9153d2 avia-font-fontello'><span class='iconlist-char' aria-hidden='true' data-av_icon='\uf10b' data-av_iconfont='fontello'><\/span><\/div><article class=\"article-icon-entry\"  itemscope=\"itemscope\" itemtype=\"https:\/\/schema.org\/CreativeWork\" ><div class=\"iconlist_content_wrap\"><header class=\"entry-content-header\"><h4 class='av_iconlist_title iconlist_title'  itemprop=\"headline\" >Di \u0111\u1ed9ng<\/h4><\/header><div class='iconlist_content'  itemprop=\"text\" ><p>+86 13537831093<\/p>\n<\/div><\/div><footer class=\"entry-footer\"><\/footer><\/article><div class=\"iconlist-timeline\"><\/div><\/li>\n<li><div class='iconlist_icon av-24morqp-d363d64fa7a8ed3b679d3e6d15597b9c avia-font-fontello'><span class='iconlist-char' aria-hidden='true' data-av_icon='\uf17e' data-av_iconfont='fontello'><\/span><\/div><article class=\"article-icon-entry\"  itemscope=\"itemscope\" itemtype=\"https:\/\/schema.org\/CreativeWork\" ><div class=\"iconlist_content_wrap\"><header class=\"entry-content-header\"><h4 class='av_iconlist_title iconlist_title'  itemprop=\"headline\" >Skype<\/h4><\/header><div class='iconlist_content'  itemprop=\"text\" ><p>szbsxy@hotmail.com<\/p>\n<\/div><\/div><footer class=\"entry-footer\"><\/footer><\/article><div class=\"iconlist-timeline\"><\/div><\/li>\n<\/ul><\/div><\/p><\/div><\/p>","protected":false},"excerpt":{"rendered":"","protected":false},"author":1,"featured_media":0,"parent":0,"menu_order":0,"comment_status":"closed","ping_status":"closed","template":"","meta":{"_monsterinsights_skip_tracking":false,"_monsterinsights_sitenote_active":false,"_monsterinsights_sitenote_note":"","_monsterinsights_sitenote_category":0,"footnotes":""},"class_list":["post-36625","page","type-page","status-publish","hentry"],"_links":{"self":[{"href":"https:\/\/luview.com\/vi\/wp-json\/wp\/v2\/pages\/36625","targetHints":{"allow":["GET"]}}],"collection":[{"href":"https:\/\/luview.com\/vi\/wp-json\/wp\/v2\/pages"}],"about":[{"href":"https:\/\/luview.com\/vi\/wp-json\/wp\/v2\/types\/page"}],"author":[{"embeddable":true,"href":"https:\/\/luview.com\/vi\/wp-json\/wp\/v2\/users\/1"}],"replies":[{"embeddable":true,"href":"https:\/\/luview.com\/vi\/wp-json\/wp\/v2\/comments?post=36625"}],"version-history":[{"count":0,"href":"https:\/\/luview.com\/vi\/wp-json\/wp\/v2\/pages\/36625\/revisions"}],"wp:attachment":[{"href":"https:\/\/luview.com\/vi\/wp-json\/wp\/v2\/media?parent=36625"}],"curies":[{"name":"wp","href":"https:\/\/api.w.org\/{rel}","templated":true}]}}