{"id":36647,"date":"2025-05-28T08:36:17","date_gmt":"2025-05-28T08:36:17","guid":{"rendered":"https:\/\/luview.com\/?page_id=36647"},"modified":"2025-08-07T06:14:58","modified_gmt":"2025-08-07T06:14:58","slug":"nha-san-xuat-o-to-vui-long-lien-he-voi-chung-toi","status":"publish","type":"page","link":"https:\/\/luview.com\/vi\/vehicle-manufacturer-contact-us\/","title":{"rendered":"Nh\u00e0 s\u1ea3n xu\u1ea5t \u00f4 t\u00f4, vui l\u00f2ng li\u00ean h\u1ec7 v\u1edbi ch\u00fang t\u00f4i."},"content":{"rendered":"<style type=\"text\/css\" data-created_by=\"avia_inline_auto\" id=\"style-css-av-mb7nv23h-15140081f27dce65883bdae927d20c5f\">\n#top .av-special-heading.av-mb7nv23h-15140081f27dce65883bdae927d20c5f{\npadding-bottom:10px;\n}\nbody .av-special-heading.av-mb7nv23h-15140081f27dce65883bdae927d20c5f .av-special-heading-tag .heading-char{\nfont-size:25px;\n}\n.av-special-heading.av-mb7nv23h-15140081f27dce65883bdae927d20c5f .av-subheading{\nfont-size:15px;\n}\n<\/style>\n<div  class='av-special-heading av-mb7nv23h-15140081f27dce65883bdae927d20c5f av-special-heading-h2 blockquote elegant-quote elegant-centered  avia-builder-el-0  el_before_av_section  avia-builder-el-no-sibling'><h2 class='av-special-heading-tag'  itemprop=\"headline\"  ><span class=\"heading-wrap\">Nh\u00e0 s\u1ea3n xu\u1ea5t \u00f4 t\u00f4<\/span><\/h2><div class=\"special-heading-border\"><div class=\"special-heading-inner-border\"><\/div><\/div><\/div>\n<\/div><\/div><\/div><!-- close content main div --><\/div><\/div><div id='av_section_1'  class='avia-section av-29jvddd-565555dfb29d844ebeff3a39c04c7905 main_color avia-section-default avia-no-border-styling  avia-builder-el-1  el_after_av_heading  el_before_av_three_fifth  avia-bg-style-scroll container_wrap sidebar_left'  ><div class='container av-section-cont-open' ><div class='template-page content  av-content-small units'><div class='post-entry post-entry-type-page post-entry-36647'><div class='entry-content-wrapper clearfix'>\n<div class='flex_column av-1sjj1ox-8ee948047f17367929f6c4098bea8a07 av_one_half  avia-builder-el-2  el_before_av_one_half  avia-builder-el-first  first flex_column_div'   ><div  class='av-hotspot-image-container av-mb7m0ehr-ab219e4c9886b019d5c06dd44e938c7d  avia-builder-el-3  avia-builder-el-no-sibling  av-hotspot-numbered av-mobile-fallback-active  av-non-fullwidth-hotspot-image'  itemprop=\"image\" itemscope=\"itemscope\" itemtype=\"https:\/\/schema.org\/ImageObject\" ><div class='av-hotspot-container'><div class='av-hotspot-container-inner-cell'><div class='av-hotspot-container-inner-wrap'><img decoding=\"async\" class='wp-image-32095 avia-img-lazy-loading-not-32095 avia_image lazyload' data-src=\"https:\/\/luview.com\/wp-content\/uploads\/2025\/04\/10-2.jpg\"  title='10'  height=\"430\" width=\"764\"  itemprop=\"thumbnailUrl\" data-srcset=\"https:\/\/luview.com\/wp-content\/uploads\/2025\/04\/10-2.jpg 764w, https:\/\/luview.com\/wp-content\/uploads\/2025\/04\/10-2-300x169.jpg 300w, https:\/\/luview.com\/wp-content\/uploads\/2025\/04\/10-2-705x397.jpg 705w, https:\/\/luview.com\/wp-content\/uploads\/2025\/04\/10-2-570x321.jpg 570w, https:\/\/luview.com\/wp-content\/uploads\/2025\/04\/10-2-450x253.jpg 450w, https:\/\/luview.com\/wp-content\/uploads\/2025\/04\/10-2-600x338.jpg 600w, https:\/\/luview.com\/wp-content\/uploads\/2025\/04\/10-2-500x281.jpg 500w\" data-sizes=\"(max-width: 764px) 100vw, 764px\" alt=\"Vehicle Manufacturer contact us\u63d2\u56fe\" src=\"data:image\/svg+xml;base64,PHN2ZyB3aWR0aD0iMSIgaGVpZ2h0PSIxIiB4bWxucz0iaHR0cDovL3d3dy53My5vcmcvMjAwMC9zdmciPjwvc3ZnPg==\" style=\"--smush-placeholder-width: 764px; --smush-placeholder-aspect-ratio: 764\/430;\" \/><\/div><\/div><\/div><\/div><\/div><div class='flex_column av-puevap-c4a228d7207e12e0009a2bcf3a5dda3f av_one_half  avia-builder-el-4  el_after_av_one_half  avia-builder-el-last  flex_column_div'   ><section  class='av_textblock_section av-mb7mh3a0-7ad7f3227737d9723b7d479806a4faa7'  itemscope=\"itemscope\" itemtype=\"https:\/\/schema.org\/CreativeWork\" ><div class='avia_textblock'  itemprop=\"text\" ><p>K\u00ednh g\u1eedi c\u00e1c nh\u00e0 s\u1ea3n xu\u1ea5t \u00f4 t\u00f4,<\/p>\n<p>V\u1edbi t\u01b0 c\u00e1ch l\u00e0 chuy\u00ean gia trong l\u0129nh v\u1ef1c gi\u1ea3i ph\u00e1p h\u1ec7 th\u1ed1ng quan s\u00e1t trong xe, ch\u00fang t\u00f4i cung c\u1ea5p c\u00e1c h\u1ec7 th\u1ed1ng hi\u1ec3n th\u1ecb camera l\u00f9i v\u00e0 h\u1ec7 th\u1ed1ng radar c\u00f3 \u0111\u1ed9 tin c\u1eady cao cho c\u00e1c th\u01b0\u01a1ng hi\u1ec7u \u00f4 t\u00f4 h\u00e0ng \u0111\u1ea7u th\u1ebf gi\u1edbi. S\u1ea3n ph\u1ea9m c\u1ee7a ch\u00fang t\u00f4i c\u00f3:<\/p>\n<p>Quy tr\u00ecnh lamination to\u00e0n ph\u1ea7n \u0111\u1ea1t ti\u00eau chu\u1ea9n OEM, tu\u00e2n th\u1ee7 c\u00e1c ti\u00eau chu\u1ea9n h\u1ec7 th\u1ed1ng ISO\/TS 16949;<\/p>\n<p>H\u1ed7 tr\u1ee3 truy\u1ec1n t\u00edn hi\u1ec7u LVDS ti\u00eau chu\u1ea9n \u00f4 t\u00f4, \u0111\u1ed9 tr\u1ec5 c\u1ef1c th\u1ea5p;<\/p>\n<p>D\u1ecbch v\u1ee5 t\u00f9y ch\u1ec9nh t\u1ea1i nh\u00e0 m\u00e1y (giao th\u1ee9c giao di\u1ec7n\/k\u00edch th\u01b0\u1edbc c\u1ea5u tr\u00fac\/ph\u00f9 h\u1ee3p giao di\u1ec7n ng\u01b0\u1eddi d\u00f9ng);<\/p>\n<p>19 n\u0103m kinh nghi\u1ec7m trong ng\u00e0nh, v\u00e0 \u0111\u00e3 ho\u00e0n th\u00e0nh h\u01a1n 100 d\u1ef1 \u00e1n l\u1eafp \u0111\u1eb7t tr\u01b0\u1edbc cho c\u00e1c m\u1eabu xe;<\/p>\n<p>Ch\u00fang t\u00f4i mong \u0111\u1ee3i c\u00e1c y\u00eau c\u1ea7u t\u00f9y ch\u1ec9nh c\u1ee7a c\u00e1c nh\u00e0 s\u1ea3n xu\u1ea5t \u00f4 t\u00f4 \u0111\u1ed1i v\u1edbi th\u1ebf h\u1ec7 m\u1edbi c\u1ee7a n\u1ec1n t\u1ea3ng h\u1ec7 th\u1ed1ng gi\u00e1m s\u00e1t \u0111i\u1ec3m m\u00f9 cho xe \u00f4 t\u00f4. Vui l\u00f2ng \u0111\u1ec3 l\u1ea1i th\u00f4ng tin c\u1ee7a qu\u00fd v\u1ecb v\u00e0 ch\u00fang t\u00f4i s\u1ebd li\u00ean h\u1ec7 v\u1edbi qu\u00fd v\u1ecb s\u1edbm nh\u1ea5t c\u00f3 th\u1ec3. Ch\u00fang t\u00f4i mong \u0111\u1ee3i s\u1ef1 h\u1ee3p t\u00e1c \u0111\u1ea7u ti\u00ean c\u1ee7a ch\u00fang ta.<\/p>\n<\/div><\/section><\/div>\n<\/div><\/div><\/div><!-- close content main div --><\/div><\/div><div id='after_section_1'  class='main_color av_default_container_wrap container_wrap sidebar_left'  ><div class='container av-section-cont-open' ><div class='template-page content  av-content-small units'><div class='post-entry post-entry-type-page post-entry-36647'><div class='entry-content-wrapper clearfix'>\n<div class='flex_column av-1k96qgh-b37a22c4a00a51d11c7a411a57845c90 av_three_fifth  avia-builder-el-6  el_after_av_section  el_before_av_two_fifth  avia-builder-el-first  first flex_column_div'   ><style type=\"text\/css\" data-created_by=\"avia_inline_auto\" id=\"style-css-av-l2x2jvi5-53096efea5a8635596624628bd21645d\">\n#top .av_textblock_section.av-l2x2jvi5-53096efea5a8635596624628bd21645d .avia_textblock{\ncolor:#333333;\n}\n<\/style>\n<section  class='av_textblock_section av-l2x2jvi5-53096efea5a8635596624628bd21645d'  itemscope=\"itemscope\" itemtype=\"https:\/\/schema.org\/CreativeWork\" ><div class='avia_textblock av_inherit_color'  itemprop=\"text\" ><h3>Li\u00ean h\u1ec7 v\u1edbi b\u1ea1n<\/h3>\n<\/div><\/section><br \/>\n<\/p><\/div><div class='flex_column av-4t0tr4h-a8cf6a0b6a71f3d36c583b3990cf9d61 av_two_fifth  avia-builder-el-9  el_after_av_three_fifth  avia-builder-el-last  flex_column_div'   ><style type=\"text\/css\" data-created_by=\"avia_inline_auto\" id=\"style-css-av-l0qq4x-9537a8e7728b2c5e0cd9418cf5648812\">\n#top .av_textblock_section.av-l0qq4x-9537a8e7728b2c5e0cd9418cf5648812 .avia_textblock{\ncolor:#333333;\n}\n<\/style>\n<section  class='av_textblock_section av-l0qq4x-9537a8e7728b2c5e0cd9418cf5648812'  itemscope=\"itemscope\" itemtype=\"https:\/\/schema.org\/CreativeWork\" ><div class='avia_textblock av_inherit_color'  itemprop=\"text\" ><h3>Li\u00ean h\u1ec7 v\u1edbi ch\u00fang t\u00f4i<\/h3>\n<\/div><\/section><br \/>\n\n<style type=\"text\/css\" data-created_by=\"avia_inline_auto\" id=\"style-css-av-fjdj3l-96c37e27a93aba22407726e7e303b5fd\">\n@keyframes av_sonarEffect_av-fjdj3l-96c37e27a93aba22407726e7e303b5fd {\n  0% {opacity: 0.3;}\n 40% {opacity: 0.5; box-shadow: 0 0 0 2px rgba(255,255,255,0.1), 0 0 10px 10px #ffffff, 0 0 0 10px rgba(255,255,255,0.5);}\n100% {opacity: 0; box-shadow: 0 0 0 2px rgba(255,255,255,0.1), 0 0 10px 10px #ffffff, 0 0 0 10px rgba(255,255,255,0.5); -webkit-transform: scale(1.5); transform: scale(1.5);}\n}\n@-webkit-keyframes av_sonarEffect_av-fjdj3l-96c37e27a93aba22407726e7e303b5fd {\n  0% {opacity: 0.3;}\n 40% {opacity: 0.5; box-shadow: 0 0 0 2px rgba(255,255,255,0.1), 0 0 10px 10px #ffffff, 0 0 0 10px rgba(255,255,255,0.5);}\n100% {opacity: 0; box-shadow: 0 0 0 2px rgba(255,255,255,0.1), 0 0 10px 10px #ffffff, 0 0 0 10px rgba(255,255,255,0.5); -webkit-transform: scale(1.5); transform: scale(1.5);}\n}\n#top .avia-icon-list-container.av-fjdj3l-96c37e27a93aba22407726e7e303b5fd .iconlist_icon:hover:after{\nanimation:av_sonarEffect_av-fjdj3l-96c37e27a93aba22407726e7e303b5fd 1s ease-in-out .1s infinite;\n-webkit-animation:av_sonarEffect_av-fjdj3l-96c37e27a93aba22407726e7e303b5fd 1s ease-in-out .1s infinite;\n-moz-animation:av_sonarEffect_av-fjdj3l-96c37e27a93aba22407726e7e303b5fd 1s ease-in-out .1s infinite;\n-o-animation:av_sonarEffect_av-fjdj3l-96c37e27a93aba22407726e7e303b5fd 1s ease-in-out .1s infinite;\n}\n<\/style>\n<div  id=\"contactinfo\"  class='avia-icon-list-container av-fjdj3l-96c37e27a93aba22407726e7e303b5fd  avia-builder-el-11  el_after_av_textblock  avia-builder-el-last'><ul class='avia-icon-list avia_animate_when_almost_visible avia-icon-list-left av-iconlist-big av-fjdj3l-96c37e27a93aba22407726e7e303b5fd avia-iconlist-animate avia-sonar-shadow'>\n<li><div class='iconlist_icon av-2dxcivl-c65d67950ffab3bf484d38660525ea49 avia-font-fontello'><span class='iconlist-char' aria-hidden='true' data-av_icon='\ue800' data-av_iconfont='fontello'><\/span><\/div><article class=\"article-icon-entry\"  itemscope=\"itemscope\" itemtype=\"https:\/\/schema.org\/CreativeWork\" ><div class=\"iconlist_content_wrap\"><header class=\"entry-content-header\"><h4 class='av_iconlist_title iconlist_title'  itemprop=\"headline\" >Th\u01b0 \u0111i\u1ec7n t\u1eed<\/h4><\/header><div class='iconlist_content'  itemprop=\"text\" ><p><a href=\"mailto:sales@luview.com\">sales@luview.com<\/a><\/p>\n<\/div><\/div><footer class=\"entry-footer\"><\/footer><\/article><div class=\"iconlist-timeline\"><\/div><\/li>\n<li><div class='iconlist_icon av-3hemi6p-4b5291235455f5696d6765d3b776c27a avia-font-fontello'><span class='iconlist-char' aria-hidden='true' data-av_icon='\ue802' data-av_iconfont='fontello'><\/span><\/div><article class=\"article-icon-entry\"  itemscope=\"itemscope\" itemtype=\"https:\/\/schema.org\/CreativeWork\" ><div class=\"iconlist_content_wrap\"><header class=\"entry-content-header\"><h4 class='av_iconlist_title iconlist_title'  itemprop=\"headline\" >\u0110i\u1ec7n tho\u1ea1i<\/h4><\/header><div class='iconlist_content'  itemprop=\"text\" ><p>+86 (755) 27042170<\/p>\n<\/div><\/div><footer class=\"entry-footer\"><\/footer><\/article><div class=\"iconlist-timeline\"><\/div><\/li>\n<li><div class='iconlist_icon av-310wnht-e5e708a773019b204ee017bd2d9153d2 avia-font-fontello'><span class='iconlist-char' aria-hidden='true' data-av_icon='\uf10b' data-av_iconfont='fontello'><\/span><\/div><article class=\"article-icon-entry\"  itemscope=\"itemscope\" itemtype=\"https:\/\/schema.org\/CreativeWork\" ><div class=\"iconlist_content_wrap\"><header class=\"entry-content-header\"><h4 class='av_iconlist_title iconlist_title'  itemprop=\"headline\" >Di \u0111\u1ed9ng<\/h4><\/header><div class='iconlist_content'  itemprop=\"text\" ><p>+86 13537831093<\/p>\n<\/div><\/div><footer class=\"entry-footer\"><\/footer><\/article><div class=\"iconlist-timeline\"><\/div><\/li>\n<li><div class='iconlist_icon av-24morqp-d363d64fa7a8ed3b679d3e6d15597b9c avia-font-fontello'><span class='iconlist-char' aria-hidden='true' data-av_icon='\uf17e' data-av_iconfont='fontello'><\/span><\/div><article class=\"article-icon-entry\"  itemscope=\"itemscope\" itemtype=\"https:\/\/schema.org\/CreativeWork\" ><div class=\"iconlist_content_wrap\"><header class=\"entry-content-header\"><h4 class='av_iconlist_title iconlist_title'  itemprop=\"headline\" >Skype<\/h4><\/header><div class='iconlist_content'  itemprop=\"text\" ><p>szbsxy@hotmail.com<\/p>\n<\/div><\/div><footer class=\"entry-footer\"><\/footer><\/article><div class=\"iconlist-timeline\"><\/div><\/li>\n<\/ul><\/div><\/p><\/div><\/p>","protected":false},"excerpt":{"rendered":"","protected":false},"author":1,"featured_media":0,"parent":0,"menu_order":0,"comment_status":"closed","ping_status":"closed","template":"","meta":{"_monsterinsights_skip_tracking":false,"_monsterinsights_sitenote_active":false,"_monsterinsights_sitenote_note":"","_monsterinsights_sitenote_category":0,"footnotes":""},"class_list":["post-36647","page","type-page","status-publish","hentry"],"_links":{"self":[{"href":"https:\/\/luview.com\/vi\/wp-json\/wp\/v2\/pages\/36647","targetHints":{"allow":["GET"]}}],"collection":[{"href":"https:\/\/luview.com\/vi\/wp-json\/wp\/v2\/pages"}],"about":[{"href":"https:\/\/luview.com\/vi\/wp-json\/wp\/v2\/types\/page"}],"author":[{"embeddable":true,"href":"https:\/\/luview.com\/vi\/wp-json\/wp\/v2\/users\/1"}],"replies":[{"embeddable":true,"href":"https:\/\/luview.com\/vi\/wp-json\/wp\/v2\/comments?post=36647"}],"version-history":[{"count":0,"href":"https:\/\/luview.com\/vi\/wp-json\/wp\/v2\/pages\/36647\/revisions"}],"wp:attachment":[{"href":"https:\/\/luview.com\/vi\/wp-json\/wp\/v2\/media?parent=36647"}],"curies":[{"name":"wp","href":"https:\/\/api.w.org\/{rel}","templated":true}]}}