{"id":36649,"date":"2025-05-28T08:50:13","date_gmt":"2025-05-28T08:50:13","guid":{"rendered":"https:\/\/luview.com\/?page_id=36649"},"modified":"2025-08-07T06:24:37","modified_gmt":"2025-08-07T06:24:37","slug":"nha-nhap-khau-vui-long-lien-he-voi-chung-toi","status":"publish","type":"page","link":"https:\/\/luview.com\/vi\/importer-contact-us\/","title":{"rendered":"Nh\u00e0 nh\u1eadp kh\u1ea9u vui l\u00f2ng li\u00ean h\u1ec7 v\u1edbi ch\u00fang t\u00f4i."},"content":{"rendered":"<style type=\"text\/css\" data-created_by=\"avia_inline_auto\" id=\"style-css-av-mb7nv23h-4c150a7deba995105fe1025174112fbd\">\n#top .av-special-heading.av-mb7nv23h-4c150a7deba995105fe1025174112fbd{\npadding-bottom:10px;\n}\nbody .av-special-heading.av-mb7nv23h-4c150a7deba995105fe1025174112fbd .av-special-heading-tag .heading-char{\nfont-size:25px;\n}\n.av-special-heading.av-mb7nv23h-4c150a7deba995105fe1025174112fbd .av-subheading{\nfont-size:15px;\n}\n<\/style>\n<div  class='av-special-heading av-mb7nv23h-4c150a7deba995105fe1025174112fbd av-special-heading-h2 blockquote elegant-quote elegant-centered  avia-builder-el-0  el_before_av_section  avia-builder-el-no-sibling'><h2 class='av-special-heading-tag'  itemprop=\"headline\"  ><span class=\"heading-wrap\">Nh\u00e0 nh\u1eadp kh\u1ea9u<\/span><\/h2><div class=\"special-heading-border\"><div class=\"special-heading-inner-border\"><\/div><\/div><\/div>\n<\/div><\/div><\/div><!-- close content main div --><\/div><\/div><div id='av_section_1'  class='avia-section av-29jvddd-565555dfb29d844ebeff3a39c04c7905 main_color avia-section-default avia-no-border-styling  avia-builder-el-1  el_after_av_heading  el_before_av_three_fifth  avia-bg-style-scroll container_wrap sidebar_left'  ><div class='container av-section-cont-open' ><div class='template-page content  av-content-small units'><div class='post-entry post-entry-type-page post-entry-36649'><div class='entry-content-wrapper clearfix'>\n<div class='flex_column av-1sjj1ox-8ee948047f17367929f6c4098bea8a07 av_one_half  avia-builder-el-2  el_before_av_one_half  avia-builder-el-first  first flex_column_div'   ><div  class='av-hotspot-image-container av-mb7m0ehr-338ae770bfa243e89e39ddc39962a633  avia-builder-el-3  avia-builder-el-no-sibling  av-hotspot-numbered av-mobile-fallback-active  av-non-fullwidth-hotspot-image'  itemprop=\"image\" itemscope=\"itemscope\" itemtype=\"https:\/\/schema.org\/ImageObject\" ><div class='av-hotspot-container'><div class='av-hotspot-container-inner-cell'><div class='av-hotspot-container-inner-wrap'><img decoding=\"async\" class='wp-image-32092 avia-img-lazy-loading-not-32092 avia_image lazyload' data-src=\"https:\/\/luview.com\/wp-content\/uploads\/2025\/04\/10.1.jpg\"  title='10.1'  height=\"430\" width=\"764\"  itemprop=\"thumbnailUrl\" data-srcset=\"https:\/\/luview.com\/wp-content\/uploads\/2025\/04\/10.1.jpg 764w, https:\/\/luview.com\/wp-content\/uploads\/2025\/04\/10.1-300x169.jpg 300w, https:\/\/luview.com\/wp-content\/uploads\/2025\/04\/10.1-705x397.jpg 705w, https:\/\/luview.com\/wp-content\/uploads\/2025\/04\/10.1-570x321.jpg 570w, https:\/\/luview.com\/wp-content\/uploads\/2025\/04\/10.1-450x253.jpg 450w, https:\/\/luview.com\/wp-content\/uploads\/2025\/04\/10.1-600x338.jpg 600w, https:\/\/luview.com\/wp-content\/uploads\/2025\/04\/10.1-500x281.jpg 500w\" data-sizes=\"(max-width: 764px) 100vw, 764px\" alt=\"Importer contact us\u63d2\u56fe\" src=\"data:image\/svg+xml;base64,PHN2ZyB3aWR0aD0iMSIgaGVpZ2h0PSIxIiB4bWxucz0iaHR0cDovL3d3dy53My5vcmcvMjAwMC9zdmciPjwvc3ZnPg==\" style=\"--smush-placeholder-width: 764px; --smush-placeholder-aspect-ratio: 764\/430;\" \/><\/div><\/div><\/div><\/div><\/div><div class='flex_column av-puevap-c4a228d7207e12e0009a2bcf3a5dda3f av_one_half  avia-builder-el-4  el_after_av_one_half  avia-builder-el-last  flex_column_div'   ><section  class='av_textblock_section av-mb7mh3a0-7ad7f3227737d9723b7d479806a4faa7'  itemscope=\"itemscope\" itemtype=\"https:\/\/schema.org\/CreativeWork\" ><div class='avia_textblock'  itemprop=\"text\" ><p>K\u00ednh g\u1eedi c\u00e1c nh\u00e0 nh\u1eadp kh\u1ea9u:<\/p>\n<p>V\u1edbi t\u01b0 c\u00e1ch l\u00e0 nh\u00e0 xu\u1ea5t kh\u1ea9u h\u00e0ng \u0111\u1ea7u Trung Qu\u1ed1c v\u1ec1 h\u1ec7 th\u1ed1ng gi\u00e1m s\u00e1t \u0111i\u1ec3m m\u00f9 cho xe \u00f4 t\u00f4, ch\u00fang t\u00f4i cung c\u1ea5p cho c\u00e1c \u0111\u1ed1i t\u00e1c th\u01b0\u01a1ng m\u1ea1i qu\u1ed1c t\u1ebf:<\/p>\n<p>\u2713 Gi\u1ea3i ph\u00e1p t\u1ed1i \u01b0u h\u00f3a chi ph\u00ed: Gi\u00e1 th\u1ea5p h\u01a1n 15\u201320% so v\u1edbi c\u00e1c nh\u00e0 cung c\u1ea5p c\u00f9ng ng\u00e0nh c\u00f3 c\u00f9ng th\u00f4ng s\u1ed1 k\u1ef9 thu\u1eadt<\/p>\n<p>\u2713 D\u1ecbch v\u1ee5 logistics tr\u1ecdn g\u00f3i: h\u1ed7 tr\u1ee3 c\u00e1c \u0111i\u1ec1u ki\u1ec7n giao h\u00e0ng EXW\/FOB\/DDP v\u00e0 c\u00e1c gi\u1ea3i ph\u00e1p xu\u1ea5t kh\u1ea9u kh\u00e1c, \u0111\u1ed3ng th\u1eddi cung c\u1ea5p b\u1ed9 h\u1ed3 s\u01a1 th\u00f4ng quan \u0111\u1ea7y \u0111\u1ee7<\/p>\n<p>\u2713 \u0110\u1ea3m b\u1ea3o ch\u1ea5t l\u01b0\u1ee3ng: B\u1ea3o h\u00e0nh 13 th\u00e1ng, t\u1ef7 l\u1ec7 l\u1ed7i d\u01b0\u1edbi 5%<\/p>\n<p>N\u1ebfu qu\u00fd kh\u00e1ch c\u00f3 \u00fd \u0111\u1ecbnh mua s\u1ed1 l\u01b0\u1ee3ng l\u1edbn s\u1ea3n ph\u1ea9m c\u1ee7a ch\u00fang t\u00f4i, vui l\u00f2ng th\u00f4ng b\u00e1o cho ch\u00fang t\u00f4i \u0111\u1ec3 ch\u00fang t\u00f4i c\u00f3 th\u1ec3 s\u1eafp x\u1ebfp vi\u1ec7c th\u1eed nghi\u1ec7m m\u1eabu.<\/p>\n<\/div><\/section><\/div>\n<\/div><\/div><\/div><!-- close content main div --><\/div><\/div><div id='after_section_1'  class='main_color av_default_container_wrap container_wrap sidebar_left'  ><div class='container av-section-cont-open' ><div class='template-page content  av-content-small units'><div class='post-entry post-entry-type-page post-entry-36649'><div class='entry-content-wrapper clearfix'>\n<div class='flex_column av-1k96qgh-b37a22c4a00a51d11c7a411a57845c90 av_three_fifth  avia-builder-el-6  el_after_av_section  el_before_av_two_fifth  avia-builder-el-first  first flex_column_div'   ><style type=\"text\/css\" data-created_by=\"avia_inline_auto\" id=\"style-css-av-l2x2jvi5-53096efea5a8635596624628bd21645d\">\n#top .av_textblock_section.av-l2x2jvi5-53096efea5a8635596624628bd21645d .avia_textblock{\ncolor:#333333;\n}\n<\/style>\n<section  class='av_textblock_section av-l2x2jvi5-53096efea5a8635596624628bd21645d'  itemscope=\"itemscope\" itemtype=\"https:\/\/schema.org\/CreativeWork\" ><div class='avia_textblock av_inherit_color'  itemprop=\"text\" ><h3>Li\u00ean h\u1ec7 v\u1edbi b\u1ea1n<\/h3>\n<\/div><\/section><br \/>\n<\/p><\/div><div class='flex_column av-4t0tr4h-a8cf6a0b6a71f3d36c583b3990cf9d61 av_two_fifth  avia-builder-el-9  el_after_av_three_fifth  avia-builder-el-last  flex_column_div'   ><style type=\"text\/css\" data-created_by=\"avia_inline_auto\" id=\"style-css-av-l0qq4x-9537a8e7728b2c5e0cd9418cf5648812\">\n#top .av_textblock_section.av-l0qq4x-9537a8e7728b2c5e0cd9418cf5648812 .avia_textblock{\ncolor:#333333;\n}\n<\/style>\n<section  class='av_textblock_section av-l0qq4x-9537a8e7728b2c5e0cd9418cf5648812'  itemscope=\"itemscope\" itemtype=\"https:\/\/schema.org\/CreativeWork\" ><div class='avia_textblock av_inherit_color'  itemprop=\"text\" ><h3>Li\u00ean h\u1ec7 v\u1edbi ch\u00fang t\u00f4i<\/h3>\n<\/div><\/section><br \/>\n\n<style type=\"text\/css\" data-created_by=\"avia_inline_auto\" id=\"style-css-av-fjdj3l-96c37e27a93aba22407726e7e303b5fd\">\n@keyframes av_sonarEffect_av-fjdj3l-96c37e27a93aba22407726e7e303b5fd {\n  0% {opacity: 0.3;}\n 40% {opacity: 0.5; box-shadow: 0 0 0 2px rgba(255,255,255,0.1), 0 0 10px 10px #ffffff, 0 0 0 10px rgba(255,255,255,0.5);}\n100% {opacity: 0; box-shadow: 0 0 0 2px rgba(255,255,255,0.1), 0 0 10px 10px #ffffff, 0 0 0 10px rgba(255,255,255,0.5); -webkit-transform: scale(1.5); transform: scale(1.5);}\n}\n@-webkit-keyframes av_sonarEffect_av-fjdj3l-96c37e27a93aba22407726e7e303b5fd {\n  0% {opacity: 0.3;}\n 40% {opacity: 0.5; box-shadow: 0 0 0 2px rgba(255,255,255,0.1), 0 0 10px 10px #ffffff, 0 0 0 10px rgba(255,255,255,0.5);}\n100% {opacity: 0; box-shadow: 0 0 0 2px rgba(255,255,255,0.1), 0 0 10px 10px #ffffff, 0 0 0 10px rgba(255,255,255,0.5); -webkit-transform: scale(1.5); transform: scale(1.5);}\n}\n#top .avia-icon-list-container.av-fjdj3l-96c37e27a93aba22407726e7e303b5fd .iconlist_icon:hover:after{\nanimation:av_sonarEffect_av-fjdj3l-96c37e27a93aba22407726e7e303b5fd 1s ease-in-out .1s infinite;\n-webkit-animation:av_sonarEffect_av-fjdj3l-96c37e27a93aba22407726e7e303b5fd 1s ease-in-out .1s infinite;\n-moz-animation:av_sonarEffect_av-fjdj3l-96c37e27a93aba22407726e7e303b5fd 1s ease-in-out .1s infinite;\n-o-animation:av_sonarEffect_av-fjdj3l-96c37e27a93aba22407726e7e303b5fd 1s ease-in-out .1s infinite;\n}\n<\/style>\n<div  id=\"contactinfo\"  class='avia-icon-list-container av-fjdj3l-96c37e27a93aba22407726e7e303b5fd  avia-builder-el-11  el_after_av_textblock  avia-builder-el-last'><ul class='avia-icon-list avia_animate_when_almost_visible avia-icon-list-left av-iconlist-big av-fjdj3l-96c37e27a93aba22407726e7e303b5fd avia-iconlist-animate avia-sonar-shadow'>\n<li><div class='iconlist_icon av-2dxcivl-c65d67950ffab3bf484d38660525ea49 avia-font-fontello'><span class='iconlist-char' aria-hidden='true' data-av_icon='\ue800' data-av_iconfont='fontello'><\/span><\/div><article class=\"article-icon-entry\"  itemscope=\"itemscope\" itemtype=\"https:\/\/schema.org\/CreativeWork\" ><div class=\"iconlist_content_wrap\"><header class=\"entry-content-header\"><h4 class='av_iconlist_title iconlist_title'  itemprop=\"headline\" >Th\u01b0 \u0111i\u1ec7n t\u1eed<\/h4><\/header><div class='iconlist_content'  itemprop=\"text\" ><p><a href=\"mailto:sales@luview.com\">sales@luview.com<\/a><\/p>\n<\/div><\/div><footer class=\"entry-footer\"><\/footer><\/article><div class=\"iconlist-timeline\"><\/div><\/li>\n<li><div class='iconlist_icon av-3hemi6p-4b5291235455f5696d6765d3b776c27a avia-font-fontello'><span class='iconlist-char' aria-hidden='true' data-av_icon='\ue802' data-av_iconfont='fontello'><\/span><\/div><article class=\"article-icon-entry\"  itemscope=\"itemscope\" itemtype=\"https:\/\/schema.org\/CreativeWork\" ><div class=\"iconlist_content_wrap\"><header class=\"entry-content-header\"><h4 class='av_iconlist_title iconlist_title'  itemprop=\"headline\" >\u0110i\u1ec7n tho\u1ea1i<\/h4><\/header><div class='iconlist_content'  itemprop=\"text\" ><p>+86 (755) 27042170<\/p>\n<\/div><\/div><footer class=\"entry-footer\"><\/footer><\/article><div class=\"iconlist-timeline\"><\/div><\/li>\n<li><div class='iconlist_icon av-310wnht-e5e708a773019b204ee017bd2d9153d2 avia-font-fontello'><span class='iconlist-char' aria-hidden='true' data-av_icon='\uf10b' data-av_iconfont='fontello'><\/span><\/div><article class=\"article-icon-entry\"  itemscope=\"itemscope\" itemtype=\"https:\/\/schema.org\/CreativeWork\" ><div class=\"iconlist_content_wrap\"><header class=\"entry-content-header\"><h4 class='av_iconlist_title iconlist_title'  itemprop=\"headline\" >Di \u0111\u1ed9ng<\/h4><\/header><div class='iconlist_content'  itemprop=\"text\" ><p>+86 13537831093<\/p>\n<\/div><\/div><footer class=\"entry-footer\"><\/footer><\/article><div class=\"iconlist-timeline\"><\/div><\/li>\n<li><div class='iconlist_icon av-24morqp-d363d64fa7a8ed3b679d3e6d15597b9c avia-font-fontello'><span class='iconlist-char' aria-hidden='true' data-av_icon='\uf17e' data-av_iconfont='fontello'><\/span><\/div><article class=\"article-icon-entry\"  itemscope=\"itemscope\" itemtype=\"https:\/\/schema.org\/CreativeWork\" ><div class=\"iconlist_content_wrap\"><header class=\"entry-content-header\"><h4 class='av_iconlist_title iconlist_title'  itemprop=\"headline\" >Skype<\/h4><\/header><div class='iconlist_content'  itemprop=\"text\" ><p>szbsxy@hotmail.com<\/p>\n<\/div><\/div><footer class=\"entry-footer\"><\/footer><\/article><div class=\"iconlist-timeline\"><\/div><\/li>\n<\/ul><\/div><\/p><\/div><\/p>","protected":false},"excerpt":{"rendered":"","protected":false},"author":1,"featured_media":0,"parent":0,"menu_order":0,"comment_status":"closed","ping_status":"closed","template":"","meta":{"_monsterinsights_skip_tracking":false,"_monsterinsights_sitenote_active":false,"_monsterinsights_sitenote_note":"","_monsterinsights_sitenote_category":0,"footnotes":""},"class_list":["post-36649","page","type-page","status-publish","hentry"],"_links":{"self":[{"href":"https:\/\/luview.com\/vi\/wp-json\/wp\/v2\/pages\/36649","targetHints":{"allow":["GET"]}}],"collection":[{"href":"https:\/\/luview.com\/vi\/wp-json\/wp\/v2\/pages"}],"about":[{"href":"https:\/\/luview.com\/vi\/wp-json\/wp\/v2\/types\/page"}],"author":[{"embeddable":true,"href":"https:\/\/luview.com\/vi\/wp-json\/wp\/v2\/users\/1"}],"replies":[{"embeddable":true,"href":"https:\/\/luview.com\/vi\/wp-json\/wp\/v2\/comments?post=36649"}],"version-history":[{"count":0,"href":"https:\/\/luview.com\/vi\/wp-json\/wp\/v2\/pages\/36649\/revisions"}],"wp:attachment":[{"href":"https:\/\/luview.com\/vi\/wp-json\/wp\/v2\/media?parent=36649"}],"curies":[{"name":"wp","href":"https:\/\/api.w.org\/{rel}","templated":true}]}}