{"id":42214,"date":"2025-09-18T01:25:26","date_gmt":"2025-09-18T01:25:26","guid":{"rendered":"https:\/\/luview.com\/?page_id=42214"},"modified":"2025-09-18T04:01:41","modified_gmt":"2025-09-18T04:01:41","slug":"dang-ky-ngay","status":"publish","type":"page","link":"https:\/\/luview.com\/vi\/exhibition\/register-now\/","title":{"rendered":"\u0110\u0103ng k\u00fd ngay"},"content":{"rendered":"<style type=\"text\/css\" data-created_by=\"avia_inline_auto\" id=\"style-css-av-2a8iu4m-425e68723acd348cfd8f07e0fa570dd0\">\n.avia-section.av-2a8iu4m-425e68723acd348cfd8f07e0fa570dd0{\nbackground-repeat:no-repeat;\nbackground-image:url(https:\/\/luview.com\/wp-content\/uploads\/2025\/09\/bg-9464541.webp);\nbackground-position:0% 0%;\nbackground-attachment:scroll;\n}\n.avia-section.av-2a8iu4m-425e68723acd348cfd8f07e0fa570dd0 .av-section-color-overlay{\nopacity:0.7;\nbackground-color:#0a0a0a;\n}\n#top .avia-section.av-2a8iu4m-425e68723acd348cfd8f07e0fa570dd0 .scroll-down-link{\ncolor:#ffffff;\n}\n<\/style>\n<div id='av_section_1'  class='avia-section av-2a8iu4m-425e68723acd348cfd8f07e0fa570dd0 main_color avia-section-huge avia-no-border-styling  avia-builder-el-0  el_before_av_one_full  avia-builder-el-first  avia-bg-style-scroll av-section-color-overlay-active container_wrap sidebar_left'  data-section-bg-repeat='no-repeat'><div class=\"av-section-color-overlay-wrap\"><div class=\"av-section-color-overlay\"><\/div><a href='#next-section' title='' class='scroll-down-link av-custom-scroll-down-color' aria-hidden='true' data-av_icon='\ue877' data-av_iconfont='entypo-fontello'><\/a><div class='container av-section-cont-open' ><main  role=\"main\" itemprop=\"mainContentOfPage\"  class='template-page content  av-content-small units'><div class='post-entry post-entry-type-page post-entry-42214'><div class='entry-content-wrapper clearfix'>\n\n<style type=\"text\/css\" data-created_by=\"avia_inline_auto\" id=\"style-css-av-mfot2ghj-3bc66f78fdc7822898c58f00fc92e726\">\n#top .av-special-heading.av-mfot2ghj-3bc66f78fdc7822898c58f00fc92e726{\npadding-bottom:10px;\ncolor:#ffffff;\n}\nbody .av-special-heading.av-mfot2ghj-3bc66f78fdc7822898c58f00fc92e726 .av-special-heading-tag .heading-char{\nfont-size:25px;\n}\n.av-special-heading.av-mfot2ghj-3bc66f78fdc7822898c58f00fc92e726 .special-heading-inner-border{\nborder-color:#ffffff;\n}\n.av-special-heading.av-mfot2ghj-3bc66f78fdc7822898c58f00fc92e726 .av-subheading{\nfont-size:15px;\n}\n<\/style>\n<div  class='av-special-heading av-mfot2ghj-3bc66f78fdc7822898c58f00fc92e726 av-special-heading-h1 custom-color-heading blockquote modern-quote modern-centered  avia-builder-el-1  avia-builder-el-no-sibling'><h1 class='av-special-heading-tag'  itemprop=\"headline\"  >\u0110\u0103ng k\u00fd ngay<\/h1><div class=\"special-heading-border\"><div class=\"special-heading-inner-border\"><\/div><\/div><\/div>\n<\/div><\/div><\/main><!-- close content main element --><\/div><\/div><\/div><div id='after_section_1'  class='main_color av_default_container_wrap container_wrap sidebar_left'  ><div class='container av-section-cont-open' ><div class='template-page content  av-content-small units'><div class='post-entry post-entry-type-page post-entry-42214'><div class='entry-content-wrapper clearfix'>\n<div class='flex_column av-1p6qbd2-9f0d332cd5d059309dd87909478f3874 av_one_full  avia-builder-el-2  el_after_av_section  el_before_av_one_full  avia-builder-el-first  first flex_column_div'   ><p>\n<style type=\"text\/css\" data-created_by=\"avia_inline_auto\" id=\"style-css-av-mfot3opr-002640d1205e904e1e4897cd8f20a454\">\n#top .av-special-heading.av-mfot3opr-002640d1205e904e1e4897cd8f20a454{\npadding-bottom:10px;\n}\nbody .av-special-heading.av-mfot3opr-002640d1205e904e1e4897cd8f20a454 .av-special-heading-tag .heading-char{\nfont-size:25px;\n}\n.av-special-heading.av-mfot3opr-002640d1205e904e1e4897cd8f20a454 .av-subheading{\nfont-size:15px;\n}\n<\/style>\n<div  class='av-special-heading av-mfot3opr-002640d1205e904e1e4897cd8f20a454 av-special-heading-h3 blockquote modern-quote  avia-builder-el-3  el_before_av_textblock  avia-builder-el-first'><h3 class='av-special-heading-tag'  itemprop=\"headline\"  >Th\u01b0 m\u1eddi ch\u00ednh th\u1ee9c: H\u00e3y tham gia c\u00f9ng Luview t\u1ea1i c\u00e1c tri\u1ec3n l\u00e3m s\u1eafp t\u1edbi.<\/h3><div class=\"special-heading-border\"><div class=\"special-heading-inner-border\"><\/div><\/div><\/div><br \/>\n<section  class='av_textblock_section av-mfotbwfq-638d42830384e4db496094b7dfcb86ec'  itemscope=\"itemscope\" itemtype=\"https:\/\/schema.org\/CreativeWork\" ><div class='avia_textblock'  itemprop=\"text\" ><p>T\u00f4i ch\u00e2n th\u00e0nh m\u1eddi qu\u00fd v\u1ecb tham d\u1ef1 c\u00e1c tri\u1ec3n l\u00e3m th\u01b0\u01a1ng m\u1ea1i s\u1eafp t\u1edbi c\u1ee7a ch\u00fang t\u00f4i t\u1ea1i Ch\u00e2u \u00c2u v\u00e0 Ch\u00e2u \u00c1 v\u00e0o th\u00e1ng 10 v\u00e0 th\u00e1ng 11 n\u00e0y. \u0110\u00e2y s\u1ebd l\u00e0 nh\u1eefng c\u01a1 h\u1ed9i tuy\u1ec7t v\u1eddi \u0111\u1ec3 qu\u00fd v\u1ecb tr\u1ea3i nghi\u1ec7m tr\u1ef1c ti\u1ebfp c\u00e1c gi\u1ea3i ph\u00e1p an to\u00e0n v\u00e0 gi\u00e1m s\u00e1t xe h\u01a1i m\u1edbi nh\u1ea5t c\u1ee7a Luview.<\/p>\n<p><strong>Gi\u1ea3i ph\u00e1p to\u00e0n di\u1ec7n:<\/strong> Ch\u00fang t\u00f4i s\u1ebd gi\u1edbi thi\u1ec7u lo\u1ea1t gi\u1ea3i ph\u00e1p an to\u00e0n v\u00e0 gi\u00e1m s\u00e1t ph\u01b0\u01a1ng ti\u1ec7n \u0111a d\u1ea1ng c\u1ee7a m\u00ecnh, nh\u1ea5n m\u1ea1nh v\u00e0o c\u00e1c c\u00f4ng ngh\u1ec7 c\u1ed1t l\u00f5i v\u00e0 s\u1ea3n ph\u1ea9m s\u00e1ng t\u1ea1o c\u1ee7a ch\u00fang t\u00f4i.<\/p>\n<p><strong>T\u01b0 v\u1ea5n chuy\u00ean gia:<\/strong> \u0110\u1ed9i ng\u0169 c\u1ee7a ch\u00fang t\u00f4i s\u1ebd c\u00f3 m\u1eb7t t\u1ea1i hi\u1ec7n tr\u01b0\u1eddng \u0111\u1ec3 cung c\u1ea5p h\u01b0\u1edbng d\u1eabn chuy\u00ean nghi\u1ec7p v\u00e0 th\u1ea3o lu\u1eadn v\u1ec1 c\u00e1ch c\u00e1c gi\u1ea3i ph\u00e1p c\u1ee7a Luview c\u00f3 th\u1ec3 n\u00e2ng cao an to\u00e0n v\u00e0 hi\u1ec7u qu\u1ea3 ho\u1ea1t \u0111\u1ed9ng c\u1ee7a qu\u00fd c\u00f4ng ty.<\/p>\n<p><strong>\u01afu \u0111\u00e3i \u0111\u1ed9c quy\u1ec1n:<\/strong> \u0110\u0103ng k\u00fd v\u00e0 gh\u00e9 th\u0103m gian h\u00e0ng c\u1ee7a ch\u00fang t\u00f4i \u0111\u1ec3 nh\u1eadn m\u1eabu s\u1ea3n ph\u1ea9m mi\u1ec5n ph\u00ed t\u1eeb c\u00e1c d\u00f2ng s\u1ea3n ph\u1ea9m tr\u01b0ng b\u00e0y, trong th\u1eddi gian c\u00f3 h\u00e0ng.<\/p>\n<p>Ch\u00fang t\u00f4i ch\u00e2n th\u00e0nh mong \u0111\u01b0\u1ee3c g\u1eb7p g\u1ee1 qu\u00fd v\u1ecb t\u1ea1i tri\u1ec3n l\u00e3m v\u00e0 c\u00f9ng nhau kh\u00e1m ph\u00e1 nh\u1eefng c\u01a1 h\u1ed9i h\u1ee3p t\u00e1c m\u1edbi.<\/p>\n<\/div><\/section><\/p><\/div>\n<div class='flex_column av-18cp6p2-3a54c3250629455db7ec90798bfb0a6d av_one_full  avia-builder-el-5  el_after_av_one_full  avia-builder-el-last  first flex_column_div column-top-margin'   ><\/div>","protected":false},"excerpt":{"rendered":"","protected":false},"author":1,"featured_media":0,"parent":41939,"menu_order":0,"comment_status":"closed","ping_status":"closed","template":"","meta":{"_monsterinsights_skip_tracking":false,"_monsterinsights_sitenote_active":false,"_monsterinsights_sitenote_note":"","_monsterinsights_sitenote_category":0,"footnotes":""},"class_list":["post-42214","page","type-page","status-publish","hentry"],"_links":{"self":[{"href":"https:\/\/luview.com\/vi\/wp-json\/wp\/v2\/pages\/42214","targetHints":{"allow":["GET"]}}],"collection":[{"href":"https:\/\/luview.com\/vi\/wp-json\/wp\/v2\/pages"}],"about":[{"href":"https:\/\/luview.com\/vi\/wp-json\/wp\/v2\/types\/page"}],"author":[{"embeddable":true,"href":"https:\/\/luview.com\/vi\/wp-json\/wp\/v2\/users\/1"}],"replies":[{"embeddable":true,"href":"https:\/\/luview.com\/vi\/wp-json\/wp\/v2\/comments?post=42214"}],"version-history":[{"count":0,"href":"https:\/\/luview.com\/vi\/wp-json\/wp\/v2\/pages\/42214\/revisions"}],"up":[{"embeddable":true,"href":"https:\/\/luview.com\/vi\/wp-json\/wp\/v2\/pages\/41939"}],"wp:attachment":[{"href":"https:\/\/luview.com\/vi\/wp-json\/wp\/v2\/media?parent=42214"}],"curies":[{"name":"wp","href":"https:\/\/api.w.org\/{rel}","templated":true}]}}